{"id":13191,"date":"2024-08-26T08:47:45","date_gmt":"2024-08-26T08:47:45","guid":{"rendered":"https:\/\/planyard.com\/procore-financials-module-too-complicated"},"modified":"2025-05-19T18:57:23","modified_gmt":"2025-05-19T18:57:23","slug":"er-procore-financials-modulen-for-komplisert","status":"publish","type":"page","link":"https:\/\/planyard.com\/no\/er-procore-financials-modulen-for-komplisert","title":{"rendered":"Er Procore Financials-modulen for komplisert?"},"content":{"rendered":"\n<h2 class=\"wp-block-heading has-text-align-left paddedHeading\" id=\"still-using-procore-project-financials-for-budget-management-there-can-be-an-easier-way\">Bruker du fortsatt Procore prosjektfinansiering for budsjettstyring? Det finnes en enklere m\u00e5te.<\/h2>\n\n\n\n<p class=\"has-text-align-center\"><img loading=\"lazy\" decoding=\"async\" width=\"118\" height=\"40\" class=\"wp-image-108\" style=\"width: 500px\" src=\"https:\/\/planyard.com\/wp-content\/uploads\/2024\/07\/Procore_Logo_FC_Black_RGB-1.svg\" alt=\"\"><\/p>\n\n\n\n<p class=\"has-text-align-left\">Procore finansiering er kanskje ikke det beste verkt\u00f8yet for SMB-er if\u00f8lge Procore-brukeranmeldelser<\/p>\n\n\n\n<ul class=\"wp-block-list\">\n<li>Prisingen er lite fleksibel og kan v\u00e6re utfordrende for selskaper med h\u00f8y omsetning og lave marginer;<\/li>\n\n\n\n<li>Onboarding og implementering kan v\u00e6re komplisert og en lang prosess;<\/li>\n\n\n\n<li>Behovet for brukerkontoer og oppl\u00e6ring for leverand\u00f8rer kan f\u00e5 dem til \u00e5 avst\u00e5 fra \u00e5 bruke verkt\u00f8yene;<\/li>\n\n\n\n<li>Regnskapsintegrasjoner leveres av tredjeparter og oppfyller kanskje ikke alle behov;<\/li>\n<\/ul>\n\n\n\n<h4 class=\"wp-block-heading\" id=\"planyard-saves-time-and-nerves\">Planyard sparer tid og nerver<\/h4>\n\n\n\n<p>F\u00f8lg budsjettet ditt i sanntid og ta umiddelbare tiltak n\u00e5r feil oppst\u00e5r.&nbsp;<a href=\"https:\/\/planyard.com\/no\/programvare-for-kostnadsberegning-i-byggeprosjekter\">Jobbkostnader<\/a>&nbsp;er organisert, fullt s\u00f8kbare og tilgjengelige for prognoser, prosjektstyring og mer. Implementeringen gj\u00f8res vanligvis i en enkelt oppl\u00e6rings\u00f8kt som tar bare noen f\u00e5 timer.<\/p>\n\n\n\n<div class=\"wp-block-buttons is-layout-flex wp-block-buttons-is-layout-flex\">\n<div class=\"wp-block-button\"><a class=\"wp-block-button__link wp-element-button\" href=\"https:\/\/planyard.com\/sign-up\">Start din gratis pr\u00f8veperiode<\/a><\/div>\n\n\n\n<div class=\"wp-block-button\"><a class=\"wp-block-button__link wp-element-button\" href=\"https:\/\/meetings.hubspot.com\/cedlund\" target=\"_blank\" rel=\"noreferrer noopener\">Be om en demo<\/a><\/div>\n<\/div>\n\n\n\n<h2 class=\"wp-block-heading\" id=\"what-is-procore\">Hva er Procore?<\/h2>\n\n\n\n<p>Procore\u00a0er en amerikansk programvare for prosjektstyring i byggebransjen med mange forskjellige moduler.<\/p>\n\n\n\n<p>Programvaren dekker forh\u00e5ndsbygging, prosjektstyring, ressursstyring og \u00f8konomistyring.<\/p>\n\n\n\n<h2 class=\"wp-block-heading\" id=\"a-bit-more-context\">Litt mer kontekst<\/h2>\n\n\n\n<p>Procore har utviklet programvaren sin siden 2003. Dette gj\u00f8r det til et tveegget sverd.<\/p>\n\n\n\n<p>P\u00e5 den ene siden er det veldig omfattende. Det dekker mange forskjellige funksjoner gjennom ulike modeller, noe som betyr at du kan forene prosesser mer.<\/p>\n\n\n\n<p>P\u00e5 den andre siden har selskaper en tendens til \u00e5 bevege seg oppover i markedet etter hvert som de modnes. L\u00f8sningene deres blir mye mer komplekse, og prisene stiger stadig. Procore er som Salesforce i den forstand \u2013 det brukes av de st\u00f8rste selskapene i verden, men de betaler alle dyrt for det.<\/p>\n\n\n\n<p>Fordi Procore er en programvare som har v\u00e6rt under utvikling i nesten 20 \u00e5r, betyr det at den sannsynligvis inneholder mye eldre teknologi. Ting som ble bygget for 10 \u00e5r siden ser n\u00e5 utdaterte ut i programvare.<\/p>\n\n\n\n<h2 class=\"wp-block-heading\" id=\"what-is-planyard\">Hva er Planyard?<\/h2>\n\n\n\n<p><a href=\"https:\/\/planyard.com\/no\">Planyard<\/a>&nbsp;er en skybasert programvare for budsjett- og underleverand\u00f8rstyring for hovedentrepren\u00f8rer.<\/p>\n\n\n\n<p>Du kan administrere budsjetter uten Excel og frem-og-tilbake e-poster. Dine underleverand\u00f8rer vil gj\u00f8re arbeidet for deg.<\/p>\n\n\n\n<h2 class=\"wp-block-heading\" id=\"procore-project-financials-vs-planyard-construction-financials-software-functionality\">Procore prosjektfinansiering vs Planyard byggefinansieringsprogramvare funksjonalitet<\/h2>\n\n\n\n<p>Ulike anmeldelsessider fremhever at onboarding-prosessen for Procore er komplisert og kostbar. Hvis du vil bruke finansmodulen i Procore, m\u00e5 du registrere deg for flere forskjellige modulpakker, hvor det sannsynligvis vil v\u00e6re mye funksjonalitet du kanskje ikke n\u00f8dvendigvis trenger.<\/p>\n\n\n\n<p>Siden Procore finansiering hovedsakelig er en l\u00f8sning for store bedrifter, krever det mye oppl\u00e6ring og konfigurasjon for \u00e5 sette opp alt. Hvis du er et mindre selskap med et lite eller ikke-eksisterende IT-team, kan oppsettet v\u00e6re lite oversiktlig og tidkrevende. Hvis du vil teste med et pilotprosjekt for \u00e5 se om prosessene dine passer til programvaren, kan det v\u00e6re vanskelig \u00e5 gj\u00f8re det p\u00e5 grunn av de faste prosessene for \u00e5 sette opp kontoen din.<\/p>\n\n\n\n<p>Hvis du vil pr\u00f8ve \u00e5 digitalisere prosessene dine ett lite skritt av gangen, kan prosessene i Procore kanskje ikke v\u00e6re de mest passende for deg. Det kan v\u00e6re mindre anstrengende \u00e5 teste en enklere plattform som <a href=\"https:\/\/planyard.com\/no\">Planyard<\/a> for \u00e5 se om dette er noe som kan v\u00e6re egnet for selskapet ditt og dine ansatte.<\/p>\n\n\n\n<p>Det gode er at Procore har en stor markedsplass hvor det finnes mange forskjellige verkt\u00f8y som kan integreres hvis du trenger en spesifikk del av prosessen din fikset eller automatisert.<\/p>\n\n\n\n<figure class=\"wp-block-table\"><table><tbody><tr><td class=\"has-text-align-left\" data-align=\"left\"><strong>Funksjon\/Leverand\u00f8r<\/strong><\/td><td class=\"has-text-align-left\" data-align=\"left\"><img loading=\"lazy\" decoding=\"async\" width=\"118\" height=\"40\" class=\"wp-image-108\" style=\"width: 118px\" src=\"https:\/\/planyard.com\/wp-content\/uploads\/2024\/07\/Procore_Logo_FC_Black_RGB-1.svg\" alt=\"\"><\/td><td class=\"has-text-align-left\" data-align=\"left\"><img loading=\"lazy\" decoding=\"async\" width=\"135\" height=\"28\" class=\"wp-image-2040\" style=\"width: 135px\" src=\"https:\/\/planyard.com\/wp-content\/uploads\/2024\/09\/planyard-logo.svg\" alt=\"\"><\/td><\/tr><tr><td class=\"has-text-align-left\" data-align=\"left\"><strong>Prosjekt- og selskapsniv\u00e5 tillatelser<\/strong><\/td><td class=\"has-text-align-left\" data-align=\"left\"><img decoding=\"async\" src=\"https:\/\/planyard.com\/wp-content\/uploads\/2024\/10\/icons8-checkmark-30.png\" alt=\"\"><br>Konfigurasjoner for hele selskapet og prosjektet<\/td><td class=\"has-text-align-left\" data-align=\"left\"><img decoding=\"async\" src=\"https:\/\/planyard.com\/wp-content\/uploads\/2024\/10\/icons8-checkmark-30.png\" alt=\"\"><br>Konfigurasjoner for hele selskapet og prosjektet<br><img decoding=\"async\" src=\"https:\/\/planyard.com\/wp-content\/uploads\/2024\/10\/icons8-checkmark-30.png\" alt=\"\"><br>Prosjektniv\u00e5 finjusterbare tillatelser for \u00e5 sende ut foresp\u00f8rsler om tilbud, opprette underkontrakter og forberede dokumenter for bekreftelse<\/td><\/tr><tr><td class=\"has-text-align-left\" data-align=\"left\"><strong>Anbud og tilbudssammenligning<\/strong><\/td><td class=\"has-text-align-left\" data-align=\"left\"><img decoding=\"async\" src=\"https:\/\/planyard.com\/wp-content\/uploads\/2024\/10\/icons8-checkmark-30.png\" alt=\"\"><br>Du kan sende tilbudsforesp\u00f8rsler til kontakter og selskaper i katalogen din<\/td><td class=\"has-text-align-left\" data-align=\"left\"><img decoding=\"async\" src=\"https:\/\/planyard.com\/wp-content\/uploads\/2024\/10\/icons8-checkmark-30.png\" alt=\"\"><br>Du kan sende tilbudsforesp\u00f8rsler til hvilken som helst e-postadresse, og den vil bli lagt til i kontaktene dine.<br>Du kan ogs\u00e5 legge til hvilken som helst kontakt fra kontaktbasen din.<\/td><\/tr><tr><td class=\"has-text-align-left\" data-align=\"left\"><strong>Underkontrakter<\/strong><\/td><td class=\"has-text-align-left\" data-align=\"left\"><img decoding=\"async\" src=\"https:\/\/planyard.com\/wp-content\/uploads\/2024\/10\/icons8-checkmark-30.png\" alt=\"\"><br>Opprett kontrakter fra underleverand\u00f8rtilbud og manuelt<br><img decoding=\"async\" src=\"https:\/\/planyard.com\/wp-content\/uploads\/2024\/10\/icons8-delete-30.png\"><br>Ingen enhetsprisinformasjon er tilgjengelig<\/td><td class=\"has-text-align-left\" data-align=\"left\"><img decoding=\"async\" src=\"https:\/\/planyard.com\/wp-content\/uploads\/2024\/10\/icons8-checkmark-30.png\" alt=\"\"><br>Opprett kontrakter fra underleverand\u00f8rtilbud og manuelt<br><img decoding=\"async\" src=\"https:\/\/planyard.com\/wp-content\/uploads\/2024\/10\/icons8-checkmark-30.png\" alt=\"\"><br>Enhetsprisinfo tilgjengelig<\/td><\/tr><tr><td class=\"has-text-align-left\" data-align=\"left\"><strong>Underleverand\u00f8r fremdriftsrapporter\/krav<\/strong><\/td><td class=\"has-text-align-left\" data-align=\"left\"><img decoding=\"async\" src=\"https:\/\/planyard.com\/wp-content\/uploads\/2024\/10\/icons8-checkmark-30.png\" alt=\"\"><br>Underleverand\u00f8rfakturaer kan opprettes av b\u00e5de underleverand\u00f8rer og prosjektledere<br><img decoding=\"async\" src=\"https:\/\/planyard.com\/wp-content\/uploads\/2024\/10\/icons8-delete-30.png\"><br>Fremdriftsrapportprosessen er ikke tilgjengelig utenfor fakturering<br><img decoding=\"async\" src=\"https:\/\/planyard.com\/wp-content\/uploads\/2024\/10\/icons8-delete-30.png\"><br>Fremdriftsrapporttilbakemeldingsprosessen eksisterer ikke utenfor fakturering<\/td><td class=\"has-text-align-left\" data-align=\"left\"><img decoding=\"async\" src=\"https:\/\/planyard.com\/wp-content\/uploads\/2024\/10\/icons8-checkmark-30.png\" alt=\"\"><br>Kan opprettes av b\u00e5de underleverand\u00f8rer og prosjektledere<br><img decoding=\"async\" src=\"https:\/\/planyard.com\/wp-content\/uploads\/2024\/10\/icons8-checkmark-30.png\" alt=\"\"><br>Fremdriftsrapportprosessen er tilgjengelig<br><img decoding=\"async\" src=\"https:\/\/planyard.com\/wp-content\/uploads\/2024\/10\/icons8-checkmark-30.png\" alt=\"\"><br>Fremdriftsrapporttilbakemeldingsprosessen er enkel og sporet<\/td><\/tr><tr><td class=\"has-text-align-left\" data-align=\"left\"><strong>Underleverand\u00f8r endringsordrer<\/strong><\/td><td class=\"has-text-align-left\" data-align=\"left\"><img decoding=\"async\" src=\"https:\/\/planyard.com\/wp-content\/uploads\/2024\/10\/icons8-checkmark-30.png\" alt=\"\"><br>Endringsordrer kan opprettes av prosjektledere og underleverand\u00f8rer<\/td><td class=\"has-text-align-left\" data-align=\"left\"><img decoding=\"async\" src=\"https:\/\/planyard.com\/wp-content\/uploads\/2024\/10\/icons8-checkmark-30.png\" alt=\"\"><br>Endringsordrer kan opprettes av prosjektledere og underleverand\u00f8rer<br>Endringsordrer kan redigeres av prosjektledere<\/td><\/tr><tr><td class=\"has-text-align-left\" data-align=\"left\"><strong>Innkj\u00f8psordrer<\/strong><\/td><td class=\"has-text-align-left\" data-align=\"left\"><img decoding=\"async\" src=\"https:\/\/planyard.com\/wp-content\/uploads\/2024\/10\/icons8-checkmark-30.png\" alt=\"\"><br>Innkj\u00f8psordrer kan opprettes for leverand\u00f8rer i prosjektet<\/td><td class=\"has-text-align-left\" data-align=\"left\"><img decoding=\"async\" src=\"https:\/\/planyard.com\/wp-content\/uploads\/2024\/10\/icons8-checkmark-30.png\" alt=\"\"><br>Innkj\u00f8psordrer kan opprettes for leverand\u00f8rer i hele selskapet<\/td><\/tr><tr><td class=\"has-text-align-left\" data-align=\"left\"><strong>Hovedkontrakter\/Prim\u00e6rkontrakter<\/strong><\/td><td class=\"has-text-align-left\" data-align=\"left\"><img decoding=\"async\" src=\"https:\/\/planyard.com\/wp-content\/uploads\/2024\/10\/icons8-checkmark-30.png\" alt=\"\"><br>Hovedkontrakter kan opprettes ved bruk av eksisterende eller nye budsjettposter med tilpasset struktur<\/td><td class=\"has-text-align-left\" data-align=\"left\"><img decoding=\"async\" src=\"https:\/\/planyard.com\/wp-content\/uploads\/2024\/10\/icons8-checkmark-30.png\" alt=\"\"><br>Hovedkontrakter kan opprettes ved bruk av eksisterende eller nye budsjettposter med tilpasset struktur<\/td><\/tr><tr><td class=\"has-text-align-left\" data-align=\"left\"><strong>Hovedkontrakt endringsordrer<\/strong><\/td><td class=\"has-text-align-left\" data-align=\"left\"><img decoding=\"async\" src=\"https:\/\/planyard.com\/wp-content\/uploads\/2024\/10\/icons8-checkmark-30.png\" alt=\"\"><br>Du kan opprette endringsordrer for hovedkontrakten<br><img decoding=\"async\" src=\"https:\/\/planyard.com\/wp-content\/uploads\/2024\/10\/icons8-delete-30.png\"><br>Markup er ganske komplekst \u00e5 sette opp<\/td><td class=\"has-text-align-left\" data-align=\"left\"><img decoding=\"async\" src=\"https:\/\/planyard.com\/wp-content\/uploads\/2024\/10\/icons8-checkmark-30.png\" alt=\"\"><br>Du kan opprette endringsordrer for hovedkontrakten<br><img decoding=\"async\" src=\"https:\/\/planyard.com\/wp-content\/uploads\/2024\/10\/icons8-checkmark-30.png\" alt=\"\"><br>Markup-oppsettet gj\u00f8res implisitt i jobbene og trenger ingen ekstra konfigurasjon<\/td><\/tr><tr><td class=\"has-text-align-left\" data-align=\"left\"><strong>Faktura- og kostnadsstyring<\/strong><\/td><td class=\"has-text-align-left\" data-align=\"left\"><img decoding=\"async\" src=\"https:\/\/planyard.com\/wp-content\/uploads\/2024\/10\/icons8-checkmark-30.png\" alt=\"\"><br>Underleverand\u00f8rfakturaer sendes direkte mot underkontrakten uten en fremdriftsrapport<br><img decoding=\"async\" src=\"https:\/\/planyard.com\/wp-content\/uploads\/2024\/10\/icons8-checkmark-30.png\" alt=\"\"><br>Kostnadssporing for innkj\u00f8psordrer er tilgjengelig<\/td><td class=\"has-text-align-left\" data-align=\"left\"><img decoding=\"async\" src=\"https:\/\/planyard.com\/wp-content\/uploads\/2024\/10\/icons8-checkmark-30.png\" alt=\"\"><br>Underleverand\u00f8rfakturaer sendes i henhold til fremdriftsrapporten<br><img decoding=\"async\" src=\"https:\/\/planyard.com\/wp-content\/uploads\/2024\/10\/icons8-checkmark-30.png\" alt=\"\"><br>Kostnadssporing for innkj\u00f8psordrer er tilgjengelig<\/td><\/tr><tr><td class=\"has-text-align-left\" data-align=\"left\"><strong>Opplasting av fakturadokumenter<\/strong><\/td><td class=\"has-text-align-left\" data-align=\"left\"><img decoding=\"async\" src=\"https:\/\/planyard.com\/wp-content\/uploads\/2024\/10\/icons8-delete-30.png\"><br>Det finnes ingen friksjonsfri m\u00e5te \u00e5 f\u00e5 dokumenter inn i systemet p\u00e5, bortsett fra manuelle opplastinger av begge parter<\/td><td class=\"has-text-align-left\" data-align=\"left\"><img decoding=\"async\" src=\"https:\/\/planyard.com\/wp-content\/uploads\/2024\/10\/icons8-checkmark-30.png\" alt=\"\"><br>Ulike enkle m\u00e5ter \u00e5 f\u00e5 kostnadsdokumentene inn i systemet p\u00e5:<br>* Prosjekt- og selskapskontoer for leverand\u00f8rgjeld e-postadresser<br>* Outlook-plugin<br>* Mobilapper<\/td><\/tr><tr><td class=\"has-text-align-left\" data-align=\"left\"><strong>Regnskapsintegrasjoner<\/strong><\/td><td class=\"has-text-align-left\" data-align=\"left\"><img decoding=\"async\" src=\"https:\/\/planyard.com\/wp-content\/uploads\/2024\/10\/icons8-checkmark-30.png\" alt=\"\"><br>Ulike tilpassede tilkoblinger p\u00e5 markedsplassen<\/td><td class=\"has-text-align-left\" data-align=\"left\"><img decoding=\"async\" src=\"https:\/\/planyard.com\/wp-content\/uploads\/2024\/10\/icons8-checkmark-30.png\" alt=\"\"><br>Enkel oppsett med <a href=\"https:\/\/planyard.com\/no\/xero-bygg-integrasjon\">Xero<\/a>, <a href=\"https:\/\/planyard.com\/quickboks-contractors-integration-for-budgeting\">QuickBooks<\/a>, Directo og mange andre.<br>Du kan tildele regnskapskontoer i Planyard for \u00e5 redusere arbeidet for regnskapsf\u00f8reren<\/td><\/tr><tr><td class=\"has-text-align-left\" data-align=\"left\"><strong>Kontoer ikke n\u00f8dvendig for leverand\u00f8rer og underleverand\u00f8rer<\/strong><\/td><td class=\"has-text-align-left\" data-align=\"left\"><img decoding=\"async\" src=\"https:\/\/planyard.com\/wp-content\/uploads\/2024\/10\/icons8-delete-30.png\"><br>Alle brukere m\u00e5 ha kontoer med riktige tillatelser delt med dem for \u00e5 f\u00e5 tilgang til data<\/td><td class=\"has-text-align-left\" data-align=\"left\"><img decoding=\"async\" src=\"https:\/\/planyard.com\/wp-content\/uploads\/2024\/10\/icons8-checkmark-30.png\" alt=\"\"><br>Underleverand\u00f8rer kan sende inn tilbud, fremdriftsrapporter og fakturaer via e-post uten \u00e5 trenge brukernavn og passord<\/td><\/tr><tr><td class=\"has-text-align-left\" data-align=\"left\"><strong>Oppl\u00e6ring ikke n\u00f8dvendig for leverand\u00f8rer og underleverand\u00f8rer<\/strong><\/td><td class=\"has-text-align-left\" data-align=\"left\"><img decoding=\"async\" src=\"https:\/\/planyard.com\/wp-content\/uploads\/2024\/10\/icons8-delete-30.png\"><br>Alle leverand\u00f8rer og underleverand\u00f8rer m\u00e5 gjennomg\u00e5 sertifisering for \u00e5 kunne bruke plattformen<\/td><td class=\"has-text-align-left\" data-align=\"left\"><img decoding=\"async\" src=\"https:\/\/planyard.com\/wp-content\/uploads\/2024\/10\/icons8-checkmark-30.png\" alt=\"\"><br>Leverand\u00f8rer og underleverand\u00f8rer trenger ikke \u00e5 v\u00e6re sertifisert og kan begynne \u00e5 bruke verkt\u00f8yet uten noen sertifisering<\/td><\/tr><tr><td class=\"has-text-align-left\" data-align=\"left\"><strong>Prising<\/strong><\/td><td class=\"has-text-align-left\" data-align=\"left\"><strong><strong>667<\/strong> USD per m\u00e5ned<\/strong><br>(med en \u00e5rlig kontrakt og maks 5M i \u00e5rlig omsetning)<\/td><td class=\"has-text-align-left\" data-align=\"left\">Planer starter p\u00e5&nbsp;<strong>20 EUR per prosjekt per m\u00e5ned<\/strong><\/td><\/tr><\/tbody><\/table><\/figure>\n\n\n\n<div class=\"wp-block-columns is-layout-flex wp-container-core-columns-is-layout-9d6595d7 wp-block-columns-is-layout-flex\">\n<div class=\"wp-block-column is-layout-flow wp-block-column-is-layout-flow\"><\/div>\n<\/div>\n\n\n\n<div class=\"wp-block-buttons is-layout-flex wp-block-buttons-is-layout-flex\">\n<div class=\"wp-block-button is-style-fill\"><a class=\"wp-block-button__link wp-element-button\" href=\"\/sign-up\" rel=\"\/sign-up\">Pr\u00f8v n\u00e5 gratis<\/a><\/div>\n\n\n\n<div class=\"wp-block-button is-style-fill\"><a class=\"wp-block-button__link wp-element-button\" href=\"https:\/\/meetings.hubspot.com\/cedlund\">Registrer deg for en 30-minutters demo<\/a><\/div>\n<\/div>\n\n\n\n<p>Gratis 14-dagers fullverdig pr\u00f8veperiode. Full tilgang. Ingen kredittkort kreves.<\/p>\n\n\n\n<p><\/p>\n","protected":false},"excerpt":{"rendered":"<p>Bruker du fortsatt Procore prosjektfinansiering for budsjettstyring? Det finnes en enklere m\u00e5te. Procore finansiering er kanskje ikke det beste verkt\u00f8yet for SMB-er if\u00f8lge Procore-brukeranmeldelser Planyard sparer tid og nerver F\u00f8lg budsjettet ditt i sanntid og ta umiddelbare tiltak n\u00e5r feil oppst\u00e5r.&nbsp;Jobbkostnader&nbsp;er organisert, fullt s\u00f8kbare og tilgjengelige for prognoser, prosjektstyring og mer. Implementeringen gj\u00f8res vanligvis i&#8230;  <a class=\"excerpt-read-more\" href=\"https:\/\/planyard.com\/no\/er-procore-financials-modulen-for-komplisert\" title=\"Les  Er Procore Financials-modulen for komplisert?\">Les mer &laquo;<\/a><\/p>\n","protected":false},"author":2,"featured_media":0,"parent":0,"menu_order":0,"comment_status":"closed","ping_status":"closed","template":"","meta":{"_acf_changed":false,"content-type":"","footnotes":""},"page_intent":[197],"page_type":[],"class_list":["post-13191","page","type-page","status-publish","hentry"],"acf":[],"yoast_head":"<!-- This site is optimized with the Yoast SEO plugin v27.1.1 - https:\/\/yoast.com\/product\/yoast-seo-wordpress\/ -->\n<title>Er Procore Financials-modulen for komplisert? - Planyard Norge<\/title>\n<meta name=\"description\" content=\"Er Procore financials for komplisert for deg? Planyard er en skybasert bygge\u00f8konomi- og jobbkostnadsplattform for hele teamet ditt.\" \/>\n<meta name=\"robots\" content=\"index, follow, max-snippet:-1, max-image-preview:large, max-video-preview:-1\" \/>\n<link rel=\"canonical\" href=\"https:\/\/planyard.com\/no\/er-procore-financials-modulen-for-komplisert\" \/>\n<meta property=\"og:locale\" content=\"nb_NO\" \/>\n<meta property=\"og:type\" content=\"article\" \/>\n<meta property=\"og:title\" content=\"Er Procore Financials-modulen for komplisert? - Planyard Norge\" \/>\n<meta property=\"og:description\" content=\"Er Procore financials for komplisert for deg? Planyard er en skybasert bygge\u00f8konomi- og jobbkostnadsplattform for hele teamet ditt.\" \/>\n<meta property=\"og:url\" content=\"https:\/\/planyard.com\/no\/er-procore-financials-modulen-for-komplisert\" \/>\n<meta property=\"og:site_name\" content=\"Planyard Norge\" \/>\n<meta property=\"article:modified_time\" content=\"2025-05-19T18:57:23+00:00\" \/>\n<meta name=\"twitter:card\" content=\"summary_large_image\" \/>\n<meta name=\"twitter:label1\" content=\"Ansl. lesetid\" \/>\n\t<meta name=\"twitter:data1\" content=\"13 minutter\" \/>\n<!-- \/ Yoast SEO plugin. -->","yoast_head_json":{"title":"Er Procore Financials-modulen for komplisert? - Planyard Norge","description":"Er Procore financials for komplisert for deg? Planyard er en skybasert bygge\u00f8konomi- og jobbkostnadsplattform for hele teamet ditt.","robots":{"index":"index","follow":"follow","max-snippet":"max-snippet:-1","max-image-preview":"max-image-preview:large","max-video-preview":"max-video-preview:-1"},"canonical":"https:\/\/planyard.com\/no\/er-procore-financials-modulen-for-komplisert","og_locale":"nb_NO","og_type":"article","og_title":"Er Procore Financials-modulen for komplisert? - Planyard Norge","og_description":"Er Procore financials for komplisert for deg? Planyard er en skybasert bygge\u00f8konomi- og jobbkostnadsplattform for hele teamet ditt.","og_url":"https:\/\/planyard.com\/no\/er-procore-financials-modulen-for-komplisert","og_site_name":"Planyard Norge","article_modified_time":"2025-05-19T18:57:23+00:00","twitter_card":"summary_large_image","twitter_misc":{"Ansl. lesetid":"13 minutter"},"schema":{"@context":"https:\/\/schema.org","@graph":[{"@type":"WebPage","@id":"https:\/\/planyard.com\/no\/er-procore-financials-modulen-for-komplisert","url":"https:\/\/planyard.com\/no\/er-procore-financials-modulen-for-komplisert","name":"Er Procore Financials-modulen for komplisert? - Planyard Norge","isPartOf":{"@id":"https:\/\/planyard.com\/no#website"},"primaryImageOfPage":{"@id":"https:\/\/planyard.com\/no\/er-procore-financials-modulen-for-komplisert#primaryimage"},"image":{"@id":"https:\/\/planyard.com\/no\/er-procore-financials-modulen-for-komplisert#primaryimage"},"thumbnailUrl":"https:\/\/planyard.com\/wp-content\/uploads\/2024\/07\/Procore_Logo_FC_Black_RGB-1.svg","datePublished":"2024-08-26T08:47:45+00:00","dateModified":"2025-05-19T18:57:23+00:00","description":"Er Procore financials for komplisert for deg? Planyard er en skybasert bygge\u00f8konomi- og jobbkostnadsplattform for hele teamet ditt.","breadcrumb":{"@id":"https:\/\/planyard.com\/no\/er-procore-financials-modulen-for-komplisert#breadcrumb"},"inLanguage":"nb-NO","potentialAction":[{"@type":"ReadAction","target":["https:\/\/planyard.com\/no\/er-procore-financials-modulen-for-komplisert"]}]},{"@type":"ImageObject","inLanguage":"nb-NO","@id":"https:\/\/planyard.com\/no\/er-procore-financials-modulen-for-komplisert#primaryimage","url":"https:\/\/planyard.com\/wp-content\/uploads\/2024\/07\/Procore_Logo_FC_Black_RGB-1.svg","contentUrl":"https:\/\/planyard.com\/wp-content\/uploads\/2024\/07\/Procore_Logo_FC_Black_RGB-1.svg"},{"@type":"BreadcrumbList","@id":"https:\/\/planyard.com\/no\/er-procore-financials-modulen-for-komplisert#breadcrumb","itemListElement":[{"@type":"ListItem","position":1,"name":"Home","item":"https:\/\/planyard.com\/no"},{"@type":"ListItem","position":2,"name":"Er Procore Financials-modulen for komplisert?"}]},{"@type":"WebSite","@id":"https:\/\/planyard.com\/no#website","url":"https:\/\/planyard.com\/no","name":"Planyard Norge","description":"","potentialAction":[{"@type":"SearchAction","target":{"@type":"EntryPoint","urlTemplate":"https:\/\/planyard.com\/no?s={search_term_string}"},"query-input":{"@type":"PropertyValueSpecification","valueRequired":true,"valueName":"search_term_string"}}],"inLanguage":"nb-NO"}]}},"_links":{"self":[{"href":"https:\/\/planyard.com\/no\/wp-json\/wp\/v2\/pages\/13191","targetHints":{"allow":["GET"]}}],"collection":[{"href":"https:\/\/planyard.com\/no\/wp-json\/wp\/v2\/pages"}],"about":[{"href":"https:\/\/planyard.com\/no\/wp-json\/wp\/v2\/types\/page"}],"author":[{"embeddable":true,"href":"https:\/\/planyard.com\/no\/wp-json\/wp\/v2\/users\/2"}],"replies":[{"embeddable":true,"href":"https:\/\/planyard.com\/no\/wp-json\/wp\/v2\/comments?post=13191"}],"version-history":[{"count":3,"href":"https:\/\/planyard.com\/no\/wp-json\/wp\/v2\/pages\/13191\/revisions"}],"predecessor-version":[{"id":16344,"href":"https:\/\/planyard.com\/no\/wp-json\/wp\/v2\/pages\/13191\/revisions\/16344"}],"wp:attachment":[{"href":"https:\/\/planyard.com\/no\/wp-json\/wp\/v2\/media?parent=13191"}],"wp:term":[{"taxonomy":"page_intent","embeddable":true,"href":"https:\/\/planyard.com\/no\/wp-json\/wp\/v2\/page_intent?post=13191"},{"taxonomy":"page_type","embeddable":true,"href":"https:\/\/planyard.com\/no\/wp-json\/wp\/v2\/page_type?post=13191"}],"curies":[{"name":"wp","href":"https:\/\/api.w.org\/{rel}","templated":true}]}}