{"id":13189,"date":"2024-08-26T07:14:20","date_gmt":"2024-08-26T07:14:20","guid":{"rendered":"https:\/\/planyard.com\/privacy-policy"},"modified":"2025-05-19T18:55:56","modified_gmt":"2025-05-19T18:55:56","slug":"personvernerklaering","status":"publish","type":"page","link":"https:\/\/planyard.com\/no\/personvernerklaering","title":{"rendered":"Personvernerkl\u00e6ring"},"content":{"rendered":"\n<p>Denne personvernerkl\u00e6ringen styrer hvordan Planyard samler inn, bruker, opprettholder og avsl\u00f8rer informasjon samlet fra brukere (hver, en &laquo;Bruker&raquo;) av nettstedene planyard.com, central.planyard.com og app.planyard.com (&laquo;Nettsted&raquo;). Denne personvernerkl\u00e6ringen gjelder for Nettstedet og alle produkter og tjenester som tilbys av Planyard.<\/p>\n\n\n\n<p><strong>Personlig identifikasjonsinformasjon<\/strong><\/p>\n\n\n\n<p>Vi kan samle inn personlig identifikasjonsinformasjon fra Brukere p\u00e5 en rekke m\u00e5ter, inkludert, men ikke begrenset til, n\u00e5r Brukere bes\u00f8ker nettstedet v\u00e5rt, abonnerer p\u00e5 nyhetsbrevet, fyller ut et skjema, og i forbindelse med andre aktiviteter, tjenester, funksjoner eller ressurser vi gj\u00f8r tilgjengelige p\u00e5 v\u00e5rt Nettsted. Brukere kan bli bedt om, etter behov, navn, e-postadresse, firmanavn, telefonnummer. Brukere kan imidlertid bes\u00f8ke v\u00e5rt Nettsted anonymt. Vi vil samle inn personlig identifikasjonsinformasjon fra Brukere bare hvis de frivillig sender slik informasjon til oss. Brukere kan alltid nekte \u00e5 gi personlig identifikasjonsinformasjon, bortsett fra at det kan hindre dem i \u00e5 delta i visse Nettstedsrelaterte aktiviteter &#8211; som Planyard-applikasjoner.<\/p>\n\n\n\n<p><strong>Ikke-personlig identifikasjonsinformasjon<\/strong><\/p>\n\n\n\n<p>Vi kan samle inn ikke-personlig identifikasjonsinformasjon om Brukere n\u00e5r de samhandler med v\u00e5rt Nettsted. Ikke-personlig identifikasjonsinformasjon kan inkludere nettlesernavn, type datamaskin og teknisk informasjon om Brukeres tilkoblingsm\u00e5te til v\u00e5rt Nettsted, som operativsystem og Internett-leverand\u00f8rer brukt og annen lignende informasjon.<\/p>\n\n\n\n<p><strong>Nettleserkapsler<\/strong><\/p>\n\n\n\n<p>V\u00e5rt Nettsted kan bruke &laquo;cookies&raquo; for \u00e5 forbedre Brukeropplevelsen. Brukerens nettleser plasserer cookies p\u00e5 harddisken for \u00e5 f\u00f8re oversikt og noen ganger for \u00e5 spore informasjon om dem. Brukeren kan velge \u00e5 sette nettleseren sin til \u00e5 nekte cookies, eller til \u00e5 varsle deg n\u00e5r cookies blir sendt. Hvis de gj\u00f8r det, merk at noen deler av Nettstedet kanskje ikke fungerer som de skal.<\/p>\n\n\n\n<p><strong>Hvordan vi bruker innsamlet informasjon<\/strong><\/p>\n\n\n\n<p>Planyard kan samle inn og bruke Brukeres personlige informasjon til f\u00f8lgende form\u00e5l:<\/p>\n\n\n\n<ul class=\"wp-block-list\">\n<li>For \u00e5 forbedre kundeservice<\/li>\n\n<ul class=\"wp-block-list\">\n<li>Informasjonen du gir hjelper oss \u00e5 svare p\u00e5 dine kundeservicetilbakemeldinger og st\u00f8ttebehov mer effektivt.<\/li>\n<\/ul>\n<\/li>\n\n\n\n<li>For \u00e5 forbedre v\u00e5rt Nettsted<\/li>\n\n<ul class=\"wp-block-list\">\n<li>Vi kan bruke tilbakemeldinger du gir for \u00e5 forbedre v\u00e5re produkter og tjenester.<\/li>\n<\/ul>\n<\/li>\n\n\n\n<li>For \u00e5 sende periodiske e-poster<\/li>\n\n<ul class=\"wp-block-list\">\n<li>Vi kan bruke e-postadressen til \u00e5 sende Bruker informasjon og oppdateringer ang\u00e5ende deres bestilling. Den kan ogs\u00e5 brukes til \u00e5 svare p\u00e5 deres foresp\u00f8rsler, sp\u00f8rsm\u00e5l og\/eller andre henvendelser. Hvis Brukeren bestemmer seg for \u00e5 melde seg p\u00e5 v\u00e5r e-postliste, vil de motta e-poster som kan inkludere bedriftsnyheter, oppdateringer, relatert produkt- eller tjenesteinformasjon, etc. Hvis Brukeren n\u00e5r som helst \u00f8nsker \u00e5 melde seg av fremtidige e-poster, inkluderer vi detaljerte instruksjoner for avmelding nederst i hver e-post.<\/li>\n<\/ul>\n<\/li>\n<\/ul>\n\n\n\n<p><strong>Hvordan vi beskytter din informasjon<\/strong><\/p>\n\n\n\n<p>Vi vedtar passende datainnsamlings-, lagrings- og behandlingspraksiser og sikkerhetstiltak for \u00e5 beskytte mot uautorisert tilgang, endring, avsl\u00f8ring eller \u00f8deleggelse av din personlige informasjon, brukernavn, passord, transaksjonsinformasjon og data lagret p\u00e5 v\u00e5rt Nettsted.<\/p>\n\n\n\n<p><strong>Deling av din personlige informasjon<\/strong><\/p>\n\n\n\n<p>Vi selger, bytter eller leier ikke ut Brukeres personlige identifikasjonsinformasjon til andre. Vi kan dele generell aggregert demografisk informasjon som ikke er knyttet til noen personlig identifikasjonsinformasjon om bes\u00f8kende og brukere med v\u00e5re forretningspartnere, betrodde tilknyttede selskaper og annons\u00f8rer for de form\u00e5lene som er beskrevet ovenfor. Vi kan bruke tredjeparts tjenesteleverand\u00f8rer for \u00e5 hjelpe oss med \u00e5 drive v\u00e5r virksomhet og Nettstedet eller administrere aktiviteter p\u00e5 v\u00e5re vegne, som \u00e5 sende ut nyhetsbrev eller unders\u00f8kelser. Vi kan dele din informasjon med disse tredjepartene for de begrensede form\u00e5lene forutsatt at du har gitt oss din tillatelse.<\/p>\n\n\n\n<p><strong>Tredjeparts nettsteder<\/strong><\/p>\n\n\n\n<p>Brukere kan finne annonsering eller annet innhold p\u00e5 v\u00e5rt Nettsted som lenker til nettstedene og tjenestene til v\u00e5re partnere, leverand\u00f8rer, annons\u00f8rer, sponsorer, lisensgivere og andre tredjeparter. Vi kontrollerer ikke innholdet eller lenkene som vises p\u00e5 disse nettstedene og er ikke ansvarlige for praksisen som brukes av nettsteder lenket til eller fra v\u00e5rt Nettsted. I tillegg kan disse nettstedene eller tjenestene, inkludert deres innhold og lenker, stadig endres. Disse nettstedene og tjenestene kan ha sine egne personvernerkl\u00e6ringer og kundeservicepolitikker. Nettlesing og interaksjon p\u00e5 andre nettsteder, inkludert nettsteder som har en lenke til v\u00e5rt Nettsted, er underlagt det nettstedets egne vilk\u00e5r og retningslinjer.<\/p>\n\n\n\n<p><strong>Endringer i denne personvernerkl\u00e6ringen<\/strong><\/p>\n\n\n\n<p>Planyard har rett til \u00e5 oppdatere denne personvernerkl\u00e6ringen n\u00e5r som helst. N\u00e5r vi gj\u00f8r det, vil vi revidere den oppdaterte datoen nederst p\u00e5 denne siden. Vi oppfordrer Brukere til \u00e5 ofte sjekke denne siden for eventuelle endringer for \u00e5 holde seg informert om hvordan vi hjelper til med \u00e5 beskytte den personlige informasjonen vi samler inn. Du erkjenner og godtar at det er ditt ansvar \u00e5 gjennomg\u00e5 denne personvernerkl\u00e6ringen periodisk og bli oppmerksom p\u00e5 endringer.<\/p>\n\n\n\n<p><strong>Din aksept av disse vilk\u00e5rene<\/strong><\/p>\n\n\n\n<p>Ved \u00e5 bruke dette Nettstedet, bekrefter du din aksept av denne erkl\u00e6ringen. Hvis du ikke godtar denne erkl\u00e6ringen, vennligst ikke bruk v\u00e5rt Nettsted. Din fortsatte bruk av Nettstedet etter at endringer i denne erkl\u00e6ringen er lagt ut, vil bli ansett som din aksept av disse endringene.<\/p>\n\n\n\n<p><strong>Kontakt oss<\/strong><\/p>\n\n\n\n<p>Hvis du har sp\u00f8rsm\u00e5l om denne personvernerkl\u00e6ringen, praksisen til dette nettstedet, eller din omgang med dette nettstedet, vennligst kontakt oss p\u00e5 info@planyard.com.<br><\/p>\n","protected":false},"excerpt":{"rendered":"<p>Denne personvernerkl\u00e6ringen styrer hvordan Planyard samler inn, bruker, opprettholder og avsl\u00f8rer informasjon samlet fra brukere (hver, en &laquo;Bruker&raquo;) av nettstedene planyard.com, central.planyard.com og app.planyard.com (&laquo;Nettsted&raquo;). Denne personvernerkl\u00e6ringen gjelder for Nettstedet og alle produkter og tjenester som tilbys av Planyard. Personlig identifikasjonsinformasjon Vi kan samle inn personlig identifikasjonsinformasjon fra Brukere p\u00e5 en rekke m\u00e5ter, inkludert, men&#8230;  <a class=\"excerpt-read-more\" href=\"https:\/\/planyard.com\/no\/personvernerklaering\" title=\"Les  Personvernerkl\u00e6ring\">Les mer &laquo;<\/a><\/p>\n","protected":false},"author":2,"featured_media":0,"parent":0,"menu_order":0,"comment_status":"closed","ping_status":"closed","template":"","meta":{"_acf_changed":false,"content-type":"","footnotes":""},"page_intent":[182],"page_type":[],"class_list":["post-13189","page","type-page","status-publish","hentry"],"acf":[],"yoast_head":"<!-- This site is optimized with the Yoast SEO plugin v26.9 - https:\/\/yoast.com\/product\/yoast-seo-wordpress\/ -->\n<title>Personvernerkl\u00e6ring - Planyard Norge<\/title>\n<meta name=\"description\" content=\"Planyard eier ikke, kontrollerer eller styrer bruken av noen av Klientdataene lagret eller behandlet av en Klient eller Bruker via Tjenesten.\" \/>\n<meta name=\"robots\" content=\"index, follow, max-snippet:-1, max-image-preview:large, max-video-preview:-1\" \/>\n<link rel=\"canonical\" href=\"https:\/\/planyard.com\/no\/personvernerklaering\" \/>\n<meta property=\"og:locale\" content=\"nb_NO\" \/>\n<meta property=\"og:type\" content=\"article\" \/>\n<meta property=\"og:title\" content=\"Personvernerkl\u00e6ring - Planyard Norge\" \/>\n<meta property=\"og:description\" content=\"Planyard eier ikke, kontrollerer eller styrer bruken av noen av Klientdataene lagret eller behandlet av en Klient eller Bruker via Tjenesten.\" \/>\n<meta property=\"og:url\" content=\"https:\/\/planyard.com\/no\/personvernerklaering\" \/>\n<meta property=\"og:site_name\" content=\"Planyard Norge\" \/>\n<meta property=\"article:modified_time\" content=\"2025-05-19T18:55:56+00:00\" \/>\n<meta name=\"twitter:card\" content=\"summary_large_image\" \/>\n<meta name=\"twitter:label1\" content=\"Ansl. lesetid\" \/>\n\t<meta name=\"twitter:data1\" content=\"4 minutter\" \/>\n<!-- \/ Yoast SEO plugin. -->","yoast_head_json":{"title":"Personvernerkl\u00e6ring - Planyard Norge","description":"Planyard eier ikke, kontrollerer eller styrer bruken av noen av Klientdataene lagret eller behandlet av en Klient eller Bruker via Tjenesten.","robots":{"index":"index","follow":"follow","max-snippet":"max-snippet:-1","max-image-preview":"max-image-preview:large","max-video-preview":"max-video-preview:-1"},"canonical":"https:\/\/planyard.com\/no\/personvernerklaering","og_locale":"nb_NO","og_type":"article","og_title":"Personvernerkl\u00e6ring - Planyard Norge","og_description":"Planyard eier ikke, kontrollerer eller styrer bruken av noen av Klientdataene lagret eller behandlet av en Klient eller Bruker via Tjenesten.","og_url":"https:\/\/planyard.com\/no\/personvernerklaering","og_site_name":"Planyard Norge","article_modified_time":"2025-05-19T18:55:56+00:00","twitter_card":"summary_large_image","twitter_misc":{"Ansl. lesetid":"4 minutter"},"schema":{"@context":"https:\/\/schema.org","@graph":[{"@type":"WebPage","@id":"https:\/\/planyard.com\/no\/personvernerklaering","url":"https:\/\/planyard.com\/no\/personvernerklaering","name":"Personvernerkl\u00e6ring - Planyard Norge","isPartOf":{"@id":"https:\/\/planyard.com\/no#website"},"datePublished":"2024-08-26T07:14:20+00:00","dateModified":"2025-05-19T18:55:56+00:00","description":"Planyard eier ikke, kontrollerer eller styrer bruken av noen av Klientdataene lagret eller behandlet av en Klient eller Bruker via Tjenesten.","breadcrumb":{"@id":"https:\/\/planyard.com\/no\/personvernerklaering#breadcrumb"},"inLanguage":"nb-NO","potentialAction":[{"@type":"ReadAction","target":["https:\/\/planyard.com\/no\/personvernerklaering"]}]},{"@type":"BreadcrumbList","@id":"https:\/\/planyard.com\/no\/personvernerklaering#breadcrumb","itemListElement":[{"@type":"ListItem","position":1,"name":"Home","item":"https:\/\/planyard.com\/no"},{"@type":"ListItem","position":2,"name":"Personvernerkl\u00e6ring"}]},{"@type":"WebSite","@id":"https:\/\/planyard.com\/no#website","url":"https:\/\/planyard.com\/no","name":"Planyard Norge","description":"","potentialAction":[{"@type":"SearchAction","target":{"@type":"EntryPoint","urlTemplate":"https:\/\/planyard.com\/no?s={search_term_string}"},"query-input":{"@type":"PropertyValueSpecification","valueRequired":true,"valueName":"search_term_string"}}],"inLanguage":"nb-NO"}]}},"_links":{"self":[{"href":"https:\/\/planyard.com\/no\/wp-json\/wp\/v2\/pages\/13189","targetHints":{"allow":["GET"]}}],"collection":[{"href":"https:\/\/planyard.com\/no\/wp-json\/wp\/v2\/pages"}],"about":[{"href":"https:\/\/planyard.com\/no\/wp-json\/wp\/v2\/types\/page"}],"author":[{"embeddable":true,"href":"https:\/\/planyard.com\/no\/wp-json\/wp\/v2\/users\/2"}],"replies":[{"embeddable":true,"href":"https:\/\/planyard.com\/no\/wp-json\/wp\/v2\/comments?post=13189"}],"version-history":[{"count":3,"href":"https:\/\/planyard.com\/no\/wp-json\/wp\/v2\/pages\/13189\/revisions"}],"predecessor-version":[{"id":16341,"href":"https:\/\/planyard.com\/no\/wp-json\/wp\/v2\/pages\/13189\/revisions\/16341"}],"wp:attachment":[{"href":"https:\/\/planyard.com\/no\/wp-json\/wp\/v2\/media?parent=13189"}],"wp:term":[{"taxonomy":"page_intent","embeddable":true,"href":"https:\/\/planyard.com\/no\/wp-json\/wp\/v2\/page_intent?post=13189"},{"taxonomy":"page_type","embeddable":true,"href":"https:\/\/planyard.com\/no\/wp-json\/wp\/v2\/page_type?post=13189"}],"curies":[{"name":"wp","href":"https:\/\/api.w.org\/{rel}","templated":true}]}}