{"id":13184,"date":"2025-04-03T10:02:17","date_gmt":"2025-04-03T10:02:17","guid":{"rendered":"https:\/\/planyard.com\/planyard-professional-functionality-training-videos"},"modified":"2025-05-19T18:53:33","modified_gmt":"2025-05-19T18:53:33","slug":"planyard-profesjonell-funksjonalitet-treningsvideoer","status":"publish","type":"page","link":"https:\/\/planyard.com\/no\/planyard-profesjonell-funksjonalitet-treningsvideoer","title":{"rendered":"Planyard Profesjonell Funksjonalitet Treningsvideoer"},"content":{"rendered":"\n<p>3\u20135 minutters treningsvideoer for mengdeberegnere og prosjektledere for \u00e5 mestre Planyards profesjonelle pakke\u2014dekker budsjettkontroll, innkj\u00f8psordrer, endringsordrer, fakturah\u00e5ndtering og mer.<\/p>\n\n\n\n<h2 class=\"wp-block-heading\">Innkj\u00f8psordrer<\/h2>\n\n\n\n<p>L\u00e6r hvordan du oppretter innkj\u00f8psordrer for materialer, sporer budsjettforpliktelser, enkelt oppdaterer prognoser og CVR-er, h\u00e5ndterer forskuddsfakturaer, holder oversikt over betalingsoversikter og forhindrer overfakturering fra leverand\u00f8rer.<\/p>\n\n\n\n<figure class=\"wp-block-embed is-type-video is-provider-youtube wp-block-embed-youtube wp-embed-aspect-16-9 wp-has-aspect-ratio\"><div class=\"wp-block-embed__wrapper\">\n<iframe loading=\"lazy\" title=\"See How Planyard Software Makes Construction Project Purchase Orders Easy\" width=\"500\" height=\"281\" src=\"https:\/\/www.youtube.com\/embed\/hlaGwY6-bhA?feature=oembed\" frameborder=\"0\" allow=\"accelerometer; autoplay; clipboard-write; encrypted-media; gyroscope; picture-in-picture; web-share\" referrerpolicy=\"strict-origin-when-cross-origin\" allowfullscreen><\/iframe>\n<\/div><\/figure>\n\n\n\n<h2 class=\"wp-block-heading\">Behandling av innkj\u00f8psfakturaer<\/h2>\n\n\n\n<p>Behandle enkelt innkj\u00f8psfakturaer, tilordne dem til budsjettlinjer, synkroniser automatisk med regnskapet, og spor prosjektkostnader i sanntid \u2014 alt uten repeterende dataregistrering.<\/p>\n\n\n\n<figure class=\"wp-block-embed is-type-video is-provider-youtube wp-block-embed-youtube wp-embed-aspect-16-9 wp-has-aspect-ratio\"><div class=\"wp-block-embed__wrapper\">\n<iframe loading=\"lazy\" title=\"Invoices processing on Planyard\" width=\"500\" height=\"281\" src=\"https:\/\/www.youtube.com\/embed\/cgVamRjQk1I?feature=oembed\" frameborder=\"0\" allow=\"accelerometer; autoplay; clipboard-write; encrypted-media; gyroscope; picture-in-picture; web-share\" referrerpolicy=\"strict-origin-when-cross-origin\" allowfullscreen><\/iframe>\n<\/div><\/figure>\n\n\n\n<h2 class=\"wp-block-heading\">Endringsordrer (Varianter)<\/h2>\n\n\n\n<p>Registrer enkelt klientendringsordrer og underleverand\u00f8r- og innkj\u00f8psordervarianter. Spor den \u00f8konomiske virkningen av hver endring for \u00e5 holde oversikt over l\u00f8nnsomheten.<\/p>\n\n\n\n<figure class=\"wp-block-embed is-type-video is-provider-youtube wp-block-embed-youtube wp-embed-aspect-16-9 wp-has-aspect-ratio\"><div class=\"wp-block-embed__wrapper\">\n<iframe loading=\"lazy\" title=\"Construction change-orders (variations) management on Planyard software\" width=\"500\" height=\"281\" src=\"https:\/\/www.youtube.com\/embed\/6tACV4YQtas?feature=oembed\" frameborder=\"0\" allow=\"accelerometer; autoplay; clipboard-write; encrypted-media; gyroscope; picture-in-picture; web-share\" referrerpolicy=\"strict-origin-when-cross-origin\" allowfullscreen><\/iframe>\n<\/div><\/figure>\n\n\n\n<h2 class=\"wp-block-heading\">Budsjettkontroll og prognoser (CVR-er)<\/h2>\n\n\n\n<p>Forbered n\u00f8yaktige prognoser og CVR-rapporter, revider budsjetter etter behov, godkjenn fakturaer, og gjennomg\u00e5 budsjettavvik for \u00e5 holde kontroll over prosjektets \u00f8konomiske helse. Analyser l\u00f8nnsomhetsprognoser med letthet.<\/p>\n\n\n\n<figure class=\"wp-block-embed is-type-video is-provider-youtube wp-block-embed-youtube wp-embed-aspect-16-9 wp-has-aspect-ratio\"><div class=\"wp-block-embed__wrapper\">\n<iframe loading=\"lazy\" title=\"Project cost control meeting how to video\" width=\"500\" height=\"281\" src=\"https:\/\/www.youtube.com\/embed\/oGkHgWPfIEo?feature=oembed\" frameborder=\"0\" allow=\"accelerometer; autoplay; clipboard-write; encrypted-media; gyroscope; picture-in-picture; web-share\" referrerpolicy=\"strict-origin-when-cross-origin\" allowfullscreen><\/iframe>\n<\/div><\/figure>\n\n\n\n<h2 class=\"wp-block-heading\">Klientfakturering &amp; betalingss\u00f8knader (Vurderinger)<\/h2>\n\n\n\n<p>L\u00e6r hvordan du h\u00e5ndterer klientens verdiplan, behandler endringsordrer (varianter), utsteder betalingss\u00f8knader, h\u00e5ndterer forskuddsfakturaer, sporer tilbakeholdelser, og godkjenner salgsfakturaer med letthet.<\/p>\n\n\n\n<figure class=\"wp-block-embed is-type-video is-provider-youtube wp-block-embed-youtube wp-embed-aspect-16-9 wp-has-aspect-ratio\"><div class=\"wp-block-embed__wrapper\">\n<iframe loading=\"lazy\" title=\"How the client billing process is made simple on Planyard construction software\" width=\"500\" height=\"281\" src=\"https:\/\/www.youtube.com\/embed\/wZ0vTYTJtFs?feature=oembed\" frameborder=\"0\" allow=\"accelerometer; autoplay; clipboard-write; encrypted-media; gyroscope; picture-in-picture; web-share\" referrerpolicy=\"strict-origin-when-cross-origin\" allowfullscreen><\/iframe>\n<\/div><\/figure>\n","protected":false},"excerpt":{"rendered":"<p>3\u20135 minutters treningsvideoer for mengdeberegnere og prosjektledere for \u00e5 mestre Planyards profesjonelle pakke\u2014dekker budsjettkontroll, innkj\u00f8psordrer, endringsordrer, fakturah\u00e5ndtering og mer. Innkj\u00f8psordrer L\u00e6r hvordan du oppretter innkj\u00f8psordrer for materialer, sporer budsjettforpliktelser, enkelt oppdaterer prognoser og CVR-er, h\u00e5ndterer forskuddsfakturaer, holder oversikt over betalingsoversikter og forhindrer overfakturering fra leverand\u00f8rer. Behandling av innkj\u00f8psfakturaer Behandle enkelt innkj\u00f8psfakturaer, tilordne dem til budsjettlinjer,&#8230;  <a class=\"excerpt-read-more\" href=\"https:\/\/planyard.com\/no\/planyard-profesjonell-funksjonalitet-treningsvideoer\" title=\"Les  Planyard Profesjonell Funksjonalitet Treningsvideoer\">Les mer &laquo;<\/a><\/p>\n","protected":false},"author":4,"featured_media":0,"parent":0,"menu_order":0,"comment_status":"closed","ping_status":"closed","template":"page-smallheader.php","meta":{"_acf_changed":false,"content-type":"","footnotes":""},"page_intent":[],"page_type":[],"class_list":["post-13184","page","type-page","status-publish","hentry"],"acf":[],"yoast_head":"<!-- This site is optimized with the Yoast SEO plugin v27.1.1 - https:\/\/yoast.com\/product\/yoast-seo-wordpress\/ -->\n<title>Planyard Professional \u2013 Full Byggekostnadskontroll for Voksende Team<\/title>\n<meta name=\"description\" content=\"Korte treningsvideoer for prosjektledere og byggeledere for \u00e5 mestre Planyards Professional Package\u2014dekker budsjettkontroll, bestillinger og mer.\" \/>\n<meta name=\"robots\" content=\"index, follow, max-snippet:-1, max-image-preview:large, max-video-preview:-1\" \/>\n<link rel=\"canonical\" href=\"https:\/\/planyard.com\/no\/planyard-profesjonell-funksjonalitet-treningsvideoer\" \/>\n<meta property=\"og:locale\" content=\"nb_NO\" \/>\n<meta property=\"og:type\" content=\"article\" \/>\n<meta property=\"og:title\" content=\"Planyard Professional \u2013 Full Byggekostnadskontroll for Voksende Team\" \/>\n<meta property=\"og:description\" content=\"Korte treningsvideoer for prosjektledere og byggeledere for \u00e5 mestre Planyards Professional Package\u2014dekker budsjettkontroll, bestillinger og mer.\" \/>\n<meta property=\"og:url\" content=\"https:\/\/planyard.com\/no\/planyard-profesjonell-funksjonalitet-treningsvideoer\" \/>\n<meta property=\"og:site_name\" content=\"Planyard Norge\" \/>\n<meta property=\"article:modified_time\" content=\"2025-05-19T18:53:33+00:00\" \/>\n<meta name=\"twitter:card\" content=\"summary_large_image\" \/>\n<meta name=\"twitter:label1\" content=\"Ansl. lesetid\" \/>\n\t<meta name=\"twitter:data1\" content=\"1 minutt\" \/>\n<!-- \/ Yoast SEO plugin. -->","yoast_head_json":{"title":"Planyard Professional \u2013 Full Byggekostnadskontroll for Voksende Team","description":"Korte treningsvideoer for prosjektledere og byggeledere for \u00e5 mestre Planyards Professional Package\u2014dekker budsjettkontroll, bestillinger og mer.","robots":{"index":"index","follow":"follow","max-snippet":"max-snippet:-1","max-image-preview":"max-image-preview:large","max-video-preview":"max-video-preview:-1"},"canonical":"https:\/\/planyard.com\/no\/planyard-profesjonell-funksjonalitet-treningsvideoer","og_locale":"nb_NO","og_type":"article","og_title":"Planyard Professional \u2013 Full Byggekostnadskontroll for Voksende Team","og_description":"Korte treningsvideoer for prosjektledere og byggeledere for \u00e5 mestre Planyards Professional Package\u2014dekker budsjettkontroll, bestillinger og mer.","og_url":"https:\/\/planyard.com\/no\/planyard-profesjonell-funksjonalitet-treningsvideoer","og_site_name":"Planyard Norge","article_modified_time":"2025-05-19T18:53:33+00:00","twitter_card":"summary_large_image","twitter_misc":{"Ansl. lesetid":"1 minutt"},"schema":{"@context":"https:\/\/schema.org","@graph":[{"@type":"WebPage","@id":"https:\/\/planyard.com\/no\/planyard-profesjonell-funksjonalitet-treningsvideoer","url":"https:\/\/planyard.com\/no\/planyard-profesjonell-funksjonalitet-treningsvideoer","name":"Planyard Professional \u2013 Full Byggekostnadskontroll for Voksende Team","isPartOf":{"@id":"https:\/\/planyard.com\/no#website"},"datePublished":"2025-04-03T10:02:17+00:00","dateModified":"2025-05-19T18:53:33+00:00","description":"Korte treningsvideoer for prosjektledere og byggeledere for \u00e5 mestre Planyards Professional Package\u2014dekker budsjettkontroll, bestillinger og mer.","breadcrumb":{"@id":"https:\/\/planyard.com\/no\/planyard-profesjonell-funksjonalitet-treningsvideoer#breadcrumb"},"inLanguage":"nb-NO","potentialAction":[{"@type":"ReadAction","target":["https:\/\/planyard.com\/no\/planyard-profesjonell-funksjonalitet-treningsvideoer"]}]},{"@type":"BreadcrumbList","@id":"https:\/\/planyard.com\/no\/planyard-profesjonell-funksjonalitet-treningsvideoer#breadcrumb","itemListElement":[{"@type":"ListItem","position":1,"name":"Home","item":"https:\/\/planyard.com\/no"},{"@type":"ListItem","position":2,"name":"Planyard Profesjonell Funksjonalitet Treningsvideoer"}]},{"@type":"WebSite","@id":"https:\/\/planyard.com\/no#website","url":"https:\/\/planyard.com\/no","name":"Planyard Norge","description":"","potentialAction":[{"@type":"SearchAction","target":{"@type":"EntryPoint","urlTemplate":"https:\/\/planyard.com\/no?s={search_term_string}"},"query-input":{"@type":"PropertyValueSpecification","valueRequired":true,"valueName":"search_term_string"}}],"inLanguage":"nb-NO"}]}},"_links":{"self":[{"href":"https:\/\/planyard.com\/no\/wp-json\/wp\/v2\/pages\/13184","targetHints":{"allow":["GET"]}}],"collection":[{"href":"https:\/\/planyard.com\/no\/wp-json\/wp\/v2\/pages"}],"about":[{"href":"https:\/\/planyard.com\/no\/wp-json\/wp\/v2\/types\/page"}],"author":[{"embeddable":true,"href":"https:\/\/planyard.com\/no\/wp-json\/wp\/v2\/users\/4"}],"replies":[{"embeddable":true,"href":"https:\/\/planyard.com\/no\/wp-json\/wp\/v2\/comments?post=13184"}],"version-history":[{"count":3,"href":"https:\/\/planyard.com\/no\/wp-json\/wp\/v2\/pages\/13184\/revisions"}],"predecessor-version":[{"id":16336,"href":"https:\/\/planyard.com\/no\/wp-json\/wp\/v2\/pages\/13184\/revisions\/16336"}],"wp:attachment":[{"href":"https:\/\/planyard.com\/no\/wp-json\/wp\/v2\/media?parent=13184"}],"wp:term":[{"taxonomy":"page_intent","embeddable":true,"href":"https:\/\/planyard.com\/no\/wp-json\/wp\/v2\/page_intent?post=13184"},{"taxonomy":"page_type","embeddable":true,"href":"https:\/\/planyard.com\/no\/wp-json\/wp\/v2\/page_type?post=13184"}],"curies":[{"name":"wp","href":"https:\/\/api.w.org\/{rel}","templated":true}]}}