{"id":13180,"date":"2025-04-01T15:34:46","date_gmt":"2025-04-01T15:34:46","guid":{"rendered":"https:\/\/planyard.com\/planyard-essential-functionality-training-videos"},"modified":"2025-05-19T18:52:11","modified_gmt":"2025-05-19T18:52:11","slug":"planyard-essensielle-funksjonalitet-treningsvideoer","status":"publish","type":"page","link":"https:\/\/planyard.com\/no\/planyard-essensielle-funksjonalitet-treningsvideoer","title":{"rendered":"Planyard Essensielle Funksjonalitet Treningsvideoer"},"content":{"rendered":"\n<p>Kom i gang ved \u00e5 se korte videoer p\u00e5 3\u20134 minutter designet for prosjektledere og mengdeberegnere for \u00e5 l\u00e6re de essensielle arbeidsflytene p\u00e5 egen h\u00e5nd\u2014ingen oppsett eller trenings\u00f8kter n\u00f8dvendig.<\/p>\n\n\n\n<h2 class=\"wp-block-heading\">Introduksjon<\/h2>\n\n\n\n<figure class=\"wp-block-embed is-type-video is-provider-youtube wp-block-embed-youtube wp-embed-aspect-16-9 wp-has-aspect-ratio\"><div class=\"wp-block-embed__wrapper\">\n<iframe loading=\"lazy\" title=\"Planyard Essential Package: Ditch Spreadsheets &amp; Simplify Construction Cost Control\" width=\"500\" height=\"281\" src=\"https:\/\/www.youtube.com\/embed\/MmqEaSN7Y38?feature=oembed\" frameborder=\"0\" allow=\"accelerometer; autoplay; clipboard-write; encrypted-media; gyroscope; picture-in-picture; web-share\" referrerpolicy=\"strict-origin-when-cross-origin\" allowfullscreen><\/iframe>\n<\/div><\/figure>\n\n\n\n<h2 class=\"wp-block-heading\">Behandling av innkj\u00f8psfakturaer<\/h2>\n\n\n\n<p>Behandle enkelt innkj\u00f8psfakturaer, tilordne dem til budsjettlinjer, synkroniser automatisk med regnskapet, og f\u00f8lg prosjektkostnadene i sanntid\u2014alt uten gjentatt dataregistrering.<\/p>\n\n\n\n<figure class=\"wp-block-embed is-type-video is-provider-youtube wp-block-embed-youtube wp-embed-aspect-16-9 wp-has-aspect-ratio\"><div class=\"wp-block-embed__wrapper\">\n<iframe loading=\"lazy\" title=\"Invoices processing on Planyard\" width=\"500\" height=\"281\" src=\"https:\/\/www.youtube.com\/embed\/cgVamRjQk1I?feature=oembed\" frameborder=\"0\" allow=\"accelerometer; autoplay; clipboard-write; encrypted-media; gyroscope; picture-in-picture; web-share\" referrerpolicy=\"strict-origin-when-cross-origin\" allowfullscreen><\/iframe>\n<\/div><\/figure>\n\n\n\n<h2 class=\"wp-block-heading\">Endringsordre (Varianter)<\/h2>\n\n\n\n<p>Registrer enkelt klientendringsordrer og underleverand\u00f8r- og innkj\u00f8psordervarianter. F\u00f8lg den \u00f8konomiske effekten av hver endring for \u00e5 holde oversikt over l\u00f8nnsomheten.<\/p>\n\n\n\n<figure class=\"wp-block-embed is-type-video is-provider-youtube wp-block-embed-youtube wp-embed-aspect-16-9 wp-has-aspect-ratio\"><div class=\"wp-block-embed__wrapper\">\n<iframe loading=\"lazy\" title=\"Construction change-orders (variations) management on Planyard software\" width=\"500\" height=\"281\" src=\"https:\/\/www.youtube.com\/embed\/6tACV4YQtas?feature=oembed\" frameborder=\"0\" allow=\"accelerometer; autoplay; clipboard-write; encrypted-media; gyroscope; picture-in-picture; web-share\" referrerpolicy=\"strict-origin-when-cross-origin\" allowfullscreen><\/iframe>\n<\/div><\/figure>\n\n\n\n<h2 class=\"wp-block-heading\">Budsjettkontroll og prognoser (CVR)<\/h2>\n\n\n\n<p>Forbered n\u00f8yaktige prognoser og CVR-rapporter, revider budsjetter etter behov, godkjenn fakturaer, og gjennomg\u00e5 budsjettavvik for \u00e5 holde kontroll over prosjektets \u00f8konomiske helse. Analyser l\u00f8nnsomhetsprognoser med letthet.<\/p>\n\n\n\n<figure class=\"wp-block-embed is-type-video is-provider-youtube wp-block-embed-youtube wp-embed-aspect-16-9 wp-has-aspect-ratio\"><div class=\"wp-block-embed__wrapper\">\n<iframe loading=\"lazy\" title=\"Project cost control meeting how to video\" width=\"500\" height=\"281\" src=\"https:\/\/www.youtube.com\/embed\/oGkHgWPfIEo?feature=oembed\" frameborder=\"0\" allow=\"accelerometer; autoplay; clipboard-write; encrypted-media; gyroscope; picture-in-picture; web-share\" referrerpolicy=\"strict-origin-when-cross-origin\" allowfullscreen><\/iframe>\n<\/div><\/figure>\n\n\n\n<p><\/p>\n","protected":false},"excerpt":{"rendered":"<p>Kom i gang ved \u00e5 se korte videoer p\u00e5 3\u20134 minutter designet for prosjektledere og mengdeberegnere for \u00e5 l\u00e6re de essensielle arbeidsflytene p\u00e5 egen h\u00e5nd\u2014ingen oppsett eller trenings\u00f8kter n\u00f8dvendig. Introduksjon Behandling av innkj\u00f8psfakturaer Behandle enkelt innkj\u00f8psfakturaer, tilordne dem til budsjettlinjer, synkroniser automatisk med regnskapet, og f\u00f8lg prosjektkostnadene i sanntid\u2014alt uten gjentatt dataregistrering. Endringsordre (Varianter) Registrer&#8230;  <a class=\"excerpt-read-more\" href=\"https:\/\/planyard.com\/no\/planyard-essensielle-funksjonalitet-treningsvideoer\" title=\"Les  Planyard Essensielle Funksjonalitet Treningsvideoer\">Les mer &laquo;<\/a><\/p>\n","protected":false},"author":4,"featured_media":0,"parent":0,"menu_order":0,"comment_status":"closed","ping_status":"closed","template":"page-smallheader.php","meta":{"_acf_changed":false,"content-type":"","footnotes":""},"page_intent":[],"page_type":[],"class_list":["post-13180","page","type-page","status-publish","hentry"],"acf":[],"yoast_head":"<!-- This site is optimized with the Yoast SEO plugin v27.1.1 - https:\/\/yoast.com\/product\/yoast-seo-wordpress\/ -->\n<title>Planyard Essensielle Funksjonalitet Treningsvideoer - Planyard Norge<\/title>\n<meta name=\"description\" content=\"L\u00e6r hvordan du administrerer byggeprosjektbudsjetter, endringsordrer og prognoser med korte videoer p\u00e5 3\u20134 minutter for prosjektledere og mengdeberegnere\u2014ingen oppsett eller oppl\u00e6ring n\u00f8dvendig.\" \/>\n<meta name=\"robots\" content=\"index, follow, max-snippet:-1, max-image-preview:large, max-video-preview:-1\" \/>\n<link rel=\"canonical\" href=\"https:\/\/planyard.com\/no\/planyard-essensielle-funksjonalitet-treningsvideoer\" \/>\n<meta property=\"og:locale\" content=\"nb_NO\" \/>\n<meta property=\"og:type\" content=\"article\" \/>\n<meta property=\"og:title\" content=\"Planyard Essensielle Funksjonalitet Treningsvideoer - Planyard Norge\" \/>\n<meta property=\"og:description\" content=\"L\u00e6r hvordan du administrerer byggeprosjektbudsjetter, endringsordrer og prognoser med korte videoer p\u00e5 3\u20134 minutter for prosjektledere og mengdeberegnere\u2014ingen oppsett eller oppl\u00e6ring n\u00f8dvendig.\" \/>\n<meta property=\"og:url\" content=\"https:\/\/planyard.com\/no\/planyard-essensielle-funksjonalitet-treningsvideoer\" \/>\n<meta property=\"og:site_name\" content=\"Planyard Norge\" \/>\n<meta property=\"article:modified_time\" content=\"2025-05-19T18:52:11+00:00\" \/>\n<meta name=\"twitter:card\" content=\"summary_large_image\" \/>\n<meta name=\"twitter:label1\" content=\"Ansl. lesetid\" \/>\n\t<meta name=\"twitter:data1\" content=\"1 minutt\" \/>\n<!-- \/ Yoast SEO plugin. -->","yoast_head_json":{"title":"Planyard Essensielle Funksjonalitet Treningsvideoer - Planyard Norge","description":"L\u00e6r hvordan du administrerer byggeprosjektbudsjetter, endringsordrer og prognoser med korte videoer p\u00e5 3\u20134 minutter for prosjektledere og mengdeberegnere\u2014ingen oppsett eller oppl\u00e6ring n\u00f8dvendig.","robots":{"index":"index","follow":"follow","max-snippet":"max-snippet:-1","max-image-preview":"max-image-preview:large","max-video-preview":"max-video-preview:-1"},"canonical":"https:\/\/planyard.com\/no\/planyard-essensielle-funksjonalitet-treningsvideoer","og_locale":"nb_NO","og_type":"article","og_title":"Planyard Essensielle Funksjonalitet Treningsvideoer - Planyard Norge","og_description":"L\u00e6r hvordan du administrerer byggeprosjektbudsjetter, endringsordrer og prognoser med korte videoer p\u00e5 3\u20134 minutter for prosjektledere og mengdeberegnere\u2014ingen oppsett eller oppl\u00e6ring n\u00f8dvendig.","og_url":"https:\/\/planyard.com\/no\/planyard-essensielle-funksjonalitet-treningsvideoer","og_site_name":"Planyard Norge","article_modified_time":"2025-05-19T18:52:11+00:00","twitter_card":"summary_large_image","twitter_misc":{"Ansl. lesetid":"1 minutt"},"schema":{"@context":"https:\/\/schema.org","@graph":[{"@type":"WebPage","@id":"https:\/\/planyard.com\/no\/planyard-essensielle-funksjonalitet-treningsvideoer","url":"https:\/\/planyard.com\/no\/planyard-essensielle-funksjonalitet-treningsvideoer","name":"Planyard Essensielle Funksjonalitet Treningsvideoer - Planyard Norge","isPartOf":{"@id":"https:\/\/planyard.com\/no#website"},"datePublished":"2025-04-01T15:34:46+00:00","dateModified":"2025-05-19T18:52:11+00:00","description":"L\u00e6r hvordan du administrerer byggeprosjektbudsjetter, endringsordrer og prognoser med korte videoer p\u00e5 3\u20134 minutter for prosjektledere og mengdeberegnere\u2014ingen oppsett eller oppl\u00e6ring n\u00f8dvendig.","breadcrumb":{"@id":"https:\/\/planyard.com\/no\/planyard-essensielle-funksjonalitet-treningsvideoer#breadcrumb"},"inLanguage":"nb-NO","potentialAction":[{"@type":"ReadAction","target":["https:\/\/planyard.com\/no\/planyard-essensielle-funksjonalitet-treningsvideoer"]}]},{"@type":"BreadcrumbList","@id":"https:\/\/planyard.com\/no\/planyard-essensielle-funksjonalitet-treningsvideoer#breadcrumb","itemListElement":[{"@type":"ListItem","position":1,"name":"Home","item":"https:\/\/planyard.com\/no"},{"@type":"ListItem","position":2,"name":"Planyard Essensielle Funksjonalitets Treningsvideoer"}]},{"@type":"WebSite","@id":"https:\/\/planyard.com\/no#website","url":"https:\/\/planyard.com\/no","name":"Planyard Norge","description":"","potentialAction":[{"@type":"SearchAction","target":{"@type":"EntryPoint","urlTemplate":"https:\/\/planyard.com\/no?s={search_term_string}"},"query-input":{"@type":"PropertyValueSpecification","valueRequired":true,"valueName":"search_term_string"}}],"inLanguage":"nb-NO"}]}},"_links":{"self":[{"href":"https:\/\/planyard.com\/no\/wp-json\/wp\/v2\/pages\/13180","targetHints":{"allow":["GET"]}}],"collection":[{"href":"https:\/\/planyard.com\/no\/wp-json\/wp\/v2\/pages"}],"about":[{"href":"https:\/\/planyard.com\/no\/wp-json\/wp\/v2\/types\/page"}],"author":[{"embeddable":true,"href":"https:\/\/planyard.com\/no\/wp-json\/wp\/v2\/users\/4"}],"replies":[{"embeddable":true,"href":"https:\/\/planyard.com\/no\/wp-json\/wp\/v2\/comments?post=13180"}],"version-history":[{"count":3,"href":"https:\/\/planyard.com\/no\/wp-json\/wp\/v2\/pages\/13180\/revisions"}],"predecessor-version":[{"id":16331,"href":"https:\/\/planyard.com\/no\/wp-json\/wp\/v2\/pages\/13180\/revisions\/16331"}],"wp:attachment":[{"href":"https:\/\/planyard.com\/no\/wp-json\/wp\/v2\/media?parent=13180"}],"wp:term":[{"taxonomy":"page_intent","embeddable":true,"href":"https:\/\/planyard.com\/no\/wp-json\/wp\/v2\/page_intent?post=13180"},{"taxonomy":"page_type","embeddable":true,"href":"https:\/\/planyard.com\/no\/wp-json\/wp\/v2\/page_type?post=13180"}],"curies":[{"name":"wp","href":"https:\/\/api.w.org\/{rel}","templated":true}]}}