{"id":13171,"date":"2024-08-26T08:24:21","date_gmt":"2024-08-26T08:24:21","guid":{"rendered":"https:\/\/planyard.com\/partners"},"modified":"2025-05-19T18:51:10","modified_gmt":"2025-05-19T18:51:10","slug":"partnerprogrammer","status":"publish","type":"page","link":"https:\/\/planyard.com\/no\/partnerprogrammer","title":{"rendered":"Partnerprogrammer"},"content":{"rendered":"\n<div class=\"wp-block-group\"><div class=\"wp-block-group__inner-container is-layout-constrained wp-block-group-is-layout-constrained\">\n<h3 class=\"wp-block-heading\">Utfordringer for hovedentrepren\u00f8rer<\/h3>\n\n\n\n<p>Det er ganske vanlig at hovedentrepren\u00f8rer f\u00f8rst vet om et prosjekt er l\u00f8nnsomt etter at det er ferdig. Selv i ettertid er det veldig vanskelig \u00e5 fastsl\u00e5 hva som gikk riktig eller galt.<\/p>\n\n\n\n<p>Underentrepren\u00f8rers fremdriftsrapporter, fakturaer og kontrakter er spredt mellom hundrevis av e-poster og dusinvis av mapper, og budsjetter administreres i Excel. \u00c5 f\u00e5 godkjent en faktura eller fremdriftsrapport betyr ofte \u00e5 m\u00e5tte purre p\u00e5 folk i flere uker (forutsatt at det ikke blir glemt).<\/p>\n\n\n\n<p>Dette er frustrerende for prosjektledere, men ogs\u00e5 for ledelsen og regnskapsf\u00f8rere.<\/p>\n\n\n\n<p>Det betyr ogs\u00e5 at det ikke finnes standardiserte prosesser i budsjettstyring, noe som gj\u00f8r det vanskelig \u00e5 vokse virksomheten.<\/p>\n\n\n\n<p>Som Planyard-partner kan du bidra til \u00e5 endre dette.<\/p>\n\n\n\n<h3 class=\"wp-block-heading\">To m\u00e5ter \u00e5 samarbeide med Planyard p\u00e5<\/h3>\n\n\n\n<p>B\u00e5de tilknyttede selskaper og eksperter har tilgang til salgs- og markedsf\u00f8ringsressurser for \u00e5 hjelpe med \u00e5 selge Planyard.<\/p>\n\n\n\n<p>Eksperter vil f\u00e5 ekstra oppl\u00e6ring i implementering av Planyard.<\/p>\n\n\n\n<h4 class=\"wp-block-heading\">Tilknyttede selskaper<\/h4>\n\n\n\n<ul class=\"wp-block-list\">\n<li>Henvis potensielle kunder til Planyard ved \u00e5 bruke en spesiell kampanjekode<\/li>\n\n\n\n<li>Vi tar oss av onboarding<\/li>\n\n\n\n<li><strong>Tjen 30 % av kundens f\u00f8rste \u00e5rs inntekter<\/strong><\/li>\n<\/ul>\n\n\n\n<h4 class=\"wp-block-heading\">Eksperter<\/h4>\n\n\n\n<ul class=\"wp-block-list\">\n<li>Henvis potensielle kunder til Planyard ved \u00e5 bruke en spesiell kampanjekode<\/li>\n\n\n\n<li>Gi onboarding og st\u00f8tte i l\u00f8pet av det f\u00f8rste \u00e5ret<\/li>\n\n\n\n<li><strong>Tjen 20 % av kundens livstidsverdi<\/strong><\/li>\n<\/ul>\n<\/div><\/div>\n\n\n\n<div class=\"wp-block-group\"><div class=\"wp-block-group__inner-container is-layout-constrained wp-block-group-is-layout-constrained\">\n<h3 class=\"wp-block-heading\">Kontakt oss<\/h3>\n\n\n\n<p>Ta kontakt via e-post p\u00e5 info@planyard.com<\/p>\n<\/div><\/div>\n","protected":false},"excerpt":{"rendered":"<p>Utfordringer for hovedentrepren\u00f8rer Det er ganske vanlig at hovedentrepren\u00f8rer f\u00f8rst vet om et prosjekt er l\u00f8nnsomt etter at det er ferdig. Selv i ettertid er det veldig vanskelig \u00e5 fastsl\u00e5 hva som gikk riktig eller galt. Underentrepren\u00f8rers fremdriftsrapporter, fakturaer og kontrakter er spredt mellom hundrevis av e-poster og dusinvis av mapper, og budsjetter administreres i&#8230;  <a class=\"excerpt-read-more\" href=\"https:\/\/planyard.com\/no\/partnerprogrammer\" title=\"Les  Partnerprogrammer\">Les mer &laquo;<\/a><\/p>\n","protected":false},"author":2,"featured_media":0,"parent":0,"menu_order":0,"comment_status":"closed","ping_status":"closed","template":"","meta":{"_acf_changed":false,"content-type":"","footnotes":""},"page_intent":[182],"page_type":[],"class_list":["post-13171","page","type-page","status-publish","hentry"],"acf":[],"yoast_head":"<!-- This site is optimized with the Yoast SEO plugin v26.9 - https:\/\/yoast.com\/product\/yoast-seo-wordpress\/ -->\n<title>Partnerprogrammer - Planyard Norge<\/title>\n<meta name=\"description\" content=\"Planyard-partnerprogrammer for konsulenter, programvareforhandlere og teknologipartnere. Hjelp til med \u00e5 selge Planyard og tjen en prosentandel.\" \/>\n<meta name=\"robots\" content=\"index, follow, max-snippet:-1, max-image-preview:large, max-video-preview:-1\" \/>\n<link rel=\"canonical\" href=\"https:\/\/planyard.com\/no\/partnerprogrammer\" \/>\n<meta property=\"og:locale\" content=\"nb_NO\" \/>\n<meta property=\"og:type\" content=\"article\" \/>\n<meta property=\"og:title\" content=\"Partnerprogrammer - Planyard Norge\" \/>\n<meta property=\"og:description\" content=\"Planyard-partnerprogrammer for konsulenter, programvareforhandlere og teknologipartnere. Hjelp til med \u00e5 selge Planyard og tjen en prosentandel.\" \/>\n<meta property=\"og:url\" content=\"https:\/\/planyard.com\/no\/partnerprogrammer\" \/>\n<meta property=\"og:site_name\" content=\"Planyard Norge\" \/>\n<meta property=\"article:modified_time\" content=\"2025-05-19T18:51:10+00:00\" \/>\n<meta name=\"twitter:card\" content=\"summary_large_image\" \/>\n<meta name=\"twitter:label1\" content=\"Ansl. lesetid\" \/>\n\t<meta name=\"twitter:data1\" content=\"1 minutt\" \/>\n<!-- \/ Yoast SEO plugin. -->","yoast_head_json":{"title":"Partnerprogrammer - Planyard Norge","description":"Planyard-partnerprogrammer for konsulenter, programvareforhandlere og teknologipartnere. Hjelp til med \u00e5 selge Planyard og tjen en prosentandel.","robots":{"index":"index","follow":"follow","max-snippet":"max-snippet:-1","max-image-preview":"max-image-preview:large","max-video-preview":"max-video-preview:-1"},"canonical":"https:\/\/planyard.com\/no\/partnerprogrammer","og_locale":"nb_NO","og_type":"article","og_title":"Partnerprogrammer - Planyard Norge","og_description":"Planyard-partnerprogrammer for konsulenter, programvareforhandlere og teknologipartnere. Hjelp til med \u00e5 selge Planyard og tjen en prosentandel.","og_url":"https:\/\/planyard.com\/no\/partnerprogrammer","og_site_name":"Planyard Norge","article_modified_time":"2025-05-19T18:51:10+00:00","twitter_card":"summary_large_image","twitter_misc":{"Ansl. lesetid":"1 minutt"},"schema":{"@context":"https:\/\/schema.org","@graph":[{"@type":"WebPage","@id":"https:\/\/planyard.com\/no\/partnerprogrammer","url":"https:\/\/planyard.com\/no\/partnerprogrammer","name":"Partnerprogrammer - Planyard Norge","isPartOf":{"@id":"https:\/\/planyard.com\/no#website"},"datePublished":"2024-08-26T08:24:21+00:00","dateModified":"2025-05-19T18:51:10+00:00","description":"Planyard-partnerprogrammer for konsulenter, programvareforhandlere og teknologipartnere. Hjelp til med \u00e5 selge Planyard og tjen en prosentandel.","breadcrumb":{"@id":"https:\/\/planyard.com\/no\/partnerprogrammer#breadcrumb"},"inLanguage":"nb-NO","potentialAction":[{"@type":"ReadAction","target":["https:\/\/planyard.com\/no\/partnerprogrammer"]}]},{"@type":"BreadcrumbList","@id":"https:\/\/planyard.com\/no\/partnerprogrammer#breadcrumb","itemListElement":[{"@type":"ListItem","position":1,"name":"Home","item":"https:\/\/planyard.com\/no"},{"@type":"ListItem","position":2,"name":"Partnerprogrammer"}]},{"@type":"WebSite","@id":"https:\/\/planyard.com\/no#website","url":"https:\/\/planyard.com\/no","name":"Planyard Norge","description":"","potentialAction":[{"@type":"SearchAction","target":{"@type":"EntryPoint","urlTemplate":"https:\/\/planyard.com\/no?s={search_term_string}"},"query-input":{"@type":"PropertyValueSpecification","valueRequired":true,"valueName":"search_term_string"}}],"inLanguage":"nb-NO"}]}},"_links":{"self":[{"href":"https:\/\/planyard.com\/no\/wp-json\/wp\/v2\/pages\/13171","targetHints":{"allow":["GET"]}}],"collection":[{"href":"https:\/\/planyard.com\/no\/wp-json\/wp\/v2\/pages"}],"about":[{"href":"https:\/\/planyard.com\/no\/wp-json\/wp\/v2\/types\/page"}],"author":[{"embeddable":true,"href":"https:\/\/planyard.com\/no\/wp-json\/wp\/v2\/users\/2"}],"replies":[{"embeddable":true,"href":"https:\/\/planyard.com\/no\/wp-json\/wp\/v2\/comments?post=13171"}],"version-history":[{"count":3,"href":"https:\/\/planyard.com\/no\/wp-json\/wp\/v2\/pages\/13171\/revisions"}],"predecessor-version":[{"id":16326,"href":"https:\/\/planyard.com\/no\/wp-json\/wp\/v2\/pages\/13171\/revisions\/16326"}],"wp:attachment":[{"href":"https:\/\/planyard.com\/no\/wp-json\/wp\/v2\/media?parent=13171"}],"wp:term":[{"taxonomy":"page_intent","embeddable":true,"href":"https:\/\/planyard.com\/no\/wp-json\/wp\/v2\/page_intent?post=13171"},{"taxonomy":"page_type","embeddable":true,"href":"https:\/\/planyard.com\/no\/wp-json\/wp\/v2\/page_type?post=13171"}],"curies":[{"name":"wp","href":"https:\/\/api.w.org\/{rel}","templated":true}]}}