{"id":13169,"date":"2024-08-26T07:20:15","date_gmt":"2024-08-26T07:20:15","guid":{"rendered":"https:\/\/planyard.com\/nahb-cost-codes"},"modified":"2025-06-03T18:09:10","modified_gmt":"2025-06-03T18:09:10","slug":"nahb-kostnadskoder","status":"publish","type":"page","link":"https:\/\/planyard.com\/no\/nahb-kostnadskoder","title":{"rendered":"NAHB kostnadskoder"},"content":{"rendered":"\n<div class=\"wp-block-media-text alignwide has-media-on-the-right is-stacked-on-mobile\" style=\"grid-template-columns:auto 49%\"><div class=\"wp-block-media-text__content\">\n<p><br>NAHB kostnadskoder er et standardisert sett med koder definert av <a href=\"https:\/\/www.nahb.org\">National Association of Home Builders<\/a> for \u00e5 spore, administrere og rapportere \u00f8konomiske og prosjektdata. Disse kodene str\u00f8mlinjeformer databehandlingen i hele selskapet, til fordel for alle interessenter, inkludert kalkulat\u00f8rer, prosjektledere og regnskap. Den standardiserte strukturen hjelper med \u00e5 estimere kostnader basert p\u00e5 tidligere prosjekter og forenkler \u00f8konomistyringen av prosjekter.<\/p>\n<\/div><figure class=\"wp-block-media-text__media\"><img loading=\"lazy\" decoding=\"async\" width=\"1010\" height=\"1006\" src=\"https:\/\/planyard.com\/wp-content\/uploads\/2024\/10\/NAHB_cost_codes.jpg\" alt=\"NAHB cost codes with sections and lower parts\" class=\"wp-image-2296 size-full\" srcset=\"https:\/\/planyard.com\/wp-content\/uploads\/2024\/10\/NAHB_cost_codes.jpg 1010w, https:\/\/planyard.com\/wp-content\/uploads\/2024\/10\/NAHB_cost_codes-150x150.jpg 150w\" sizes=\"auto, (max-width: 1010px) 100vw, 1010px\" \/><\/figure><\/div>\n\n\n\n<div class=\"wp-block-group\"><div class=\"wp-block-group__inner-container is-layout-constrained wp-block-group-is-layout-constrained\">\n<h2 class=\"wp-block-heading has-text-align-center paddedHeading\" id=\"benefits-of-using-construction-cost-codes\">Fordeler med \u00e5 bruke byggekostnadskoder<\/h2>\n\n\n\n<div class=\"wp-block-columns is-layout-flex wp-container-core-columns-is-layout-9d6595d7 wp-block-columns-is-layout-flex\">\n<div class=\"wp-block-column is-layout-flow wp-block-column-is-layout-flow\">\n<h4 class=\"wp-block-heading\" id=\"cost-control\">Kostnadskontroll<\/h4>\n\n\n\n<p>En rask og enkel m\u00e5te \u00e5 identifisere og analysere hvordan penger brukes p\u00e5 prosjektet.<\/p>\n<\/div>\n\n\n\n<div class=\"wp-block-column is-layout-flow wp-block-column-is-layout-flow\">\n<h4 class=\"wp-block-heading\" id=\"kpis-tracking\">Sporing av KPI-er<\/h4>\n\n\n\n<p>Spor og administrer KPI-er som estimert kostnad, kostnadsestimat, n\u00e5v\u00e6rende kostnader og mer.<\/p>\n<\/div>\n\n\n\n<div class=\"wp-block-column is-layout-flow wp-block-column-is-layout-flow\">\n<h4 class=\"wp-block-heading\" id=\"ideal-for-companywide-use\">Bruk i hele selskapet<\/h4>\n\n\n\n<p>\u00c5 bruke de samme kodene i hele selskapet gj\u00f8r det enkelt \u00e5 spore og analysere kostnader, feil og prognoser for alle interessenter.<\/p>\n<\/div>\n<\/div>\n\n\n\n<div class=\"wp-block-columns is-layout-flex wp-container-core-columns-is-layout-9d6595d7 wp-block-columns-is-layout-flex\">\n<div class=\"wp-block-column is-layout-flow wp-block-column-is-layout-flow\">\n<h4 class=\"wp-block-heading\" id=\"visualize-profit-centers\">Visualisere profittsentre<\/h4>\n\n\n\n<p>Helhetlig analyse for \u00e5 visualisere profittsentre og problemomr\u00e5der.<\/p>\n<\/div>\n\n\n\n<div class=\"wp-block-column is-layout-flow wp-block-column-is-layout-flow\">\n<h4 class=\"wp-block-heading\" id=\"estimating\">Kalkulering<\/h4>\n\n\n\n<p>Gir struktur og tilgang for \u00e5 f\u00f8lge kostnadene i sanntid for \u00e5 sette mer n\u00f8yaktige og realistiske estimater.<\/p>\n<\/div>\n\n\n\n<div class=\"wp-block-column is-layout-flow wp-block-column-is-layout-flow\">\n<h4 class=\"wp-block-heading\" id=\"real-time-tracking\">Sanntidssporing<\/h4>\n\n\n\n<p>Lar ledelsen f\u00e5 en klar oversikt over arbeidet og holde alle interessenter engasjert.<\/p>\n<\/div>\n<\/div>\n<\/div><\/div>\n\n\n\n<h2 class=\"wp-block-heading has-text-align-center paddedHeading\" id=\"cost-codes-are-hierarchical-and-chronological\">Kostnadskoder er hierarkiske og kronologiske<\/h2>\n\n\n\n<div class=\"wp-block-media-text alignwide has-media-on-the-right is-stacked-on-mobile\"><div class=\"wp-block-media-text__content\">\n<p>Du kan se at jobbene er delt opp i struktur og i kronologisk rekkef\u00f8lge. NAHB har definert kostnadskodene godt slik at de st\u00f8rre arbeidsseksjonene inneholder mindre deler.<\/p>\n\n\n\n<p>P\u00e5 grunn av dette kan du enkelt se fremdriften og l\u00f8nnsomheten til prosjektet i stadier. Dette betyr at du allerede kan se hvor mye fortjeneste noen av de f\u00f8rste arbeidene vil gi f\u00f8r prosjektet er avsluttet.<\/p>\n<\/div><figure class=\"wp-block-media-text__media\"><img loading=\"lazy\" decoding=\"async\" width=\"736\" height=\"890\" src=\"https:\/\/planyard.com\/wp-content\/uploads\/2024\/10\/NAHB_cost_code_job_sections.jpg\" alt=\"NAHB cost code job sections\" class=\"wp-image-2294 size-full\"\/><\/figure><\/div>\n\n\n\n<h2 class=\"wp-block-heading has-text-align-center paddedHeading\" id=\"where-can-you-get-a-list-of-nahb-cost-codes\">Hvor kan du f\u00e5 en liste over NAHB kostnadskoder?<\/h2>\n\n\n\n<div class=\"wp-block-buttons is-content-justification-center is-layout-flex wp-container-core-buttons-is-layout-16018d1d wp-block-buttons-is-layout-flex\">\n<div class=\"wp-block-button\"><a class=\"wp-block-button__link wp-element-button\" href=\"https:\/\/planyard.com\/no\/fa-dine-gratis-nahb-kostnadskoder\">F\u00e5 NAHB byggekostnadskoder gratis<\/a><\/div>\n<\/div>\n\n\n\n<h3 class=\"wp-block-heading has-text-align-center\">Planyard entrepren\u00f8rprogramvare hjelper ambisi\u00f8se team med \u00e5 n\u00e5 sine m\u00e5l og akselerere veksten.<\/h3>\n\n\n\n<div class=\"wp-block-media-text alignwide has-media-on-the-right is-stacked-on-mobile is-vertically-aligned-center\"><div class=\"wp-block-media-text__content\">\n<ul class=\"wp-block-list\">\n<li>Ikke flere regneark<\/li>\n\n\n\n<li>Sparer tid for prosjektledere og kalkulat\u00f8rer<\/li>\n\n\n\n<li>Enkel \u00e5 implementere og bruke<\/li>\n\n\n\n<li>Sanntid og n\u00f8yaktige \u00f8konomiske prognoser<\/li>\n\n\n\n<li>Ingen flere dupliserte dataregistreringer<\/li>\n<\/ul>\n<\/div><figure class=\"wp-block-media-text__media\"><img loading=\"lazy\" decoding=\"async\" width=\"1024\" height=\"598\" src=\"https:\/\/planyard.com\/wp-content\/uploads\/2024\/09\/construction-project-management-software-macbook-iphone-1_reduced-1024x598-1.webp\" alt=\"\" class=\"wp-image-1980 size-large\"\/><\/figure><\/div>\n","protected":false},"excerpt":{"rendered":"<p>NAHB kostnadskoder er et standardisert sett med koder definert av National Association of Home Builders for \u00e5 spore, administrere og rapportere \u00f8konomiske og prosjektdata. Disse kodene str\u00f8mlinjeformer databehandlingen i hele selskapet, til fordel for alle interessenter, inkludert kalkulat\u00f8rer, prosjektledere og regnskap. Den standardiserte strukturen hjelper med \u00e5 estimere kostnader basert p\u00e5 tidligere prosjekter og forenkler&#8230;  <a class=\"excerpt-read-more\" href=\"https:\/\/planyard.com\/no\/nahb-kostnadskoder\" title=\"Les  NAHB kostnadskoder\">Les mer &laquo;<\/a><\/p>\n","protected":false},"author":2,"featured_media":0,"parent":0,"menu_order":0,"comment_status":"closed","ping_status":"closed","template":"","meta":{"_acf_changed":false,"content-type":"","footnotes":""},"page_intent":[167],"page_type":[],"class_list":["post-13169","page","type-page","status-publish","hentry"],"acf":[],"yoast_head":"<!-- This site is optimized with the Yoast SEO plugin v27.1.1 - https:\/\/yoast.com\/product\/yoast-seo-wordpress\/ -->\n<title>NAHB Kostnadskoder - Guide og Gratis Mal<\/title>\n<meta name=\"description\" content=\"Last ned NAHB byggekostnadskoder gratis og hold oversikt over prosjektkostnadene dine med letthet. Standardiser prosessene dine for \u00e5penhet.\" \/>\n<meta name=\"robots\" content=\"index, follow, max-snippet:-1, max-image-preview:large, max-video-preview:-1\" \/>\n<link rel=\"canonical\" href=\"https:\/\/planyard.com\/no\/nahb-kostnadskoder\" \/>\n<meta property=\"og:locale\" content=\"nb_NO\" \/>\n<meta property=\"og:type\" content=\"article\" \/>\n<meta property=\"og:title\" content=\"NAHB Kostnadskoder - Guide og Gratis Mal\" \/>\n<meta property=\"og:description\" content=\"Last ned NAHB byggekostnadskoder gratis og hold oversikt over prosjektkostnadene dine med letthet. Standardiser prosessene dine for \u00e5penhet.\" \/>\n<meta property=\"og:url\" content=\"https:\/\/planyard.com\/no\/nahb-kostnadskoder\" \/>\n<meta property=\"og:site_name\" content=\"Planyard Norge\" \/>\n<meta property=\"article:modified_time\" content=\"2025-06-03T18:09:10+00:00\" \/>\n<meta property=\"og:image\" content=\"https:\/\/planyard.com\/wp-content\/uploads\/2024\/10\/NAHB_cost_codes.jpg\" \/>\n\t<meta property=\"og:image:width\" content=\"1010\" \/>\n\t<meta property=\"og:image:height\" content=\"1006\" \/>\n\t<meta property=\"og:image:type\" content=\"image\/jpeg\" \/>\n<meta name=\"twitter:card\" content=\"summary_large_image\" \/>\n<meta name=\"twitter:label1\" content=\"Ansl. lesetid\" \/>\n\t<meta name=\"twitter:data1\" content=\"2 minutter\" \/>\n<!-- \/ Yoast SEO plugin. -->","yoast_head_json":{"title":"NAHB Kostnadskoder - Guide og Gratis Mal","description":"Last ned NAHB byggekostnadskoder gratis og hold oversikt over prosjektkostnadene dine med letthet. Standardiser prosessene dine for \u00e5penhet.","robots":{"index":"index","follow":"follow","max-snippet":"max-snippet:-1","max-image-preview":"max-image-preview:large","max-video-preview":"max-video-preview:-1"},"canonical":"https:\/\/planyard.com\/no\/nahb-kostnadskoder","og_locale":"nb_NO","og_type":"article","og_title":"NAHB Kostnadskoder - Guide og Gratis Mal","og_description":"Last ned NAHB byggekostnadskoder gratis og hold oversikt over prosjektkostnadene dine med letthet. Standardiser prosessene dine for \u00e5penhet.","og_url":"https:\/\/planyard.com\/no\/nahb-kostnadskoder","og_site_name":"Planyard Norge","article_modified_time":"2025-06-03T18:09:10+00:00","og_image":[{"width":1010,"height":1006,"url":"https:\/\/planyard.com\/wp-content\/uploads\/2024\/10\/NAHB_cost_codes.jpg","type":"image\/jpeg"}],"twitter_card":"summary_large_image","twitter_misc":{"Ansl. lesetid":"2 minutter"},"schema":{"@context":"https:\/\/schema.org","@graph":[{"@type":"WebPage","@id":"https:\/\/planyard.com\/no\/nahb-kostnadskoder","url":"https:\/\/planyard.com\/no\/nahb-kostnadskoder","name":"NAHB Kostnadskoder - Guide og Gratis Mal","isPartOf":{"@id":"https:\/\/planyard.com\/no#website"},"primaryImageOfPage":{"@id":"https:\/\/planyard.com\/no\/nahb-kostnadskoder#primaryimage"},"image":{"@id":"https:\/\/planyard.com\/no\/nahb-kostnadskoder#primaryimage"},"thumbnailUrl":"https:\/\/planyard.com\/wp-content\/uploads\/2024\/10\/NAHB_cost_codes.jpg","datePublished":"2024-08-26T07:20:15+00:00","dateModified":"2025-06-03T18:09:10+00:00","description":"Last ned NAHB byggekostnadskoder gratis og hold oversikt over prosjektkostnadene dine med letthet. Standardiser prosessene dine for \u00e5penhet.","breadcrumb":{"@id":"https:\/\/planyard.com\/no\/nahb-kostnadskoder#breadcrumb"},"inLanguage":"nb-NO","potentialAction":[{"@type":"ReadAction","target":["https:\/\/planyard.com\/no\/nahb-kostnadskoder"]}]},{"@type":"ImageObject","inLanguage":"nb-NO","@id":"https:\/\/planyard.com\/no\/nahb-kostnadskoder#primaryimage","url":"https:\/\/planyard.com\/wp-content\/uploads\/2024\/10\/NAHB_cost_codes.jpg","contentUrl":"https:\/\/planyard.com\/wp-content\/uploads\/2024\/10\/NAHB_cost_codes.jpg"},{"@type":"BreadcrumbList","@id":"https:\/\/planyard.com\/no\/nahb-kostnadskoder#breadcrumb","itemListElement":[{"@type":"ListItem","position":1,"name":"Home","item":"https:\/\/planyard.com\/no"},{"@type":"ListItem","position":2,"name":"NAHB kostnadskoder"}]},{"@type":"WebSite","@id":"https:\/\/planyard.com\/no#website","url":"https:\/\/planyard.com\/no","name":"Planyard Norge","description":"","potentialAction":[{"@type":"SearchAction","target":{"@type":"EntryPoint","urlTemplate":"https:\/\/planyard.com\/no?s={search_term_string}"},"query-input":{"@type":"PropertyValueSpecification","valueRequired":true,"valueName":"search_term_string"}}],"inLanguage":"nb-NO"}]}},"_links":{"self":[{"href":"https:\/\/planyard.com\/no\/wp-json\/wp\/v2\/pages\/13169","targetHints":{"allow":["GET"]}}],"collection":[{"href":"https:\/\/planyard.com\/no\/wp-json\/wp\/v2\/pages"}],"about":[{"href":"https:\/\/planyard.com\/no\/wp-json\/wp\/v2\/types\/page"}],"author":[{"embeddable":true,"href":"https:\/\/planyard.com\/no\/wp-json\/wp\/v2\/users\/2"}],"replies":[{"embeddable":true,"href":"https:\/\/planyard.com\/no\/wp-json\/wp\/v2\/comments?post=13169"}],"version-history":[{"count":4,"href":"https:\/\/planyard.com\/no\/wp-json\/wp\/v2\/pages\/13169\/revisions"}],"predecessor-version":[{"id":16703,"href":"https:\/\/planyard.com\/no\/wp-json\/wp\/v2\/pages\/13169\/revisions\/16703"}],"wp:attachment":[{"href":"https:\/\/planyard.com\/no\/wp-json\/wp\/v2\/media?parent=13169"}],"wp:term":[{"taxonomy":"page_intent","embeddable":true,"href":"https:\/\/planyard.com\/no\/wp-json\/wp\/v2\/page_intent?post=13169"},{"taxonomy":"page_type","embeddable":true,"href":"https:\/\/planyard.com\/no\/wp-json\/wp\/v2\/page_type?post=13169"}],"curies":[{"name":"wp","href":"https:\/\/api.w.org\/{rel}","templated":true}]}}