{"id":13154,"date":"2024-08-22T08:14:52","date_gmt":"2024-08-22T08:14:52","guid":{"rendered":"https:\/\/planyard.com\/how-to-create-subcontracts"},"modified":"2025-05-19T18:58:26","modified_gmt":"2025-05-19T18:58:26","slug":"hvordan-opprette-underkontrakter","status":"publish","type":"page","link":"https:\/\/planyard.com\/no\/hvordan-opprette-underkontrakter","title":{"rendered":"Hvordan opprette og signere underkontrakter (Publiseringsdato: 27. april 2023)"},"content":{"rendered":"\n<div class=\"wp-block-columns is-layout-flex wp-container-core-columns-is-layout-9d6595d7 wp-block-columns-is-layout-flex\">\n<div class=\"wp-block-column is-layout-flow wp-block-column-is-layout-flow\">\n<h2 class=\"wp-block-heading\">Abonner n\u00e5, s\u00e5 sender vi deg en e-post n\u00e5r den er publisert<\/h2>\n\n\n\n<h5 class=\"wp-block-heading\">Hvordan vil denne guiden v\u00e6re til nytte for deg?<\/h5>\n\n\n\n<ol class=\"wp-block-list\">\n<li>Du vil f\u00e5 kunnskapen du trenger for \u00e5 opprette og signere underkontrakter<\/li>\n\n\n\n<li>Du vil l\u00e6re hvordan du kan forbedre dine prosjektledelsesferdigheter<\/li>\n\n\n\n<li>Du vil l\u00e6re hvordan du leverer prosjektet ditt i tide og innenfor budsjett<\/li>\n<\/ol>\n\n\n\n<p>Opprettet av prosjektledere for prosjektledere<\/p>\n<\/div>\n\n\n\n<div class=\"wp-block-column is-layout-flow wp-block-column-is-layout-flow\">\n\n\n  hbspt.forms.create({\n\tportalId: &laquo;4963994&raquo;,\n\tformId: &laquo;755fb653-4e2b-44be-8e55-113df2ff998b&raquo;\n});\n\n<\/div>\n<\/div>\n","protected":false},"excerpt":{"rendered":"<p>Abonner n\u00e5, s\u00e5 sender vi deg en e-post n\u00e5r den er publisert Hvordan vil denne guiden v\u00e6re til nytte for deg? Opprettet av prosjektledere for prosjektledere hbspt.forms.create({ portalId: &laquo;4963994&raquo;, formId: &laquo;755fb653-4e2b-44be-8e55-113df2ff998b&raquo; });<\/p>\n","protected":false},"author":2,"featured_media":0,"parent":0,"menu_order":0,"comment_status":"closed","ping_status":"closed","template":"","meta":{"_acf_changed":false,"content-type":"","footnotes":""},"page_intent":[167],"page_type":[],"class_list":["post-13154","page","type-page","status-publish","hentry"],"acf":[],"yoast_head":"<!-- This site is optimized with the Yoast SEO plugin v27.1.1 - https:\/\/yoast.com\/product\/yoast-seo-wordpress\/ -->\n<title>Hvordan opprette og signere underkontrakter (Publiseringsdato: 27. april 2023) - Planyard Norge<\/title>\n<meta name=\"description\" content=\"Fyll ut skjemaet og last ned veiledningen for byggeprosjektledelse og forbedre dine prosjektledelsesevner.\" \/>\n<meta name=\"robots\" content=\"index, follow, max-snippet:-1, max-image-preview:large, max-video-preview:-1\" \/>\n<link rel=\"canonical\" href=\"https:\/\/planyard.com\/no\/hvordan-opprette-underkontrakter\" \/>\n<meta property=\"og:locale\" content=\"nb_NO\" \/>\n<meta property=\"og:type\" content=\"article\" \/>\n<meta property=\"og:title\" content=\"Hvordan opprette og signere underkontrakter (Publiseringsdato: 27. april 2023) - Planyard Norge\" \/>\n<meta property=\"og:description\" content=\"Fyll ut skjemaet og last ned veiledningen for byggeprosjektledelse og forbedre dine prosjektledelsesevner.\" \/>\n<meta property=\"og:url\" content=\"https:\/\/planyard.com\/no\/hvordan-opprette-underkontrakter\" \/>\n<meta property=\"og:site_name\" content=\"Planyard Norge\" \/>\n<meta property=\"article:modified_time\" content=\"2025-05-19T18:58:26+00:00\" \/>\n<meta name=\"twitter:card\" content=\"summary_large_image\" \/>\n<meta name=\"twitter:label1\" content=\"Ansl. lesetid\" \/>\n\t<meta name=\"twitter:data1\" content=\"1 minutt\" \/>\n<!-- \/ Yoast SEO plugin. -->","yoast_head_json":{"title":"Hvordan opprette og signere underkontrakter (Publiseringsdato: 27. april 2023) - Planyard Norge","description":"Fyll ut skjemaet og last ned veiledningen for byggeprosjektledelse og forbedre dine prosjektledelsesevner.","robots":{"index":"index","follow":"follow","max-snippet":"max-snippet:-1","max-image-preview":"max-image-preview:large","max-video-preview":"max-video-preview:-1"},"canonical":"https:\/\/planyard.com\/no\/hvordan-opprette-underkontrakter","og_locale":"nb_NO","og_type":"article","og_title":"Hvordan opprette og signere underkontrakter (Publiseringsdato: 27. april 2023) - Planyard Norge","og_description":"Fyll ut skjemaet og last ned veiledningen for byggeprosjektledelse og forbedre dine prosjektledelsesevner.","og_url":"https:\/\/planyard.com\/no\/hvordan-opprette-underkontrakter","og_site_name":"Planyard Norge","article_modified_time":"2025-05-19T18:58:26+00:00","twitter_card":"summary_large_image","twitter_misc":{"Ansl. lesetid":"1 minutt"},"schema":{"@context":"https:\/\/schema.org","@graph":[{"@type":"WebPage","@id":"https:\/\/planyard.com\/no\/hvordan-opprette-underkontrakter","url":"https:\/\/planyard.com\/no\/hvordan-opprette-underkontrakter","name":"Hvordan opprette og signere underkontrakter (Publiseringsdato: 27. april 2023) - Planyard Norge","isPartOf":{"@id":"https:\/\/planyard.com\/no#website"},"datePublished":"2024-08-22T08:14:52+00:00","dateModified":"2025-05-19T18:58:26+00:00","description":"Fyll ut skjemaet og last ned veiledningen for byggeprosjektledelse og forbedre dine prosjektledelsesevner.","breadcrumb":{"@id":"https:\/\/planyard.com\/no\/hvordan-opprette-underkontrakter#breadcrumb"},"inLanguage":"nb-NO","potentialAction":[{"@type":"ReadAction","target":["https:\/\/planyard.com\/no\/hvordan-opprette-underkontrakter"]}]},{"@type":"BreadcrumbList","@id":"https:\/\/planyard.com\/no\/hvordan-opprette-underkontrakter#breadcrumb","itemListElement":[{"@type":"ListItem","position":1,"name":"Home","item":"https:\/\/planyard.com\/no"},{"@type":"ListItem","position":2,"name":"Hvordan opprette og signere underentrepriser (Publiseringsdato: 27. april 2023)"}]},{"@type":"WebSite","@id":"https:\/\/planyard.com\/no#website","url":"https:\/\/planyard.com\/no","name":"Planyard Norge","description":"","potentialAction":[{"@type":"SearchAction","target":{"@type":"EntryPoint","urlTemplate":"https:\/\/planyard.com\/no?s={search_term_string}"},"query-input":{"@type":"PropertyValueSpecification","valueRequired":true,"valueName":"search_term_string"}}],"inLanguage":"nb-NO"}]}},"_links":{"self":[{"href":"https:\/\/planyard.com\/no\/wp-json\/wp\/v2\/pages\/13154","targetHints":{"allow":["GET"]}}],"collection":[{"href":"https:\/\/planyard.com\/no\/wp-json\/wp\/v2\/pages"}],"about":[{"href":"https:\/\/planyard.com\/no\/wp-json\/wp\/v2\/types\/page"}],"author":[{"embeddable":true,"href":"https:\/\/planyard.com\/no\/wp-json\/wp\/v2\/users\/2"}],"replies":[{"embeddable":true,"href":"https:\/\/planyard.com\/no\/wp-json\/wp\/v2\/comments?post=13154"}],"version-history":[{"count":3,"href":"https:\/\/planyard.com\/no\/wp-json\/wp\/v2\/pages\/13154\/revisions"}],"predecessor-version":[{"id":16350,"href":"https:\/\/planyard.com\/no\/wp-json\/wp\/v2\/pages\/13154\/revisions\/16350"}],"wp:attachment":[{"href":"https:\/\/planyard.com\/no\/wp-json\/wp\/v2\/media?parent=13154"}],"wp:term":[{"taxonomy":"page_intent","embeddable":true,"href":"https:\/\/planyard.com\/no\/wp-json\/wp\/v2\/page_intent?post=13154"},{"taxonomy":"page_type","embeddable":true,"href":"https:\/\/planyard.com\/no\/wp-json\/wp\/v2\/page_type?post=13154"}],"curies":[{"name":"wp","href":"https:\/\/api.w.org\/{rel}","templated":true}]}}