{"id":13151,"date":"2025-03-18T14:12:20","date_gmt":"2025-03-18T14:12:20","guid":{"rendered":"https:\/\/planyard.com\/get-your-free-construction-cost-codes"},"modified":"2025-05-19T18:50:03","modified_gmt":"2025-05-19T18:50:03","slug":"fa-ditt-gratis-kostnadskodeskjema","status":"publish","type":"page","link":"https:\/\/planyard.com\/no\/fa-ditt-gratis-kostnadskodeskjema","title":{"rendered":"F\u00e5 ditt gratis kostnadskodeskjema"},"content":{"rendered":"\n<div class=\"wp-block-columns is-layout-flex wp-container-core-columns-is-layout-9d6595d7 wp-block-columns-is-layout-flex\">\n<div class=\"wp-block-column is-layout-flow wp-block-column-is-layout-flow\">\n<p>F\u00e5 dine gratis kostnadskoder for bygging i et regnearkformat som du kan bruke fritt. Kostnadskodene gj\u00f8r det mulig \u00e5 standardisere kostnadsstrukturer mellom prosjekter.<\/p>\n\n\n\n<h5 class=\"wp-block-heading\">Dette gratisdokumentet er designet for byggeprofesjonelle som \u00f8nsker \u00e5 bruke disse kostnadskodene i sine byggeprosjekter.<\/h5>\n\n\n\n<p>N\u00e5r du har fylt ut skjemaet, vil du motta en nedlastingslenke i innboksen din umiddelbart.<\/p>\n<\/div>\n\n\n\n<div class=\"wp-block-column is-layout-flow wp-block-column-is-layout-flow\">\n<div id=\"mc_embed_shell\">\n      \n  \n        #mc_embed_signup{background:#fff; false;clear:left; font:14px Helvetica,Arial,sans-serif; width: 600px;}\n        \/* Add your own Mailchimp form style overrides in your site stylesheet or in this style block.\n           We recommend moving this block and the preceding CSS link to the HEAD of your HTML file. *\/\n\n<div id=\"mc_embed_signup\">\n    \n        <div id=\"mc_embed_signup_scroll\"><h2>Last ned kostnadskodene<\/h2>\n            <div class=\"indicates-required\"><span class=\"asterisk\">*<\/span> indikerer obligatorisk<\/div>\n            <div class=\"mc-field-group\"><label for=\"mce-EMAIL\">E-postadresse <span class=\"asterisk\">*<\/span><\/label><\/div><div class=\"mc-field-group\"><label for=\"mce-FNAME\">Fornavn <\/label><\/div><div class=\"mc-field-group\"><label for=\"mce-LNAME\">Etternavn <\/label><\/div><div class=\"mc-field-group\"><label for=\"mce-PHONE\">Telefonnummer <\/label><\/div><div class=\"mc-field-group\"><label for=\"mce-COMPANY\">Firma <span class=\"asterisk\">*<\/span><\/label><\/div><div class=\"mc-field-group\"><label for=\"mce-MMERGE8\">Rolle <\/label><\/div>\n<div hidden=\"\"><\/div>\n        <div id=\"mce-responses\" class=\"clear\">\n            <div class=\"response\" id=\"mce-error-response\"><\/div>\n            <div class=\"response\" id=\"mce-success-response\"><\/div>\n        <\/div><div aria-hidden=\"true\" style=\"position: absolute;left: -5000px\"><\/div><div class=\"clear\"><\/div>\n    <\/div>\n\n<\/div>\n(function($) {window.fnames = new Array(); window.ftypes = new Array();fnames[0]=&#8217;EMAIL&#8217;;ftypes[0]=&#8217;email&#8217;;fnames[1]=&#8217;FNAME&#8217;;ftypes[1]=&#8217;text&#8217;;fnames[2]=&#8217;LNAME&#8217;;ftypes[2]=&#8217;text&#8217;;fnames[4]=&#8217;PHONE&#8217;;ftypes[4]=&#8217;phone&#8217;;fnames[7]=&#8217;COMPANY&#8217;;ftypes[7]=&#8217;text&#8217;;fnames[8]=&#8217;MMERGE8&#8242;;ftypes[8]=&#8217;text&#8217;;fnames[3]=&#8217;ADDRESS&#8217;;ftypes[3]=&#8217;address&#8217;;fnames[5]=&#8217;BIRTHDAY&#8217;;ftypes[5]=&#8217;birthday&#8217;;fnames[6]=&#8217;ORIGIN&#8217;;ftypes[6]=&#8217;text&#8217;;}(jQuery));var $mcj = jQuery.noConflict(true);<\/div>\n<\/div>\n<\/div>\n","protected":false},"excerpt":{"rendered":"<p>F\u00e5 dine gratis kostnadskoder for bygging i et regnearkformat som du kan bruke fritt. Kostnadskodene gj\u00f8r det mulig \u00e5 standardisere kostnadsstrukturer mellom prosjekter. Dette gratisdokumentet er designet for byggeprofesjonelle som \u00f8nsker \u00e5 bruke disse kostnadskodene i sine byggeprosjekter. N\u00e5r du har fylt ut skjemaet, vil du motta en nedlastingslenke i innboksen din umiddelbart. #mc_embed_signup{background:#fff; false;clear:left;&#8230;  <a class=\"excerpt-read-more\" href=\"https:\/\/planyard.com\/no\/fa-ditt-gratis-kostnadskodeskjema\" title=\"Les  F\u00e5 ditt gratis kostnadskodeskjema\">Les mer &laquo;<\/a><\/p>\n","protected":false},"author":3,"featured_media":0,"parent":0,"menu_order":0,"comment_status":"closed","ping_status":"closed","template":"","meta":{"_acf_changed":false,"content-type":"","footnotes":""},"page_intent":[167],"page_type":[],"class_list":["post-13151","page","type-page","status-publish","hentry"],"acf":[],"yoast_head":"<!-- This site is optimized with the Yoast SEO plugin v26.9 - https:\/\/yoast.com\/product\/yoast-seo-wordpress\/ -->\n<title>F\u00e5 dine gratis kostnadskoder for bygging<\/title>\n<meta name=\"description\" content=\"F\u00e5 dine gratis kostnadskoder for bygging i et regnearkformat som du kan bruke fritt i dine byggeprosjekter.\" \/>\n<meta name=\"robots\" content=\"index, follow, max-snippet:-1, max-image-preview:large, max-video-preview:-1\" \/>\n<link rel=\"canonical\" href=\"https:\/\/planyard.com\/no\/fa-ditt-gratis-kostnadskodeskjema\" \/>\n<meta property=\"og:locale\" content=\"nb_NO\" \/>\n<meta property=\"og:type\" content=\"article\" \/>\n<meta property=\"og:title\" content=\"F\u00e5 dine gratis kostnadskoder for bygging\" \/>\n<meta property=\"og:description\" content=\"F\u00e5 dine gratis kostnadskoder for bygging i et regnearkformat som du kan bruke fritt i dine byggeprosjekter.\" \/>\n<meta property=\"og:url\" content=\"https:\/\/planyard.com\/no\/fa-ditt-gratis-kostnadskodeskjema\" \/>\n<meta property=\"og:site_name\" content=\"Planyard Norge\" \/>\n<meta property=\"article:modified_time\" content=\"2025-05-19T18:50:03+00:00\" \/>\n<meta name=\"twitter:card\" content=\"summary_large_image\" \/>\n<meta name=\"twitter:label1\" content=\"Ansl. lesetid\" \/>\n\t<meta name=\"twitter:data1\" content=\"1 minutt\" \/>\n<!-- \/ Yoast SEO plugin. -->","yoast_head_json":{"title":"F\u00e5 dine gratis kostnadskoder for bygging","description":"F\u00e5 dine gratis kostnadskoder for bygging i et regnearkformat som du kan bruke fritt i dine byggeprosjekter.","robots":{"index":"index","follow":"follow","max-snippet":"max-snippet:-1","max-image-preview":"max-image-preview:large","max-video-preview":"max-video-preview:-1"},"canonical":"https:\/\/planyard.com\/no\/fa-ditt-gratis-kostnadskodeskjema","og_locale":"nb_NO","og_type":"article","og_title":"F\u00e5 dine gratis kostnadskoder for bygging","og_description":"F\u00e5 dine gratis kostnadskoder for bygging i et regnearkformat som du kan bruke fritt i dine byggeprosjekter.","og_url":"https:\/\/planyard.com\/no\/fa-ditt-gratis-kostnadskodeskjema","og_site_name":"Planyard Norge","article_modified_time":"2025-05-19T18:50:03+00:00","twitter_card":"summary_large_image","twitter_misc":{"Ansl. lesetid":"1 minutt"},"schema":{"@context":"https:\/\/schema.org","@graph":[{"@type":"WebPage","@id":"https:\/\/planyard.com\/no\/fa-ditt-gratis-kostnadskodeskjema","url":"https:\/\/planyard.com\/no\/fa-ditt-gratis-kostnadskodeskjema","name":"F\u00e5 dine gratis kostnadskoder for bygging","isPartOf":{"@id":"https:\/\/planyard.com\/no#website"},"datePublished":"2025-03-18T14:12:20+00:00","dateModified":"2025-05-19T18:50:03+00:00","description":"F\u00e5 dine gratis kostnadskoder for bygging i et regnearkformat som du kan bruke fritt i dine byggeprosjekter.","breadcrumb":{"@id":"https:\/\/planyard.com\/no\/fa-ditt-gratis-kostnadskodeskjema#breadcrumb"},"inLanguage":"nb-NO","potentialAction":[{"@type":"ReadAction","target":["https:\/\/planyard.com\/no\/fa-ditt-gratis-kostnadskodeskjema"]}]},{"@type":"BreadcrumbList","@id":"https:\/\/planyard.com\/no\/fa-ditt-gratis-kostnadskodeskjema#breadcrumb","itemListElement":[{"@type":"ListItem","position":1,"name":"Home","item":"https:\/\/planyard.com\/no"},{"@type":"ListItem","position":2,"name":"F\u00e5 ditt gratis regneark med kostnadskoder"}]},{"@type":"WebSite","@id":"https:\/\/planyard.com\/no#website","url":"https:\/\/planyard.com\/no","name":"Planyard Norge","description":"","potentialAction":[{"@type":"SearchAction","target":{"@type":"EntryPoint","urlTemplate":"https:\/\/planyard.com\/no?s={search_term_string}"},"query-input":{"@type":"PropertyValueSpecification","valueRequired":true,"valueName":"search_term_string"}}],"inLanguage":"nb-NO"}]}},"_links":{"self":[{"href":"https:\/\/planyard.com\/no\/wp-json\/wp\/v2\/pages\/13151","targetHints":{"allow":["GET"]}}],"collection":[{"href":"https:\/\/planyard.com\/no\/wp-json\/wp\/v2\/pages"}],"about":[{"href":"https:\/\/planyard.com\/no\/wp-json\/wp\/v2\/types\/page"}],"author":[{"embeddable":true,"href":"https:\/\/planyard.com\/no\/wp-json\/wp\/v2\/users\/3"}],"replies":[{"embeddable":true,"href":"https:\/\/planyard.com\/no\/wp-json\/wp\/v2\/comments?post=13151"}],"version-history":[{"count":3,"href":"https:\/\/planyard.com\/no\/wp-json\/wp\/v2\/pages\/13151\/revisions"}],"predecessor-version":[{"id":16321,"href":"https:\/\/planyard.com\/no\/wp-json\/wp\/v2\/pages\/13151\/revisions\/16321"}],"wp:attachment":[{"href":"https:\/\/planyard.com\/no\/wp-json\/wp\/v2\/media?parent=13151"}],"wp:term":[{"taxonomy":"page_intent","embeddable":true,"href":"https:\/\/planyard.com\/no\/wp-json\/wp\/v2\/page_intent?post=13151"},{"taxonomy":"page_type","embeddable":true,"href":"https:\/\/planyard.com\/no\/wp-json\/wp\/v2\/page_type?post=13151"}],"curies":[{"name":"wp","href":"https:\/\/api.w.org\/{rel}","templated":true}]}}