{"id":13147,"date":"2025-03-18T11:31:20","date_gmt":"2025-03-18T11:31:20","guid":{"rendered":"https:\/\/planyard.com\/get-your-free-construction-budget-template-for-excel-or-google-sheets"},"modified":"2025-06-04T06:39:08","modified_gmt":"2025-06-04T06:39:08","slug":"fa-din-gratis-mal-for-byggeprosjektbudsjett-for-excel-eller-google-sheets","status":"publish","type":"page","link":"https:\/\/planyard.com\/no\/fa-din-gratis-mal-for-byggeprosjektbudsjett-for-excel-eller-google-sheets","title":{"rendered":"F\u00e5 din gratis mal for byggeprosjektbudsjett for Excel eller Google Sheets"},"content":{"rendered":"\n<div class=\"wp-block-columns is-layout-flex wp-container-core-columns-is-layout-9d6595d7 wp-block-columns-is-layout-flex\">\n<div class=\"wp-block-column is-layout-flow wp-block-column-is-layout-flow\">\n<p>Spor budsjettet for byggeprosjektene dine effektivt med denne brukervennlige malen for Excel eller Google Sheets.<\/p>\n\n\n\n<h5 class=\"wp-block-heading\">Denne gratis malen er designet for boligbyggere, entrepren\u00f8rer, prosjektledere og byggeteam som vil holde prosjektene sine p\u00e5 rett spor.<\/h5>\n\n\n\n<p>N\u00e5r du har fylt ut skjemaet, vil du motta en nedlastingslenke i innboksen din umiddelbart.<\/p>\n<\/div>\n\n\n\n<div class=\"wp-block-column is-layout-flow wp-block-column-is-layout-flow\">\n<div id=\"mc_embed_shell\">\n      <link href=\"\/\/cdn-images.mailchimp.com\/embedcode\/classic-061523.css\" rel=\"stylesheet\" type=\"text\/css\">\n  <style type=\"text\/css\">\n        #mc_embed_signup{background:#fff; false;clear:left; font:14px Helvetica,Arial,sans-serif; width: 600px;}\n        \/* Add your own Mailchimp form style overrides in your site stylesheet or in this style block.\n           We recommend moving this block and the preceding CSS link to the HEAD of your HTML file. *\/\n<\/style>\n<div id=\"mc_embed_signup\">\n    <form action=\"https:\/\/fizure.us20.list-manage.com\/subscribe\/post?u=f9f67b9f9dc3438656ad73fc8&amp;id=f8c5dc20cf&amp;f_id=004120eef0\" method=\"post\" id=\"mc-embedded-subscribe-form\" name=\"mc-embedded-subscribe-form\" class=\"validate\" target=\"_blank\">\n        <div id=\"mc_embed_signup_scroll\"><h2>Download The Template<\/h2>\n            <div class=\"indicates-required\"><span class=\"asterisk\">*<\/span> indicates required<\/div>\n            <div class=\"mc-field-group\"><label for=\"mce-EMAIL\">Email Address <span class=\"asterisk\">*<\/span><\/label><input type=\"email\" name=\"EMAIL\" class=\"required email\" id=\"mce-EMAIL\" required=\"\" value=\"\"><\/div><div class=\"mc-field-group\"><label for=\"mce-FNAME\">First Name <\/label><input type=\"text\" name=\"FNAME\" class=\" text\" id=\"mce-FNAME\" value=\"\"><\/div><div class=\"mc-field-group\"><label for=\"mce-LNAME\">Last Name <\/label><input type=\"text\" name=\"LNAME\" class=\" text\" id=\"mce-LNAME\" value=\"\"><\/div><div class=\"mc-field-group\"><label for=\"mce-PHONE\">Phone Number <\/label><input type=\"text\" name=\"PHONE\" class=\"REQ_CSS\" id=\"mce-PHONE\" value=\"\"><\/div><div class=\"mc-field-group\"><label for=\"mce-COMPANY\">Company <span class=\"asterisk\">*<\/span><\/label><input type=\"text\" name=\"COMPANY\" class=\"required text\" id=\"mce-COMPANY\" required=\"\" value=\"\"><\/div><div class=\"mc-field-group\"><label for=\"mce-MMERGE8\">Role <\/label><input type=\"text\" name=\"MMERGE8\" class=\" text\" id=\"mce-MMERGE8\" value=\"\"><\/div>\n<div hidden=\"\"><input type=\"hidden\" name=\"tags\" value=\"4263786\"><\/div>\n        <div id=\"mce-responses\" class=\"clear\">\n            <div class=\"response\" id=\"mce-error-response\" style=\"display: none;\"><\/div>\n            <div class=\"response\" id=\"mce-success-response\" style=\"display: none;\"><\/div>\n        <\/div><div aria-hidden=\"true\" style=\"position: absolute; left: -5000px;\"><input type=\"text\" name=\"b_f9f67b9f9dc3438656ad73fc8_f8c5dc20cf\" tabindex=\"-1\" value=\"\"><\/div><div class=\"clear\"><input type=\"submit\" name=\"subscribe\" id=\"mc-embedded-subscribe\" class=\"button\" value=\"Subscribe\"><\/div>\n    <\/div>\n<\/form>\n<\/div>\n<script type=\"text\/javascript\" src=\"\/\/s3.amazonaws.com\/downloads.mailchimp.com\/js\/mc-validate.js\"><\/script><script type=\"text\/javascript\">(function($) {window.fnames = new Array(); window.ftypes = new Array();fnames[0]='EMAIL';ftypes[0]='email';fnames[1]='FNAME';ftypes[1]='text';fnames[2]='LNAME';ftypes[2]='text';fnames[4]='PHONE';ftypes[4]='phone';fnames[7]='COMPANY';ftypes[7]='text';fnames[8]='MMERGE8';ftypes[8]='text';fnames[3]='ADDRESS';ftypes[3]='address';fnames[5]='BIRTHDAY';ftypes[5]='birthday';fnames[6]='ORIGIN';ftypes[6]='text';}(jQuery));var $mcj = jQuery.noConflict(true);<\/script><\/div>\n\n<\/div>\n<\/div>\n","protected":false},"excerpt":{"rendered":"<p>Spor budsjettet for byggeprosjektene dine effektivt med denne brukervennlige malen for Excel eller Google Sheets. Denne gratis malen er designet for boligbyggere, entrepren\u00f8rer, prosjektledere og byggeteam som vil holde prosjektene sine p\u00e5 rett spor. N\u00e5r du har fylt ut skjemaet, vil du motta en nedlastingslenke i innboksen din umiddelbart. Download The Template * indicates required&#8230;  <a class=\"excerpt-read-more\" href=\"https:\/\/planyard.com\/no\/fa-din-gratis-mal-for-byggeprosjektbudsjett-for-excel-eller-google-sheets\" title=\"Les  F\u00e5 din gratis mal for byggeprosjektbudsjett for Excel eller Google Sheets\">Les mer &laquo;<\/a><\/p>\n","protected":false},"author":3,"featured_media":0,"parent":0,"menu_order":0,"comment_status":"closed","ping_status":"closed","template":"","meta":{"_acf_changed":false,"content-type":"","footnotes":""},"page_intent":[167],"page_type":[],"class_list":["post-13147","page","type-page","status-publish","hentry"],"acf":[],"yoast_head":"<!-- This site is optimized with the Yoast SEO plugin v27.1.1 - https:\/\/yoast.com\/product\/yoast-seo-wordpress\/ -->\n<title>F\u00e5 din gratis mal for byggeprosjektbudsjett for Excel<\/title>\n<meta name=\"description\" content=\"Planlegg, spor og administrer budsjettet for byggeprosjektene dine effektivt med denne brukervennlige Excel-malen.\" \/>\n<meta name=\"robots\" content=\"index, follow, max-snippet:-1, max-image-preview:large, max-video-preview:-1\" \/>\n<link rel=\"canonical\" href=\"https:\/\/planyard.com\/no\/fa-din-gratis-mal-for-byggeprosjektbudsjett-for-excel-eller-google-sheets\" \/>\n<meta property=\"og:locale\" content=\"nb_NO\" \/>\n<meta property=\"og:type\" content=\"article\" \/>\n<meta property=\"og:title\" content=\"F\u00e5 din gratis mal for byggeprosjektbudsjett for Excel\" \/>\n<meta property=\"og:description\" content=\"Planlegg, spor og administrer budsjettet for byggeprosjektene dine effektivt med denne brukervennlige Excel-malen.\" \/>\n<meta property=\"og:url\" content=\"https:\/\/planyard.com\/no\/fa-din-gratis-mal-for-byggeprosjektbudsjett-for-excel-eller-google-sheets\" \/>\n<meta property=\"og:site_name\" content=\"Planyard Norge\" \/>\n<meta property=\"article:modified_time\" content=\"2025-06-04T06:39:08+00:00\" \/>\n<meta name=\"twitter:card\" content=\"summary_large_image\" \/>\n<meta name=\"twitter:label1\" content=\"Ansl. lesetid\" \/>\n\t<meta name=\"twitter:data1\" content=\"1 minutt\" \/>\n<!-- \/ Yoast SEO plugin. -->","yoast_head_json":{"title":"F\u00e5 din gratis mal for byggeprosjektbudsjett for Excel","description":"Planlegg, spor og administrer budsjettet for byggeprosjektene dine effektivt med denne brukervennlige Excel-malen.","robots":{"index":"index","follow":"follow","max-snippet":"max-snippet:-1","max-image-preview":"max-image-preview:large","max-video-preview":"max-video-preview:-1"},"canonical":"https:\/\/planyard.com\/no\/fa-din-gratis-mal-for-byggeprosjektbudsjett-for-excel-eller-google-sheets","og_locale":"nb_NO","og_type":"article","og_title":"F\u00e5 din gratis mal for byggeprosjektbudsjett for Excel","og_description":"Planlegg, spor og administrer budsjettet for byggeprosjektene dine effektivt med denne brukervennlige Excel-malen.","og_url":"https:\/\/planyard.com\/no\/fa-din-gratis-mal-for-byggeprosjektbudsjett-for-excel-eller-google-sheets","og_site_name":"Planyard Norge","article_modified_time":"2025-06-04T06:39:08+00:00","twitter_card":"summary_large_image","twitter_misc":{"Ansl. lesetid":"1 minutt"},"schema":{"@context":"https:\/\/schema.org","@graph":[{"@type":"WebPage","@id":"https:\/\/planyard.com\/no\/fa-din-gratis-mal-for-byggeprosjektbudsjett-for-excel-eller-google-sheets","url":"https:\/\/planyard.com\/no\/fa-din-gratis-mal-for-byggeprosjektbudsjett-for-excel-eller-google-sheets","name":"F\u00e5 din gratis mal for byggeprosjektbudsjett for Excel","isPartOf":{"@id":"https:\/\/planyard.com\/no#website"},"datePublished":"2025-03-18T11:31:20+00:00","dateModified":"2025-06-04T06:39:08+00:00","description":"Planlegg, spor og administrer budsjettet for byggeprosjektene dine effektivt med denne brukervennlige Excel-malen.","breadcrumb":{"@id":"https:\/\/planyard.com\/no\/fa-din-gratis-mal-for-byggeprosjektbudsjett-for-excel-eller-google-sheets#breadcrumb"},"inLanguage":"nb-NO","potentialAction":[{"@type":"ReadAction","target":["https:\/\/planyard.com\/no\/fa-din-gratis-mal-for-byggeprosjektbudsjett-for-excel-eller-google-sheets"]}]},{"@type":"BreadcrumbList","@id":"https:\/\/planyard.com\/no\/fa-din-gratis-mal-for-byggeprosjektbudsjett-for-excel-eller-google-sheets#breadcrumb","itemListElement":[{"@type":"ListItem","position":1,"name":"Home","item":"https:\/\/planyard.com\/no"},{"@type":"ListItem","position":2,"name":"F\u00e5 din gratis mal for byggeprosjektbudsjett for Excel eller Google Sheets"}]},{"@type":"WebSite","@id":"https:\/\/planyard.com\/no#website","url":"https:\/\/planyard.com\/no","name":"Planyard Norge","description":"","potentialAction":[{"@type":"SearchAction","target":{"@type":"EntryPoint","urlTemplate":"https:\/\/planyard.com\/no?s={search_term_string}"},"query-input":{"@type":"PropertyValueSpecification","valueRequired":true,"valueName":"search_term_string"}}],"inLanguage":"nb-NO"}]}},"_links":{"self":[{"href":"https:\/\/planyard.com\/no\/wp-json\/wp\/v2\/pages\/13147","targetHints":{"allow":["GET"]}}],"collection":[{"href":"https:\/\/planyard.com\/no\/wp-json\/wp\/v2\/pages"}],"about":[{"href":"https:\/\/planyard.com\/no\/wp-json\/wp\/v2\/types\/page"}],"author":[{"embeddable":true,"href":"https:\/\/planyard.com\/no\/wp-json\/wp\/v2\/users\/3"}],"replies":[{"embeddable":true,"href":"https:\/\/planyard.com\/no\/wp-json\/wp\/v2\/comments?post=13147"}],"version-history":[{"count":6,"href":"https:\/\/planyard.com\/no\/wp-json\/wp\/v2\/pages\/13147\/revisions"}],"predecessor-version":[{"id":17075,"href":"https:\/\/planyard.com\/no\/wp-json\/wp\/v2\/pages\/13147\/revisions\/17075"}],"wp:attachment":[{"href":"https:\/\/planyard.com\/no\/wp-json\/wp\/v2\/media?parent=13147"}],"wp:term":[{"taxonomy":"page_intent","embeddable":true,"href":"https:\/\/planyard.com\/no\/wp-json\/wp\/v2\/page_intent?post=13147"},{"taxonomy":"page_type","embeddable":true,"href":"https:\/\/planyard.com\/no\/wp-json\/wp\/v2\/page_type?post=13147"}],"curies":[{"name":"wp","href":"https:\/\/api.w.org\/{rel}","templated":true}]}}