{"id":13144,"date":"2025-01-30T10:30:14","date_gmt":"2025-01-30T10:30:14","guid":{"rendered":"https:\/\/planyard.com\/get-the-next-chapter-of-the-master-construction-project-management-guide"},"modified":"2025-05-19T18:48:09","modified_gmt":"2025-05-19T18:48:09","slug":"fa-neste-kapittel-av-den-ultimate-guiden-til-prosjektledelse-i-byggebransjen","status":"publish","type":"page","link":"https:\/\/planyard.com\/no\/fa-neste-kapittel-av-den-ultimate-guiden-til-prosjektledelse-i-byggebransjen","title":{"rendered":"F\u00e5 neste kapittel av den ultimate guiden til prosjektledelse i byggebransjen"},"content":{"rendered":"\n<div class=\"wp-block-columns is-layout-flex wp-container-core-columns-is-layout-9d6595d7 wp-block-columns-is-layout-flex\">\n<div class=\"wp-block-column is-layout-flow wp-block-column-is-layout-flow\">\n<p>Vil du ligge i forkant innen prosjektledelse i byggebransjen? Abonner for \u00e5 bli varslet n\u00e5r neste kapittel av v\u00e5r gratis guide blir utgitt\u2014fullpakket med ekspertinnsikt for \u00e5 hjelpe deg med \u00e5 effektivisere prosjekter, forbedre kostnadskontroll og \u00f8ke effektiviteten.<\/p>\n\n\n\n<h5 class=\"wp-block-heading\">Sjekk hele utgivelsesplanen <a href=\"https:\/\/planyard.com\/no\/gratis-guide-mestre-byggeprosjektledelse\">her<\/a><\/h5>\n<\/div>\n\n\n\n<div class=\"wp-block-column is-layout-flow wp-block-column-is-layout-flow\">\n<div id=\"mc_embed_shell\">\n      \n  \n        #mc_embed_signup{background:#fff; false;clear:left; font:14px Helvetica,Arial,sans-serif; width: 600px;}\n        \/* Add your own Mailchimp form style overrides in your site stylesheet or in this style block.\n           We recommend moving this block and the preceding CSS link to the HEAD of your HTML file. *\/\n\n<div id=\"mc_embed_signup\">\n    \n        <div id=\"mc_embed_signup_scroll\"><h2>Abonner<\/h2>\n            <div class=\"indicates-required\"><span class=\"asterisk\">*<\/span> indikerer obligatorisk<\/div>\n            <div class=\"mc-field-group\"><label for=\"mce-EMAIL\">E-postadresse <span class=\"asterisk\">*<\/span><\/label><\/div><div class=\"mc-field-group\"><label for=\"mce-FNAME\">Fornavn <\/label><\/div><div class=\"mc-field-group\"><label for=\"mce-LNAME\">Etternavn <\/label><\/div><div class=\"mc-field-group\"><label for=\"mce-COMPANY\">Firma <span class=\"asterisk\">*<\/span><\/label><\/div><div class=\"mc-field-group\"><label for=\"mce-PHONE\">Telefonnummer <\/label><\/div><div class=\"mc-field-group\"><label for=\"mce-MMERGE8\">Rolle <span class=\"asterisk\">*<\/span><\/label><\/div>\n<div hidden=\"\"><\/div>\n        <div id=\"mce-responses\" class=\"clear\">\n            <div class=\"response\" id=\"mce-error-response\"><\/div>\n            <div class=\"response\" id=\"mce-success-response\"><\/div>\n        <\/div><div aria-hidden=\"true\" style=\"position: absolute;left: -5000px\"><\/div><div class=\"clear\"><\/div>\n    <\/div>\n\n<\/div>\n(function($) {window.fnames = new Array(); window.ftypes = new Array();fnames[0]=&#8217;EMAIL&#8217;;ftypes[0]=&#8217;email&#8217;;fnames[1]=&#8217;FNAME&#8217;;ftypes[1]=&#8217;text&#8217;;fnames[2]=&#8217;LNAME&#8217;;ftypes[2]=&#8217;text&#8217;;fnames[7]=&#8217;COMPANY&#8217;;ftypes[7]=&#8217;text&#8217;;fnames[4]=&#8217;PHONE&#8217;;ftypes[4]=&#8217;phone&#8217;;fnames[8]=&#8217;MMERGE8&#8242;;ftypes[8]=&#8217;text&#8217;;fnames[3]=&#8217;ADDRESS&#8217;;ftypes[3]=&#8217;address&#8217;;fnames[5]=&#8217;BIRTHDAY&#8217;;ftypes[5]=&#8217;birthday&#8217;;fnames[6]=&#8217;ORIGIN&#8217;;ftypes[6]=&#8217;text&#8217;;}(jQuery));var $mcj = jQuery.noConflict(true);<\/div>\n\n<\/div>\n<\/div>\n\n\n\n<p><\/p>\n","protected":false},"excerpt":{"rendered":"<p>Vil du ligge i forkant innen prosjektledelse i byggebransjen? Abonner for \u00e5 bli varslet n\u00e5r neste kapittel av v\u00e5r gratis guide blir utgitt\u2014fullpakket med ekspertinnsikt for \u00e5 hjelpe deg med \u00e5 effektivisere prosjekter, forbedre kostnadskontroll og \u00f8ke effektiviteten. Sjekk hele utgivelsesplanen her #mc_embed_signup{background:#fff; false;clear:left; font:14px Helvetica,Arial,sans-serif; width: 600px;} \/* Add your own Mailchimp form style&#8230;  <a class=\"excerpt-read-more\" href=\"https:\/\/planyard.com\/no\/fa-neste-kapittel-av-den-ultimate-guiden-til-prosjektledelse-i-byggebransjen\" title=\"Les  F\u00e5 neste kapittel av den ultimate guiden til prosjektledelse i byggebransjen\">Les mer &laquo;<\/a><\/p>\n","protected":false},"author":4,"featured_media":0,"parent":0,"menu_order":0,"comment_status":"closed","ping_status":"closed","template":"","meta":{"_acf_changed":false,"content-type":"","footnotes":""},"page_intent":[167],"page_type":[],"class_list":["post-13144","page","type-page","status-publish","hentry"],"acf":[],"yoast_head":"<!-- This site is optimized with the Yoast SEO plugin v27.1.1 - https:\/\/yoast.com\/product\/yoast-seo-wordpress\/ -->\n<title>F\u00e5 neste kapittel av den ultimate guiden til prosjektledelse i bygg og anlegg<\/title>\n<meta name=\"description\" content=\"Vil du ligge i forkant innen prosjektledelse i bygg og anlegg? Abonner for \u00e5 f\u00e5 beskjed n\u00e5r neste kapittel av v\u00e5r gratis guide blir utgitt.\" \/>\n<meta name=\"robots\" content=\"index, follow, max-snippet:-1, max-image-preview:large, max-video-preview:-1\" \/>\n<link rel=\"canonical\" href=\"https:\/\/planyard.com\/no\/fa-neste-kapittel-av-den-ultimate-guiden-til-prosjektledelse-i-byggebransjen\" \/>\n<meta property=\"og:locale\" content=\"nb_NO\" \/>\n<meta property=\"og:type\" content=\"article\" \/>\n<meta property=\"og:title\" content=\"F\u00e5 neste kapittel av den ultimate guiden til prosjektledelse i bygg og anlegg\" \/>\n<meta property=\"og:description\" content=\"Vil du ligge i forkant innen prosjektledelse i bygg og anlegg? Abonner for \u00e5 f\u00e5 beskjed n\u00e5r neste kapittel av v\u00e5r gratis guide blir utgitt.\" \/>\n<meta property=\"og:url\" content=\"https:\/\/planyard.com\/no\/fa-neste-kapittel-av-den-ultimate-guiden-til-prosjektledelse-i-byggebransjen\" \/>\n<meta property=\"og:site_name\" content=\"Planyard Norge\" \/>\n<meta property=\"article:modified_time\" content=\"2025-05-19T18:48:09+00:00\" \/>\n<meta name=\"twitter:card\" content=\"summary_large_image\" \/>\n<meta name=\"twitter:label1\" content=\"Ansl. lesetid\" \/>\n\t<meta name=\"twitter:data1\" content=\"1 minutt\" \/>\n<!-- \/ Yoast SEO plugin. -->","yoast_head_json":{"title":"F\u00e5 neste kapittel av den ultimate guiden til prosjektledelse i bygg og anlegg","description":"Vil du ligge i forkant innen prosjektledelse i bygg og anlegg? Abonner for \u00e5 f\u00e5 beskjed n\u00e5r neste kapittel av v\u00e5r gratis guide blir utgitt.","robots":{"index":"index","follow":"follow","max-snippet":"max-snippet:-1","max-image-preview":"max-image-preview:large","max-video-preview":"max-video-preview:-1"},"canonical":"https:\/\/planyard.com\/no\/fa-neste-kapittel-av-den-ultimate-guiden-til-prosjektledelse-i-byggebransjen","og_locale":"nb_NO","og_type":"article","og_title":"F\u00e5 neste kapittel av den ultimate guiden til prosjektledelse i bygg og anlegg","og_description":"Vil du ligge i forkant innen prosjektledelse i bygg og anlegg? Abonner for \u00e5 f\u00e5 beskjed n\u00e5r neste kapittel av v\u00e5r gratis guide blir utgitt.","og_url":"https:\/\/planyard.com\/no\/fa-neste-kapittel-av-den-ultimate-guiden-til-prosjektledelse-i-byggebransjen","og_site_name":"Planyard Norge","article_modified_time":"2025-05-19T18:48:09+00:00","twitter_card":"summary_large_image","twitter_misc":{"Ansl. lesetid":"1 minutt"},"schema":{"@context":"https:\/\/schema.org","@graph":[{"@type":"WebPage","@id":"https:\/\/planyard.com\/no\/fa-neste-kapittel-av-den-ultimate-guiden-til-prosjektledelse-i-byggebransjen","url":"https:\/\/planyard.com\/no\/fa-neste-kapittel-av-den-ultimate-guiden-til-prosjektledelse-i-byggebransjen","name":"F\u00e5 neste kapittel av den ultimate guiden til prosjektledelse i bygg og anlegg","isPartOf":{"@id":"https:\/\/planyard.com\/no#website"},"datePublished":"2025-01-30T10:30:14+00:00","dateModified":"2025-05-19T18:48:09+00:00","description":"Vil du ligge i forkant innen prosjektledelse i bygg og anlegg? Abonner for \u00e5 f\u00e5 beskjed n\u00e5r neste kapittel av v\u00e5r gratis guide blir utgitt.","breadcrumb":{"@id":"https:\/\/planyard.com\/no\/fa-neste-kapittel-av-den-ultimate-guiden-til-prosjektledelse-i-byggebransjen#breadcrumb"},"inLanguage":"nb-NO","potentialAction":[{"@type":"ReadAction","target":["https:\/\/planyard.com\/no\/fa-neste-kapittel-av-den-ultimate-guiden-til-prosjektledelse-i-byggebransjen"]}]},{"@type":"BreadcrumbList","@id":"https:\/\/planyard.com\/no\/fa-neste-kapittel-av-den-ultimate-guiden-til-prosjektledelse-i-byggebransjen#breadcrumb","itemListElement":[{"@type":"ListItem","position":1,"name":"Home","item":"https:\/\/planyard.com\/no"},{"@type":"ListItem","position":2,"name":"F\u00e5 neste kapittel av den ultimate guiden til prosjektledelse i bygg og anlegg"}]},{"@type":"WebSite","@id":"https:\/\/planyard.com\/no#website","url":"https:\/\/planyard.com\/no","name":"Planyard Norge","description":"","potentialAction":[{"@type":"SearchAction","target":{"@type":"EntryPoint","urlTemplate":"https:\/\/planyard.com\/no?s={search_term_string}"},"query-input":{"@type":"PropertyValueSpecification","valueRequired":true,"valueName":"search_term_string"}}],"inLanguage":"nb-NO"}]}},"_links":{"self":[{"href":"https:\/\/planyard.com\/no\/wp-json\/wp\/v2\/pages\/13144","targetHints":{"allow":["GET"]}}],"collection":[{"href":"https:\/\/planyard.com\/no\/wp-json\/wp\/v2\/pages"}],"about":[{"href":"https:\/\/planyard.com\/no\/wp-json\/wp\/v2\/types\/page"}],"author":[{"embeddable":true,"href":"https:\/\/planyard.com\/no\/wp-json\/wp\/v2\/users\/4"}],"replies":[{"embeddable":true,"href":"https:\/\/planyard.com\/no\/wp-json\/wp\/v2\/comments?post=13144"}],"version-history":[{"count":3,"href":"https:\/\/planyard.com\/no\/wp-json\/wp\/v2\/pages\/13144\/revisions"}],"predecessor-version":[{"id":16313,"href":"https:\/\/planyard.com\/no\/wp-json\/wp\/v2\/pages\/13144\/revisions\/16313"}],"wp:attachment":[{"href":"https:\/\/planyard.com\/no\/wp-json\/wp\/v2\/media?parent=13144"}],"wp:term":[{"taxonomy":"page_intent","embeddable":true,"href":"https:\/\/planyard.com\/no\/wp-json\/wp\/v2\/page_intent?post=13144"},{"taxonomy":"page_type","embeddable":true,"href":"https:\/\/planyard.com\/no\/wp-json\/wp\/v2\/page_type?post=13144"}],"curies":[{"name":"wp","href":"https:\/\/api.w.org\/{rel}","templated":true}]}}