{"id":13142,"date":"2025-02-12T12:12:00","date_gmt":"2025-02-12T12:12:00","guid":{"rendered":"https:\/\/planyard.com\/free-construction-schedule-template-for-excel-download-now"},"modified":"2025-06-04T06:38:46","modified_gmt":"2025-06-04T06:38:46","slug":"gratis-mal-for-byggeschedule-i-excel-last-ned-na","status":"publish","type":"page","link":"https:\/\/planyard.com\/no\/gratis-mal-for-byggeschedule-i-excel-last-ned-na","title":{"rendered":"Gratis mal for byggeschedule i Excel \u2013 Last ned n\u00e5"},"content":{"rendered":"\n<div class=\"wp-block-media-text is-stacked-on-mobile\" style=\"grid-template-columns:55% auto\"><figure class=\"wp-block-media-text__media\"><img loading=\"lazy\" decoding=\"async\" width=\"1318\" height=\"661\" src=\"https:\/\/planyard.com\/wp-content\/uploads\/2025\/01\/image-11.png\" alt=\"\" class=\"wp-image-8740 size-full\"\/><\/figure><div class=\"wp-block-media-text__content\">\n<p>\u00c5 administrere et byggeprosjekt uten en klar tidsplan kan f\u00f8re til <strong>forsinkelser, kostnadsoverskridelser og misforst\u00e5elser<\/strong>. Enten du er en <strong>entrepren\u00f8r, prosjektleder eller \u00f8konomiansvarlig i byggebransjen<\/strong>, er det avgj\u00f8rende \u00e5 ha en strukturert tidslinje for \u00e5 <strong>holde prosjektet ditt p\u00e5 rett spor<\/strong>.<\/p>\n\n\n\n<p>Denne <strong>gratis malen for byggeschedule i Excel<\/strong> gir en <strong>enkel, tilpassbar l\u00f8sning<\/strong> for \u00e5 hjelpe deg med \u00e5 planlegge og overv\u00e5ke alle faser av prosjektet ditt.<\/p>\n<\/div><\/div>\n\n\n\n<p>For \u00e5 l\u00e6re mer om hvorfor tidsplaner mislykkes og hvordan du lager de som ikke gj\u00f8r det.&nbsp;<a href=\"https:\/\/planyard.com\/no\/masterplanlegging-i-bygg-og-anlegg\">Les mer her<\/a><\/p>\n\n\n\n<h2 class=\"wp-block-heading\"><strong>Last ned din gratis mal for byggeschedule<\/strong><\/h2>\n\n\n\n<p>F\u00e5 <strong>umiddelbar tilgang<\/strong> til en profesjonell mal for byggeschedule designet for <strong>entrepren\u00f8rer, prosjektledere og byggmestere<\/strong>.<\/p>\n\n\n\n<div class=\"wp-block-buttons is-layout-flex wp-block-buttons-is-layout-flex\">\n<div class=\"wp-block-button\"><a class=\"wp-block-button__link has-white-color has-text-color has-background has-link-color wp-element-button\" href=\"https:\/\/planyard.com\/no\/fa-din-gratis-mal-for-byggplanlegging-i-excel\" style=\"background-color:#2756ff\">Last ned gratis mal<\/a><\/div>\n<\/div>\n\n\n\n<h2 class=\"wp-block-heading\">Hvorfor bruke en mal for byggeschedule?<\/h2>\n\n\n\n<p>En <strong>byggeschedule<\/strong> er en visuell tidslinje som skisserer <strong>oppgaver, varigheter, avhengigheter og frister<\/strong> for et prosjekt. Den hjelper byggeteam med \u00e5:<\/p>\n\n\n\n<ul class=\"wp-block-list\">\n<li><strong>Unng\u00e5 forsinkelser<\/strong> \u2013 Identifiser potensielle flaskehalser f\u00f8r de oppst\u00e5r.<\/li>\n\n\n\n<li><strong>Forbedre kommunikasjonen<\/strong> \u2013 Hold interessenter informert om fremdriften.<\/li>\n\n\n\n<li><strong>Holde seg innenfor budsjettet<\/strong> \u2013 Juster tidslinjer med kostnadsstyringsverkt\u00f8y som <strong>Planyard<\/strong>.<\/li>\n\n\n\n<li><strong>\u00d8ke effektiviteten<\/strong> \u2013 Tildel ansvar og str\u00f8mlinjeforme arbeidsflyten.<\/li>\n<\/ul>\n\n\n\n<p>\u00c5 bruke en <strong>forh\u00e5ndsbygd Excel-mal<\/strong> sparer tid og sikrer n\u00f8yaktighet sammenlignet med manuell planlegging.<\/p>\n\n\n\n<h3 class=\"wp-block-heading\">Hvordan bruke denne malen for byggeschedule<\/h3>\n\n\n\n<h3 class=\"wp-block-heading\">1. Definer prosjektets omfang<\/h3>\n\n\n\n<p>List opp de <strong>viktige fasene<\/strong> av prosjektet ditt, som:<\/p>\n\n\n\n<ul class=\"wp-block-list\">\n<li><strong>Forberedelse av byggeplass<\/strong><\/li>\n\n\n\n<li><strong>Grunnarbeid<\/strong><\/li>\n\n\n\n<li><strong>Rammeverk og strukturelt arbeid<\/strong><\/li>\n\n\n\n<li><strong>Installasjoner av VVS (ventilasjon, vann og sanit\u00e6r)<\/strong><\/li>\n\n\n\n<li><strong>Innvendig og utvendig finish<\/strong><\/li>\n\n\n\n<li><strong>Endelig inspeksjon og overlevering<\/strong><\/li>\n<\/ul>\n\n\n\n<h3 class=\"wp-block-heading\">2. Sett oppgavevarigheter og avhengigheter<\/h3>\n\n\n\n<p>Tildel en <strong>start- og sluttdato<\/strong> for hver oppgave. Hvis en oppgave avhenger av en annen, koble dem ved hjelp av Excels <strong>Gantt-diagramfunksjoner<\/strong>.<\/p>\n\n\n\n<h3 class=\"wp-block-heading\">3. Tildel ansvar<\/h3>\n\n\n\n<p>Spesifiser hvem som er <strong>ansvarlig<\/strong> for hver fase. Dette hjelper <strong>underentrepren\u00f8rer, byggeledere og prosjektledere<\/strong> med \u00e5 holde seg p\u00e5 linje.<\/p>\n\n\n\n<h3 class=\"wp-block-heading\">4. Spor fremdrift og gj\u00f8r justeringer<\/h3>\n\n\n\n<p>Oppdater tidsplanen etter hvert som oppgaver fullf\u00f8res. Juster frister hvis forsinkelser oppst\u00e5r for \u00e5 <strong>holde prosjektet p\u00e5 tidsplan<\/strong>.<\/p>\n\n\n\n<h3 class=\"wp-block-heading\">5. Integrer med kostnadsstyringsprogramvare<\/h3>\n\n\n\n<p>En tidsplan alene forhindrer ikke budsjettoverskridelser. Bruk <strong>Planyard<\/strong> for \u00e5 <strong>spore kostnader, overv\u00e5ke \u00f8konomisk ytelse og administrere fakturaer<\/strong> sammen med prosjektets tidslinje.<\/p>\n\n\n\n<h2 class=\"wp-block-heading\">Funksjoner i den gratis malen for byggeschedule<\/h2>\n\n\n\n<ul class=\"wp-block-list\">\n<li><strong>Forh\u00e5ndsformatert i Excel<\/strong> \u2013 Ingen kompleks programvare kreves.<\/li>\n\n\n\n<li><strong>Sporing av oppgaver og milep\u00e6ler<\/strong> \u2013 Visualiser viktige leveranser.<\/li>\n\n\n\n<li><strong>Gantt-diagramvisning<\/strong> \u2013 Juster prosjektets tidslinjer enkelt.<\/li>\n\n\n\n<li><strong>Tilpassbare felt<\/strong> \u2013 Tilpass til dine spesifikke prosjektbehov.<\/li>\n\n\n\n<li><strong>Enkel eksport og deling<\/strong> \u2013 Send oppdateringer til interessenter.<\/li>\n<\/ul>\n\n\n\n<h2 class=\"wp-block-heading\">Optimaliser prosjektet ditt med smarte budsjettverkt\u00f8y<\/h2>\n\n\n\n<p>En <strong>godt strukturert tidsplan<\/strong> er kun effektiv hvis den er i samsvar med <strong>prosjektbudsjettet ditt<\/strong>. Planyards <strong><a href=\"https:\/\/planyard.com\/no\/programvare-budsjettering-byggeprosjekter\">programvare for byggeprosjektbudsjett<\/a><\/strong> integreres med tidsplanen din, slik at du <strong>holder deg innenfor budsjettet<\/strong> mens du sporer hver kostnad i sanntid.<\/p>\n\n\n\n<ul class=\"wp-block-list\">\n<li><strong>Automatisert kostnadssporing<\/strong> koblet til prosjektfaser<\/li>\n\n\n\n<li><strong>Ingen flere regnearkfeil<\/strong> med sentraliserte data<\/li>\n\n\n\n<li><strong>Sanntids \u00f8konomisk innsikt<\/strong> for bedre beslutningstaking<\/li>\n<\/ul>\n\n\n\n<h2 class=\"wp-block-heading\">Hvem kan dra nytte av denne malen?<\/h2>\n\n\n\n<ul class=\"wp-block-list\">\n<li><strong>Hovedentrepren\u00f8rer<\/strong> \u2013 Administrer prosjektets tidslinjer effektivt.<\/li>\n\n\n\n<li><strong>Prosjektledere<\/strong> \u2013 Planlegg og spor milep\u00e6ler med letthet.<\/li>\n\n\n\n<li><strong>\u00d8konomiansvarlige og finansielle ledere i byggebransjen<\/strong> \u2013 Juster tidsplanlegging med \u00f8konomisk planlegging.<\/li>\n\n\n\n<li><strong>Underentrepren\u00f8rer og byggeledere<\/strong> \u2013 Hold oversikt over frister og oppgaver.<\/li>\n<\/ul>\n\n\n\n<h2 class=\"wp-block-heading\">Last ned din gratis mal for byggeschedule<\/h2>\n\n\n\n<p>Ikke la d\u00e5rlig planlegging forsinke prosjektet ditt. Last ned denne <strong><a href=\"https:\/\/planyard.com\/no\/fa-din-gratis-mal-for-byggplanlegging-i-excel\">gratis malen for byggeschedule i Excel<\/a><\/strong> i dag og begynn \u00e5 administrere prosjektene dine <strong>mer effektivt<\/strong>.<\/p>\n\n\n\n<p>Ved \u00e5 bruke Planyard sikrer du at hver krone er regnskapsf\u00f8rt, kostnader spores i sanntid, og l\u00f8nnsomheten maksimeres.<\/p>\n","protected":false},"excerpt":{"rendered":"<p>\u00c5 administrere et byggeprosjekt uten en klar tidsplan kan f\u00f8re til forsinkelser, kostnadsoverskridelser og misforst\u00e5elser. Enten du er en entrepren\u00f8r, prosjektleder eller \u00f8konomiansvarlig i byggebransjen, er det avgj\u00f8rende \u00e5 ha en strukturert tidslinje for \u00e5 holde prosjektet ditt p\u00e5 rett spor. Denne gratis malen for byggeschedule i Excel gir en enkel, tilpassbar l\u00f8sning for \u00e5&#8230;  <a class=\"excerpt-read-more\" href=\"https:\/\/planyard.com\/no\/gratis-mal-for-byggeschedule-i-excel-last-ned-na\" title=\"Les  Gratis mal for byggeschedule i Excel \u2013 Last ned n\u00e5\">Les mer &laquo;<\/a><\/p>\n","protected":false},"author":4,"featured_media":0,"parent":0,"menu_order":0,"comment_status":"closed","ping_status":"closed","template":"","meta":{"_acf_changed":false,"content-type":"","footnotes":""},"page_intent":[167],"page_type":[],"class_list":["post-13142","page","type-page","status-publish","hentry"],"acf":[],"yoast_head":"<!-- This site is optimized with the Yoast SEO plugin v26.9 - https:\/\/yoast.com\/product\/yoast-seo-wordpress\/ -->\n<title>Gratis mal for byggeprosjektbudsjett - Planyard Norge<\/title>\n<meta name=\"description\" content=\"Denne malen for byggeprosjektbudsjett hjelper deg med \u00e5 holde oversikt over kostnadene dine med letthet. Den ble laget for prosjektledere av prosjektledere.\" \/>\n<meta name=\"robots\" content=\"index, follow, max-snippet:-1, max-image-preview:large, max-video-preview:-1\" \/>\n<link rel=\"canonical\" href=\"https:\/\/planyard.com\/no\/gratis-mal-for-byggeschedule-i-excel-last-ned-na\" \/>\n<meta property=\"og:locale\" content=\"nb_NO\" \/>\n<meta property=\"og:type\" content=\"article\" \/>\n<meta property=\"og:title\" content=\"Gratis mal for byggeprosjektbudsjett - Planyard Norge\" \/>\n<meta property=\"og:description\" content=\"Denne malen for byggeprosjektbudsjett hjelper deg med \u00e5 holde oversikt over kostnadene dine med letthet. Den ble laget for prosjektledere av prosjektledere.\" \/>\n<meta property=\"og:url\" content=\"https:\/\/planyard.com\/no\/gratis-mal-for-byggeschedule-i-excel-last-ned-na\" \/>\n<meta property=\"og:site_name\" content=\"Planyard Norge\" \/>\n<meta property=\"article:modified_time\" content=\"2025-06-04T06:38:46+00:00\" \/>\n<meta property=\"og:image\" content=\"https:\/\/planyard.com\/wp-content\/uploads\/2025\/01\/image-11.png\" \/>\n\t<meta property=\"og:image:width\" content=\"1318\" \/>\n\t<meta property=\"og:image:height\" content=\"661\" \/>\n\t<meta property=\"og:image:type\" content=\"image\/png\" \/>\n<meta name=\"twitter:card\" content=\"summary_large_image\" \/>\n<meta name=\"twitter:label1\" content=\"Ansl. lesetid\" \/>\n\t<meta name=\"twitter:data1\" content=\"3 minutter\" \/>\n<!-- \/ Yoast SEO plugin. -->","yoast_head_json":{"title":"Gratis mal for byggeprosjektbudsjett - Planyard Norge","description":"Denne malen for byggeprosjektbudsjett hjelper deg med \u00e5 holde oversikt over kostnadene dine med letthet. Den ble laget for prosjektledere av prosjektledere.","robots":{"index":"index","follow":"follow","max-snippet":"max-snippet:-1","max-image-preview":"max-image-preview:large","max-video-preview":"max-video-preview:-1"},"canonical":"https:\/\/planyard.com\/no\/gratis-mal-for-byggeschedule-i-excel-last-ned-na","og_locale":"nb_NO","og_type":"article","og_title":"Gratis mal for byggeprosjektbudsjett - Planyard Norge","og_description":"Denne malen for byggeprosjektbudsjett hjelper deg med \u00e5 holde oversikt over kostnadene dine med letthet. Den ble laget for prosjektledere av prosjektledere.","og_url":"https:\/\/planyard.com\/no\/gratis-mal-for-byggeschedule-i-excel-last-ned-na","og_site_name":"Planyard Norge","article_modified_time":"2025-06-04T06:38:46+00:00","og_image":[{"width":1318,"height":661,"url":"https:\/\/planyard.com\/wp-content\/uploads\/2025\/01\/image-11.png","type":"image\/png"}],"twitter_card":"summary_large_image","twitter_misc":{"Ansl. lesetid":"3 minutter"},"schema":{"@context":"https:\/\/schema.org","@graph":[{"@type":"WebPage","@id":"https:\/\/planyard.com\/no\/gratis-mal-for-byggeschedule-i-excel-last-ned-na","url":"https:\/\/planyard.com\/no\/gratis-mal-for-byggeschedule-i-excel-last-ned-na","name":"Gratis mal for byggeprosjektbudsjett - Planyard Norge","isPartOf":{"@id":"https:\/\/planyard.com\/no#website"},"primaryImageOfPage":{"@id":"https:\/\/planyard.com\/no\/gratis-mal-for-byggeschedule-i-excel-last-ned-na#primaryimage"},"image":{"@id":"https:\/\/planyard.com\/no\/gratis-mal-for-byggeschedule-i-excel-last-ned-na#primaryimage"},"thumbnailUrl":"https:\/\/planyard.com\/wp-content\/uploads\/2025\/01\/image-11.png","datePublished":"2025-02-12T12:12:00+00:00","dateModified":"2025-06-04T06:38:46+00:00","description":"Denne malen for byggeprosjektbudsjett hjelper deg med \u00e5 holde oversikt over kostnadene dine med letthet. Den ble laget for prosjektledere av prosjektledere.","breadcrumb":{"@id":"https:\/\/planyard.com\/no\/gratis-mal-for-byggeschedule-i-excel-last-ned-na#breadcrumb"},"inLanguage":"nb-NO","potentialAction":[{"@type":"ReadAction","target":["https:\/\/planyard.com\/no\/gratis-mal-for-byggeschedule-i-excel-last-ned-na"]}]},{"@type":"ImageObject","inLanguage":"nb-NO","@id":"https:\/\/planyard.com\/no\/gratis-mal-for-byggeschedule-i-excel-last-ned-na#primaryimage","url":"https:\/\/planyard.com\/wp-content\/uploads\/2025\/01\/image-11.png","contentUrl":"https:\/\/planyard.com\/wp-content\/uploads\/2025\/01\/image-11.png"},{"@type":"BreadcrumbList","@id":"https:\/\/planyard.com\/no\/gratis-mal-for-byggeschedule-i-excel-last-ned-na#breadcrumb","itemListElement":[{"@type":"ListItem","position":1,"name":"Home","item":"https:\/\/planyard.com\/no"},{"@type":"ListItem","position":2,"name":"Gratis mal for byggeschedule i Excel \u2013 Last ned n\u00e5"}]},{"@type":"WebSite","@id":"https:\/\/planyard.com\/no#website","url":"https:\/\/planyard.com\/no","name":"Planyard Norge","description":"","potentialAction":[{"@type":"SearchAction","target":{"@type":"EntryPoint","urlTemplate":"https:\/\/planyard.com\/no?s={search_term_string}"},"query-input":{"@type":"PropertyValueSpecification","valueRequired":true,"valueName":"search_term_string"}}],"inLanguage":"nb-NO"}]}},"_links":{"self":[{"href":"https:\/\/planyard.com\/no\/wp-json\/wp\/v2\/pages\/13142","targetHints":{"allow":["GET"]}}],"collection":[{"href":"https:\/\/planyard.com\/no\/wp-json\/wp\/v2\/pages"}],"about":[{"href":"https:\/\/planyard.com\/no\/wp-json\/wp\/v2\/types\/page"}],"author":[{"embeddable":true,"href":"https:\/\/planyard.com\/no\/wp-json\/wp\/v2\/users\/4"}],"replies":[{"embeddable":true,"href":"https:\/\/planyard.com\/no\/wp-json\/wp\/v2\/comments?post=13142"}],"version-history":[{"count":7,"href":"https:\/\/planyard.com\/no\/wp-json\/wp\/v2\/pages\/13142\/revisions"}],"predecessor-version":[{"id":17073,"href":"https:\/\/planyard.com\/no\/wp-json\/wp\/v2\/pages\/13142\/revisions\/17073"}],"wp:attachment":[{"href":"https:\/\/planyard.com\/no\/wp-json\/wp\/v2\/media?parent=13142"}],"wp:term":[{"taxonomy":"page_intent","embeddable":true,"href":"https:\/\/planyard.com\/no\/wp-json\/wp\/v2\/page_intent?post=13142"},{"taxonomy":"page_type","embeddable":true,"href":"https:\/\/planyard.com\/no\/wp-json\/wp\/v2\/page_type?post=13142"}],"curies":[{"name":"wp","href":"https:\/\/api.w.org\/{rel}","templated":true}]}}