{"id":13140,"date":"2024-09-25T08:20:28","date_gmt":"2024-09-25T08:20:28","guid":{"rendered":"https:\/\/planyard.com\/real-time-financial-control-for-construction-leaders"},"modified":"2025-05-19T08:40:06","modified_gmt":"2025-05-19T08:40:06","slug":"sanntids-okonomisk-kontroll-for-byggledere","status":"publish","type":"page","link":"https:\/\/planyard.com\/no\/sanntids-okonomisk-kontroll-for-byggledere","title":{"rendered":"\u00d8konomisk kontroll for ledelse og eiere"},"content":{"rendered":"","protected":false},"excerpt":{"rendered":"","protected":false},"author":5,"featured_media":0,"parent":0,"menu_order":0,"comment_status":"closed","ping_status":"closed","template":"","meta":{"_acf_changed":false,"content-type":"","footnotes":""},"page_intent":[197],"page_type":[],"class_list":["post-13140","page","type-page","status-publish","hentry"],"acf":[],"yoast_head":"<!-- This site is optimized with the Yoast SEO plugin v26.9 - https:\/\/yoast.com\/product\/yoast-seo-wordpress\/ -->\n<title>\u00d8konomisk kontroll for byggeiere \u2013 Pr\u00f8v gratis<\/title>\n<meta name=\"description\" content=\"Enkel \u00f8konomisk kontroll for ledelse og bedriftsledere med sanntidstransparens og str\u00f8mlinjeformet kostnadssporing ved bruk av Planyard. Pr\u00f8v gratis.\" \/>\n<meta name=\"robots\" content=\"index, follow, max-snippet:-1, max-image-preview:large, max-video-preview:-1\" \/>\n<link rel=\"canonical\" href=\"https:\/\/planyard.com\/no\/sanntids-okonomisk-kontroll-for-byggledere\" \/>\n<meta property=\"og:locale\" content=\"nb_NO\" \/>\n<meta property=\"og:type\" content=\"article\" \/>\n<meta property=\"og:title\" content=\"\u00d8konomisk kontroll for byggeiere \u2013 Pr\u00f8v gratis\" \/>\n<meta property=\"og:description\" content=\"Enkel \u00f8konomisk kontroll for ledelse og bedriftsledere med sanntidstransparens og str\u00f8mlinjeformet kostnadssporing ved bruk av Planyard. Pr\u00f8v gratis.\" \/>\n<meta property=\"og:url\" content=\"https:\/\/planyard.com\/no\/sanntids-okonomisk-kontroll-for-byggledere\" \/>\n<meta property=\"og:site_name\" content=\"Planyard Norge\" \/>\n<meta property=\"article:modified_time\" content=\"2025-05-19T08:40:06+00:00\" \/>\n<meta name=\"twitter:card\" content=\"summary_large_image\" \/>\n<!-- \/ Yoast SEO plugin. -->","yoast_head_json":{"title":"\u00d8konomisk kontroll for byggeiere \u2013 Pr\u00f8v gratis","description":"Enkel \u00f8konomisk kontroll for ledelse og bedriftsledere med sanntidstransparens og str\u00f8mlinjeformet kostnadssporing ved bruk av Planyard. Pr\u00f8v gratis.","robots":{"index":"index","follow":"follow","max-snippet":"max-snippet:-1","max-image-preview":"max-image-preview:large","max-video-preview":"max-video-preview:-1"},"canonical":"https:\/\/planyard.com\/no\/sanntids-okonomisk-kontroll-for-byggledere","og_locale":"nb_NO","og_type":"article","og_title":"\u00d8konomisk kontroll for byggeiere \u2013 Pr\u00f8v gratis","og_description":"Enkel \u00f8konomisk kontroll for ledelse og bedriftsledere med sanntidstransparens og str\u00f8mlinjeformet kostnadssporing ved bruk av Planyard. Pr\u00f8v gratis.","og_url":"https:\/\/planyard.com\/no\/sanntids-okonomisk-kontroll-for-byggledere","og_site_name":"Planyard Norge","article_modified_time":"2025-05-19T08:40:06+00:00","twitter_card":"summary_large_image","schema":{"@context":"https:\/\/schema.org","@graph":[{"@type":"WebPage","@id":"https:\/\/planyard.com\/no\/sanntids-okonomisk-kontroll-for-byggledere","url":"https:\/\/planyard.com\/no\/sanntids-okonomisk-kontroll-for-byggledere","name":"\u00d8konomisk kontroll for byggeiere \u2013 Pr\u00f8v gratis","isPartOf":{"@id":"https:\/\/planyard.com\/no#website"},"datePublished":"2024-09-25T08:20:28+00:00","dateModified":"2025-05-19T08:40:06+00:00","description":"Enkel \u00f8konomisk kontroll for ledelse og bedriftsledere med sanntidstransparens og str\u00f8mlinjeformet kostnadssporing ved bruk av Planyard. Pr\u00f8v gratis.","breadcrumb":{"@id":"https:\/\/planyard.com\/no\/sanntids-okonomisk-kontroll-for-byggledere#breadcrumb"},"inLanguage":"nb-NO","potentialAction":[{"@type":"ReadAction","target":["https:\/\/planyard.com\/no\/sanntids-okonomisk-kontroll-for-byggledere"]}]},{"@type":"BreadcrumbList","@id":"https:\/\/planyard.com\/no\/sanntids-okonomisk-kontroll-for-byggledere#breadcrumb","itemListElement":[{"@type":"ListItem","position":1,"name":"Home","item":"https:\/\/planyard.com\/no"},{"@type":"ListItem","position":2,"name":"\u00d8konomisk kontroll for ledelse og eiere"}]},{"@type":"WebSite","@id":"https:\/\/planyard.com\/no#website","url":"https:\/\/planyard.com\/no","name":"Planyard Norge","description":"","potentialAction":[{"@type":"SearchAction","target":{"@type":"EntryPoint","urlTemplate":"https:\/\/planyard.com\/no?s={search_term_string}"},"query-input":{"@type":"PropertyValueSpecification","valueRequired":true,"valueName":"search_term_string"}}],"inLanguage":"nb-NO"}]}},"_links":{"self":[{"href":"https:\/\/planyard.com\/no\/wp-json\/wp\/v2\/pages\/13140","targetHints":{"allow":["GET"]}}],"collection":[{"href":"https:\/\/planyard.com\/no\/wp-json\/wp\/v2\/pages"}],"about":[{"href":"https:\/\/planyard.com\/no\/wp-json\/wp\/v2\/types\/page"}],"author":[{"embeddable":true,"href":"https:\/\/planyard.com\/no\/wp-json\/wp\/v2\/users\/5"}],"replies":[{"embeddable":true,"href":"https:\/\/planyard.com\/no\/wp-json\/wp\/v2\/comments?post=13140"}],"version-history":[{"count":1,"href":"https:\/\/planyard.com\/no\/wp-json\/wp\/v2\/pages\/13140\/revisions"}],"predecessor-version":[{"id":13332,"href":"https:\/\/planyard.com\/no\/wp-json\/wp\/v2\/pages\/13140\/revisions\/13332"}],"wp:attachment":[{"href":"https:\/\/planyard.com\/no\/wp-json\/wp\/v2\/media?parent=13140"}],"wp:term":[{"taxonomy":"page_intent","embeddable":true,"href":"https:\/\/planyard.com\/no\/wp-json\/wp\/v2\/page_intent?post=13140"},{"taxonomy":"page_type","embeddable":true,"href":"https:\/\/planyard.com\/no\/wp-json\/wp\/v2\/page_type?post=13140"}],"curies":[{"name":"wp","href":"https:\/\/api.w.org\/{rel}","templated":true}]}}