{"id":13139,"date":"2025-04-04T10:49:04","date_gmt":"2025-04-04T10:49:04","guid":{"rendered":"https:\/\/planyard.com\/planyard-essential-functionality-setup"},"modified":"2025-05-19T18:47:10","modified_gmt":"2025-05-19T18:47:10","slug":"planyard-viktig-veiledning-oppsett-funksjonalitet","status":"publish","type":"page","link":"https:\/\/planyard.com\/no\/planyard-viktig-veiledning-oppsett-funksjonalitet","title":{"rendered":"Viktig veiledning for oppsett av funksjonalitet"},"content":{"rendered":"\n<p>Planyards essensielle funksjoner eliminerer regneark ved \u00e5 effektivisere kostnadsestimering, klienttilbud, fakturabehandling og sanntids budsjettsporing med automatiske budsjettoppdateringer og s\u00f8ml\u00f8s regnskapsintegrasjon.<\/p>\n\n\n\n<h2 class=\"wp-block-heading\">1. Kostnadsestimering og klienttilbud<\/h2>\n\n\n\n<ul class=\"wp-block-list\">\n<li>Her er en&nbsp;<a href=\"https:\/\/planyard.com\/no\/planyard-kostnadsberegning-og-tilbud-funksjonalitet-opplaeringsvideoer\" target=\"_blank\" rel=\"noreferrer noopener\">4-minutters veiledet video<\/a>&nbsp;for \u00e5 raskt komme i gang.<\/li>\n\n\n\n<li>G\u00e5 til\u00a0<a href=\"https:\/\/app.planyard.com\/company\/settings#\/company\/settings\" target=\"_blank\" rel=\"noreferrer noopener\">Firma \u2192 Innstillinger<\/a>\u00a0for \u00e5 legge inn firmadetaljene dine\u2014disse vil automatisk bli lagt til i dine PDF-tilbud.<\/li>\n\n\n\n<li>G\u00e5 gjennom og oppdater din\u00a0tilbudsvilk\u00e5rsmal\u00a0under\u00a0<a href=\"https:\/\/app.planyard.com\/company\/settings#\/company\/settings?tab=features\" target=\"_blank\" rel=\"noreferrer noopener\">Firma \u2192 Firmaomfattende funksjoner \u2192 Klienttilbudsvilk\u00e5r.<\/a><\/li>\n\n\n\n<li>Tilpass din estimeringsprosess under\u00a0<a href=\"https:\/\/app.planyard.com\/company\/settings#\/company\/settings?tab=features\">Firma \u2192 Firmaomfattende funksjoner<\/a> \u2192 Budsjetteringsprosess og klienttilbudsvilk\u00e5r.<\/li>\n<\/ul>\n\n\n\n<p><\/p>\n\n\n\n<h2 class=\"wp-block-heading\">2. Prosjektbudsjettkontroll og fakturabehandling<\/h2>\n\n\n\n<ul class=\"wp-block-list\">\n<li><a href=\"https:\/\/youtu.be\/oWLReUavnDY\">Se denne 2-minutters introduksjonsvideoen<\/a>\u00a0for \u00e5 l\u00e6re hvordan du behandler underleverand\u00f8r- og leverand\u00f8rfakturaer med automatiske budsjettoppdateringer og s\u00f8ml\u00f8s regnskapsintegrasjon. <\/li>\n<\/ul>\n\n\n\n<ol class=\"wp-block-list\">\n<li>Start ditt neste prosjekt p\u00e5 Planyard: G\u00e5 til Planyard \u2192 Prosjekter \u2192 Opprett prosjekt, og f\u00f8lg de korte 1\u20132 minutters videoguidene for \u00e5 laste opp startbudsjettet ditt fra et regneark.<\/li>\n\n\n\n<li>Beste m\u00e5ter \u00e5 koble leverand\u00f8r- og underleverand\u00f8rfakturaer til prosjektene dine:<\/li>\n\n<ol class=\"wp-block-list\">\n<li><a href=\"https:\/\/www.youtube.com\/watch?v=2vl0Y8rcoHs&amp;ab_channel=Planyard\" target=\"_blank\" rel=\"noreferrer noopener\">Auto-importer fakturaer<\/a>\u00a0via din\u00a0leverand\u00f8rfaktura-e-post\u00a0(mest popul\u00e6r).<\/li>\n\n\n\n<li>Behandle fakturaer direkte fra\u00a0<a href=\"https:\/\/www.youtube.com\/watch?v=-eJj0xiNqUs&amp;ab_channel=Planyard\" target=\"_blank\" rel=\"noreferrer noopener\">Outlook<\/a>\u00a0eller\u00a0<a href=\"https:\/\/www.youtube.com\/watch?v=aYRBl17hUEU&amp;ab_channel=Planyard\" target=\"_blank\" rel=\"noreferrer noopener\">Gmail<\/a><strong>\u00a0<\/strong>mens du blar gjennom e-poster.<\/li>\n\n\n\n<li>Skann\u00a0papirkvitteringer via mobil\u2014n\u00e5r som helst, hvor som helst.\u00a0<a href=\"https:\/\/www.youtube.com\/watch?v=1QhcGHX49bE&amp;ab_channel=Planyard\" target=\"_blank\" rel=\"noreferrer noopener\">iPhone<\/a>\u00a0&amp;\u00a0<a href=\"https:\/\/www.youtube.com\/watch?v=2eLWF1dFt8Q&amp;ab_channel=Planyard\" target=\"_blank\" rel=\"noreferrer noopener\">Android<\/a><\/li>\n<\/ol>\n<\/li>\n\n\n\n<li>Automatiser fakturabehandling til regnskap:<\/li>\n\n<ol class=\"wp-block-list\">\n<li>Integrer med\u00a0<a href=\"https:\/\/central.planyard.com\/planyard-xero-integration\" target=\"_blank\" rel=\"noreferrer noopener\">Xero<\/a><strong>,\u00a0<\/strong><a href=\"https:\/\/central.planyard.com\/planyard-quickbooks-integration\" target=\"_blank\" rel=\"noreferrer noopener\">QuickBooks<\/a><strong>,\u00a0<\/strong><a href=\"https:\/\/central.planyard.com\/planyard-sage-accounting\" target=\"_blank\" rel=\"noreferrer noopener\">Sage<\/a>, eller\u00a0<a href=\"https:\/\/central.planyard.com\/planyard-myob-integration\" target=\"_blank\" rel=\"noreferrer noopener\">MYOB<\/a>\u00a0for \u00e5 eliminere manuell dataregistrering.<\/li>\n\n\n\n<li>Eller la&nbsp;<a href=\"https:\/\/central.planyard.com\/connect-accountants-email-for-notifications\" target=\"_blank\" rel=\"noreferrer noopener\">Planyard automatisk sende<\/a>&nbsp;prosjektleder- eller mengdeberegner-godkjente fakturaer direkte til din regnskapsf\u00f8rers e-post.(Passer mens du bare tester)<\/li>\n<\/ol>\n<\/li>\n<\/ol>\n","protected":false},"excerpt":{"rendered":"<p>Planyards essensielle funksjoner eliminerer regneark ved \u00e5 effektivisere kostnadsestimering, klienttilbud, fakturabehandling og sanntids budsjettsporing med automatiske budsjettoppdateringer og s\u00f8ml\u00f8s regnskapsintegrasjon. 1. Kostnadsestimering og klienttilbud 2. Prosjektbudsjettkontroll og fakturabehandling<\/p>\n","protected":false},"author":4,"featured_media":0,"parent":0,"menu_order":0,"comment_status":"closed","ping_status":"closed","template":"page-smallheader.php","meta":{"_acf_changed":false,"content-type":"","footnotes":""},"page_intent":[],"page_type":[],"class_list":["post-13139","page","type-page","status-publish","hentry"],"acf":[],"yoast_head":"<!-- This site is optimized with the Yoast SEO plugin v27.1.1 - https:\/\/yoast.com\/product\/yoast-seo-wordpress\/ -->\n<title>Planyard Essensiell Oppsett Guide \u2013 For Sm\u00e5 Byggevirksomhetseiere<\/title>\n<meta name=\"description\" content=\"Kom i gang med Planyard Essensiell p\u00e5 f\u00e5 minutter. Denne raske oppsettsguiden hjelper sm\u00e5 byggevirksomhetseiere med \u00e5 g\u00e5 fra regneark til sanntids budsjettsporing, tilbud og fakturah\u00e5ndtering\u2014uten behov for konsulenter eller IT.\" \/>\n<meta name=\"robots\" content=\"index, follow, max-snippet:-1, max-image-preview:large, max-video-preview:-1\" \/>\n<link rel=\"canonical\" href=\"https:\/\/planyard.com\/no\/planyard-viktig-veiledning-oppsett-funksjonalitet\" \/>\n<meta property=\"og:locale\" content=\"nb_NO\" \/>\n<meta property=\"og:type\" content=\"article\" \/>\n<meta property=\"og:title\" content=\"Planyard Essensiell Oppsett Guide \u2013 For Sm\u00e5 Byggevirksomhetseiere\" \/>\n<meta property=\"og:description\" content=\"Kom i gang med Planyard Essensiell p\u00e5 f\u00e5 minutter. Denne raske oppsettsguiden hjelper sm\u00e5 byggevirksomhetseiere med \u00e5 g\u00e5 fra regneark til sanntids budsjettsporing, tilbud og fakturah\u00e5ndtering\u2014uten behov for konsulenter eller IT.\" \/>\n<meta property=\"og:url\" content=\"https:\/\/planyard.com\/no\/planyard-viktig-veiledning-oppsett-funksjonalitet\" \/>\n<meta property=\"og:site_name\" content=\"Planyard Norge\" \/>\n<meta property=\"article:modified_time\" content=\"2025-05-19T18:47:10+00:00\" \/>\n<meta name=\"twitter:card\" content=\"summary_large_image\" \/>\n<meta name=\"twitter:label1\" content=\"Ansl. lesetid\" \/>\n\t<meta name=\"twitter:data1\" content=\"1 minutt\" \/>\n<!-- \/ Yoast SEO plugin. -->","yoast_head_json":{"title":"Planyard Essensiell Oppsett Guide \u2013 For Sm\u00e5 Byggevirksomhetseiere","description":"Kom i gang med Planyard Essensiell p\u00e5 f\u00e5 minutter. Denne raske oppsettsguiden hjelper sm\u00e5 byggevirksomhetseiere med \u00e5 g\u00e5 fra regneark til sanntids budsjettsporing, tilbud og fakturah\u00e5ndtering\u2014uten behov for konsulenter eller IT.","robots":{"index":"index","follow":"follow","max-snippet":"max-snippet:-1","max-image-preview":"max-image-preview:large","max-video-preview":"max-video-preview:-1"},"canonical":"https:\/\/planyard.com\/no\/planyard-viktig-veiledning-oppsett-funksjonalitet","og_locale":"nb_NO","og_type":"article","og_title":"Planyard Essensiell Oppsett Guide \u2013 For Sm\u00e5 Byggevirksomhetseiere","og_description":"Kom i gang med Planyard Essensiell p\u00e5 f\u00e5 minutter. Denne raske oppsettsguiden hjelper sm\u00e5 byggevirksomhetseiere med \u00e5 g\u00e5 fra regneark til sanntids budsjettsporing, tilbud og fakturah\u00e5ndtering\u2014uten behov for konsulenter eller IT.","og_url":"https:\/\/planyard.com\/no\/planyard-viktig-veiledning-oppsett-funksjonalitet","og_site_name":"Planyard Norge","article_modified_time":"2025-05-19T18:47:10+00:00","twitter_card":"summary_large_image","twitter_misc":{"Ansl. lesetid":"1 minutt"},"schema":{"@context":"https:\/\/schema.org","@graph":[{"@type":"WebPage","@id":"https:\/\/planyard.com\/no\/planyard-viktig-veiledning-oppsett-funksjonalitet","url":"https:\/\/planyard.com\/no\/planyard-viktig-veiledning-oppsett-funksjonalitet","name":"Planyard Essensiell Oppsett Guide \u2013 For Sm\u00e5 Byggevirksomhetseiere","isPartOf":{"@id":"https:\/\/planyard.com\/no#website"},"datePublished":"2025-04-04T10:49:04+00:00","dateModified":"2025-05-19T18:47:10+00:00","description":"Kom i gang med Planyard Essensiell p\u00e5 f\u00e5 minutter. Denne raske oppsettsguiden hjelper sm\u00e5 byggevirksomhetseiere med \u00e5 g\u00e5 fra regneark til sanntids budsjettsporing, tilbud og fakturah\u00e5ndtering\u2014uten behov for konsulenter eller IT.","breadcrumb":{"@id":"https:\/\/planyard.com\/no\/planyard-viktig-veiledning-oppsett-funksjonalitet#breadcrumb"},"inLanguage":"nb-NO","potentialAction":[{"@type":"ReadAction","target":["https:\/\/planyard.com\/no\/planyard-viktig-veiledning-oppsett-funksjonalitet"]}]},{"@type":"BreadcrumbList","@id":"https:\/\/planyard.com\/no\/planyard-viktig-veiledning-oppsett-funksjonalitet#breadcrumb","itemListElement":[{"@type":"ListItem","position":1,"name":"Home","item":"https:\/\/planyard.com\/no"},{"@type":"ListItem","position":2,"name":"Essensiell Funksjonalitetsoppsett Guide"}]},{"@type":"WebSite","@id":"https:\/\/planyard.com\/no#website","url":"https:\/\/planyard.com\/no","name":"Planyard Norge","description":"","potentialAction":[{"@type":"SearchAction","target":{"@type":"EntryPoint","urlTemplate":"https:\/\/planyard.com\/no?s={search_term_string}"},"query-input":{"@type":"PropertyValueSpecification","valueRequired":true,"valueName":"search_term_string"}}],"inLanguage":"nb-NO"}]}},"_links":{"self":[{"href":"https:\/\/planyard.com\/no\/wp-json\/wp\/v2\/pages\/13139","targetHints":{"allow":["GET"]}}],"collection":[{"href":"https:\/\/planyard.com\/no\/wp-json\/wp\/v2\/pages"}],"about":[{"href":"https:\/\/planyard.com\/no\/wp-json\/wp\/v2\/types\/page"}],"author":[{"embeddable":true,"href":"https:\/\/planyard.com\/no\/wp-json\/wp\/v2\/users\/4"}],"replies":[{"embeddable":true,"href":"https:\/\/planyard.com\/no\/wp-json\/wp\/v2\/comments?post=13139"}],"version-history":[{"count":3,"href":"https:\/\/planyard.com\/no\/wp-json\/wp\/v2\/pages\/13139\/revisions"}],"predecessor-version":[{"id":16309,"href":"https:\/\/planyard.com\/no\/wp-json\/wp\/v2\/pages\/13139\/revisions\/16309"}],"wp:attachment":[{"href":"https:\/\/planyard.com\/no\/wp-json\/wp\/v2\/media?parent=13139"}],"wp:term":[{"taxonomy":"page_intent","embeddable":true,"href":"https:\/\/planyard.com\/no\/wp-json\/wp\/v2\/page_intent?post=13139"},{"taxonomy":"page_type","embeddable":true,"href":"https:\/\/planyard.com\/no\/wp-json\/wp\/v2\/page_type?post=13139"}],"curies":[{"name":"wp","href":"https:\/\/api.w.org\/{rel}","templated":true}]}}