{"id":13134,"date":"2024-08-22T06:54:21","date_gmt":"2024-08-22T06:54:21","guid":{"rendered":"https:\/\/planyard.com\/demo-meeting-confirmation"},"modified":"2025-05-19T18:46:19","modified_gmt":"2025-05-19T18:46:19","slug":"bekreftelse-pa-demomote","status":"publish","type":"page","link":"https:\/\/planyard.com\/no\/bekreftelse-pa-demomote","title":{"rendered":"Bekreftelse p\u00e5 demom\u00f8te"},"content":{"rendered":"<div class=\"wp-block-image\">\n<figure class=\"aligncenter size-full\"><img loading=\"lazy\" decoding=\"async\" width=\"600\" height=\"466\" src=\"https:\/\/planyard.com\/wp-content\/uploads\/2024\/08\/Booking-confirmed.png\" alt=\"\" class=\"wp-image-1247\" \/><\/figure>\n<\/div>\n\n\n<h2 class=\"wp-block-heading has-text-align-center\">Bestilling bekreftet! <\/h2>\n\n\n\n<p class=\"has-text-align-center\">M\u00f8tet ditt er booket. En melding med kalenderinvitasjonen er sendt til e-postadressen din.<br><\/p>\n","protected":false},"excerpt":{"rendered":"<p>Bestilling bekreftet! M\u00f8tet ditt er booket. En melding med kalenderinvitasjonen er sendt til e-postadressen din.<\/p>\n","protected":false},"author":2,"featured_media":0,"parent":0,"menu_order":0,"comment_status":"closed","ping_status":"closed","template":"","meta":{"_acf_changed":false,"content-type":"","footnotes":""},"page_intent":[182],"page_type":[],"class_list":["post-13134","page","type-page","status-publish","hentry"],"acf":[],"yoast_head":"<!-- This site is optimized with the Yoast SEO plugin v26.9 - https:\/\/yoast.com\/product\/yoast-seo-wordpress\/ -->\n<title>Bekreftelse p\u00e5 demom\u00f8te - Planyard Norge<\/title>\n<meta name=\"description\" content=\"Slik kan du kontakte oss og bli kjent med v\u00e5re grunnleggere. Hvis du har sp\u00f8rsm\u00e5l, kan du bare ta kontakt med oss gjennom skjemaet eller via chatten.\" \/>\n<meta name=\"robots\" content=\"index, follow, max-snippet:-1, max-image-preview:large, max-video-preview:-1\" \/>\n<link rel=\"canonical\" href=\"https:\/\/planyard.com\/no\/bekreftelse-pa-demomote\" \/>\n<meta property=\"og:locale\" content=\"nb_NO\" \/>\n<meta property=\"og:type\" content=\"article\" \/>\n<meta property=\"og:title\" content=\"Bekreftelse p\u00e5 demom\u00f8te - Planyard Norge\" \/>\n<meta property=\"og:description\" content=\"Slik kan du kontakte oss og bli kjent med v\u00e5re grunnleggere. Hvis du har sp\u00f8rsm\u00e5l, kan du bare ta kontakt med oss gjennom skjemaet eller via chatten.\" \/>\n<meta property=\"og:url\" content=\"https:\/\/planyard.com\/no\/bekreftelse-pa-demomote\" \/>\n<meta property=\"og:site_name\" content=\"Planyard Norge\" \/>\n<meta property=\"article:modified_time\" content=\"2025-05-19T18:46:19+00:00\" \/>\n<meta property=\"og:image\" content=\"https:\/\/planyard.com\/wp-content\/uploads\/2024\/08\/Booking-confirmed.png\" \/>\n\t<meta property=\"og:image:width\" content=\"600\" \/>\n\t<meta property=\"og:image:height\" content=\"466\" \/>\n\t<meta property=\"og:image:type\" content=\"image\/png\" \/>\n<meta name=\"twitter:card\" content=\"summary_large_image\" \/>\n<meta name=\"twitter:label1\" content=\"Ansl. lesetid\" \/>\n\t<meta name=\"twitter:data1\" content=\"1 minutt\" \/>\n<!-- \/ Yoast SEO plugin. -->","yoast_head_json":{"title":"Bekreftelse p\u00e5 demom\u00f8te - Planyard Norge","description":"Slik kan du kontakte oss og bli kjent med v\u00e5re grunnleggere. Hvis du har sp\u00f8rsm\u00e5l, kan du bare ta kontakt med oss gjennom skjemaet eller via chatten.","robots":{"index":"index","follow":"follow","max-snippet":"max-snippet:-1","max-image-preview":"max-image-preview:large","max-video-preview":"max-video-preview:-1"},"canonical":"https:\/\/planyard.com\/no\/bekreftelse-pa-demomote","og_locale":"nb_NO","og_type":"article","og_title":"Bekreftelse p\u00e5 demom\u00f8te - Planyard Norge","og_description":"Slik kan du kontakte oss og bli kjent med v\u00e5re grunnleggere. Hvis du har sp\u00f8rsm\u00e5l, kan du bare ta kontakt med oss gjennom skjemaet eller via chatten.","og_url":"https:\/\/planyard.com\/no\/bekreftelse-pa-demomote","og_site_name":"Planyard Norge","article_modified_time":"2025-05-19T18:46:19+00:00","og_image":[{"width":600,"height":466,"url":"https:\/\/planyard.com\/wp-content\/uploads\/2024\/08\/Booking-confirmed.png","type":"image\/png"}],"twitter_card":"summary_large_image","twitter_misc":{"Ansl. lesetid":"1 minutt"},"schema":{"@context":"https:\/\/schema.org","@graph":[{"@type":"WebPage","@id":"https:\/\/planyard.com\/no\/bekreftelse-pa-demomote","url":"https:\/\/planyard.com\/no\/bekreftelse-pa-demomote","name":"Bekreftelse p\u00e5 demom\u00f8te - Planyard Norge","isPartOf":{"@id":"https:\/\/planyard.com\/no#website"},"primaryImageOfPage":{"@id":"https:\/\/planyard.com\/no\/bekreftelse-pa-demomote#primaryimage"},"image":{"@id":"https:\/\/planyard.com\/no\/bekreftelse-pa-demomote#primaryimage"},"thumbnailUrl":"https:\/\/planyard.com\/wp-content\/uploads\/2024\/08\/Booking-confirmed.png","datePublished":"2024-08-22T06:54:21+00:00","dateModified":"2025-05-19T18:46:19+00:00","description":"Slik kan du kontakte oss og bli kjent med v\u00e5re grunnleggere. Hvis du har sp\u00f8rsm\u00e5l, kan du bare ta kontakt med oss gjennom skjemaet eller via chatten.","breadcrumb":{"@id":"https:\/\/planyard.com\/no\/bekreftelse-pa-demomote#breadcrumb"},"inLanguage":"nb-NO","potentialAction":[{"@type":"ReadAction","target":["https:\/\/planyard.com\/no\/bekreftelse-pa-demomote"]}]},{"@type":"ImageObject","inLanguage":"nb-NO","@id":"https:\/\/planyard.com\/no\/bekreftelse-pa-demomote#primaryimage","url":"https:\/\/planyard.com\/wp-content\/uploads\/2024\/08\/Booking-confirmed.png","contentUrl":"https:\/\/planyard.com\/wp-content\/uploads\/2024\/08\/Booking-confirmed.png"},{"@type":"BreadcrumbList","@id":"https:\/\/planyard.com\/no\/bekreftelse-pa-demomote#breadcrumb","itemListElement":[{"@type":"ListItem","position":1,"name":"Home","item":"https:\/\/planyard.com\/no"},{"@type":"ListItem","position":2,"name":"Bekreftelse p\u00e5 demom\u00f8te"}]},{"@type":"WebSite","@id":"https:\/\/planyard.com\/no#website","url":"https:\/\/planyard.com\/no","name":"Planyard Norge","description":"","potentialAction":[{"@type":"SearchAction","target":{"@type":"EntryPoint","urlTemplate":"https:\/\/planyard.com\/no?s={search_term_string}"},"query-input":{"@type":"PropertyValueSpecification","valueRequired":true,"valueName":"search_term_string"}}],"inLanguage":"nb-NO"}]}},"_links":{"self":[{"href":"https:\/\/planyard.com\/no\/wp-json\/wp\/v2\/pages\/13134","targetHints":{"allow":["GET"]}}],"collection":[{"href":"https:\/\/planyard.com\/no\/wp-json\/wp\/v2\/pages"}],"about":[{"href":"https:\/\/planyard.com\/no\/wp-json\/wp\/v2\/types\/page"}],"author":[{"embeddable":true,"href":"https:\/\/planyard.com\/no\/wp-json\/wp\/v2\/users\/2"}],"replies":[{"embeddable":true,"href":"https:\/\/planyard.com\/no\/wp-json\/wp\/v2\/comments?post=13134"}],"version-history":[{"count":3,"href":"https:\/\/planyard.com\/no\/wp-json\/wp\/v2\/pages\/13134\/revisions"}],"predecessor-version":[{"id":16305,"href":"https:\/\/planyard.com\/no\/wp-json\/wp\/v2\/pages\/13134\/revisions\/16305"}],"wp:attachment":[{"href":"https:\/\/planyard.com\/no\/wp-json\/wp\/v2\/media?parent=13134"}],"wp:term":[{"taxonomy":"page_intent","embeddable":true,"href":"https:\/\/planyard.com\/no\/wp-json\/wp\/v2\/page_intent?post=13134"},{"taxonomy":"page_type","embeddable":true,"href":"https:\/\/planyard.com\/no\/wp-json\/wp\/v2\/page_type?post=13134"}],"curies":[{"name":"wp","href":"https:\/\/api.w.org\/{rel}","templated":true}]}}