{"id":13129,"date":"2024-12-05T13:29:27","date_gmt":"2024-12-05T13:29:27","guid":{"rendered":"https:\/\/planyard.com\/construction-templates"},"modified":"2025-05-19T18:46:00","modified_gmt":"2025-05-19T18:46:00","slug":"bibliotek-for-byggemaler","status":"publish","type":"page","link":"https:\/\/planyard.com\/no\/bibliotek-for-byggemaler","title":{"rendered":"Bibliotek for Byggemaler"},"content":{"rendered":"\n<div class=\"wp-block-media-text is-stacked-on-mobile\"><figure class=\"wp-block-media-text__media\"><img loading=\"lazy\" decoding=\"async\" width=\"1080\" height=\"1080\" src=\"https:\/\/planyard.com\/wp-content\/uploads\/2024\/12\/construction_contract_template.png\" alt=\"Construction contract template\" class=\"wp-image-7944 size-full\" srcset=\"https:\/\/planyard.com\/wp-content\/uploads\/2024\/12\/construction_contract_template.png 1080w, https:\/\/planyard.com\/wp-content\/uploads\/2024\/12\/construction_contract_template-150x150.png 150w\" sizes=\"auto, (max-width: 1080px) 100vw, 1080px\" \/><\/figure><div class=\"wp-block-media-text__content\">\n<p>Velkommen til v\u00e5rt omfattende bibliotek med byggemaler, designet for \u00e5 effektivisere prosjektet ditt fra start til slutt.<\/p>\n\n\n\n<p>Enten du er en erfaren entrepren\u00f8r eller en prosjektleder som er ny i feltet, gir v\u00e5re maler deg verkt\u00f8yene du trenger for effektiv planlegging, gjennomf\u00f8ring og ledelse.<\/p>\n\n\n\n<p><\/p>\n<\/div><\/div>\n\n\n\n<p><\/p>\n\n\n\n<p>Utforsk v\u00e5re kategoriserte maler nedenfor for \u00e5 finne akkurat det du trenger for \u00e5 realisere byggeprosjektet ditt. Listen over maler vil bli utvidet og forbedret over tid. Hvis du f\u00f8ler at en mal du trenger mangler fra denne listen, vennligst gi oss beskjed.<\/p>\n\n\n\n<h2 class=\"wp-block-heading\">Kostnadskode Maler<\/h2>\n\n\n\n<p><em>Ulike alternativer <\/em>for kostnadskoder avhengig av prosjektet ditt og regionen.<\/p>\n\n\n\n<ul class=\"wp-block-list\">\n<li><strong><a href=\"https:\/\/planyard.com\/blog\/aia-construction-codes-for-construction-billing\">AIA Kostnadskoder Mal<\/a><\/strong><\/li>\n\n\n\n<li><strong><a href=\"https:\/\/planyard.com\/no\/nahb-kostnadskoder\">NAHB Kostnadskoder Mal<\/a><\/strong><\/li>\n\n\n\n<li><strong><a href=\"https:\/\/planyard.com\/no\/byggekostnadskoder-for-prosjektledere\">Detaljerte Kostnadskoder Mal<\/a><\/strong><\/li>\n\n\n\n<li><strong>Kostnadskode til Hovedbok Kartlegging Mal (kommer snart)<\/strong><\/li>\n<\/ul>\n\n\n\n<h2 class=\"wp-block-heading\">Prosjektplanleggingsmaler<\/h2>\n\n\n\n<p><em>Legg et solid grunnlag for prosjektet ditt med disse essensielle planleggingsverkt\u00f8yene.<\/em><\/p>\n\n\n\n<ul class=\"wp-block-list\">\n<li><strong><a href=\"https:\/\/planyard.com\/no\/byggbudsjettmal\">Byggebudsjett Mal<\/a><\/strong><\/li>\n\n\n\n<li><a href=\"https:\/\/planyard.com\/no\/gratis-mal-kostnadsestimering-byggeprosjekter\"><strong>Byggekostnadsestimering Mal<\/strong><\/a><\/li>\n\n\n\n<li><strong><a href=\"https:\/\/planyard.com\/no\/mal-for-anbud-i-byggeprosjekter\">Prosjektbud Mal<\/a><\/strong><\/li>\n\n\n\n<li><a href=\"https:\/\/planyard.com\/no\/gratis-mal-for-byggeschedule-i-excel-last-ned-na\"><strong>Byggeplan Mal<\/strong><\/a><\/li>\n\n\n\n<li><strong>Ressurstildeling Mal<strong> (kommer snart)<\/strong><\/strong><\/li>\n<\/ul>\n\n\n\n<h2 class=\"wp-block-heading\">Prosjektledelsesmaler<\/h2>\n\n\n\n<p><em>Hold prosjektet ditt p\u00e5 sporet og interessenter informert med disse ledelsesverkt\u00f8yene.<\/em><\/p>\n\n\n\n<ul class=\"wp-block-list\">\n<li><strong><a href=\"https:\/\/planyard.com\/no\/mal-for-kostnadsverdiavstemming\">Bygg CVR Mal<\/a><\/strong><\/li>\n\n\n\n<li><strong>Gantt Diagram Mal<strong><strong> (kommer snart)<\/strong><\/strong><\/strong><\/li>\n\n\n\n<li><strong>Fremdriftsrapport Mal<strong><strong> (kommer snart)<\/strong><\/strong><\/strong><\/li>\n\n\n\n<li><strong>Endringsordre Mal<strong><strong> (kommer snart)<\/strong><\/strong><\/strong><\/li>\n\n\n\n<li><strong>Interessentkommunikasjonsplan<strong><strong> (kommer snart)<\/strong><\/strong><\/strong><\/li>\n<\/ul>\n\n\n\n<h2 class=\"wp-block-heading\">Dokumentasjons- og Kontraktsmaler<\/h2>\n\n\n\n<p><em>H\u00e5ndter juridiske forhold og dokumentasjon enkelt med disse omfattende malene.<\/em><\/p>\n\n\n\n<ul class=\"wp-block-list\">\n<li><strong><a href=\"https:\/\/planyard.com\/no\/byggkontraktmal\">Byggekontrakt Mal<\/a><\/strong><\/li>\n\n\n\n<li><strong><a href=\"https:\/\/planyard.com\/no\/mal-for-byggefaktura\">Byggefaktura Mal<\/a><\/strong><\/li>\n\n\n\n<li><strong>Arbeidsordre Mal (kommer snart)<\/strong><\/li>\n\n\n\n<li><strong>Punch List Mal<strong> (kommer snart)<\/strong><\/strong><\/li>\n<\/ul>\n\n\n\n<h2 class=\"wp-block-heading\">Sikkerhets- og Samsvarsmaler<\/h2>\n\n\n\n<p><em>S\u00f8rg for at prosjektet ditt oppfyller alle sikkerhetsstandarder og regulatoriske krav.<\/em><\/p>\n\n\n\n<ul class=\"wp-block-list\">\n<li><strong>Sikkerhetsplan Mal<strong> (kommer snart)<\/strong><\/strong><\/li>\n\n\n\n<li><strong>Risikovurdering Mal<strong> (kommer snart)<\/strong><\/strong><\/li>\n\n\n\n<li><strong>Regulatorisk Samsvarssjekkliste<strong> (kommer snart)<\/strong><\/strong><\/li>\n\n\n\n<li><strong>Hendelsesrapport Mal<strong> (kommer snart)<\/strong><\/strong><\/li>\n<\/ul>\n\n\n\n<p>Du kan gjerne laste ned og tilpasse disse malene for \u00e5 passe til de spesifikke behovene i prosjektet ditt. Hver mal er laget for \u00e5 hjelpe deg med \u00e5 spare tid, redusere feil og sikre at alle aspekter av byggeprosessen din er godt dokumentert og profesjonelt h\u00e5ndtert.<\/p>\n\n\n\n<p>Vi pr\u00f8ver \u00e5 tilby dokumentene v\u00e5re p\u00e5 en m\u00e5te som er oppdatert med <a href=\"https:\/\/www.hse.gov.uk\/construction\/index.htm\">HSE-regler<\/a>, <a href=\"https:\/\/www.osha.gov\/construction\">OSHA-regler<\/a>, og andre &#8211; det kan v\u00e6re noen dokumenter som enn\u00e5 ikke er oppdatert. Hvis det er tilfelle, vennligst gi oss beskjed.<\/p>\n","protected":false},"excerpt":{"rendered":"<p>Velkommen til v\u00e5rt omfattende bibliotek med byggemaler, designet for \u00e5 effektivisere prosjektet ditt fra start til slutt. Enten du er en erfaren entrepren\u00f8r eller en prosjektleder som er ny i feltet, gir v\u00e5re maler deg verkt\u00f8yene du trenger for effektiv planlegging, gjennomf\u00f8ring og ledelse. Utforsk v\u00e5re kategoriserte maler nedenfor for \u00e5 finne akkurat det du&#8230;  <a class=\"excerpt-read-more\" href=\"https:\/\/planyard.com\/no\/bibliotek-for-byggemaler\" title=\"Les  Bibliotek for Byggemaler\">Les mer &laquo;<\/a><\/p>\n","protected":false},"author":3,"featured_media":0,"parent":0,"menu_order":0,"comment_status":"closed","ping_status":"closed","template":"","meta":{"_acf_changed":false,"content-type":"","footnotes":""},"page_intent":[167],"page_type":[],"class_list":["post-13129","page","type-page","status-publish","hentry"],"acf":[],"yoast_head":"<!-- This site is optimized with the Yoast SEO plugin v27.1.1 - https:\/\/yoast.com\/product\/yoast-seo-wordpress\/ -->\n<title>Bibliotek for Byggemaler - Gratis Nedlastinger - Planyard Norge<\/title>\n<meta name=\"description\" content=\"Gratis byggemaler for planlegging, design, sikkerhet eller dokumentasjon. Forbedre prosjektledelsen din med tilpassbare maler.\" \/>\n<meta name=\"robots\" content=\"index, follow, max-snippet:-1, max-image-preview:large, max-video-preview:-1\" \/>\n<link rel=\"canonical\" href=\"https:\/\/planyard.com\/no\/bibliotek-for-byggemaler\" \/>\n<meta property=\"og:locale\" content=\"nb_NO\" \/>\n<meta property=\"og:type\" content=\"article\" \/>\n<meta property=\"og:title\" content=\"Bibliotek for Byggemaler - Gratis Nedlastinger - Planyard Norge\" \/>\n<meta property=\"og:description\" content=\"Gratis byggemaler for planlegging, design, sikkerhet eller dokumentasjon. Forbedre prosjektledelsen din med tilpassbare maler.\" \/>\n<meta property=\"og:url\" content=\"https:\/\/planyard.com\/no\/bibliotek-for-byggemaler\" \/>\n<meta property=\"og:site_name\" content=\"Planyard Norge\" \/>\n<meta property=\"article:modified_time\" content=\"2025-05-19T18:46:00+00:00\" \/>\n<meta property=\"og:image\" content=\"https:\/\/planyard.com\/wp-content\/uploads\/2024\/12\/construction_contract_template.png\" \/>\n\t<meta property=\"og:image:width\" content=\"1080\" \/>\n\t<meta property=\"og:image:height\" content=\"1080\" \/>\n\t<meta property=\"og:image:type\" content=\"image\/png\" \/>\n<meta name=\"twitter:card\" content=\"summary_large_image\" \/>\n<meta name=\"twitter:label1\" content=\"Ansl. lesetid\" \/>\n\t<meta name=\"twitter:data1\" content=\"2 minutter\" \/>\n<!-- \/ Yoast SEO plugin. -->","yoast_head_json":{"title":"Bibliotek for Byggemaler - Gratis Nedlastinger - Planyard Norge","description":"Gratis byggemaler for planlegging, design, sikkerhet eller dokumentasjon. Forbedre prosjektledelsen din med tilpassbare maler.","robots":{"index":"index","follow":"follow","max-snippet":"max-snippet:-1","max-image-preview":"max-image-preview:large","max-video-preview":"max-video-preview:-1"},"canonical":"https:\/\/planyard.com\/no\/bibliotek-for-byggemaler","og_locale":"nb_NO","og_type":"article","og_title":"Bibliotek for Byggemaler - Gratis Nedlastinger - Planyard Norge","og_description":"Gratis byggemaler for planlegging, design, sikkerhet eller dokumentasjon. Forbedre prosjektledelsen din med tilpassbare maler.","og_url":"https:\/\/planyard.com\/no\/bibliotek-for-byggemaler","og_site_name":"Planyard Norge","article_modified_time":"2025-05-19T18:46:00+00:00","og_image":[{"width":1080,"height":1080,"url":"https:\/\/planyard.com\/wp-content\/uploads\/2024\/12\/construction_contract_template.png","type":"image\/png"}],"twitter_card":"summary_large_image","twitter_misc":{"Ansl. lesetid":"2 minutter"},"schema":{"@context":"https:\/\/schema.org","@graph":[{"@type":"WebPage","@id":"https:\/\/planyard.com\/no\/bibliotek-for-byggemaler","url":"https:\/\/planyard.com\/no\/bibliotek-for-byggemaler","name":"Bibliotek for Byggemaler - Gratis Nedlastinger - Planyard Norge","isPartOf":{"@id":"https:\/\/planyard.com\/no#website"},"primaryImageOfPage":{"@id":"https:\/\/planyard.com\/no\/bibliotek-for-byggemaler#primaryimage"},"image":{"@id":"https:\/\/planyard.com\/no\/bibliotek-for-byggemaler#primaryimage"},"thumbnailUrl":"https:\/\/planyard.com\/wp-content\/uploads\/2024\/12\/construction_contract_template.png","datePublished":"2024-12-05T13:29:27+00:00","dateModified":"2025-05-19T18:46:00+00:00","description":"Gratis byggemaler for planlegging, design, sikkerhet eller dokumentasjon. Forbedre prosjektledelsen din med tilpassbare maler.","breadcrumb":{"@id":"https:\/\/planyard.com\/no\/bibliotek-for-byggemaler#breadcrumb"},"inLanguage":"nb-NO","potentialAction":[{"@type":"ReadAction","target":["https:\/\/planyard.com\/no\/bibliotek-for-byggemaler"]}]},{"@type":"ImageObject","inLanguage":"nb-NO","@id":"https:\/\/planyard.com\/no\/bibliotek-for-byggemaler#primaryimage","url":"https:\/\/planyard.com\/wp-content\/uploads\/2024\/12\/construction_contract_template.png","contentUrl":"https:\/\/planyard.com\/wp-content\/uploads\/2024\/12\/construction_contract_template.png"},{"@type":"BreadcrumbList","@id":"https:\/\/planyard.com\/no\/bibliotek-for-byggemaler#breadcrumb","itemListElement":[{"@type":"ListItem","position":1,"name":"Home","item":"https:\/\/planyard.com\/no"},{"@type":"ListItem","position":2,"name":"Bibliotek for Byggemaler"}]},{"@type":"WebSite","@id":"https:\/\/planyard.com\/no#website","url":"https:\/\/planyard.com\/no","name":"Planyard Norge","description":"","potentialAction":[{"@type":"SearchAction","target":{"@type":"EntryPoint","urlTemplate":"https:\/\/planyard.com\/no?s={search_term_string}"},"query-input":{"@type":"PropertyValueSpecification","valueRequired":true,"valueName":"search_term_string"}}],"inLanguage":"nb-NO"}]}},"_links":{"self":[{"href":"https:\/\/planyard.com\/no\/wp-json\/wp\/v2\/pages\/13129","targetHints":{"allow":["GET"]}}],"collection":[{"href":"https:\/\/planyard.com\/no\/wp-json\/wp\/v2\/pages"}],"about":[{"href":"https:\/\/planyard.com\/no\/wp-json\/wp\/v2\/types\/page"}],"author":[{"embeddable":true,"href":"https:\/\/planyard.com\/no\/wp-json\/wp\/v2\/users\/3"}],"replies":[{"embeddable":true,"href":"https:\/\/planyard.com\/no\/wp-json\/wp\/v2\/comments?post=13129"}],"version-history":[{"count":3,"href":"https:\/\/planyard.com\/no\/wp-json\/wp\/v2\/pages\/13129\/revisions"}],"predecessor-version":[{"id":16302,"href":"https:\/\/planyard.com\/no\/wp-json\/wp\/v2\/pages\/13129\/revisions\/16302"}],"wp:attachment":[{"href":"https:\/\/planyard.com\/no\/wp-json\/wp\/v2\/media?parent=13129"}],"wp:term":[{"taxonomy":"page_intent","embeddable":true,"href":"https:\/\/planyard.com\/no\/wp-json\/wp\/v2\/page_intent?post=13129"},{"taxonomy":"page_type","embeddable":true,"href":"https:\/\/planyard.com\/no\/wp-json\/wp\/v2\/page_type?post=13129"}],"curies":[{"name":"wp","href":"https:\/\/api.w.org\/{rel}","templated":true}]}}