{"id":13125,"date":"2024-08-22T08:45:24","date_gmt":"2024-08-22T08:45:24","guid":{"rendered":"https:\/\/planyard.com\/construction-purchase-order-software"},"modified":"2025-05-19T08:34:32","modified_gmt":"2025-05-19T08:34:32","slug":"programvare-for-innkjopsordre-i-byggebransjen","status":"publish","type":"page","link":"https:\/\/planyard.com\/no\/programvare-for-innkjopsordre-i-byggebransjen","title":{"rendered":"Programvare for innkj\u00f8psordre i byggebransjen"},"content":{"rendered":"","protected":false},"excerpt":{"rendered":"","protected":false},"author":2,"featured_media":0,"parent":0,"menu_order":0,"comment_status":"closed","ping_status":"closed","template":"","meta":{"_acf_changed":false,"content-type":"","footnotes":""},"page_intent":[152],"page_type":[],"class_list":["post-13125","page","type-page","status-publish","hentry"],"acf":[],"yoast_head":"<!-- This site is optimized with the Yoast SEO plugin v27.1.1 - https:\/\/yoast.com\/product\/yoast-seo-wordpress\/ -->\n<title>Programvare for innkj\u00f8psordre i byggebransjen - Pr\u00f8v gratis i 14 dager - Planyard Norge<\/title>\n<meta name=\"description\" content=\"Programvare for innkj\u00f8psordre i byggebransjen som gj\u00f8r innsamling og godkjenning av fakturaer enkelt. Fungerer med regnskapsprogramvare. Pr\u00f8v gratis i 14 dager.\" \/>\n<meta name=\"robots\" content=\"index, follow, max-snippet:-1, max-image-preview:large, max-video-preview:-1\" \/>\n<link rel=\"canonical\" href=\"https:\/\/planyard.com\/no\/programvare-for-innkjopsordre-i-byggebransjen\" \/>\n<meta property=\"og:locale\" content=\"nb_NO\" \/>\n<meta property=\"og:type\" content=\"article\" \/>\n<meta property=\"og:title\" content=\"Programvare for innkj\u00f8psordre i byggebransjen - Pr\u00f8v gratis i 14 dager - Planyard Norge\" \/>\n<meta property=\"og:description\" content=\"Programvare for innkj\u00f8psordre i byggebransjen som gj\u00f8r innsamling og godkjenning av fakturaer enkelt. Fungerer med regnskapsprogramvare. Pr\u00f8v gratis i 14 dager.\" \/>\n<meta property=\"og:url\" content=\"https:\/\/planyard.com\/no\/programvare-for-innkjopsordre-i-byggebransjen\" \/>\n<meta property=\"og:site_name\" content=\"Planyard Norge\" \/>\n<meta property=\"article:modified_time\" content=\"2025-05-19T08:34:32+00:00\" \/>\n<meta name=\"twitter:card\" content=\"summary_large_image\" \/>\n<!-- \/ Yoast SEO plugin. -->","yoast_head_json":{"title":"Programvare for innkj\u00f8psordre i byggebransjen - Pr\u00f8v gratis i 14 dager - Planyard Norge","description":"Programvare for innkj\u00f8psordre i byggebransjen som gj\u00f8r innsamling og godkjenning av fakturaer enkelt. Fungerer med regnskapsprogramvare. Pr\u00f8v gratis i 14 dager.","robots":{"index":"index","follow":"follow","max-snippet":"max-snippet:-1","max-image-preview":"max-image-preview:large","max-video-preview":"max-video-preview:-1"},"canonical":"https:\/\/planyard.com\/no\/programvare-for-innkjopsordre-i-byggebransjen","og_locale":"nb_NO","og_type":"article","og_title":"Programvare for innkj\u00f8psordre i byggebransjen - Pr\u00f8v gratis i 14 dager - Planyard Norge","og_description":"Programvare for innkj\u00f8psordre i byggebransjen som gj\u00f8r innsamling og godkjenning av fakturaer enkelt. Fungerer med regnskapsprogramvare. Pr\u00f8v gratis i 14 dager.","og_url":"https:\/\/planyard.com\/no\/programvare-for-innkjopsordre-i-byggebransjen","og_site_name":"Planyard Norge","article_modified_time":"2025-05-19T08:34:32+00:00","twitter_card":"summary_large_image","schema":{"@context":"https:\/\/schema.org","@graph":[{"@type":"WebPage","@id":"https:\/\/planyard.com\/no\/programvare-for-innkjopsordre-i-byggebransjen","url":"https:\/\/planyard.com\/no\/programvare-for-innkjopsordre-i-byggebransjen","name":"Programvare for innkj\u00f8psordre i byggebransjen - Pr\u00f8v gratis i 14 dager - Planyard Norge","isPartOf":{"@id":"https:\/\/planyard.com\/no#website"},"datePublished":"2024-08-22T08:45:24+00:00","dateModified":"2025-05-19T08:34:32+00:00","description":"Programvare for innkj\u00f8psordre i byggebransjen som gj\u00f8r innsamling og godkjenning av fakturaer enkelt. Fungerer med regnskapsprogramvare. Pr\u00f8v gratis i 14 dager.","breadcrumb":{"@id":"https:\/\/planyard.com\/no\/programvare-for-innkjopsordre-i-byggebransjen#breadcrumb"},"inLanguage":"nb-NO","potentialAction":[{"@type":"ReadAction","target":["https:\/\/planyard.com\/no\/programvare-for-innkjopsordre-i-byggebransjen"]}]},{"@type":"BreadcrumbList","@id":"https:\/\/planyard.com\/no\/programvare-for-innkjopsordre-i-byggebransjen#breadcrumb","itemListElement":[{"@type":"ListItem","position":1,"name":"Home","item":"https:\/\/planyard.com\/no"},{"@type":"ListItem","position":2,"name":"Programvare for innkj\u00f8psordre i byggebransjen"}]},{"@type":"WebSite","@id":"https:\/\/planyard.com\/no#website","url":"https:\/\/planyard.com\/no","name":"Planyard Norge","description":"","potentialAction":[{"@type":"SearchAction","target":{"@type":"EntryPoint","urlTemplate":"https:\/\/planyard.com\/no?s={search_term_string}"},"query-input":{"@type":"PropertyValueSpecification","valueRequired":true,"valueName":"search_term_string"}}],"inLanguage":"nb-NO"}]}},"_links":{"self":[{"href":"https:\/\/planyard.com\/no\/wp-json\/wp\/v2\/pages\/13125","targetHints":{"allow":["GET"]}}],"collection":[{"href":"https:\/\/planyard.com\/no\/wp-json\/wp\/v2\/pages"}],"about":[{"href":"https:\/\/planyard.com\/no\/wp-json\/wp\/v2\/types\/page"}],"author":[{"embeddable":true,"href":"https:\/\/planyard.com\/no\/wp-json\/wp\/v2\/users\/2"}],"replies":[{"embeddable":true,"href":"https:\/\/planyard.com\/no\/wp-json\/wp\/v2\/comments?post=13125"}],"version-history":[{"count":1,"href":"https:\/\/planyard.com\/no\/wp-json\/wp\/v2\/pages\/13125\/revisions"}],"predecessor-version":[{"id":13233,"href":"https:\/\/planyard.com\/no\/wp-json\/wp\/v2\/pages\/13125\/revisions\/13233"}],"wp:attachment":[{"href":"https:\/\/planyard.com\/no\/wp-json\/wp\/v2\/media?parent=13125"}],"wp:term":[{"taxonomy":"page_intent","embeddable":true,"href":"https:\/\/planyard.com\/no\/wp-json\/wp\/v2\/page_intent?post=13125"},{"taxonomy":"page_type","embeddable":true,"href":"https:\/\/planyard.com\/no\/wp-json\/wp\/v2\/page_type?post=13125"}],"curies":[{"name":"wp","href":"https:\/\/api.w.org\/{rel}","templated":true}]}}