{"id":13108,"date":"2024-11-06T09:38:07","date_gmt":"2024-11-06T09:38:07","guid":{"rendered":"https:\/\/planyard.com\/construction-glossary-collection"},"modified":"2025-05-19T18:43:44","modified_gmt":"2025-05-19T18:43:44","slug":"bygg-anlegg-okonomisk-ordliste","status":"publish","type":"page","link":"https:\/\/planyard.com\/no\/bygg-anlegg-okonomisk-ordliste","title":{"rendered":"Bygg- og anleggs\u00f8konomisk ordliste"},"content":{"rendered":"\n<p>Velkommen til Bygg- og anleggs\u00f8konomisk ordliste, din essensielle ressurs for \u00e5 forst\u00e5 de \u00f8konomiske begrepene og konseptene som er unike for bygg- og anleggsbransjen. Denne ordlisten er laget for b\u00e5de bransjefolk og nykommere, og dekker alt fra grunnleggende budsjettering til avansert kostnadsstyring.<\/p>\n\n\n\n<p>Enten du har ansvar for prosjekt\u00f8konomi, styrer kontantstr\u00f8mmen eller forbereder kostnadsprognoser, finner du definisjonene du trenger her. Hold deg informert og ta trygge beslutninger i hvert prosjekt.<\/p>\n","protected":false},"excerpt":{"rendered":"<p>Velkommen til Bygg- og anleggs\u00f8konomisk ordliste, din essensielle ressurs for \u00e5 forst\u00e5 de \u00f8konomiske begrepene og konseptene som er unike for bygg- og anleggsbransjen. Denne ordlisten er laget for b\u00e5de bransjefolk og nykommere, og dekker alt fra grunnleggende budsjettering til avansert kostnadsstyring. Enten du har ansvar for prosjekt\u00f8konomi, styrer kontantstr\u00f8mmen eller forbereder kostnadsprognoser, finner du&#8230;  <a class=\"excerpt-read-more\" href=\"https:\/\/planyard.com\/no\/bygg-anlegg-okonomisk-ordliste\" title=\"Les  Bygg- og anleggs\u00f8konomisk ordliste\">Les mer &laquo;<\/a><\/p>\n","protected":false},"author":3,"featured_media":0,"parent":0,"menu_order":0,"comment_status":"closed","ping_status":"closed","template":"","meta":{"_acf_changed":false,"content-type":"","footnotes":""},"page_intent":[242],"page_type":[],"class_list":["post-13108","page","type-page","status-publish","hentry"],"acf":[],"yoast_head":"<!-- This site is optimized with the Yoast SEO plugin v26.9 - https:\/\/yoast.com\/product\/yoast-seo-wordpress\/ -->\n<title>Bygg- og anleggs\u00f8konomisk ordliste - Planyard Norge<\/title>\n<meta name=\"description\" content=\"Din ressurs for klare definisjoner av essensielle byggefinansielle begreper. Den dekker budsjettering, kontantstr\u00f8m og mer.\" \/>\n<meta name=\"robots\" content=\"index, follow, max-snippet:-1, max-image-preview:large, max-video-preview:-1\" \/>\n<link rel=\"canonical\" href=\"https:\/\/planyard.com\/no\/bygg-anlegg-okonomisk-ordliste\" \/>\n<meta property=\"og:locale\" content=\"nb_NO\" \/>\n<meta property=\"og:type\" content=\"article\" \/>\n<meta property=\"og:title\" content=\"Bygg- og anleggs\u00f8konomisk ordliste - Planyard Norge\" \/>\n<meta property=\"og:description\" content=\"Din ressurs for klare definisjoner av essensielle byggefinansielle begreper. Den dekker budsjettering, kontantstr\u00f8m og mer.\" \/>\n<meta property=\"og:url\" content=\"https:\/\/planyard.com\/no\/bygg-anlegg-okonomisk-ordliste\" \/>\n<meta property=\"og:site_name\" content=\"Planyard Norge\" \/>\n<meta property=\"article:modified_time\" content=\"2025-05-19T18:43:44+00:00\" \/>\n<meta name=\"twitter:card\" content=\"summary_large_image\" \/>\n<meta name=\"twitter:label1\" content=\"Ansl. lesetid\" \/>\n\t<meta name=\"twitter:data1\" content=\"1 minutt\" \/>\n<!-- \/ Yoast SEO plugin. -->","yoast_head_json":{"title":"Bygg- og anleggs\u00f8konomisk ordliste - Planyard Norge","description":"Din ressurs for klare definisjoner av essensielle byggefinansielle begreper. Den dekker budsjettering, kontantstr\u00f8m og mer.","robots":{"index":"index","follow":"follow","max-snippet":"max-snippet:-1","max-image-preview":"max-image-preview:large","max-video-preview":"max-video-preview:-1"},"canonical":"https:\/\/planyard.com\/no\/bygg-anlegg-okonomisk-ordliste","og_locale":"nb_NO","og_type":"article","og_title":"Bygg- og anleggs\u00f8konomisk ordliste - Planyard Norge","og_description":"Din ressurs for klare definisjoner av essensielle byggefinansielle begreper. Den dekker budsjettering, kontantstr\u00f8m og mer.","og_url":"https:\/\/planyard.com\/no\/bygg-anlegg-okonomisk-ordliste","og_site_name":"Planyard Norge","article_modified_time":"2025-05-19T18:43:44+00:00","twitter_card":"summary_large_image","twitter_misc":{"Ansl. lesetid":"1 minutt"},"schema":{"@context":"https:\/\/schema.org","@graph":[{"@type":"WebPage","@id":"https:\/\/planyard.com\/no\/bygg-anlegg-okonomisk-ordliste","url":"https:\/\/planyard.com\/no\/bygg-anlegg-okonomisk-ordliste","name":"Bygg- og anleggs\u00f8konomisk ordliste - Planyard Norge","isPartOf":{"@id":"https:\/\/planyard.com\/no#website"},"datePublished":"2024-11-06T09:38:07+00:00","dateModified":"2025-05-19T18:43:44+00:00","description":"Din ressurs for klare definisjoner av essensielle byggefinansielle begreper. Den dekker budsjettering, kontantstr\u00f8m og mer.","breadcrumb":{"@id":"https:\/\/planyard.com\/no\/bygg-anlegg-okonomisk-ordliste#breadcrumb"},"inLanguage":"nb-NO","potentialAction":[{"@type":"ReadAction","target":["https:\/\/planyard.com\/no\/bygg-anlegg-okonomisk-ordliste"]}]},{"@type":"BreadcrumbList","@id":"https:\/\/planyard.com\/no\/bygg-anlegg-okonomisk-ordliste#breadcrumb","itemListElement":[{"@type":"ListItem","position":1,"name":"Home","item":"https:\/\/planyard.com\/no"},{"@type":"ListItem","position":2,"name":"Byggefinansiell Ordliste"}]},{"@type":"WebSite","@id":"https:\/\/planyard.com\/no#website","url":"https:\/\/planyard.com\/no","name":"Planyard Norge","description":"","potentialAction":[{"@type":"SearchAction","target":{"@type":"EntryPoint","urlTemplate":"https:\/\/planyard.com\/no?s={search_term_string}"},"query-input":{"@type":"PropertyValueSpecification","valueRequired":true,"valueName":"search_term_string"}}],"inLanguage":"nb-NO"}]}},"_links":{"self":[{"href":"https:\/\/planyard.com\/no\/wp-json\/wp\/v2\/pages\/13108","targetHints":{"allow":["GET"]}}],"collection":[{"href":"https:\/\/planyard.com\/no\/wp-json\/wp\/v2\/pages"}],"about":[{"href":"https:\/\/planyard.com\/no\/wp-json\/wp\/v2\/types\/page"}],"author":[{"embeddable":true,"href":"https:\/\/planyard.com\/no\/wp-json\/wp\/v2\/users\/3"}],"replies":[{"embeddable":true,"href":"https:\/\/planyard.com\/no\/wp-json\/wp\/v2\/comments?post=13108"}],"version-history":[{"count":3,"href":"https:\/\/planyard.com\/no\/wp-json\/wp\/v2\/pages\/13108\/revisions"}],"predecessor-version":[{"id":16292,"href":"https:\/\/planyard.com\/no\/wp-json\/wp\/v2\/pages\/13108\/revisions\/16292"}],"wp:attachment":[{"href":"https:\/\/planyard.com\/no\/wp-json\/wp\/v2\/media?parent=13108"}],"wp:term":[{"taxonomy":"page_intent","embeddable":true,"href":"https:\/\/planyard.com\/no\/wp-json\/wp\/v2\/page_intent?post=13108"},{"taxonomy":"page_type","embeddable":true,"href":"https:\/\/planyard.com\/no\/wp-json\/wp\/v2\/page_type?post=13108"}],"curies":[{"name":"wp","href":"https:\/\/api.w.org\/{rel}","templated":true}]}}