{"id":13098,"date":"2024-09-12T06:06:03","date_gmt":"2024-09-12T06:06:03","guid":{"rendered":"https:\/\/planyard.com\/construction-cost-codes-for-project-managers"},"modified":"2025-05-19T18:58:20","modified_gmt":"2025-05-19T18:58:20","slug":"byggekostnadskoder-for-prosjektledere","status":"publish","type":"page","link":"https:\/\/planyard.com\/no\/byggekostnadskoder-for-prosjektledere","title":{"rendered":"Byggekostnadskoder"},"content":{"rendered":"\n<h2 class=\"wp-block-heading has-text-align-center paddedHeading\" id=\"what-are-construction-cost-codes\">Hva er byggekostnadskoder?<\/h2>\n\n\n\n<div class=\"wp-block-media-text alignwide has-media-on-the-right is-stacked-on-mobile\"><div class=\"wp-block-media-text__content\">\n<p><br>Byggekostnadskoder er en definert liste med koder som brukes til \u00e5 spore, administrere og rapportere bel\u00f8p, mengder, budsjetter, fortjeneste og annen jobbrelatert data. <\/p>\n\n\n\n<p>Disse kodene effektiviserer datastyring p\u00e5 tvers av selskapet for alle interessenter, inkludert kalkulat\u00f8rer, prosjektledere og regnskap.<\/p>\n\n\n\n<p>De b\u00f8r brukes fra prognoser og kontrahering til kostnadsstyring og regnskap, for \u00e5 sikre full prosjektoversikt og muliggj\u00f8re feiloppdagelse og gjenbruk av data.<\/p>\n<\/div><figure class=\"wp-block-media-text__media\"><img loading=\"lazy\" decoding=\"async\" width=\"386\" height=\"365\" src=\"https:\/\/planyard.com\/wp-content\/uploads\/2024\/09\/Example-construction-cost-codes.png\" alt=\"\" class=\"wp-image-1976 size-full\" \/><\/figure><\/div>\n\n\n\n<h2 class=\"wp-block-heading has-text-align-center\">Fordeler med \u00e5 bruke byggekostnadskoder<\/h2>\n\n\n\n<div class=\"wp-block-columns is-layout-flex wp-container-core-columns-is-layout-9d6595d7 wp-block-columns-is-layout-flex\">\n<div class=\"wp-block-column is-layout-flow wp-block-column-is-layout-flow\">\n<h4 class=\"wp-block-heading\" id=\"cost-control\">Kostnadskontroll<\/h4>\n\n\n\n<p>Rask og enkel m\u00e5te \u00e5 identifisere og analysere hvordan penger brukes p\u00e5 prosjektet.<\/p>\n<\/div>\n\n\n\n<div class=\"wp-block-column is-layout-flow wp-block-column-is-layout-flow\">\n<h4 class=\"wp-block-heading\" id=\"kpis-tracking\">Sporing av KPI-er<\/h4>\n\n\n\n<p>Spor og administrer KPI-er som estimert kostnad, kostnadsestimat, n\u00e5v\u00e6rende kostnader og mer.<\/p>\n<\/div>\n\n\n\n<div class=\"wp-block-column is-layout-flow wp-block-column-is-layout-flow\">\n<h4 class=\"wp-block-heading\" id=\"ideal-for-companywide-use\">Ideell for bruk i hele selskapet<\/h4>\n\n\n\n<p>Bruk av de samme kodene i hele selskapet gj\u00f8r det enkelt \u00e5 spore og analysere kostnader, feil og prognoser for alle interessenter.<\/p>\n<\/div>\n<\/div>\n\n\n\n<div class=\"wp-block-columns is-layout-flex wp-container-core-columns-is-layout-9d6595d7 wp-block-columns-is-layout-flex\">\n<div class=\"wp-block-column is-layout-flow wp-block-column-is-layout-flow\">\n<h4 class=\"wp-block-heading\" id=\"visualize-profit-centers\">Visualisere fortjenestesentre<\/h4>\n\n\n\n<p>Fullstendig analyse for \u00e5 visualisere fortjenestesentre og problematiske omr\u00e5der.<\/p>\n<\/div>\n\n\n\n<div class=\"wp-block-column is-layout-flow wp-block-column-is-layout-flow\">\n<h4 class=\"wp-block-heading\" id=\"estimating\">Kalkulering<\/h4>\n\n\n\n<p>Gir struktur og tilgang for \u00e5 f\u00f8lge kostnadene i sanntid for \u00e5 sette mer n\u00f8yaktige og realistiske estimater.<\/p>\n<\/div>\n\n\n\n<div class=\"wp-block-column is-layout-flow wp-block-column-is-layout-flow\">\n<h4 class=\"wp-block-heading\" id=\"real-time-tracking\">Sanntidssporing<\/h4>\n\n\n\n<p>La ledelsen f\u00e5 en klar oversikt over jobben og holde alle interessenter engasjert.<\/p>\n<\/div>\n<\/div>\n\n\n\n<h2 class=\"wp-block-heading has-text-align-center\">Jobb delt opp i mindre leveranser<\/h2>\n\n\n\n<div class=\"wp-block-media-text alignwide has-media-on-the-right is-stacked-on-mobile\"><div class=\"wp-block-media-text__content\">\n<p><br>Arbeid kan deles opp ved \u00e5 bruke et prosjekts byggekostnadskoder for \u00e5 dele oppgaver i mindre leveranser (f.eks. fundamenter, installasjoner, fasader).<\/p>\n\n\n\n<p>Planyard anbefaler \u00e5 f\u00f8lge den kronologiske rekkef\u00f8lgen av jobber. Strukturering av kostnader etter aktiviteter p\u00e5 stedet hjelper ledelsen med \u00e5 spore l\u00f8nnsomhet i faser. Midtveis i prosjektet kan du se om de innledende fasene, som fundamentarbeid, var l\u00f8nnsomme.<\/p>\n<\/div><figure class=\"wp-block-media-text__media\"><img loading=\"lazy\" decoding=\"async\" width=\"586\" height=\"367\" src=\"https:\/\/planyard.com\/wp-content\/uploads\/2024\/09\/Categoreis.png\" alt=\"\" class=\"wp-image-1977 size-full\" \/><\/figure><\/div>\n\n\n\n<h2 class=\"wp-block-heading has-text-align-center\">Struktur for byggeprosjektbudsjett<\/h2>\n\n\n\n<div class=\"wp-block-media-text alignwide has-media-on-the-right is-stacked-on-mobile\"><div class=\"wp-block-media-text__content\">\n<p>Byggekostnadskoder b\u00f8r koble sammen prosjektprognosen og kostnadsstyringen med jobbtasks og struktur. Kostnadskodene b\u00f8r ha en gjenkjennelig struktur, fra det overordnede prosjektniv\u00e5et til individuelle jobber og kontoer.<\/p>\n\n\n\n<p>Til h\u00f8yre kan du se kategorien Eksterne installasjoner delt opp til kontoniv\u00e5.<\/p>\n<\/div><figure class=\"wp-block-media-text__media\"><img loading=\"lazy\" decoding=\"async\" width=\"809\" height=\"198\" src=\"https:\/\/planyard.com\/wp-content\/uploads\/2024\/09\/Category-breakdown.png\" alt=\"\" class=\"wp-image-1978 size-full\" \/><\/figure><\/div>\n\n\n\n<h2 class=\"wp-block-heading has-text-align-center paddedHeading\" id=\"budget-managed-from-an-estimate-from-job-costing-to-project-income\">Budsjett styrt fra et estimat, fra jobbkostnad til prosjektinntekt<\/h2>\n\n\n\n<p>I tillegg er det smart \u00e5 liste opp budsjettet med kostnaden betalt av kunden for \u00e5 muliggj\u00f8re sporing av jobbens l\u00f8nnsomhet p\u00e5 artikkelniv\u00e5.<\/p>\n\n\n\n<figure class=\"wp-block-image size-full\"><img loading=\"lazy\" decoding=\"async\" width=\"1024\" height=\"165\" src=\"https:\/\/planyard.com\/wp-content\/uploads\/2024\/09\/Category-breakdown-goal-and-free-1024x165-1.png\" alt=\"\" class=\"wp-image-1979\" \/><\/figure>\n\n\n\n<div class=\"wp-block-group\"><div class=\"wp-block-group__inner-container is-layout-constrained wp-block-group-is-layout-constrained\">\n<h2 class=\"wp-block-heading has-text-align-center paddedHeading\" id=\"to-what-level-should-you-break-down-construction-cost-codes\">Til hvilket niv\u00e5 b\u00f8r du bryte ned byggekostnadskoder?<\/h2>\n\n\n\n<p>Det finnes ikke ett svar p\u00e5 dette sp\u00f8rsm\u00e5let. Du b\u00f8r starte med \u00e5 spore detaljniv\u00e5et som trengs av ulike interessenter. \u00c5 f\u00f8lge kostnadene i for mye detalj gj\u00f8r rapportering til en tidkrevende oppgave for prosjektledere og legger til kompleksitet i kostnadsanalyseprosessen.<\/p>\n\n\n\n<p><strong>NB! Det er viktig \u00e5 huske at det er en rekke interessenter involvert i kostnadskodeadministrasjon. Alle interessenter b\u00f8r v\u00e6re involvert i \u00e5 velge riktig kostnadskodestruktur.<\/strong><\/p>\n\n\n\n<ol class=\"wp-block-list\">\n<li>Viktig \u00e5 tenke p\u00e5 hvem som vil bruke kostnadskodeinformasjonen<\/li>\n\n\n\n<li>Prosjektledere er interessert i \u00e5 f\u00e5 jobben gjort og b\u00f8r ha kontroll over budsjettet med s\u00e5 lite tid brukt p\u00e5 rapportering som mulig<\/li>\n\n\n\n<li>Regnskap er interessert i \u00e5 f\u00f8lge kostnader per konto<br>Ledere b\u00f8r kunne v\u00e6re enige om \u00e5 spore feil, ansvarlighet og l\u00f8nnsomhet<\/li>\n\n\n\n<li>Kalkulat\u00f8rer for fremtidige estimater m\u00e5 kunne spore de reelle kostnadene for n\u00e5v\u00e6rende jobber<\/li>\n<\/ol>\n<\/div><\/div>\n\n\n\n<h2 class=\"wp-block-heading has-text-align-center paddedHeading\" id=\"where-to-get-a-list-of-construction-cost-codes\">Hvor kan du f\u00e5 en liste over byggekostnadskoder?<\/h2>\n\n\n\n<div class=\"wp-block-buttons is-horizontal is-content-justification-center is-layout-flex wp-container-core-buttons-is-layout-499968f5 wp-block-buttons-is-layout-flex\">\n<div class=\"wp-block-button\"><a class=\"wp-block-button__link has-background wp-element-button\" href=\"https:\/\/planyard.com\/no\/fa-ditt-gratis-kostnadskodeskjema\" style=\"background-color:#2756ff\" target=\"_blank\" rel=\"noreferrer noopener\">F\u00e5 byggekostnadskoder gratis<\/a><\/div>\n<\/div>\n\n\n\n<h2 class=\"wp-block-heading has-text-align-center\">Planyard entrepren\u00f8rprogramvare hjelper ambisi\u00f8se team med \u00e5 n\u00e5 sine m\u00e5l og akselerere veksten.<\/h2>\n\n\n\n<div class=\"wp-block-media-text alignwide has-media-on-the-right is-stacked-on-mobile is-vertically-aligned-center\" style=\"grid-template-columns:auto 41%\"><div class=\"wp-block-media-text__content\">\n<ul class=\"wp-block-list\">\n<li>Ikke mer regneark<\/li>\n\n\n\n<li>Sparer tid for prosjektledere og mengdeberegnere<\/li>\n\n\n\n<li>Enkel \u00e5 implementere og bruke<\/li>\n\n\n\n<li>Sanntids og n\u00f8yaktige \u00f8konomiske prognoser<\/li>\n\n\n\n<li>Ingen mer duplisering av dataregistrering<\/li>\n<\/ul>\n\n\n\n<div class=\"wp-block-buttons is-layout-flex wp-block-buttons-is-layout-flex\">\n<div class=\"wp-block-button\"><a class=\"wp-block-button__link has-background wp-element-button\" href=\"https:\/\/planyard.com\/sign-up\" style=\"background-color:#2756ff\">Start din gratis pr\u00f8veperiode<\/a><\/div>\n\n\n\n<div class=\"wp-block-button\"><a class=\"wp-block-button__link has-background wp-element-button\" href=\"https:\/\/meetings.hubspot.com\/cedlund\" style=\"background-color:#2756ff\" target=\"_blank\" rel=\"noreferrer noopener\">Be om en demo<\/a><\/div>\n<\/div>\n<\/div><figure class=\"wp-block-media-text__media\"><img loading=\"lazy\" decoding=\"async\" width=\"1024\" height=\"598\" src=\"https:\/\/planyard.com\/wp-content\/uploads\/2024\/09\/construction-project-management-software-macbook-iphone-1_reduced-1024x598-1.webp\" alt=\"\" class=\"wp-image-1980 size-large\" \/><\/figure><\/div>\n","protected":false},"excerpt":{"rendered":"<p>Hva er byggekostnadskoder? Byggekostnadskoder er en definert liste med koder som brukes til \u00e5 spore, administrere og rapportere bel\u00f8p, mengder, budsjetter, fortjeneste og annen jobbrelatert data. Disse kodene effektiviserer datastyring p\u00e5 tvers av selskapet for alle interessenter, inkludert kalkulat\u00f8rer, prosjektledere og regnskap. De b\u00f8r brukes fra prognoser og kontrahering til kostnadsstyring og regnskap, for \u00e5&#8230;  <a class=\"excerpt-read-more\" href=\"https:\/\/planyard.com\/no\/byggekostnadskoder-for-prosjektledere\" title=\"Les  Byggekostnadskoder\">Les mer &laquo;<\/a><\/p>\n","protected":false},"author":5,"featured_media":0,"parent":0,"menu_order":0,"comment_status":"closed","ping_status":"closed","template":"","meta":{"_acf_changed":false,"content-type":"","footnotes":""},"page_intent":[167],"page_type":[],"class_list":["post-13098","page","type-page","status-publish","hentry"],"acf":[],"yoast_head":"<!-- This site is optimized with the Yoast SEO plugin v27.1.1 - https:\/\/yoast.com\/product\/yoast-seo-wordpress\/ -->\n<title>Byggekostnadskoder for Prosjektledere - Veiledning og Gratis Mal<\/title>\n<meta name=\"description\" content=\"Last ned Planyard byggekostnadskoder gratis og hold oversikt over jobbkostnadene dine med letthet. Gratis regneark for byggeprosjektledere.\" \/>\n<meta name=\"robots\" content=\"index, follow, max-snippet:-1, max-image-preview:large, max-video-preview:-1\" \/>\n<link rel=\"canonical\" href=\"https:\/\/planyard.com\/no\/byggekostnadskoder-for-prosjektledere\" \/>\n<meta property=\"og:locale\" content=\"nb_NO\" \/>\n<meta property=\"og:type\" content=\"article\" \/>\n<meta property=\"og:title\" content=\"Byggekostnadskoder for Prosjektledere - Veiledning og Gratis Mal\" \/>\n<meta property=\"og:description\" content=\"Last ned Planyard byggekostnadskoder gratis og hold oversikt over jobbkostnadene dine med letthet. Gratis regneark for byggeprosjektledere.\" \/>\n<meta property=\"og:url\" content=\"https:\/\/planyard.com\/no\/byggekostnadskoder-for-prosjektledere\" \/>\n<meta property=\"og:site_name\" content=\"Planyard Norge\" \/>\n<meta property=\"article:modified_time\" content=\"2025-05-19T18:58:20+00:00\" \/>\n<meta property=\"og:image\" content=\"https:\/\/planyard.com\/wp-content\/uploads\/2024\/09\/Example-construction-cost-codes.png\" \/>\n\t<meta property=\"og:image:width\" content=\"386\" \/>\n\t<meta property=\"og:image:height\" content=\"365\" \/>\n\t<meta property=\"og:image:type\" content=\"image\/png\" \/>\n<meta name=\"twitter:card\" content=\"summary_large_image\" \/>\n<meta name=\"twitter:label1\" content=\"Ansl. lesetid\" \/>\n\t<meta name=\"twitter:data1\" content=\"4 minutter\" \/>\n<!-- \/ Yoast SEO plugin. -->","yoast_head_json":{"title":"Byggekostnadskoder for Prosjektledere - Veiledning og Gratis Mal","description":"Last ned Planyard byggekostnadskoder gratis og hold oversikt over jobbkostnadene dine med letthet. Gratis regneark for byggeprosjektledere.","robots":{"index":"index","follow":"follow","max-snippet":"max-snippet:-1","max-image-preview":"max-image-preview:large","max-video-preview":"max-video-preview:-1"},"canonical":"https:\/\/planyard.com\/no\/byggekostnadskoder-for-prosjektledere","og_locale":"nb_NO","og_type":"article","og_title":"Byggekostnadskoder for Prosjektledere - Veiledning og Gratis Mal","og_description":"Last ned Planyard byggekostnadskoder gratis og hold oversikt over jobbkostnadene dine med letthet. Gratis regneark for byggeprosjektledere.","og_url":"https:\/\/planyard.com\/no\/byggekostnadskoder-for-prosjektledere","og_site_name":"Planyard Norge","article_modified_time":"2025-05-19T18:58:20+00:00","og_image":[{"width":386,"height":365,"url":"https:\/\/planyard.com\/wp-content\/uploads\/2024\/09\/Example-construction-cost-codes.png","type":"image\/png"}],"twitter_card":"summary_large_image","twitter_misc":{"Ansl. lesetid":"4 minutter"},"schema":{"@context":"https:\/\/schema.org","@graph":[{"@type":"WebPage","@id":"https:\/\/planyard.com\/no\/byggekostnadskoder-for-prosjektledere","url":"https:\/\/planyard.com\/no\/byggekostnadskoder-for-prosjektledere","name":"Byggekostnadskoder for Prosjektledere - Veiledning og Gratis Mal","isPartOf":{"@id":"https:\/\/planyard.com\/no#website"},"primaryImageOfPage":{"@id":"https:\/\/planyard.com\/no\/byggekostnadskoder-for-prosjektledere#primaryimage"},"image":{"@id":"https:\/\/planyard.com\/no\/byggekostnadskoder-for-prosjektledere#primaryimage"},"thumbnailUrl":"https:\/\/planyard.com\/wp-content\/uploads\/2024\/09\/Example-construction-cost-codes.png","datePublished":"2024-09-12T06:06:03+00:00","dateModified":"2025-05-19T18:58:20+00:00","description":"Last ned Planyard byggekostnadskoder gratis og hold oversikt over jobbkostnadene dine med letthet. Gratis regneark for byggeprosjektledere.","breadcrumb":{"@id":"https:\/\/planyard.com\/no\/byggekostnadskoder-for-prosjektledere#breadcrumb"},"inLanguage":"nb-NO","potentialAction":[{"@type":"ReadAction","target":["https:\/\/planyard.com\/no\/byggekostnadskoder-for-prosjektledere"]}]},{"@type":"ImageObject","inLanguage":"nb-NO","@id":"https:\/\/planyard.com\/no\/byggekostnadskoder-for-prosjektledere#primaryimage","url":"https:\/\/planyard.com\/wp-content\/uploads\/2024\/09\/Example-construction-cost-codes.png","contentUrl":"https:\/\/planyard.com\/wp-content\/uploads\/2024\/09\/Example-construction-cost-codes.png"},{"@type":"BreadcrumbList","@id":"https:\/\/planyard.com\/no\/byggekostnadskoder-for-prosjektledere#breadcrumb","itemListElement":[{"@type":"ListItem","position":1,"name":"Home","item":"https:\/\/planyard.com\/no"},{"@type":"ListItem","position":2,"name":"Byggekostnadskoder"}]},{"@type":"WebSite","@id":"https:\/\/planyard.com\/no#website","url":"https:\/\/planyard.com\/no","name":"Planyard Norge","description":"","potentialAction":[{"@type":"SearchAction","target":{"@type":"EntryPoint","urlTemplate":"https:\/\/planyard.com\/no?s={search_term_string}"},"query-input":{"@type":"PropertyValueSpecification","valueRequired":true,"valueName":"search_term_string"}}],"inLanguage":"nb-NO"}]}},"_links":{"self":[{"href":"https:\/\/planyard.com\/no\/wp-json\/wp\/v2\/pages\/13098","targetHints":{"allow":["GET"]}}],"collection":[{"href":"https:\/\/planyard.com\/no\/wp-json\/wp\/v2\/pages"}],"about":[{"href":"https:\/\/planyard.com\/no\/wp-json\/wp\/v2\/types\/page"}],"author":[{"embeddable":true,"href":"https:\/\/planyard.com\/no\/wp-json\/wp\/v2\/users\/5"}],"replies":[{"embeddable":true,"href":"https:\/\/planyard.com\/no\/wp-json\/wp\/v2\/comments?post=13098"}],"version-history":[{"count":3,"href":"https:\/\/planyard.com\/no\/wp-json\/wp\/v2\/pages\/13098\/revisions"}],"predecessor-version":[{"id":16348,"href":"https:\/\/planyard.com\/no\/wp-json\/wp\/v2\/pages\/13098\/revisions\/16348"}],"wp:attachment":[{"href":"https:\/\/planyard.com\/no\/wp-json\/wp\/v2\/media?parent=13098"}],"wp:term":[{"taxonomy":"page_intent","embeddable":true,"href":"https:\/\/planyard.com\/no\/wp-json\/wp\/v2\/page_intent?post=13098"},{"taxonomy":"page_type","embeddable":true,"href":"https:\/\/planyard.com\/no\/wp-json\/wp\/v2\/page_type?post=13098"}],"curies":[{"name":"wp","href":"https:\/\/api.w.org\/{rel}","templated":true}]}}