{"id":13084,"date":"2024-12-16T17:39:09","date_gmt":"2024-12-16T17:39:09","guid":{"rendered":"https:\/\/planyard.com\/construction-bid-template"},"modified":"2025-05-19T18:43:27","modified_gmt":"2025-05-19T18:43:27","slug":"mal-for-anbud-i-byggeprosjekter","status":"publish","type":"page","link":"https:\/\/planyard.com\/no\/mal-for-anbud-i-byggeprosjekter","title":{"rendered":"Mal for anbud i byggeprosjekter"},"content":{"rendered":"\n<div class=\"wp-block-media-text is-stacked-on-mobile\"><figure class=\"wp-block-media-text__media\"><img loading=\"lazy\" decoding=\"async\" width=\"1080\" height=\"1080\" src=\"https:\/\/planyard.com\/wp-content\/uploads\/2024\/12\/constriction_bidding_templates.png\" alt=\"\" class=\"wp-image-8112 size-full\" srcset=\"https:\/\/planyard.com\/wp-content\/uploads\/2024\/12\/constriction_bidding_templates.png 1080w, https:\/\/planyard.com\/wp-content\/uploads\/2024\/12\/constriction_bidding_templates-150x150.png 150w\" sizes=\"auto, (max-width: 1080px) 100vw, 1080px\" \/><\/figure><div class=\"wp-block-media-text__content\">\n<p>Effektiviser hvert steg i anbudsprosessen for byggeprosjekter med v\u00e5r samling av profesjonelle, tilpassbare maler.<\/p>\n\n\n\n<p>Enten du sammenligner entrepren\u00f8rtilbud, inviterer leverand\u00f8rer til \u00e5 sende inn forslag, eller forbereder detaljerte estimater for en klient, er disse malene designet for \u00e5 spare tid, forbedre n\u00f8yaktigheten og \u00f8ke prosjektets profesjonalitet.<\/p>\n<\/div><\/div>\n\n\n\n<p>Tilgjengelig i Google Sheets, Excel og PDF-formater, v\u00e5re maler sikrer at du har alt du trenger for \u00e5 h\u00e5ndtere anbud effektivt og med selvtillit.<\/p>\n\n\n\n<h2 class=\"wp-block-heading\">V\u00e5re anbudsmaler for byggeprosjekter<\/h2>\n\n\n\n<p>Bruk av spesialiserte maler for ulike aspekter av anbudsprosessen i byggeprosjekter sikrer klarhet, organisering og effektivitet. Nedenfor er tre essensielle kategorier av anbudsmaler og deres spesifikke bruksomr\u00e5der.<\/p>\n\n\n\n<h3 class=\"wp-block-heading\">Mal for anbudsoppsummering \/ Mal for anbudssammenligning<\/h3>\n\n\n\n<figure class=\"wp-block-image size-full\"><img loading=\"lazy\" decoding=\"async\" width=\"1280\" height=\"561\" src=\"https:\/\/planyard.com\/wp-content\/uploads\/2024\/12\/construction_bid_tabulation_template.png\" alt=\"Construction bid tabulation template\" class=\"wp-image-8107\" \/><\/figure>\n\n\n\n<p>En mal for anbudsoppsummering er et essensielt verkt\u00f8y for \u00e5 sammenligne entrepren\u00f8r- og ingeni\u00f8rkostnadsestimater mot prosjektbudsjettet. Ved \u00e5 organisere anbud i et side-ved-side-format, hjelper denne malen prosjektledere og interessenter med \u00e5 enkelt evaluere viktige elementer som priser, materialer, tidslinjer og andre kritiske detaljer.<\/p>\n\n\n\n<div class=\"wp-block-buttons is-layout-flex wp-block-buttons-is-layout-flex\">\n<div class=\"wp-block-button\"><a class=\"wp-block-button__link has-background wp-element-button\" href=\"https:\/\/planyard.com\/no\/fa-din-gratis-mal-for-sammenligning-av-byggeanbud\" style=\"background-color:#2756ff\">Last ned gratis mal<\/a><\/div>\n\n\n\n<div class=\"wp-block-button\"><a class=\"wp-block-button__link wp-element-button\" href=\"https:\/\/planyard.com\/no\/programvare-for-anbud-i-byggebransjen\">Se anbudsprogramvaren fra Planyard<\/a><\/div>\n<\/div>\n\n\n\n<p><\/p>\n\n\n\n<p><strong>N\u00f8kkelfunksjoner:<\/strong><\/p>\n\n\n\n<ul class=\"wp-block-list\">\n<li><strong>Anbudssammenligning:<\/strong> Bryt ned flere anbud i sammenlignbare kategorier, som arbeidskraft, materialer og utstyrskostnader.<\/li>\n\n\n\n<li><strong>Budsjettintegrasjon:<\/strong> Inkluder det estimerte budsjettet som et referansepunkt for rask variansanalyse.<\/li>\n\n\n\n<li><strong>Kontaktinformasjon:<\/strong> Kontaktinformasjon for hvert anbud slik at du enkelt kan kontakte en tilbyder hvis du har sp\u00f8rsm\u00e5l.<\/li>\n<\/ul>\n\n\n\n<p>Denne malen forenkler beslutningstaking ved \u00e5 gj\u00f8re det enkelt \u00e5 identifisere det mest passende anbudet basert p\u00e5 kostnad, verdi og samsvar med prosjektm\u00e5lene. Den minimerer feil og subjektivitet, og sikrer at alle anbud blir rettferdig evaluert.<\/p>\n\n\n\n<h3 class=\"wp-block-heading\">Mal for invitasjon til anbud<\/h3>\n\n\n\n<figure class=\"wp-block-image size-full\"><img loading=\"lazy\" decoding=\"async\" width=\"1341\" height=\"872\" src=\"https:\/\/planyard.com\/wp-content\/uploads\/2024\/12\/construction_bid_invitation_template.png\" alt=\"Construction Invitation to bid template\" class=\"wp-image-8110\" \/><\/figure>\n\n\n\n<p>En mal for invitasjon til anbud brukes til \u00e5 formelt invitere entrepren\u00f8rer eller selskaper til \u00e5 sende inn anbud for et byggeprosjekt. Den gir et klart og profesjonelt format for \u00e5 skissere prosjektets detaljer, innleveringsfrister og krav, og sikrer at potensielle tilbydere har all informasjonen de trenger.<\/p>\n\n\n\n<div class=\"wp-block-buttons is-layout-flex wp-block-buttons-is-layout-flex\">\n<div class=\"wp-block-button\"><a class=\"wp-block-button__link has-background wp-element-button\" href=\"https:\/\/planyard.com\/no\/fa-din-gratis-mal-for-anbudsinvitasjon-til-bygging\" style=\"background-color:#2756ff\">Last ned gratis mal<\/a><\/div>\n\n\n\n<div class=\"wp-block-button\"><a class=\"wp-block-button__link wp-element-button\" href=\"https:\/\/planyard.com\/no\/programvare-for-anbud-i-byggebransjen\">Se anbudsprogramvaren fra Planyard<\/a><\/div>\n<\/div>\n\n\n\n<p><\/p>\n\n\n\n<p><strong>N\u00f8kkelfunksjoner:<\/strong><\/p>\n\n\n\n<ul class=\"wp-block-list\">\n<li><strong>Prosjektoversikt:<\/strong> Inkluder essensielle detaljer som prosjektlokasjon, omfang og forventede tidslinjer.<\/li>\n\n\n\n<li><strong>Retningslinjer for innlevering:<\/strong> Spesifiser formatet for innlevering av anbud, sammen med frister og kontaktinformasjon for avklaringer.<\/li>\n\n\n\n<li><strong>Evalueringskriterier:<\/strong> Fremhev kriteriene som vil bli brukt til \u00e5 vurdere anbud, som kostnad, materialkvalitet eller entrepren\u00f8rerfaring.<\/li>\n<\/ul>\n\n\n\n<p>Denne malen sikrer konsistens i anbudsprosessen og sparer tid ved \u00e5 gi et standardisert dokument for alle invitasjoner. Den hjelper ogs\u00e5 med \u00e5 etablere klare forventninger, og reduserer misforst\u00e5elser mellom prosjektets eier og potensielle tilbydere.<\/p>\n\n\n\n<h3 class=\"wp-block-heading\">Mal for underleverand\u00f8r- eller leverand\u00f8rtilbud<\/h3>\n\n\n\n<figure class=\"wp-block-image size-full\"><img loading=\"lazy\" decoding=\"async\" width=\"1335\" height=\"866\" src=\"https:\/\/planyard.com\/wp-content\/uploads\/2024\/12\/construction_subcontractor_bid_template.png\" alt=\"Construction subcontractor bid template\" class=\"wp-image-8111\" \/><\/figure>\n\n\n\n<p>En mal for underleverand\u00f8r- eller leverand\u00f8rtilbud er designet for at entrepren\u00f8rer skal kunne presentere sine tilbudsdetaljer klart og profesjonelt til klienten eller prosjektets eier. Denne malen hjelper underleverand\u00f8rer og leverand\u00f8rer med \u00e5 skissere sine foresl\u00e5tte kostnader, arbeidsomfang og vilk\u00e5r, og sikrer \u00e5penhet og profesjonalitet i anbudsprosessen.<\/p>\n\n\n\n<div class=\"wp-block-buttons is-layout-flex wp-block-buttons-is-layout-flex\">\n<div class=\"wp-block-button\"><a class=\"wp-block-button__link has-background wp-element-button\" href=\"https:\/\/planyard.com\/no\/fa-din-gratis-mal-for-tilbudsforesporsel-i-bygg-og-anlegg\" style=\"background-color:#2756ff\">Last ned gratis mal<\/a><\/div>\n\n\n\n<div class=\"wp-block-button\"><a class=\"wp-block-button__link wp-element-button\" href=\"https:\/\/planyard.com\/no\/byggkostnadsberegningsprogramvare\">Se tilbudsprogramvaren fra Planyard<\/a><\/div>\n<\/div>\n\n\n\n<p><\/p>\n\n\n\n<p><strong>N\u00f8kkelfunksjoner:<\/strong><\/p>\n\n\n\n<ul class=\"wp-block-list\">\n<li><strong>Selskaps- og kontaktinformasjon:<\/strong> Inkluder informasjon om underleverand\u00f8r eller leverand\u00f8r, som firmanavn, adresse og kontaktinformasjon.<\/li>\n\n\n\n<li><strong>Arbeidsomfang:<\/strong> Definer klart arbeidet eller materialene som tilbys, inkludert detaljerte beskrivelser for \u00e5 unng\u00e5 uklarheter.<\/li>\n\n\n\n<li><strong>Spesifiserte kostnader:<\/strong> Gi en oversikt over kostnader for arbeidskraft, materialer, utstyr og andre relevante utgifter.<\/li>\n\n\n\n<li><strong>Leveringstidslinjer:<\/strong> Spesifiser tidslinjen for \u00e5 fullf\u00f8re arbeidet eller levere materialer, og sikre samsvar med prosjektfrister.<\/li>\n\n\n\n<li><strong>Vilk\u00e5r og betingelser:<\/strong> Inkluder betalingsvilk\u00e5r, garantier og andre kontraktsmessige betingelser for \u00e5 sette forventninger og beskytte begge parter.<\/li>\n<\/ul>\n\n\n\n<p>Denne malen hjelper underleverand\u00f8rer og leverand\u00f8rer med \u00e5 skille seg ut ved \u00e5 presentere godt organiserte, profesjonelle tilbud som gir klienten tillit. Det er et uvurderlig verkt\u00f8y for \u00e5 bygge tillit og fremme sterke arbeidsforhold fra starten av prosjektet.<\/p>\n\n\n\n<h2 class=\"wp-block-heading\">Viktigheten av organiserte og profesjonelle anbudsmaler for byggeprosjekter<\/h2>\n\n\n\n<p>I den konkurranseutsatte byggebransjen kan et godt forberedt og profesjonelt anbud utgj\u00f8re forskjellen mellom \u00e5 vinne eller tape et prosjekt. Anbudsmaler for byggeprosjekter spiller en kritisk rolle i \u00e5 oppn\u00e5 klarhet, n\u00f8yaktighet og profesjonalitet gjennom hele anbudsprosessen. Her er hvorfor det er viktig \u00e5 ha organiserte og profesjonelle maler:<\/p>\n\n\n\n<h3 class=\"wp-block-heading\">\u00d8ke klarhet og redusere feil<\/h3>\n\n\n\n<p>N\u00e5r anbud sendes inn ved hjelp av en standardisert mal, fanges all n\u00f8dvendig informasjon i et klart og strukturert format. Dette sikrer at prosjektets detaljer, som arbeidsomfang, materialer og tidslinjer, presenteres uten tvetydighet. En profesjonell mal hjelper til med \u00e5 unng\u00e5 utelatelser eller feil som kan f\u00f8re til misforst\u00e5elser eller kostbare feil senere i prosjektet.<\/p>\n\n\n\n<h3 class=\"wp-block-heading\">Effektivisere anbudsprosessen<\/h3>\n\n\n\n<p>Tid er en verdifull ressurs i anbudsprosessen for byggeprosjekter. Organiserte maler eliminerer behovet for \u00e5 lage anbud fra bunnen av, og sparer tid for b\u00e5de entrepren\u00f8rer og klienter. Med en forh\u00e5ndsdefinert struktur kan team fokusere p\u00e5 \u00e5 fylle inn n\u00f8yaktige prosjektopplysninger i stedet for \u00e5 bekymre seg for formatering eller manglende n\u00f8kkelseksjoner.<\/p>\n\n\n\n<h3 class=\"wp-block-heading\">Legge til rette for enkle sammenligninger<\/h3>\n\n\n\n<p>For prosjektets eiere eller entrepren\u00f8rer som vurderer flere anbud, gj\u00f8r et konsistent format det enklere \u00e5 sammenligne forslag side om side. Denne \u00e5penheten hjelper interessenter med \u00e5 ta informerte beslutninger raskt ved \u00e5 evaluere kostnader, tidslinjer og det foresl\u00e5tte arbeidsomfanget effektivt.<\/p>\n\n\n\n<h3 class=\"wp-block-heading\">Bygge troverdighet og profesjonalitet<\/h3>\n\n\n\n<p>Et rent, velstrukturert anbud gjenspeiler profesjonalitet og oppmerksomhet p\u00e5 detaljer. Det viser klienter at entrepren\u00f8ren er organisert, p\u00e5litelig og i stand til \u00e5 h\u00e5ndtere prosjektet effektivt. F\u00f8rsteinntrykk er viktige, og et polert anbud kan sette tonen for et positivt forretningsforhold.<\/p>\n\n\n\n<h2 class=\"wp-block-heading\">Hvordan lage et vinnende anbudsforslag for byggeprosjekter<\/h2>\n\n\n\n<p>Et godt utformet anbudsforslag kan skille deg ut i en konkurranseutsatt bransje. Det handler ikke bare om \u00e5 presentere tall\u2014det handler om \u00e5 formidle profesjonalitet, forst\u00e5 prosjektets behov og demonstrere din evne til \u00e5 levere. F\u00f8lg denne trinnvise guiden for \u00e5 lage et overbevisende og effektivt anbudsforslag:<\/p>\n\n\n\n<h3 class=\"wp-block-heading\">Forst\u00e5 prosjektkravene<\/h3>\n\n\n\n<p>Start med \u00e5 grundig gjennomg\u00e5 prosjektets dokumentasjon, som foresp\u00f8rsel om forslag (RFP), tegninger og spesifikasjoner. Merk deg viktige detaljer, som:<\/p>\n\n\n\n<ul class=\"wp-block-list\">\n<li>Arbeidsomfang<\/li>\n\n\n\n<li>Materialer og utstyr som trengs<\/li>\n\n\n\n<li>Frister og milep\u00e6ler<\/li>\n\n\n\n<li>Innleveringskrav<\/li>\n<\/ul>\n\n\n\n<p>Dette sikrer at anbudet ditt er i tr\u00e5d med klientens forventninger og oppfyller alle krav.<\/p>\n\n\n\n<h3 class=\"wp-block-heading\">Samle n\u00f8kkelinformasjon<\/h3>\n\n\n\n<p>Samle de n\u00f8dvendige detaljene for \u00e5 lage et komplett forslag, inkludert:<\/p>\n\n\n\n<ul class=\"wp-block-list\">\n<li>Din selskapsprofil, med vekt p\u00e5 relevant erfaring<\/li>\n\n\n\n<li>Lisenser, sertifiseringer og referanser<\/li>\n\n\n\n<li>Forsikrings- og garantidetaljer<\/li>\n\n\n\n<li>En klar oversikt over kostnader<\/li>\n<\/ul>\n\n\n\n<p>\u00c5 organisere denne informasjonen p\u00e5 forh\u00e5nd gj\u00f8r forslagsprosessen smidigere og sikrer at ingenting blir oversett.<\/p>\n\n\n\n<h3 class=\"wp-block-heading\">Bryt ned kostnadene n\u00f8yaktig<\/h3>\n\n\n\n<p>Spesifiser kostnadene dine i klare kategorier, som:<\/p>\n\n\n\n<ul class=\"wp-block-list\">\n<li>Arbeidskraft<\/li>\n\n\n\n<li>Materialer<\/li>\n\n\n\n<li>Leie av utstyr<\/li>\n\n\n\n<li>Overhead- og administrative utgifter<\/li>\n\n\n\n<li>Uforutsette kostnader<\/li>\n<\/ul>\n\n\n\n<p>Bruk en anbudsmal for byggeprosjekter for \u00e5 strukturere kostnadsoversikten din. Dette forbedrer ikke bare klarheten, men gj\u00f8r det ogs\u00e5 lettere for klienten \u00e5 sammenligne anbudet ditt med andre. Hvis kunden ber om et anbud i et spesifikt format, fyll ut det for enklere sammenligning.<\/p>\n\n\n\n<h3 class=\"wp-block-heading\">Inkluder en detaljert arbeidsomfang<\/h3>\n\n\n\n<p>Definer klart hva som er inkludert\u2014og ekskludert\u2014i forslaget ditt. Spesifiser leveranser, materialer som skal brukes, og tidslinjer for hver fase av prosjektet. Dette hjelper med \u00e5 h\u00e5ndtere forventninger og reduserer risikoen for tvister senere.<\/p>\n\n\n\n<h3 class=\"wp-block-heading\">Tilpass for prosjektet<\/h3>\n\n\n\n<p>Unng\u00e5 \u00e5 bruke generiske anbud. Tilpass forslaget ditt til det spesifikke prosjektet ved \u00e5 adressere unike utfordringer eller klientpreferanser. \u00c5 demonstrere en forst\u00e5else av klientens behov \u00f8ker sjansene dine for \u00e5 bli valgt.<\/p>\n\n\n\n<p>Hvis du mangler elementer som er relevante for kunden eller legger til ting som ikke er relevante, vil du enten skuffe kunden eller v\u00e6re utenfor \u00f8nsket prisklasse.<\/p>\n\n\n\n<h3 class=\"wp-block-heading\">Korrekturles og gjennomg\u00e5<\/h3>\n\n\n\n<p>F\u00f8r innlevering, gjennomg\u00e5 forslaget ditt for f\u00f8lgende:<\/p>\n\n\n\n<ul class=\"wp-block-list\">\n<li>Stave- og grammatikkfeil<\/li>\n\n\n\n<li>Manglende eller ufullstendig informasjon<\/li>\n\n\n\n<li>Konsistens i formatering og tall<\/li>\n<\/ul>\n\n\n\n<p>\u00c5 la en kollega eller leder gjennomg\u00e5 forslaget kan fange opp feil du kanskje har oversett.<\/p>\n\n\n\n<h3 class=\"wp-block-heading\">Inkluder vilk\u00e5r og betingelser<\/h3>\n\n\n\n<p>Klart skisser dine vilk\u00e5r, inkludert betalingsplaner, garantipolitikker og hvordan endringer i omfang vil bli h\u00e5ndtert. Disse detaljene beskytter b\u00e5de deg og klienten ved \u00e5 sette klare forventninger.<\/p>\n\n\n\n<h3 class=\"wp-block-heading\">Lever i tide og f\u00f8lg opp<\/h3>\n\n\n\n<p>Lever forslaget ditt innen fristen, og f\u00f8lg eventuelle spesifikke innleveringsinstruksjoner. Etter innlevering, f\u00f8lg opp med klienten for \u00e5 bekrefte mottak og uttrykke din interesse for prosjektet.<\/p>\n\n\n\n<h2 class=\"wp-block-heading\">Konklusjon<\/h2>\n\n\n\n<p>Profesjonelle anbudsmaler for byggeprosjekter gj\u00f8r ikke bare anbudsprosessen mer effektiv, men forbedrer ogs\u00e5 samarbeid og \u00e5penhet. Ved \u00e5 ta i bruk maler som er tilpasset dine prosjektbehov, kan du trygt h\u00e5ndtere anbud og fokusere p\u00e5 det som betyr mest\u2014\u00e5 levere byggeprosjekter av h\u00f8y kvalitet i tide og innenfor budsjett.<\/p>\n\n\n\n<p>Utforsk hvordan Planyards programvare for kostnadsstyring i byggeprosjekter kan komplementere anbudsprosessen din med funksjoner som anbudssporing, sanntids kostnadsoppdateringer og automatiserte arbeidsflyter.<\/p>\n\n\n\n<p><\/p>\n","protected":false},"excerpt":{"rendered":"<p>Effektiviser hvert steg i anbudsprosessen for byggeprosjekter med v\u00e5r samling av profesjonelle, tilpassbare maler. Enten du sammenligner entrepren\u00f8rtilbud, inviterer leverand\u00f8rer til \u00e5 sende inn forslag, eller forbereder detaljerte estimater for en klient, er disse malene designet for \u00e5 spare tid, forbedre n\u00f8yaktigheten og \u00f8ke prosjektets profesjonalitet. Tilgjengelig i Google Sheets, Excel og PDF-formater, v\u00e5re maler&#8230;  <a class=\"excerpt-read-more\" href=\"https:\/\/planyard.com\/no\/mal-for-anbud-i-byggeprosjekter\" title=\"Les  Mal for anbud i byggeprosjekter\">Les mer &laquo;<\/a><\/p>\n","protected":false},"author":3,"featured_media":0,"parent":0,"menu_order":0,"comment_status":"closed","ping_status":"closed","template":"","meta":{"_acf_changed":false,"content-type":"","footnotes":""},"page_intent":[167],"page_type":[],"class_list":["post-13084","page","type-page","status-publish","hentry"],"acf":[],"yoast_head":"<!-- This site is optimized with the Yoast SEO plugin v27.1.1 - https:\/\/yoast.com\/product\/yoast-seo-wordpress\/ -->\n<title>Gratis byggemal for anbud - Planyard Norge<\/title>\n<meta name=\"description\" content=\"Denne byggemalen for anbud hjelper deg med \u00e5 sende profesjonelle anbud til dine klienter og sammenligne anbud fra dine leverand\u00f8rer p\u00e5 en klar m\u00e5te.\" \/>\n<meta name=\"robots\" content=\"index, follow, max-snippet:-1, max-image-preview:large, max-video-preview:-1\" \/>\n<link rel=\"canonical\" href=\"https:\/\/planyard.com\/no\/mal-for-anbud-i-byggeprosjekter\" \/>\n<meta property=\"og:locale\" content=\"nb_NO\" \/>\n<meta property=\"og:type\" content=\"article\" \/>\n<meta property=\"og:title\" content=\"Gratis byggemal for anbud - Planyard Norge\" \/>\n<meta property=\"og:description\" content=\"Denne byggemalen for anbud hjelper deg med \u00e5 sende profesjonelle anbud til dine klienter og sammenligne anbud fra dine leverand\u00f8rer p\u00e5 en klar m\u00e5te.\" \/>\n<meta property=\"og:url\" content=\"https:\/\/planyard.com\/no\/mal-for-anbud-i-byggeprosjekter\" \/>\n<meta property=\"og:site_name\" content=\"Planyard Norge\" \/>\n<meta property=\"article:modified_time\" content=\"2025-05-19T18:43:27+00:00\" \/>\n<meta property=\"og:image\" content=\"https:\/\/planyard.com\/wp-content\/uploads\/2024\/12\/constriction_bidding_templates.png\" \/>\n\t<meta property=\"og:image:width\" content=\"1080\" \/>\n\t<meta property=\"og:image:height\" content=\"1080\" \/>\n\t<meta property=\"og:image:type\" content=\"image\/png\" \/>\n<meta name=\"twitter:card\" content=\"summary_large_image\" \/>\n<meta name=\"twitter:label1\" content=\"Ansl. lesetid\" \/>\n\t<meta name=\"twitter:data1\" content=\"7 minutter\" \/>\n<!-- \/ Yoast SEO plugin. -->","yoast_head_json":{"title":"Gratis byggemal for anbud - Planyard Norge","description":"Denne byggemalen for anbud hjelper deg med \u00e5 sende profesjonelle anbud til dine klienter og sammenligne anbud fra dine leverand\u00f8rer p\u00e5 en klar m\u00e5te.","robots":{"index":"index","follow":"follow","max-snippet":"max-snippet:-1","max-image-preview":"max-image-preview:large","max-video-preview":"max-video-preview:-1"},"canonical":"https:\/\/planyard.com\/no\/mal-for-anbud-i-byggeprosjekter","og_locale":"nb_NO","og_type":"article","og_title":"Gratis byggemal for anbud - Planyard Norge","og_description":"Denne byggemalen for anbud hjelper deg med \u00e5 sende profesjonelle anbud til dine klienter og sammenligne anbud fra dine leverand\u00f8rer p\u00e5 en klar m\u00e5te.","og_url":"https:\/\/planyard.com\/no\/mal-for-anbud-i-byggeprosjekter","og_site_name":"Planyard Norge","article_modified_time":"2025-05-19T18:43:27+00:00","og_image":[{"width":1080,"height":1080,"url":"https:\/\/planyard.com\/wp-content\/uploads\/2024\/12\/constriction_bidding_templates.png","type":"image\/png"}],"twitter_card":"summary_large_image","twitter_misc":{"Ansl. lesetid":"7 minutter"},"schema":{"@context":"https:\/\/schema.org","@graph":[{"@type":"WebPage","@id":"https:\/\/planyard.com\/no\/mal-for-anbud-i-byggeprosjekter","url":"https:\/\/planyard.com\/no\/mal-for-anbud-i-byggeprosjekter","name":"Gratis byggemal for anbud - Planyard Norge","isPartOf":{"@id":"https:\/\/planyard.com\/no#website"},"primaryImageOfPage":{"@id":"https:\/\/planyard.com\/no\/mal-for-anbud-i-byggeprosjekter#primaryimage"},"image":{"@id":"https:\/\/planyard.com\/no\/mal-for-anbud-i-byggeprosjekter#primaryimage"},"thumbnailUrl":"https:\/\/planyard.com\/wp-content\/uploads\/2024\/12\/constriction_bidding_templates.png","datePublished":"2024-12-16T17:39:09+00:00","dateModified":"2025-05-19T18:43:27+00:00","description":"Denne byggemalen for anbud hjelper deg med \u00e5 sende profesjonelle anbud til dine klienter og sammenligne anbud fra dine leverand\u00f8rer p\u00e5 en klar m\u00e5te.","breadcrumb":{"@id":"https:\/\/planyard.com\/no\/mal-for-anbud-i-byggeprosjekter#breadcrumb"},"inLanguage":"nb-NO","potentialAction":[{"@type":"ReadAction","target":["https:\/\/planyard.com\/no\/mal-for-anbud-i-byggeprosjekter"]}]},{"@type":"ImageObject","inLanguage":"nb-NO","@id":"https:\/\/planyard.com\/no\/mal-for-anbud-i-byggeprosjekter#primaryimage","url":"https:\/\/planyard.com\/wp-content\/uploads\/2024\/12\/constriction_bidding_templates.png","contentUrl":"https:\/\/planyard.com\/wp-content\/uploads\/2024\/12\/constriction_bidding_templates.png"},{"@type":"BreadcrumbList","@id":"https:\/\/planyard.com\/no\/mal-for-anbud-i-byggeprosjekter#breadcrumb","itemListElement":[{"@type":"ListItem","position":1,"name":"Home","item":"https:\/\/planyard.com\/no"},{"@type":"ListItem","position":2,"name":"Byggemal for anbud"}]},{"@type":"WebSite","@id":"https:\/\/planyard.com\/no#website","url":"https:\/\/planyard.com\/no","name":"Planyard Norge","description":"","potentialAction":[{"@type":"SearchAction","target":{"@type":"EntryPoint","urlTemplate":"https:\/\/planyard.com\/no?s={search_term_string}"},"query-input":{"@type":"PropertyValueSpecification","valueRequired":true,"valueName":"search_term_string"}}],"inLanguage":"nb-NO"}]}},"_links":{"self":[{"href":"https:\/\/planyard.com\/no\/wp-json\/wp\/v2\/pages\/13084","targetHints":{"allow":["GET"]}}],"collection":[{"href":"https:\/\/planyard.com\/no\/wp-json\/wp\/v2\/pages"}],"about":[{"href":"https:\/\/planyard.com\/no\/wp-json\/wp\/v2\/types\/page"}],"author":[{"embeddable":true,"href":"https:\/\/planyard.com\/no\/wp-json\/wp\/v2\/users\/3"}],"replies":[{"embeddable":true,"href":"https:\/\/planyard.com\/no\/wp-json\/wp\/v2\/comments?post=13084"}],"version-history":[{"count":3,"href":"https:\/\/planyard.com\/no\/wp-json\/wp\/v2\/pages\/13084\/revisions"}],"predecessor-version":[{"id":16290,"href":"https:\/\/planyard.com\/no\/wp-json\/wp\/v2\/pages\/13084\/revisions\/16290"}],"wp:attachment":[{"href":"https:\/\/planyard.com\/no\/wp-json\/wp\/v2\/media?parent=13084"}],"wp:term":[{"taxonomy":"page_intent","embeddable":true,"href":"https:\/\/planyard.com\/no\/wp-json\/wp\/v2\/page_intent?post=13084"},{"taxonomy":"page_type","embeddable":true,"href":"https:\/\/planyard.com\/no\/wp-json\/wp\/v2\/page_type?post=13084"}],"curies":[{"name":"wp","href":"https:\/\/api.w.org\/{rel}","templated":true}]}}