{"id":11542,"date":"2024-09-11T08:50:44","date_gmt":"2024-09-11T08:50:44","guid":{"rendered":"https:\/\/planyard.com\/procore-vs-plangrid"},"modified":"2025-05-19T17:41:52","modified_gmt":"2025-05-19T17:41:52","slug":"procore-versus-plangrid","status":"publish","type":"page","link":"https:\/\/planyard.com\/nl\/procore-versus-plangrid","title":{"rendered":"Procore versus Plangrid"},"content":{"rendered":"\n<p class=\"has-text-align-center\">Volledige vergelijking van Procore en Plangrid. Vergelijk functies, prijzen en alternatieven.<\/p>\n\n\n\n<div class=\"wp-block-columns is-layout-flex wp-container-core-columns-is-layout-9d6595d7 wp-block-columns-is-layout-flex\">\n<div class=\"wp-block-column is-layout-flow wp-block-column-is-layout-flow\" style=\"flex-basis:100%\">\n<div class=\"wp-block-columns is-layout-flex wp-container-core-columns-is-layout-9d6595d7 wp-block-columns-is-layout-flex\">\n<div class=\"wp-block-column is-layout-flow wp-block-column-is-layout-flow\">\n<h4 class=\"wp-block-heading\">Wat is Procore?<\/h4>\n\n\n\n<p><a href=\"https:\/\/procore.com\">Procore<\/a> is een Amerikaans softwarepakket voor het beheer van bouwprojecten met veel verschillende modules.<\/p>\n\n\n\n<p>De software dekt voorbouw, projectbeheer, middelenbeheer en financieel beheer.<\/p>\n<\/div>\n\n\n\n<div class=\"wp-block-column is-layout-flow wp-block-column-is-layout-flow\">\n<h4 class=\"wp-block-heading\">Wat is Plangrid?<\/h4>\n\n\n\n<p><a href=\"https:\/\/www.plangrid.com\/\">Plangrid<\/a> is een productiviteitssoftware voor de bouw.<\/p>\n\n\n\n<p>Het is voornamelijk bedoeld voor het delen van blauwdrukken en andere documenten voor realtime samenwerking.<\/p>\n<\/div>\n\n\n\n<div class=\"wp-block-column is-layout-flow wp-block-column-is-layout-flow\">\n<h4 class=\"wp-block-heading\">Wat is Planyard?<\/h4>\n\n\n\n<p><a href=\"https:\/\/planyard.com\/nl\">Planyard<\/a> is een financieel beheersoftware voor hoofdaannemers die dubbele gegevensinvoer elimineert.<\/p>\n\n\n\n<p>Het stelt gebruikers in staat om budgetten te beheren zonder afhankelijk te zijn van Excel of eindeloze e-mails, terwijl onderaannemers gegevens direct in het systeem kunnen invoeren.<\/p>\n<\/div>\n<\/div>\n<\/div>\n<\/div>\n\n\n\n<h2 class=\"wp-block-heading has-text-align-center\">Vergelijking van functies en prijzen<\/h2>\n\n\n\n<figure class=\"wp-block-table\"><table><tbody><tr><td><\/td><td><img loading=\"lazy\" decoding=\"async\" width=\"118\" height=\"40\" class=\"wp-image-108\" style=\"width: 118px;\" src=\"https:\/\/planyard.com\/wp-content\/uploads\/2024\/07\/Procore_Logo_FC_Black_RGB-1.svg\" alt=\"\"><br><strong>Procore<\/strong><\/td><td><img loading=\"lazy\" decoding=\"async\" width=\"150\" height=\"36\" class=\"wp-image-2299\" style=\"width: 150px;\" src=\"https:\/\/planyard.com\/wp-content\/uploads\/2024\/10\/plangrid.svg\" alt=\"Plangrid\"><br><strong>Plangrid<\/strong><\/td><td><img loading=\"lazy\" decoding=\"async\" width=\"135\" height=\"28\" class=\"wp-image-2040\" style=\"width: 135px;\" src=\"https:\/\/planyard.com\/wp-content\/uploads\/2024\/09\/planyard-logo.svg\" alt=\"\"><br><strong>Planyard<\/strong><\/td><\/tr><tr><td><strong>Gratis proefperiode<\/strong><\/td><td><img decoding=\"async\" src=\"https:\/\/planyard.com\/wp-content\/uploads\/2024\/10\/icons8-delete-30.png\"><\/td><td><\/td><td><img decoding=\"async\" src=\"https:\/\/planyard.com\/wp-content\/uploads\/2024\/10\/icons8-checkmark-30.png\"> <\/td><\/tr><tr><td><strong>Prijzen<\/strong><\/td><td><strong>549 USD per maand<\/strong><br>(met jaarcontract en max 3 mln aan jaarlijkse omzet)<\/td><td><strong>39-119 USD per gebruiker per maand<\/strong><\/td><td><strong>Vanaf 52 USD per gebruiker per maand<\/strong><\/td><\/tr><tr><td><strong>Onbeperkt aantal gebruikers<\/strong><\/td><td><img decoding=\"async\" src=\"https:\/\/planyard.com\/wp-content\/uploads\/2024\/10\/icons8-checkmark-30.png\"><\/td><td><img decoding=\"async\" src=\"https:\/\/planyard.com\/wp-content\/uploads\/2024\/10\/icons8-delete-30.png\"><\/td><td><img decoding=\"async\" src=\"https:\/\/planyard.com\/wp-content\/uploads\/2024\/10\/icons8-checkmark-30.png\"><\/td><\/tr><tr><td><strong>Onbeperkte data<\/strong><\/td><td><img decoding=\"async\" src=\"https:\/\/planyard.com\/wp-content\/uploads\/2024\/10\/icons8-checkmark-30.png\"><\/td><td><img decoding=\"async\" src=\"https:\/\/planyard.com\/wp-content\/uploads\/2024\/10\/icons8-checkmark-30.png\"> (behalve bladen die beperkt zijn per plan)<\/td><td><img decoding=\"async\" src=\"https:\/\/planyard.com\/wp-content\/uploads\/2024\/10\/icons8-checkmark-30.png\"><\/td><\/tr><tr><td><strong>Budgetbewaking<\/strong><\/td><td><img decoding=\"async\" src=\"https:\/\/planyard.com\/wp-content\/uploads\/2024\/10\/icons8-checkmark-30.png\"><\/td><td><img decoding=\"async\" src=\"https:\/\/planyard.com\/wp-content\/uploads\/2024\/10\/icons8-delete-30.png\"><\/td><td><img decoding=\"async\" src=\"https:\/\/planyard.com\/wp-content\/uploads\/2024\/10\/icons8-checkmark-30.png\"><\/td><\/tr><tr><td><strong>Kostenberekening<\/strong><\/td><td><img decoding=\"async\" src=\"https:\/\/planyard.com\/wp-content\/uploads\/2024\/10\/icons8-checkmark-30.png\"><\/td><td><img decoding=\"async\" src=\"https:\/\/planyard.com\/wp-content\/uploads\/2024\/10\/icons8-delete-30.png\"><\/td><td><img decoding=\"async\" src=\"https:\/\/planyard.com\/wp-content\/uploads\/2024\/10\/icons8-checkmark-30.png\"><\/td><\/tr><tr><td><strong>Inschrijvingen<\/strong><\/td><td><img decoding=\"async\" src=\"https:\/\/planyard.com\/wp-content\/uploads\/2024\/10\/icons8-checkmark-30.png\"><\/td><td><img decoding=\"async\" src=\"https:\/\/planyard.com\/wp-content\/uploads\/2024\/10\/icons8-delete-30.png\"><\/td><td><img decoding=\"async\" src=\"https:\/\/planyard.com\/wp-content\/uploads\/2024\/10\/icons8-checkmark-30.png\"><\/td><\/tr><tr><td><strong>Contractbeheer<\/strong><\/td><td><img decoding=\"async\" src=\"https:\/\/planyard.com\/wp-content\/uploads\/2024\/10\/icons8-checkmark-30.png\"><\/td><td><img decoding=\"async\" src=\"https:\/\/planyard.com\/wp-content\/uploads\/2024\/10\/icons8-delete-30.png\"><\/td><td><img decoding=\"async\" src=\"https:\/\/planyard.com\/wp-content\/uploads\/2024\/10\/icons8-checkmark-30.png\"><\/td><\/tr><tr><td><strong>Beheer van wijzigingsopdrachten<\/strong><\/td><td><img decoding=\"async\" src=\"https:\/\/planyard.com\/wp-content\/uploads\/2024\/10\/icons8-checkmark-30.png\"><\/td><td><img decoding=\"async\" src=\"https:\/\/planyard.com\/wp-content\/uploads\/2024\/10\/icons8-delete-30.png\"><\/td><td><img decoding=\"async\" src=\"https:\/\/planyard.com\/wp-content\/uploads\/2024\/10\/icons8-checkmark-30.png\"><\/td><\/tr><tr><td><strong>Facturering van onderaannemers<\/strong><\/td><td><img decoding=\"async\" src=\"https:\/\/planyard.com\/wp-content\/uploads\/2024\/10\/icons8-checkmark-30.png\"><\/td><td><img decoding=\"async\" src=\"https:\/\/planyard.com\/wp-content\/uploads\/2024\/10\/icons8-delete-30.png\"><\/td><td><img decoding=\"async\" src=\"https:\/\/planyard.com\/wp-content\/uploads\/2024\/10\/icons8-checkmark-30.png\"><\/td><\/tr><tr><td><strong>Winstprognoses<\/strong><\/td><td><img decoding=\"async\" src=\"https:\/\/planyard.com\/wp-content\/uploads\/2024\/10\/icons8-checkmark-30.png\"><\/td><td><img decoding=\"async\" src=\"https:\/\/planyard.com\/wp-content\/uploads\/2024\/10\/icons8-delete-30.png\"><\/td><td><img decoding=\"async\" src=\"https:\/\/planyard.com\/wp-content\/uploads\/2024\/10\/icons8-checkmark-30.png\"><\/td><\/tr><tr><td><strong>Planning<\/strong><\/td><td><img decoding=\"async\" src=\"https:\/\/planyard.com\/wp-content\/uploads\/2024\/10\/icons8-checkmark-30.png\"><\/td><td><img decoding=\"async\" src=\"https:\/\/planyard.com\/wp-content\/uploads\/2024\/10\/icons8-delete-30.png\"><\/td><td><img decoding=\"async\" src=\"https:\/\/planyard.com\/wp-content\/uploads\/2024\/10\/icons8-delete-30.png\"><\/td><\/tr><tr><td><strong>BIM<\/strong><\/td><td><img decoding=\"async\" src=\"https:\/\/planyard.com\/wp-content\/uploads\/2024\/10\/icons8-checkmark-30.png\"> (integratie)<\/td><td><img decoding=\"async\" src=\"https:\/\/planyard.com\/wp-content\/uploads\/2024\/10\/icons8-checkmark-30.png\"> (Integratie)<\/td><td><img decoding=\"async\" src=\"https:\/\/planyard.com\/wp-content\/uploads\/2024\/10\/icons8-delete-30.png\"><\/td><\/tr><tr><td><strong>Productiviteit op locatie<\/strong><\/td><td><img decoding=\"async\" src=\"https:\/\/planyard.com\/wp-content\/uploads\/2024\/10\/icons8-checkmark-30.png\"> (Extra kosten)<\/td><td><img decoding=\"async\" src=\"https:\/\/planyard.com\/wp-content\/uploads\/2024\/10\/icons8-checkmark-30.png\"><\/td><td><img decoding=\"async\" src=\"https:\/\/planyard.com\/wp-content\/uploads\/2024\/10\/icons8-delete-30.png\"><\/td><\/tr><tr><td><strong>iOS-app<\/strong><\/td><td><img decoding=\"async\" src=\"https:\/\/planyard.com\/wp-content\/uploads\/2024\/10\/icons8-checkmark-30.png\"><\/td><td><img decoding=\"async\" src=\"https:\/\/planyard.com\/wp-content\/uploads\/2024\/10\/icons8-checkmark-30.png\"><\/td><td><img decoding=\"async\" src=\"https:\/\/planyard.com\/wp-content\/uploads\/2024\/10\/icons8-checkmark-30.png\"><\/td><\/tr><tr><td><strong>Android-app<\/strong><\/td><td><img decoding=\"async\" src=\"https:\/\/planyard.com\/wp-content\/uploads\/2024\/10\/icons8-checkmark-30.png\"><\/td><td><img decoding=\"async\" src=\"https:\/\/planyard.com\/wp-content\/uploads\/2024\/10\/icons8-checkmark-30.png\"><\/td><td><img decoding=\"async\" src=\"https:\/\/planyard.com\/wp-content\/uploads\/2024\/10\/icons8-checkmark-30.png\"><\/td><\/tr><tr><td><strong>Windows mobiele app<\/strong><\/td><td><img decoding=\"async\" src=\"https:\/\/planyard.com\/wp-content\/uploads\/2024\/10\/icons8-checkmark-30.png\"><\/td><td><img decoding=\"async\" src=\"https:\/\/planyard.com\/wp-content\/uploads\/2024\/10\/icons8-checkmark-30.png\"><\/td><td><img decoding=\"async\" src=\"https:\/\/planyard.com\/wp-content\/uploads\/2024\/10\/icons8-delete-30.png\"><\/td><\/tr><tr><td><strong>Outlook-integratie<\/strong><\/td><td><img decoding=\"async\" src=\"https:\/\/planyard.com\/wp-content\/uploads\/2024\/10\/icons8-checkmark-30.png\"><\/td><td><img decoding=\"async\" src=\"https:\/\/planyard.com\/wp-content\/uploads\/2024\/10\/icons8-delete-30.png\"><\/td><td><img decoding=\"async\" src=\"https:\/\/planyard.com\/wp-content\/uploads\/2024\/10\/icons8-checkmark-30.png\"><\/td><\/tr><tr><td><strong>Google Chrome-extensie<\/strong><\/td><td><img decoding=\"async\" src=\"https:\/\/planyard.com\/wp-content\/uploads\/2024\/10\/icons8-delete-30.png\"><\/td><td><img decoding=\"async\" src=\"https:\/\/planyard.com\/wp-content\/uploads\/2024\/10\/icons8-delete-30.png\"><\/td><td><img decoding=\"async\" src=\"https:\/\/planyard.com\/wp-content\/uploads\/2024\/10\/icons8-checkmark-30.png\"><\/td><\/tr><tr><td><strong>Boekhoudintegraties<\/strong><\/td><td><img decoding=\"async\" src=\"https:\/\/planyard.com\/wp-content\/uploads\/2024\/10\/icons8-checkmark-30.png\"><\/td><td><img decoding=\"async\" src=\"https:\/\/planyard.com\/wp-content\/uploads\/2024\/10\/icons8-delete-30.png\"><\/td><td><img decoding=\"async\" src=\"https:\/\/planyard.com\/wp-content\/uploads\/2024\/10\/icons8-checkmark-30.png\"><\/td><\/tr><tr><td><strong>Ondersteuning<\/strong><\/td><td><img decoding=\"async\" src=\"https:\/\/planyard.com\/wp-content\/uploads\/2024\/10\/icons8-checkmark-30.png\"><\/td><td><img decoding=\"async\" src=\"https:\/\/planyard.com\/wp-content\/uploads\/2024\/10\/icons8-checkmark-30.png\"><\/td><td><img decoding=\"async\" src=\"https:\/\/planyard.com\/wp-content\/uploads\/2024\/10\/icons8-checkmark-30.png\"><\/td><\/tr><\/tbody><\/table><\/figure>\n\n\n\n<h2 class=\"wp-block-heading has-text-align-center\">Voordelen van Planyard<\/h2>\n\n\n\n<div class=\"wp-block-columns is-layout-flex wp-container-core-columns-is-layout-9d6595d7 wp-block-columns-is-layout-flex\">\n<div class=\"wp-block-column is-layout-flow wp-block-column-is-layout-flow\">\n<p><strong>Weet of een project winstgevend is voordat het is afgerond<\/strong><\/p>\n\n\n\n<p><strong>Detecteer schattings- en ontwerpfouten<\/strong><\/p>\n<\/div>\n\n\n\n<div class=\"wp-block-column is-layout-flow wp-block-column-is-layout-flow\">\n<p><strong>Bespaar 3-5 dagen per maand per projectmanager<\/strong><\/p>\n\n\n\n<p><strong>Elimineer handmatige invoer en knip-en-plakwerk<\/strong><\/p>\n<\/div>\n\n\n\n<div class=\"wp-block-column is-layout-flow wp-block-column-is-layout-flow\">\n<p><strong>Standaardiseer de processen en zorg voor naleving<\/strong><\/p>\n\n\n\n<p><strong>Laat niets tussen de mazen van het net vallen<\/strong><\/p>\n<\/div>\n<\/div>\n\n\n\n<figure class=\"wp-block-image size-full\"><img loading=\"lazy\" decoding=\"async\" width=\"1600\" height=\"953\" src=\"https:\/\/planyard.com\/wp-content\/uploads\/2024\/08\/Planyard-budget-dashboard-2.png\" alt=\"\" class=\"wp-image-1684\" srcset=\"https:\/\/planyard.com\/wp-content\/uploads\/2024\/08\/Planyard-budget-dashboard-2.png 1600w, https:\/\/planyard.com\/wp-content\/uploads\/2024\/08\/Planyard-budget-dashboard-2-1536x915.png 1536w\" sizes=\"auto, (max-width: 1600px) 100vw, 1600px\" \/><\/figure>\n\n\n\n<h2 class=\"wp-block-heading\">Ontworpen voor projectmanagers<\/h2>\n\n\n\n<p>Je hoeft geen weken te besteden aan het leren ervan, Planyard werkt zoals projectmanagers echt werken<\/p>\n\n\n\n<ul class=\"wp-block-list\">\n<li>Schat, volg en voorspel je budget.<\/li>\n\n\n\n<li>Verzamel biedingen, voortgangsrapporten, wijzigingsopdrachten en facturen van onderaannemers.<\/li>\n\n\n\n<li>Houd alles onderling verbonden.<\/li>\n\n\n\n<li>Volg de winstgevendheid van je project in realtime.<\/li>\n\n\n\n<li>Houd de boekhouding automatisch gesynchroniseerd.<\/li>\n<\/ul>\n\n\n\n<div class=\"wp-block-buttons is-layout-flex wp-block-buttons-is-layout-flex\">\n<div class=\"wp-block-button is-style-fill\"><a class=\"wp-block-button__link has-background wp-element-button\" href=\"https:\/\/app.planyard.com\/#\/signup\" style=\"background-color:#2756ff\">Probeer Gratis<\/a><\/div>\n<\/div>\n\n\n\n<figure class=\"wp-block-image size-full\"><img loading=\"lazy\" decoding=\"async\" width=\"1024\" height=\"503\" src=\"https:\/\/planyard.com\/wp-content\/uploads\/2024\/09\/planyard-for-management-1024x503-1.png\" alt=\"\" class=\"wp-image-1965\"\/><\/figure>\n\n\n\n<h2 class=\"wp-block-heading has-text-align-center\">Werkt voor het management<\/h2>\n\n\n\n<p>Standaardiseer je kostenbeheerprocessen en zorg voor naleving binnen het hele bedrijf.<\/p>\n\n\n\n<ul class=\"wp-block-list\">\n<li>Krijg een realtime overzicht van je volledige projectportfolio.<\/li>\n\n\n\n<li>Houd alle gegevens in \u00e9\u00e9n strak ge\u00efntegreerd systeem.<\/li>\n\n\n\n<li>Voorspel winstgevendheid en cashflow.<\/li>\n<\/ul>\n\n\n\n<div class=\"wp-block-buttons is-layout-flex wp-block-buttons-is-layout-flex\">\n<div class=\"wp-block-button\"><a class=\"wp-block-button__link has-background wp-element-button\" style=\"background-color:#2756ff\">Vraag een demo aan<\/a><\/div>\n<\/div>\n\n\n\n<p><\/p>\n","protected":false},"excerpt":{"rendered":"<p>Volledige vergelijking van Procore en Plangrid. Vergelijk functies, prijzen en alternatieven. Wat is Procore? Procore is een Amerikaans softwarepakket voor het beheer van bouwprojecten met veel verschillende modules. De software dekt voorbouw, projectbeheer, middelenbeheer en financieel beheer. Wat is Plangrid? Plangrid is een productiviteitssoftware voor de bouw. Het is voornamelijk bedoeld voor het delen van&#8230;  <a class=\"excerpt-read-more\" href=\"https:\/\/planyard.com\/nl\/procore-versus-plangrid\" title=\"Lees  Procore versus Plangrid\">Lees meer &#8220;<\/a><\/p>\n","protected":false},"author":5,"featured_media":0,"parent":0,"menu_order":0,"comment_status":"closed","ping_status":"closed","template":"","meta":{"_acf_changed":false,"content-type":"","footnotes":""},"page_intent":[207],"page_type":[],"class_list":["post-11542","page","type-page","status-publish","hentry"],"acf":[],"yoast_head":"<!-- This site is optimized with the Yoast SEO plugin v27.1.1 - https:\/\/yoast.com\/product\/yoast-seo-wordpress\/ -->\n<title>Procore versus Plangrid bouwsoftware vergelijking - Planyard Nederland<\/title>\n<meta name=\"description\" content=\"Procore versus PlanGrid bouwsoftware vergeleken. Zie wat de verschillen en overeenkomsten zijn tussen de twee.\" \/>\n<meta name=\"robots\" content=\"index, follow, max-snippet:-1, max-image-preview:large, max-video-preview:-1\" \/>\n<link rel=\"canonical\" href=\"https:\/\/planyard.com\/nl\/procore-versus-plangrid\" \/>\n<meta property=\"og:locale\" content=\"nl_NL\" \/>\n<meta property=\"og:type\" content=\"article\" \/>\n<meta property=\"og:title\" content=\"Procore versus Plangrid bouwsoftware vergelijking - Planyard Nederland\" \/>\n<meta property=\"og:description\" content=\"Procore versus PlanGrid bouwsoftware vergeleken. Zie wat de verschillen en overeenkomsten zijn tussen de twee.\" \/>\n<meta property=\"og:url\" content=\"https:\/\/planyard.com\/nl\/procore-versus-plangrid\" \/>\n<meta property=\"og:site_name\" content=\"Planyard Nederland\" \/>\n<meta property=\"article:modified_time\" content=\"2025-05-19T17:41:52+00:00\" \/>\n<meta name=\"twitter:card\" content=\"summary_large_image\" \/>\n<meta name=\"twitter:label1\" content=\"Geschatte leestijd\" \/>\n\t<meta name=\"twitter:data1\" content=\"15 minuten\" \/>\n<!-- \/ Yoast SEO plugin. -->","yoast_head_json":{"title":"Procore versus Plangrid bouwsoftware vergelijking - Planyard Nederland","description":"Procore versus PlanGrid bouwsoftware vergeleken. Zie wat de verschillen en overeenkomsten zijn tussen de twee.","robots":{"index":"index","follow":"follow","max-snippet":"max-snippet:-1","max-image-preview":"max-image-preview:large","max-video-preview":"max-video-preview:-1"},"canonical":"https:\/\/planyard.com\/nl\/procore-versus-plangrid","og_locale":"nl_NL","og_type":"article","og_title":"Procore versus Plangrid bouwsoftware vergelijking - Planyard Nederland","og_description":"Procore versus PlanGrid bouwsoftware vergeleken. Zie wat de verschillen en overeenkomsten zijn tussen de twee.","og_url":"https:\/\/planyard.com\/nl\/procore-versus-plangrid","og_site_name":"Planyard Nederland","article_modified_time":"2025-05-19T17:41:52+00:00","twitter_card":"summary_large_image","twitter_misc":{"Geschatte leestijd":"15 minuten"},"schema":{"@context":"https:\/\/schema.org","@graph":[{"@type":"WebPage","@id":"https:\/\/planyard.com\/nl\/procore-versus-plangrid","url":"https:\/\/planyard.com\/nl\/procore-versus-plangrid","name":"Procore versus Plangrid bouwsoftware vergelijking - Planyard Nederland","isPartOf":{"@id":"https:\/\/planyard.com\/nl#website"},"primaryImageOfPage":{"@id":"https:\/\/planyard.com\/nl\/procore-versus-plangrid#primaryimage"},"image":{"@id":"https:\/\/planyard.com\/nl\/procore-versus-plangrid#primaryimage"},"thumbnailUrl":"https:\/\/planyard.com\/wp-content\/uploads\/2024\/07\/Procore_Logo_FC_Black_RGB-1.svg","datePublished":"2024-09-11T08:50:44+00:00","dateModified":"2025-05-19T17:41:52+00:00","description":"Procore versus PlanGrid bouwsoftware vergeleken. Zie wat de verschillen en overeenkomsten zijn tussen de twee.","breadcrumb":{"@id":"https:\/\/planyard.com\/nl\/procore-versus-plangrid#breadcrumb"},"inLanguage":"nl-NL","potentialAction":[{"@type":"ReadAction","target":["https:\/\/planyard.com\/nl\/procore-versus-plangrid"]}]},{"@type":"ImageObject","inLanguage":"nl-NL","@id":"https:\/\/planyard.com\/nl\/procore-versus-plangrid#primaryimage","url":"https:\/\/planyard.com\/wp-content\/uploads\/2024\/07\/Procore_Logo_FC_Black_RGB-1.svg","contentUrl":"https:\/\/planyard.com\/wp-content\/uploads\/2024\/07\/Procore_Logo_FC_Black_RGB-1.svg"},{"@type":"BreadcrumbList","@id":"https:\/\/planyard.com\/nl\/procore-versus-plangrid#breadcrumb","itemListElement":[{"@type":"ListItem","position":1,"name":"Home","item":"https:\/\/planyard.com\/nl"},{"@type":"ListItem","position":2,"name":"Procore versus Plangrid"}]},{"@type":"WebSite","@id":"https:\/\/planyard.com\/nl#website","url":"https:\/\/planyard.com\/nl","name":"Planyard Nederland","description":"","potentialAction":[{"@type":"SearchAction","target":{"@type":"EntryPoint","urlTemplate":"https:\/\/planyard.com\/nl?s={search_term_string}"},"query-input":{"@type":"PropertyValueSpecification","valueRequired":true,"valueName":"search_term_string"}}],"inLanguage":"nl-NL"}]}},"_links":{"self":[{"href":"https:\/\/planyard.com\/nl\/wp-json\/wp\/v2\/pages\/11542","targetHints":{"allow":["GET"]}}],"collection":[{"href":"https:\/\/planyard.com\/nl\/wp-json\/wp\/v2\/pages"}],"about":[{"href":"https:\/\/planyard.com\/nl\/wp-json\/wp\/v2\/types\/page"}],"author":[{"embeddable":true,"href":"https:\/\/planyard.com\/nl\/wp-json\/wp\/v2\/users\/5"}],"replies":[{"embeddable":true,"href":"https:\/\/planyard.com\/nl\/wp-json\/wp\/v2\/comments?post=11542"}],"version-history":[{"count":3,"href":"https:\/\/planyard.com\/nl\/wp-json\/wp\/v2\/pages\/11542\/revisions"}],"predecessor-version":[{"id":16063,"href":"https:\/\/planyard.com\/nl\/wp-json\/wp\/v2\/pages\/11542\/revisions\/16063"}],"wp:attachment":[{"href":"https:\/\/planyard.com\/nl\/wp-json\/wp\/v2\/media?parent=11542"}],"wp:term":[{"taxonomy":"page_intent","embeddable":true,"href":"https:\/\/planyard.com\/nl\/wp-json\/wp\/v2\/page_intent?post=11542"},{"taxonomy":"page_type","embeddable":true,"href":"https:\/\/planyard.com\/nl\/wp-json\/wp\/v2\/page_type?post=11542"}],"curies":[{"name":"wp","href":"https:\/\/api.w.org\/{rel}","templated":true}]}}