{"id":12217,"date":"2025-02-11T10:07:11","date_gmt":"2025-02-11T10:07:11","guid":{"rendered":"https:\/\/planyard.com\/procore-financials-alternative-planyard"},"modified":"2025-05-19T18:14:03","modified_gmt":"2025-05-19T18:14:03","slug":"alternative-procore-financials-planyard","status":"publish","type":"page","link":"https:\/\/planyard.com\/fr\/alternative-procore-financials-planyard","title":{"rendered":"Pourquoi les petits entrepreneurs s&rsquo;\u00e9loignent de Procore Financials"},"content":{"rendered":"\n<p>De nombreux&nbsp;<strong>petits entrepreneurs<\/strong>, qu&rsquo;ils \u00e9valuent ou utilisent Procore Financials, le trouvent&nbsp;<strong>trop cher et trop complexe<\/strong>&nbsp;pour leurs besoins.<\/p>\n\n\n\n<p>Bien que Procore propose des&nbsp;<strong>outils de budg\u00e9tisation, d&rsquo;engagements et de gestion des variations<\/strong>, de nombreux entrepreneurs disent qu&rsquo;ils viennent&nbsp;<strong>avec des extras inutiles<\/strong>&nbsp;qui rendent le logiciel&nbsp;<strong>difficile \u00e0 utiliser<\/strong>.<\/p>\n\n\n\n<p>Un&nbsp;<strong>petit entrepreneur principal<\/strong>&nbsp;a partag\u00e9 :<\/p>\n\n\n\n<blockquote class=\"wp-block-quote is-layout-flow wp-block-quote-is-layout-flow\">\n<p><em>\u00ab Les frais de Procore sont absolument insens\u00e9s. Leur outil de budg\u00e9tisation est excellent, mais je n&rsquo;ai pas besoin de tous les extras qu&rsquo;ils y ajoutent. \u00bb<\/em>&nbsp;\u2013 Un&nbsp;<strong>petit entrepreneur principal<\/strong>&nbsp;en Californie du Sud\u200b<\/p>\n<\/blockquote>\n\n\n\n<p>De plus, passer&nbsp;<strong>\u00e0 Procore ou en sortir est un cauchemar<\/strong>, renfor\u00e7ant le besoin d&rsquo;une&nbsp;<strong>alternative plus flexible et \u00e9conomique<\/strong>.<\/p>\n\n\n\n<p>Au lieu de&nbsp;<strong>perdre du temps en appels commerciaux, r\u00e9unions de mise en \u0153uvre longues et frais de licence \u00e0 cinq ou six chiffres<\/strong>, ce guide expliquera pourquoi les petits entrepreneurs choisissent<strong>&nbsp;Planyard plut\u00f4t que Procore Financials<\/strong>.<\/p>\n\n\n\n<h2 class=\"wp-block-heading\" id=\"two\">Qu&rsquo;est-ce que Procore Financials ?<\/h2>\n\n\n\n<p><strong>Procore Financials<\/strong>&nbsp;fait partie de la&nbsp;<strong>suite de gestion de construction Procore<\/strong>, offrant des outils pour&nbsp;<strong>la budg\u00e9tisation, le suivi des co\u00fbts et la pr\u00e9vision<\/strong>.<\/p>\n\n\n\n<p>Cependant, le&nbsp;<strong>module financier de Procore est con\u00e7u pour les grandes entreprises<\/strong>&nbsp;et vient avec&nbsp;<strong>des co\u00fbts \u00e9lev\u00e9s et une courbe d&rsquo;apprentissage abrupte<\/strong>\u2014deux probl\u00e8mes majeurs pour&nbsp;<strong>les petits et moyens entrepreneurs<\/strong>.<\/p>\n\n\n\n<p>Contenu connexe :<br><a href=\"https:\/\/planyard.com\/blog\/procore-quickbooks-integration-comparison\">Int\u00e9gration Procore QuickBooks<\/a><br><a href=\"https:\/\/planyard.com\/fr\/procore-trop-cher\">Comment fonctionne la tarification de Procore<\/a><\/p>\n\n\n\n<h2 class=\"wp-block-heading\" id=\"three\">Qu&rsquo;est-ce que Planyard ?<\/h2>\n\n\n\n<p><strong>Planyard<\/strong>&nbsp;est un&nbsp;<strong>syst\u00e8me de gestion financi\u00e8re de la construction<\/strong>&nbsp;con\u00e7u pour&nbsp;<strong>les petits entrepreneurs<\/strong>&nbsp;qui ont besoin&nbsp;<strong>d&rsquo;une alternative simple et efficace \u00e0 Procore Financials<\/strong>.<\/p>\n\n\n\n<p>Planyard&nbsp;<strong>s&rsquo;int\u00e8gre parfaitement<\/strong>&nbsp;avec&nbsp;<strong><a href=\"https:\/\/planyard.com\/fr\/integration-gestion-couts-projet-quickbooks\">QuickBooks<\/a>,&nbsp;<a href=\"https:\/\/planyard.com\/fr\/integration-xero-construction\">Xero<\/a>,&nbsp;<a href=\"https:\/\/planyard.com\/fr\/integration-myob-comptabilite-construction\">MYOB<\/a>, et&nbsp;<a href=\"https:\/\/planyard.com\/fr\/integration-sage-planyard-logiciel-construction\">Sage<\/a><\/strong>, assurant&nbsp;<strong>un suivi financier en temps r\u00e9el<\/strong>&nbsp;sans outils tiers.<\/p>\n\n\n\n<p>Con\u00e7u par des&nbsp;<strong>gestionnaires de projet<\/strong>, Planyard simplifie :<br>\u2714&nbsp;<strong>La budg\u00e9tisation<\/strong>&nbsp;et le suivi des co\u00fbts<br>\u2714&nbsp;<strong>La facturation<\/strong>&nbsp;et les paiements des sous-traitants<br>\u2714&nbsp;<strong>La pr\u00e9vision en temps r\u00e9el<\/strong><br>\u2714&nbsp;<strong>La gestion des variations<\/strong><\/p>\n\n\n\n<figure class=\"wp-block-image\"><img loading=\"lazy\" decoding=\"async\" width=\"1202\" height=\"622\" src=\"https:\/\/planyard.com\/wp-content\/uploads\/2025\/02\/image.png\" alt=\"\" class=\"wp-image-8901\"\/><\/figure>\n\n\n\n<h2 class=\"wp-block-heading\" id=\"four\">Pourquoi les petits entrepreneurs choisissent Planyard plut\u00f4t que Procore Financials<\/h2>\n\n\n\n<h3 class=\"wp-block-heading\">1. Procore Financials est trop rigide<\/h3>\n\n\n\n<p>De nombreux entrepreneurs se plaignent que Procore&nbsp;<strong>les oblige \u00e0 suivre une structure de code de co\u00fbt stricte<\/strong>, rendant le suivi des co\u00fbts&nbsp;<strong>frustrant et inefficace<\/strong>.<\/p>\n\n\n\n<ul class=\"wp-block-list\">\n<li><strong>Un constructeur de maisons en Australie<\/strong>&nbsp;a eu des difficult\u00e9s car Procore&nbsp;<strong>n&rsquo;autorise pas l&rsquo;utilisation multiple des codes de co\u00fbt<\/strong>, rendant&nbsp;<strong>impossible le suivi des d\u00e9penses sp\u00e9cifiques<\/strong>\u200b.<\/li>\n\n\n\n<li><strong>Un entrepreneur sp\u00e9cialis\u00e9 au Canada<\/strong>&nbsp;a d\u00fb&nbsp;<strong>synchroniser manuellement les d\u00e9penses avec QuickBooks<\/strong>, ce qui a entra\u00een\u00e9 des erreurs et une perte de temps\u200b.<\/li>\n<\/ul>\n\n\n\n<p>\u2714&nbsp;<strong>Comment Planyard r\u00e9sout ce probl\u00e8me :<\/strong><\/p>\n\n\n\n<ul class=\"wp-block-list\">\n<li>Utilisez&nbsp;<strong>les codes de co\u00fbt de mani\u00e8re flexible<\/strong>\u2014attribuez-les plusieurs fois si n\u00e9cessaire.<\/li>\n\n\n\n<li><strong>Mises \u00e0 jour budg\u00e9taires en temps r\u00e9el<\/strong>\u2014pas besoin de r\u00e9conciliation manuelle.<\/li>\n<\/ul>\n\n\n\n<h3 class=\"wp-block-heading\">2. Procore enferme les entreprises dans son syst\u00e8me<\/h3>\n\n\n\n<p>Passer \u00e0 ou quitter Procore est&nbsp;<strong>un cauchemar<\/strong>&nbsp;en raison de&nbsp;<strong>l&rsquo;enchev\u00eatrement complexe des donn\u00e9es<\/strong>.<\/p>\n\n\n\n<ul class=\"wp-block-list\">\n<li>Un&nbsp;<strong>petit entrepreneur principal<\/strong>&nbsp;a vu deux entreprises avoir des difficult\u00e9s \u00e0 mettre en \u0153uvre Procore, et une autre a essay\u00e9 de partir, ce qui&nbsp;<strong>est devenu un d\u00e9sastre<\/strong>\u200b.<\/li>\n<\/ul>\n\n\n\n<p>\u2714&nbsp;<strong>Comment Planyard r\u00e9sout ce probl\u00e8me :<\/strong><\/p>\n\n\n\n<ul class=\"wp-block-list\">\n<li><strong>Int\u00e9gration simple<\/strong>\u2014importez vos budgets existants depuis Excel.<\/li>\n\n\n\n<li><strong>Facilit\u00e9 de sortie<\/strong>\u2014vos donn\u00e9es sont&nbsp;<strong>toujours exportables<\/strong>, vous n&rsquo;\u00eates donc jamais enferm\u00e9.<\/li>\n<\/ul>\n\n\n\n<h3 class=\"wp-block-heading\"><strong>3. Les petits entrepreneurs sont coinc\u00e9s avec Excel faute d&rsquo;alternatives<\/strong><\/h3>\n\n\n\n<p>De nombreux entrepreneurs reviennent \u00e0&nbsp;<strong>Excel pour la budg\u00e9tisation<\/strong>&nbsp;car la plupart des outils financiers sont&nbsp;<strong>trop chers ou trop complexes<\/strong>.<\/p>\n\n\n\n<ul class=\"wp-block-list\">\n<li>Les feuilles de calcul&nbsp;<strong>dispersent les donn\u00e9es sur plusieurs onglets<\/strong>, rendant&nbsp;<strong>le suivi en temps r\u00e9el difficile<\/strong>.<\/li>\n<\/ul>\n\n\n\n<p>\u2714&nbsp;<strong>Comment Planyard r\u00e9sout ce probl\u00e8me :<\/strong><\/p>\n\n\n\n<ul class=\"wp-block-list\">\n<li><strong>Importation de budget en un clic<\/strong>&nbsp;depuis Excel.<\/li>\n\n\n\n<li><strong>Suivi de projet en temps r\u00e9el pour tous les travaux sur un seul tableau de bord<\/strong>.<\/li>\n<\/ul>\n\n\n\n<h3 class=\"wp-block-heading\"><strong>4. Procore n\u00e9cessite des int\u00e9grations tierces pour les syst\u00e8mes comptables<\/strong><\/h3>\n\n\n\n<p>Un&nbsp;<strong>petit entrepreneur g\u00e9n\u00e9ral<\/strong>&nbsp;a sp\u00e9cifiquement cherch\u00e9 un&nbsp;<strong>outil de budg\u00e9tisation avec int\u00e9gration native QuickBooks<\/strong>\u200b.<\/p>\n\n\n\n<ul class=\"wp-block-list\">\n<li>Procore n\u00e9cessite&nbsp;<strong>des connecteurs tiers comme&nbsp;<\/strong><a href=\"https:\/\/planyard.com\/blog\/procore-quickbooks-integration-comparison\"><strong>SmoothLink<\/strong>&nbsp;pour se synchroniser avec QuickBooks<\/a>.<\/li>\n<\/ul>\n\n\n\n<p>\u2714&nbsp;<strong>Comment Planyard r\u00e9sout ce probl\u00e8me :<\/strong><\/p>\n\n\n\n<ul class=\"wp-block-list\">\n<li><strong>Int\u00e9gration native avec QuickBooks, Xero, MYOB et Sage<\/strong>&nbsp;(pas besoin d&rsquo;outils tiers).<\/li>\n\n\n\n<li><strong>Les factures sont automatiquement scann\u00e9es, associ\u00e9es aux budgets et synchronis\u00e9es<\/strong>.<\/li>\n<\/ul>\n\n\n\n<h2 class=\"wp-block-heading\" id=\"five\">Planyard vs. Procore Financials : Comparaison des fonctionnalit\u00e9s<\/h2>\n\n\n\n<figure class=\"wp-block-table\"><table class=\"has-fixed-layout\"><thead><tr><th>Fonctionnalit\u00e9<\/th><th><strong>Planyard<\/strong><\/th><th><strong>Procore Financials<\/strong><\/th><\/tr><\/thead><tbody><tr><td><strong>Facilit\u00e9 d&rsquo;utilisation<\/strong><\/td><td>\u2705 Simple et intuitif<\/td><td>\u274c Complexe, courbe d&rsquo;apprentissage abrupte<\/td><\/tr><tr><td><strong>Flexibilit\u00e9 des codes de co\u00fbt<\/strong><\/td><td>\u2705 Utilisation multiple des codes de co\u00fbt<\/td><td>\u274c Un code de co\u00fbt par \u00e9l\u00e9ment<\/td><\/tr><tr><td><strong>Budg\u00e9tisation et pr\u00e9vision<\/strong><\/td><td>\u2705 Mises \u00e0 jour en temps r\u00e9el<\/td><td>\u274c N\u00e9cessite une saisie manuelle<\/td><\/tr><tr><td><strong>Int\u00e9gration comptable<\/strong><\/td><td>\u2705 QuickBooks, Xero, MYOB, Sage<\/td><td>\u274c N\u00e9cessite des outils tiers<\/td><\/tr><tr><td><strong>Tarification<\/strong><\/td><td>\u2705 Abordable pour les petites \u00e9quipes<\/td><td>\u274c Cher, devis personnalis\u00e9 requis<\/td><\/tr><tr><td><strong>Int\u00e9gration<\/strong><\/td><td>\u2705 Configuration rapide (heures, pas semaines)<\/td><td>\u274c N\u00e9cessite une formation approfondie<\/td><\/tr><\/tbody><\/table><\/figure>\n\n\n\n<h2 class=\"wp-block-heading\" id=\"six\">Essayez Planyard gratuitement d\u00e8s aujourd&rsquo;hui<\/h2>\n\n\n\n<p>Si vous \u00eates&nbsp;<strong>fatigu\u00e9 de la complexit\u00e9 de Procore Financials<\/strong>&nbsp;et souhaitez&nbsp;<strong>une fa\u00e7on plus intelligente de g\u00e9rer vos budgets de construction<\/strong>, essayez&nbsp;<strong>Planyard gratuitement pendant 14 jours<\/strong>&nbsp;\u2013 sans carte de cr\u00e9dit requise !<\/p>\n\n\n\n<p>\ud83d\udc49&nbsp;<strong><a href=\"https:\/\/planyard.com\/fr\/logiciel-budget-construction\">Commencez l&rsquo;essai gratuit<\/a><\/strong><\/p>\n\n\n\n<p><\/p>\n","protected":false},"excerpt":{"rendered":"<p>De nombreux&nbsp;petits entrepreneurs, qu&rsquo;ils \u00e9valuent ou utilisent Procore Financials, le trouvent&nbsp;trop cher et trop complexe&nbsp;pour leurs besoins. Bien que Procore propose des&nbsp;outils de budg\u00e9tisation, d&rsquo;engagements et de gestion des variations, de nombreux entrepreneurs disent qu&rsquo;ils viennent&nbsp;avec des extras inutiles&nbsp;qui rendent le logiciel&nbsp;difficile \u00e0 utiliser. Un&nbsp;petit entrepreneur principal&nbsp;a partag\u00e9 : \u00ab Les frais de Procore sont&#8230;  <a class=\"excerpt-read-more\" href=\"https:\/\/planyard.com\/fr\/alternative-procore-financials-planyard\" title=\"Lire  Pourquoi les petits entrepreneurs s&rsquo;\u00e9loignent de Procore Financials\">Lire la suite \u00ab\u00a0<\/a><\/p>\n","protected":false},"author":4,"featured_media":0,"parent":0,"menu_order":0,"comment_status":"closed","ping_status":"closed","template":"","meta":{"_acf_changed":false,"content-type":"","footnotes":""},"page_intent":[194],"page_type":[],"class_list":["post-12217","page","type-page","status-publish","hentry"],"acf":[],"yoast_head":"<!-- This site is optimized with the Yoast SEO plugin v26.9 - https:\/\/yoast.com\/product\/yoast-seo-wordpress\/ -->\n<title>Alternative \u00e0 Procore Financials pour les petits entrepreneurs : Planyard<\/title>\n<meta name=\"description\" content=\"Vous cherchez une alternative \u00e0 Procore Financials ? D\u00e9couvrez pourquoi Planyard est le meilleur choix pour les petits entrepreneurs cherchant une gestion des co\u00fbts de construction simple et efficace.\" \/>\n<meta name=\"robots\" content=\"index, follow, max-snippet:-1, max-image-preview:large, max-video-preview:-1\" \/>\n<link rel=\"canonical\" href=\"https:\/\/planyard.com\/fr\/alternative-procore-financials-planyard\" \/>\n<meta property=\"og:locale\" content=\"fr_FR\" \/>\n<meta property=\"og:type\" content=\"article\" \/>\n<meta property=\"og:title\" content=\"Alternative \u00e0 Procore Financials pour les petits entrepreneurs : Planyard\" \/>\n<meta property=\"og:description\" content=\"Vous cherchez une alternative \u00e0 Procore Financials ? D\u00e9couvrez pourquoi Planyard est le meilleur choix pour les petits entrepreneurs cherchant une gestion des co\u00fbts de construction simple et efficace.\" \/>\n<meta property=\"og:url\" content=\"https:\/\/planyard.com\/fr\/alternative-procore-financials-planyard\" \/>\n<meta property=\"og:site_name\" content=\"Planyard France\" \/>\n<meta property=\"article:modified_time\" content=\"2025-05-19T18:14:03+00:00\" \/>\n<meta property=\"og:image\" content=\"https:\/\/planyard.com\/wp-content\/uploads\/2025\/02\/image.png\" \/>\n\t<meta property=\"og:image:width\" content=\"1202\" \/>\n\t<meta property=\"og:image:height\" content=\"622\" \/>\n\t<meta property=\"og:image:type\" content=\"image\/png\" \/>\n<meta name=\"twitter:card\" content=\"summary_large_image\" \/>\n<meta name=\"twitter:label1\" content=\"Dur\u00e9e de lecture estim\u00e9e\" \/>\n\t<meta name=\"twitter:data1\" content=\"4 minutes\" \/>\n<!-- \/ Yoast SEO plugin. -->","yoast_head_json":{"title":"Alternative \u00e0 Procore Financials pour les petits entrepreneurs : Planyard","description":"Vous cherchez une alternative \u00e0 Procore Financials ? D\u00e9couvrez pourquoi Planyard est le meilleur choix pour les petits entrepreneurs cherchant une gestion des co\u00fbts de construction simple et efficace.","robots":{"index":"index","follow":"follow","max-snippet":"max-snippet:-1","max-image-preview":"max-image-preview:large","max-video-preview":"max-video-preview:-1"},"canonical":"https:\/\/planyard.com\/fr\/alternative-procore-financials-planyard","og_locale":"fr_FR","og_type":"article","og_title":"Alternative \u00e0 Procore Financials pour les petits entrepreneurs : Planyard","og_description":"Vous cherchez une alternative \u00e0 Procore Financials ? D\u00e9couvrez pourquoi Planyard est le meilleur choix pour les petits entrepreneurs cherchant une gestion des co\u00fbts de construction simple et efficace.","og_url":"https:\/\/planyard.com\/fr\/alternative-procore-financials-planyard","og_site_name":"Planyard France","article_modified_time":"2025-05-19T18:14:03+00:00","og_image":[{"width":1202,"height":622,"url":"https:\/\/planyard.com\/wp-content\/uploads\/2025\/02\/image.png","type":"image\/png"}],"twitter_card":"summary_large_image","twitter_misc":{"Dur\u00e9e de lecture estim\u00e9e":"4 minutes"},"schema":{"@context":"https:\/\/schema.org","@graph":[{"@type":"WebPage","@id":"https:\/\/planyard.com\/fr\/alternative-procore-financials-planyard","url":"https:\/\/planyard.com\/fr\/alternative-procore-financials-planyard","name":"Alternative \u00e0 Procore Financials pour les petits entrepreneurs : Planyard","isPartOf":{"@id":"https:\/\/planyard.com\/fr#website"},"primaryImageOfPage":{"@id":"https:\/\/planyard.com\/fr\/alternative-procore-financials-planyard#primaryimage"},"image":{"@id":"https:\/\/planyard.com\/fr\/alternative-procore-financials-planyard#primaryimage"},"thumbnailUrl":"https:\/\/planyard.com\/wp-content\/uploads\/2025\/02\/image.png","datePublished":"2025-02-11T10:07:11+00:00","dateModified":"2025-05-19T18:14:03+00:00","description":"Vous cherchez une alternative \u00e0 Procore Financials ? D\u00e9couvrez pourquoi Planyard est le meilleur choix pour les petits entrepreneurs cherchant une gestion des co\u00fbts de construction simple et efficace.","breadcrumb":{"@id":"https:\/\/planyard.com\/fr\/alternative-procore-financials-planyard#breadcrumb"},"inLanguage":"fr-FR","potentialAction":[{"@type":"ReadAction","target":["https:\/\/planyard.com\/fr\/alternative-procore-financials-planyard"]}]},{"@type":"ImageObject","inLanguage":"fr-FR","@id":"https:\/\/planyard.com\/fr\/alternative-procore-financials-planyard#primaryimage","url":"https:\/\/planyard.com\/wp-content\/uploads\/2025\/02\/image.png","contentUrl":"https:\/\/planyard.com\/wp-content\/uploads\/2025\/02\/image.png"},{"@type":"BreadcrumbList","@id":"https:\/\/planyard.com\/fr\/alternative-procore-financials-planyard#breadcrumb","itemListElement":[{"@type":"ListItem","position":1,"name":"Home","item":"https:\/\/planyard.com\/fr"},{"@type":"ListItem","position":2,"name":"Pourquoi les petits entrepreneurs s&#8217;\u00e9loignent de Procore Financials"}]},{"@type":"WebSite","@id":"https:\/\/planyard.com\/fr#website","url":"https:\/\/planyard.com\/fr","name":"Planyard France","description":"","potentialAction":[{"@type":"SearchAction","target":{"@type":"EntryPoint","urlTemplate":"https:\/\/planyard.com\/fr?s={search_term_string}"},"query-input":{"@type":"PropertyValueSpecification","valueRequired":true,"valueName":"search_term_string"}}],"inLanguage":"fr-FR"}]}},"_links":{"self":[{"href":"https:\/\/planyard.com\/fr\/wp-json\/wp\/v2\/pages\/12217","targetHints":{"allow":["GET"]}}],"collection":[{"href":"https:\/\/planyard.com\/fr\/wp-json\/wp\/v2\/pages"}],"about":[{"href":"https:\/\/planyard.com\/fr\/wp-json\/wp\/v2\/types\/page"}],"author":[{"embeddable":true,"href":"https:\/\/planyard.com\/fr\/wp-json\/wp\/v2\/users\/4"}],"replies":[{"embeddable":true,"href":"https:\/\/planyard.com\/fr\/wp-json\/wp\/v2\/comments?post=12217"}],"version-history":[{"count":3,"href":"https:\/\/planyard.com\/fr\/wp-json\/wp\/v2\/pages\/12217\/revisions"}],"predecessor-version":[{"id":16199,"href":"https:\/\/planyard.com\/fr\/wp-json\/wp\/v2\/pages\/12217\/revisions\/16199"}],"wp:attachment":[{"href":"https:\/\/planyard.com\/fr\/wp-json\/wp\/v2\/media?parent=12217"}],"wp:term":[{"taxonomy":"page_intent","embeddable":true,"href":"https:\/\/planyard.com\/fr\/wp-json\/wp\/v2\/page_intent?post=12217"},{"taxonomy":"page_type","embeddable":true,"href":"https:\/\/planyard.com\/fr\/wp-json\/wp\/v2\/page_type?post=12217"}],"curies":[{"name":"wp","href":"https:\/\/api.w.org\/{rel}","templated":true}]}}