{"id":12216,"date":"2024-08-27T16:43:01","date_gmt":"2024-08-27T16:43:01","guid":{"rendered":"https:\/\/planyard.com\/construction-cost-control"},"modified":"2025-05-19T18:13:25","modified_gmt":"2025-05-19T18:13:25","slug":"controle-des-couts-de-construction","status":"publish","type":"page","link":"https:\/\/planyard.com\/fr\/controle-des-couts-de-construction","title":{"rendered":"Qu&rsquo;est-ce que le contr\u00f4le des co\u00fbts de construction ?"},"content":{"rendered":"\n<h2 class=\"wp-block-heading has-text-align-left\">Qu&rsquo;est-ce que le contr\u00f4le des co\u00fbts de construction ?<\/h2>\n\n\n\n<p>Le contr\u00f4le des co\u00fbts de construction consiste \u00e0 g\u00e9rer vos co\u00fbts de construction dans le but d&rsquo;augmenter le profit. Ainsi, le contr\u00f4le des co\u00fbts commence par l&rsquo;estimation (rendre les estimations pr\u00e9cises et rentables) et se termine par le paiement des sous-traitants.<\/p>\n\n\n\n<p>La gestion des sous-traitants en est une grande partie, car les entrepreneurs principaux doivent collecter les offres, les rapports de progr\u00e8s mensuels et les documents de co\u00fbts bas\u00e9s sur des codes de co\u00fbts.<\/p>\n\n\n\n<p>Une autre fa\u00e7on de le voir est qu&rsquo;il couvre tous les processus o\u00f9 les codes de co\u00fbts de construction sont impliqu\u00e9s (sauf la comptabilit\u00e9).<\/p>\n\n\n\n<p>Le contr\u00f4le des co\u00fbts peut \u00eatre effectu\u00e9 par n&rsquo;importe quel moyen (papier et crayon, Excel, logiciel sp\u00e9cialis\u00e9, etc.), mais il y a des avantages \u00e9vidents \u00e0 utiliser un logiciel de contr\u00f4le des co\u00fbts sp\u00e9cialis\u00e9.<\/p>\n\n\n\n<figure class=\"wp-block-image size-full\"><img loading=\"lazy\" decoding=\"async\" width=\"1200\" height=\"500\" src=\"https:\/\/planyard.com\/wp-content\/uploads\/2024\/08\/construction-cost-control-1.png\" alt=\"\" class=\"wp-image-1596\"\/><\/figure>\n\n\n\n<h2 class=\"wp-block-heading has-text-align-center paddedHeading\">Avantages<\/h2>\n\n\n\n<div class=\"wp-block-columns is-layout-flex wp-container-core-columns-is-layout-9d6595d7 wp-block-columns-is-layout-flex\">\n<div class=\"wp-block-column is-layout-flow wp-block-column-is-layout-flow\">\n<h4 class=\"wp-block-heading checkedItem\">Savoir si un projet est rentable ou non avant qu&rsquo;il ne se termine<\/h4>\n<\/div>\n\n\n\n<div class=\"wp-block-column is-layout-flow wp-block-column-is-layout-flow\">\n<h4 class=\"wp-block-heading checkedItem\">\u00c9conomisez 3 \u00e0 5 jours par mois par chef de projet<\/h4>\n<\/div>\n\n\n\n<div class=\"wp-block-column is-layout-flow wp-block-column-is-layout-flow\">\n<h4 class=\"wp-block-heading checkedItem\">Standardisez les processus et assurez la conformit\u00e9<\/h4>\n<\/div>\n<\/div>\n\n\n\n<div class=\"wp-block-columns is-layout-flex wp-container-core-columns-is-layout-9d6595d7 wp-block-columns-is-layout-flex\">\n<div class=\"wp-block-column is-layout-flow wp-block-column-is-layout-flow\">\n<h4 class=\"wp-block-heading checkedItem\">D\u00e9tectez les erreurs d&rsquo;estimation et de conception<\/h4>\n<\/div>\n\n\n\n<div class=\"wp-block-column is-layout-flow wp-block-column-is-layout-flow\">\n<h4 class=\"wp-block-heading checkedItem\">\u00c9liminez les calculs manuels et le copier-coller<\/h4>\n<\/div>\n\n\n\n<div class=\"wp-block-column is-layout-flow wp-block-column-is-layout-flow\">\n<h4 class=\"wp-block-heading checkedItem\">Ne laissez rien passer entre les mailles du filet<\/h4>\n<\/div>\n<\/div>\n\n\n\n<h2 class=\"wp-block-heading has-text-align-center\">Guide d&rsquo;achat de logiciels de contr\u00f4le des co\u00fbts de construction<\/h2>\n\n\n\n<div class=\"wp-block-columns is-layout-flex wp-container-core-columns-is-layout-9d6595d7 wp-block-columns-is-layout-flex\">\n<div class=\"wp-block-column is-layout-flow wp-block-column-is-layout-flow\">\n<h4 class=\"wp-block-heading\">\u00c0 propos du guide<\/h4>\n\n\n\n<p>Ce guide gratuit vous donnera un aper\u00e7u des avantages que procure un logiciel de contr\u00f4le des co\u00fbts de construction. Et peut-\u00eatre tout aussi important &#8211; comment il les fournit.<\/p>\n\n\n\n<p>Il est r\u00e9dig\u00e9 en pensant aux entrepreneurs principaux qui doivent g\u00e9rer des projets de construction \u00e0 grande \u00e9chelle.<\/p>\n\n\n\n<p>M\u00eame si vous ne cherchez pas de contr\u00f4le des co\u00fbts pour le moment, il vous donnera une meilleure id\u00e9e de comment rendre vos processus plus efficaces.<\/p>\n\n\n\n<p>De plus, il contient un aper\u00e7u d\u00e9taill\u00e9 de toutes les fonctionnalit\u00e9s possibles et de l&rsquo;objectif de cette fonctionnalit\u00e9.<\/p>\n<\/div>\n\n\n\n<div class=\"wp-block-column is-layout-flow wp-block-column-is-layout-flow\">\n<figure class=\"wp-block-image size-full\"><img loading=\"lazy\" decoding=\"async\" width=\"1024\" height=\"1024\" src=\"https:\/\/planyard.com\/wp-content\/uploads\/2024\/08\/construction-cost-control-ebook-1024x1024-1.png\" alt=\"\" class=\"wp-image-1598\" srcset=\"https:\/\/planyard.com\/wp-content\/uploads\/2024\/08\/construction-cost-control-ebook-1024x1024-1.png 1024w, https:\/\/planyard.com\/wp-content\/uploads\/2024\/08\/construction-cost-control-ebook-1024x1024-1-150x150.png 150w\" sizes=\"auto, (max-width: 1024px) 100vw, 1024px\" \/><\/figure>\n<\/div>\n<\/div>\n\n\n\n<div class=\"wp-block-columns is-layout-flex wp-container-core-columns-is-layout-9d6595d7 wp-block-columns-is-layout-flex\">\n<div class=\"wp-block-column is-layout-flow wp-block-column-is-layout-flow\">\n<h4 class=\"wp-block-heading\">Table des mati\u00e8res<\/h4>\n\n\n\n<ol class=\"wp-block-list\">\n<li>Qu&rsquo;est-ce qu&rsquo;un logiciel de contr\u00f4le des co\u00fbts et pourquoi l&rsquo;utiliser ?<\/li>\n\n\n\n<li>Comment \u00e9valuer la maturit\u00e9 de votre entreprise<\/li>\n\n\n\n<li>Logiciel sur site vs logiciel cloud<\/li>\n\n\n\n<li>Communication et int\u00e9grations<\/li>\n\n\n\n<li>Estimation<\/li>\n\n\n\n<li>Gestion des offres<\/li>\n\n\n\n<li>Gestion du budget<\/li>\n\n\n\n<li>Gestion des contrats et des variations<\/li>\n\n\n\n<li>Rapports de progr\u00e8s des sous-traitants<\/li>\n\n\n\n<li>Gestion des documents de co\u00fbts<\/li>\n\n\n\n<li>Pr\u00e9vision des co\u00fbts<\/li>\n\n\n\n<li>Suivi des flux de tr\u00e9sorerie<\/li>\n\n\n\n<li>Gestion des sous-traitants et des contacts<\/li>\n\n\n\n<li>Gestion des utilisateurs<\/li>\n\n\n\n<li>S\u00e9curit\u00e9<\/li>\n<\/ol>\n<\/div>\n\n\n\n<div class=\"wp-block-column is-layout-flow wp-block-column-is-layout-flow\">\n<h4 class=\"wp-block-heading\">T\u00e9l\u00e9chargement gratuit<\/h4>\n\n\n\n<script charset=\"utf-8\" type=\"text\/javascript\" src=\"\/\/js.hsforms.net\/forms\/shell.js\"><\/script>\n<script>\n  hbspt.forms.create({\n\tportalId: \"4963994\",\n\tformId: \"5dc63c68-0796-4789-93ac-9d26427cf303\"\n});\n<\/script>\n<\/div>\n<\/div>\n\n\n\n<h2 class=\"wp-block-heading has-text-align-center\">Le logiciel Planyard pour entrepreneurs aide les \u00e9quipes ambitieuses \u00e0 atteindre leurs objectifs et \u00e0 acc\u00e9l\u00e9rer leur croissance.<\/h2>\n\n\n\n<div class=\"wp-block-media-text alignwide has-media-on-the-right is-stacked-on-mobile is-vertically-aligned-center\"><div class=\"wp-block-media-text__content\">\n<ul class=\"wp-block-list\">\n<li>Fini les tableurs<\/li>\n\n\n\n<li>\u00c9conomise le temps des chefs de projet et des \u00e9conomistes de la construction<\/li>\n\n\n\n<li>Facile \u00e0 mettre en \u0153uvre et \u00e0 utiliser<\/li>\n\n\n\n<li>Pr\u00e9visions financi\u00e8res pr\u00e9cises et en temps r\u00e9el<\/li>\n\n\n\n<li>Fini la saisie de donn\u00e9es en double<\/li>\n<\/ul>\n\n\n\n<div class=\"wp-block-buttons is-layout-flex wp-block-buttons-is-layout-flex\">\n<div class=\"wp-block-button\"><a class=\"wp-block-button__link wp-element-button\" href=\"https:\/\/planyard.com\/sign-up\">Commencez votre essai gratuit<\/a><\/div>\n\n\n\n<div class=\"wp-block-button\"><a class=\"wp-block-button__link wp-element-button\" href=\"https:\/\/meetings.hubspot.com\/cedlund\" target=\"_blank\" rel=\"noreferrer noopener\">Demandez une d\u00e9mo<\/a><\/div>\n<\/div>\n<\/div><figure class=\"wp-block-media-text__media\"><img decoding=\"async\" src=\"https:\/\/planyard.com\/wp-content\/uploads\/2024\/10\/construction-project-management-software-macbook-iphone-1_reduced-1024x598-1.webp\" alt=\"\" class=\"wp-image-3832 size-large\"\/><\/figure><\/div>\n","protected":false},"excerpt":{"rendered":"<p>Qu&rsquo;est-ce que le contr\u00f4le des co\u00fbts de construction ? Le contr\u00f4le des co\u00fbts de construction consiste \u00e0 g\u00e9rer vos co\u00fbts de construction dans le but d&rsquo;augmenter le profit. Ainsi, le contr\u00f4le des co\u00fbts commence par l&rsquo;estimation (rendre les estimations pr\u00e9cises et rentables) et se termine par le paiement des sous-traitants. La gestion des sous-traitants en&#8230;  <a class=\"excerpt-read-more\" href=\"https:\/\/planyard.com\/fr\/controle-des-couts-de-construction\" title=\"Lire  Qu&rsquo;est-ce que le contr\u00f4le des co\u00fbts de construction ?\">Lire la suite \u00ab\u00a0<\/a><\/p>\n","protected":false},"author":2,"featured_media":0,"parent":0,"menu_order":0,"comment_status":"closed","ping_status":"closed","template":"","meta":{"_acf_changed":false,"content-type":"","footnotes":""},"page_intent":[164],"page_type":[],"class_list":["post-12216","page","type-page","status-publish","hentry"],"acf":[],"yoast_head":"<!-- This site is optimized with the Yoast SEO plugin v26.9 - https:\/\/yoast.com\/product\/yoast-seo-wordpress\/ -->\n<title>Qu&#039;est-ce que le contr\u00f4le des co\u00fbts de construction ? - Planyard France<\/title>\n<meta name=\"description\" content=\"Quelles sont les meilleures pratiques pour le contr\u00f4le des co\u00fbts de construction et comment choisir un logiciel pour g\u00e9rer les co\u00fbts et maximiser la rentabilit\u00e9.\" \/>\n<meta name=\"robots\" content=\"index, follow, max-snippet:-1, max-image-preview:large, max-video-preview:-1\" \/>\n<link rel=\"canonical\" href=\"https:\/\/planyard.com\/fr\/controle-des-couts-de-construction\" \/>\n<meta property=\"og:locale\" content=\"fr_FR\" \/>\n<meta property=\"og:type\" content=\"article\" \/>\n<meta property=\"og:title\" content=\"Qu&#039;est-ce que le contr\u00f4le des co\u00fbts de construction ? - Planyard France\" \/>\n<meta property=\"og:description\" content=\"Quelles sont les meilleures pratiques pour le contr\u00f4le des co\u00fbts de construction et comment choisir un logiciel pour g\u00e9rer les co\u00fbts et maximiser la rentabilit\u00e9.\" \/>\n<meta property=\"og:url\" content=\"https:\/\/planyard.com\/fr\/controle-des-couts-de-construction\" \/>\n<meta property=\"og:site_name\" content=\"Planyard France\" \/>\n<meta property=\"article:modified_time\" content=\"2025-05-19T18:13:25+00:00\" \/>\n<meta property=\"og:image\" content=\"https:\/\/planyard.com\/wp-content\/uploads\/2024\/08\/construction-cost-control-1.png\" \/>\n\t<meta property=\"og:image:width\" content=\"1200\" \/>\n\t<meta property=\"og:image:height\" content=\"500\" \/>\n\t<meta property=\"og:image:type\" content=\"image\/png\" \/>\n<meta name=\"twitter:card\" content=\"summary_large_image\" \/>\n<meta name=\"twitter:label1\" content=\"Dur\u00e9e de lecture estim\u00e9e\" \/>\n\t<meta name=\"twitter:data1\" content=\"3 minutes\" \/>\n<!-- \/ Yoast SEO plugin. -->","yoast_head_json":{"title":"Qu'est-ce que le contr\u00f4le des co\u00fbts de construction ? - Planyard France","description":"Quelles sont les meilleures pratiques pour le contr\u00f4le des co\u00fbts de construction et comment choisir un logiciel pour g\u00e9rer les co\u00fbts et maximiser la rentabilit\u00e9.","robots":{"index":"index","follow":"follow","max-snippet":"max-snippet:-1","max-image-preview":"max-image-preview:large","max-video-preview":"max-video-preview:-1"},"canonical":"https:\/\/planyard.com\/fr\/controle-des-couts-de-construction","og_locale":"fr_FR","og_type":"article","og_title":"Qu'est-ce que le contr\u00f4le des co\u00fbts de construction ? - Planyard France","og_description":"Quelles sont les meilleures pratiques pour le contr\u00f4le des co\u00fbts de construction et comment choisir un logiciel pour g\u00e9rer les co\u00fbts et maximiser la rentabilit\u00e9.","og_url":"https:\/\/planyard.com\/fr\/controle-des-couts-de-construction","og_site_name":"Planyard France","article_modified_time":"2025-05-19T18:13:25+00:00","og_image":[{"width":1200,"height":500,"url":"https:\/\/planyard.com\/wp-content\/uploads\/2024\/08\/construction-cost-control-1.png","type":"image\/png"}],"twitter_card":"summary_large_image","twitter_misc":{"Dur\u00e9e de lecture estim\u00e9e":"3 minutes"},"schema":{"@context":"https:\/\/schema.org","@graph":[{"@type":"WebPage","@id":"https:\/\/planyard.com\/fr\/controle-des-couts-de-construction","url":"https:\/\/planyard.com\/fr\/controle-des-couts-de-construction","name":"Qu'est-ce que le contr\u00f4le des co\u00fbts de construction ? - Planyard France","isPartOf":{"@id":"https:\/\/planyard.com\/fr#website"},"primaryImageOfPage":{"@id":"https:\/\/planyard.com\/fr\/controle-des-couts-de-construction#primaryimage"},"image":{"@id":"https:\/\/planyard.com\/fr\/controle-des-couts-de-construction#primaryimage"},"thumbnailUrl":"https:\/\/planyard.com\/wp-content\/uploads\/2024\/08\/construction-cost-control-1.png","datePublished":"2024-08-27T16:43:01+00:00","dateModified":"2025-05-19T18:13:25+00:00","description":"Quelles sont les meilleures pratiques pour le contr\u00f4le des co\u00fbts de construction et comment choisir un logiciel pour g\u00e9rer les co\u00fbts et maximiser la rentabilit\u00e9.","breadcrumb":{"@id":"https:\/\/planyard.com\/fr\/controle-des-couts-de-construction#breadcrumb"},"inLanguage":"fr-FR","potentialAction":[{"@type":"ReadAction","target":["https:\/\/planyard.com\/fr\/controle-des-couts-de-construction"]}]},{"@type":"ImageObject","inLanguage":"fr-FR","@id":"https:\/\/planyard.com\/fr\/controle-des-couts-de-construction#primaryimage","url":"https:\/\/planyard.com\/wp-content\/uploads\/2024\/08\/construction-cost-control-1.png","contentUrl":"https:\/\/planyard.com\/wp-content\/uploads\/2024\/08\/construction-cost-control-1.png"},{"@type":"BreadcrumbList","@id":"https:\/\/planyard.com\/fr\/controle-des-couts-de-construction#breadcrumb","itemListElement":[{"@type":"ListItem","position":1,"name":"Home","item":"https:\/\/planyard.com\/fr"},{"@type":"ListItem","position":2,"name":"Qu&#8217;est-ce que le contr\u00f4le des co\u00fbts de construction ?"}]},{"@type":"WebSite","@id":"https:\/\/planyard.com\/fr#website","url":"https:\/\/planyard.com\/fr","name":"Planyard France","description":"","potentialAction":[{"@type":"SearchAction","target":{"@type":"EntryPoint","urlTemplate":"https:\/\/planyard.com\/fr?s={search_term_string}"},"query-input":{"@type":"PropertyValueSpecification","valueRequired":true,"valueName":"search_term_string"}}],"inLanguage":"fr-FR"}]}},"_links":{"self":[{"href":"https:\/\/planyard.com\/fr\/wp-json\/wp\/v2\/pages\/12216","targetHints":{"allow":["GET"]}}],"collection":[{"href":"https:\/\/planyard.com\/fr\/wp-json\/wp\/v2\/pages"}],"about":[{"href":"https:\/\/planyard.com\/fr\/wp-json\/wp\/v2\/types\/page"}],"author":[{"embeddable":true,"href":"https:\/\/planyard.com\/fr\/wp-json\/wp\/v2\/users\/2"}],"replies":[{"embeddable":true,"href":"https:\/\/planyard.com\/fr\/wp-json\/wp\/v2\/comments?post=12216"}],"version-history":[{"count":3,"href":"https:\/\/planyard.com\/fr\/wp-json\/wp\/v2\/pages\/12216\/revisions"}],"predecessor-version":[{"id":16195,"href":"https:\/\/planyard.com\/fr\/wp-json\/wp\/v2\/pages\/12216\/revisions\/16195"}],"wp:attachment":[{"href":"https:\/\/planyard.com\/fr\/wp-json\/wp\/v2\/media?parent=12216"}],"wp:term":[{"taxonomy":"page_intent","embeddable":true,"href":"https:\/\/planyard.com\/fr\/wp-json\/wp\/v2\/page_intent?post=12216"},{"taxonomy":"page_type","embeddable":true,"href":"https:\/\/planyard.com\/fr\/wp-json\/wp\/v2\/page_type?post=12216"}],"curies":[{"name":"wp","href":"https:\/\/api.w.org\/{rel}","templated":true}]}}