{"id":12211,"date":"2024-08-28T07:40:58","date_gmt":"2024-08-28T07:40:58","guid":{"rendered":"https:\/\/planyard.com\/subcontractor-payment-application-collecting-software"},"modified":"2025-05-17T17:46:33","modified_gmt":"2025-05-17T17:46:33","slug":"logiciel-collecte-demandes-paiement-sous-traitants","status":"publish","type":"page","link":"https:\/\/planyard.com\/fr\/logiciel-collecte-demandes-paiement-sous-traitants","title":{"rendered":"Logiciel de collecte des demandes de paiement des sous-traitants"},"content":{"rendered":"","protected":false},"excerpt":{"rendered":"","protected":false},"author":2,"featured_media":0,"parent":0,"menu_order":0,"comment_status":"closed","ping_status":"closed","template":"","meta":{"_acf_changed":false,"content-type":"","footnotes":""},"page_intent":[149],"page_type":[],"class_list":["post-12211","page","type-page","status-publish","hentry"],"acf":[],"yoast_head":"<!-- This site is optimized with the Yoast SEO plugin v26.9 - https:\/\/yoast.com\/product\/yoast-seo-wordpress\/ -->\n<title>Logiciel de collecte des demandes de paiement des sous-traitants | Planyard<\/title>\n<meta name=\"description\" content=\"Planyard simplifie le processus de collecte et de r\u00e9vision des demandes de paiement des sous-traitants, aidant \u00e0 gagner du temps et \u00e0 pr\u00e9venir la surfacturation.\" \/>\n<meta name=\"robots\" content=\"index, follow, max-snippet:-1, max-image-preview:large, max-video-preview:-1\" \/>\n<link rel=\"canonical\" href=\"https:\/\/planyard.com\/fr\/logiciel-collecte-demandes-paiement-sous-traitants\" \/>\n<meta property=\"og:locale\" content=\"fr_FR\" \/>\n<meta property=\"og:type\" content=\"article\" \/>\n<meta property=\"og:title\" content=\"Logiciel de collecte des demandes de paiement des sous-traitants | Planyard\" \/>\n<meta property=\"og:description\" content=\"Planyard simplifie le processus de collecte et de r\u00e9vision des demandes de paiement des sous-traitants, aidant \u00e0 gagner du temps et \u00e0 pr\u00e9venir la surfacturation.\" \/>\n<meta property=\"og:url\" content=\"https:\/\/planyard.com\/fr\/logiciel-collecte-demandes-paiement-sous-traitants\" \/>\n<meta property=\"og:site_name\" content=\"Planyard France\" \/>\n<meta property=\"article:modified_time\" content=\"2025-05-17T17:46:33+00:00\" \/>\n<meta name=\"twitter:card\" content=\"summary_large_image\" \/>\n<!-- \/ Yoast SEO plugin. -->","yoast_head_json":{"title":"Logiciel de collecte des demandes de paiement des sous-traitants | Planyard","description":"Planyard simplifie le processus de collecte et de r\u00e9vision des demandes de paiement des sous-traitants, aidant \u00e0 gagner du temps et \u00e0 pr\u00e9venir la surfacturation.","robots":{"index":"index","follow":"follow","max-snippet":"max-snippet:-1","max-image-preview":"max-image-preview:large","max-video-preview":"max-video-preview:-1"},"canonical":"https:\/\/planyard.com\/fr\/logiciel-collecte-demandes-paiement-sous-traitants","og_locale":"fr_FR","og_type":"article","og_title":"Logiciel de collecte des demandes de paiement des sous-traitants | Planyard","og_description":"Planyard simplifie le processus de collecte et de r\u00e9vision des demandes de paiement des sous-traitants, aidant \u00e0 gagner du temps et \u00e0 pr\u00e9venir la surfacturation.","og_url":"https:\/\/planyard.com\/fr\/logiciel-collecte-demandes-paiement-sous-traitants","og_site_name":"Planyard France","article_modified_time":"2025-05-17T17:46:33+00:00","twitter_card":"summary_large_image","schema":{"@context":"https:\/\/schema.org","@graph":[{"@type":"WebPage","@id":"https:\/\/planyard.com\/fr\/logiciel-collecte-demandes-paiement-sous-traitants","url":"https:\/\/planyard.com\/fr\/logiciel-collecte-demandes-paiement-sous-traitants","name":"Logiciel de collecte des demandes de paiement des sous-traitants | Planyard","isPartOf":{"@id":"https:\/\/planyard.com\/fr#website"},"datePublished":"2024-08-28T07:40:58+00:00","dateModified":"2025-05-17T17:46:33+00:00","description":"Planyard simplifie le processus de collecte et de r\u00e9vision des demandes de paiement des sous-traitants, aidant \u00e0 gagner du temps et \u00e0 pr\u00e9venir la surfacturation.","breadcrumb":{"@id":"https:\/\/planyard.com\/fr\/logiciel-collecte-demandes-paiement-sous-traitants#breadcrumb"},"inLanguage":"fr-FR","potentialAction":[{"@type":"ReadAction","target":["https:\/\/planyard.com\/fr\/logiciel-collecte-demandes-paiement-sous-traitants"]}]},{"@type":"BreadcrumbList","@id":"https:\/\/planyard.com\/fr\/logiciel-collecte-demandes-paiement-sous-traitants#breadcrumb","itemListElement":[{"@type":"ListItem","position":1,"name":"Home","item":"https:\/\/planyard.com\/fr"},{"@type":"ListItem","position":2,"name":"Logiciel de collecte des demandes de paiement des sous-traitants"}]},{"@type":"WebSite","@id":"https:\/\/planyard.com\/fr#website","url":"https:\/\/planyard.com\/fr","name":"Planyard France","description":"","potentialAction":[{"@type":"SearchAction","target":{"@type":"EntryPoint","urlTemplate":"https:\/\/planyard.com\/fr?s={search_term_string}"},"query-input":{"@type":"PropertyValueSpecification","valueRequired":true,"valueName":"search_term_string"}}],"inLanguage":"fr-FR"}]}},"_links":{"self":[{"href":"https:\/\/planyard.com\/fr\/wp-json\/wp\/v2\/pages\/12211","targetHints":{"allow":["GET"]}}],"collection":[{"href":"https:\/\/planyard.com\/fr\/wp-json\/wp\/v2\/pages"}],"about":[{"href":"https:\/\/planyard.com\/fr\/wp-json\/wp\/v2\/types\/page"}],"author":[{"embeddable":true,"href":"https:\/\/planyard.com\/fr\/wp-json\/wp\/v2\/users\/2"}],"replies":[{"embeddable":true,"href":"https:\/\/planyard.com\/fr\/wp-json\/wp\/v2\/comments?post=12211"}],"version-history":[{"count":1,"href":"https:\/\/planyard.com\/fr\/wp-json\/wp\/v2\/pages\/12211\/revisions"}],"predecessor-version":[{"id":12396,"href":"https:\/\/planyard.com\/fr\/wp-json\/wp\/v2\/pages\/12211\/revisions\/12396"}],"wp:attachment":[{"href":"https:\/\/planyard.com\/fr\/wp-json\/wp\/v2\/media?parent=12211"}],"wp:term":[{"taxonomy":"page_intent","embeddable":true,"href":"https:\/\/planyard.com\/fr\/wp-json\/wp\/v2\/page_intent?post=12211"},{"taxonomy":"page_type","embeddable":true,"href":"https:\/\/planyard.com\/fr\/wp-json\/wp\/v2\/page_type?post=12211"}],"curies":[{"name":"wp","href":"https:\/\/api.w.org\/{rel}","templated":true}]}}