{"id":12205,"date":"2024-08-29T10:26:44","date_gmt":"2024-08-29T10:26:44","guid":{"rendered":"https:\/\/planyard.com\/request-a-planyard-pricing-proposal"},"modified":"2025-05-19T18:10:48","modified_gmt":"2025-05-19T18:10:48","slug":"demandez-une-proposition-tarifaire-planyard","status":"publish","type":"page","link":"https:\/\/planyard.com\/fr\/demandez-une-proposition-tarifaire-planyard","title":{"rendered":"Demandez une proposition tarifaire Planyard"},"content":{"rendered":"\n<div class=\"wp-block-columns is-layout-flex wp-container-core-columns-is-layout-9d6595d7 wp-block-columns-is-layout-flex\">\n<div class=\"wp-block-column is-layout-flow wp-block-column-is-layout-flow\">\n<p>Si votre entreprise g\u00e8re un portefeuille de construction diversifi\u00e9 avec plusieurs unit\u00e9s commerciales et entit\u00e9s juridiques, et que vous devez int\u00e9grer des chefs de projet, \u00e9conomistes de la construction, ing\u00e9nieurs de chantier, estimateurs, et plus encore, nous sommes l\u00e0 pour vous aider.<\/p>\n\n\n\n<h5 class=\"wp-block-heading\">Veuillez remplir le formulaire, et l&rsquo;un de nos repr\u00e9sentants commerciaux vous contactera sous peu pour vous fournir une proposition tarifaire personnalis\u00e9e.<\/h5>\n<\/div>\n\n\n\n<div class=\"wp-block-column is-layout-flow wp-block-column-is-layout-flow\">\n<script charset=\"utf-8\" type=\"text\/javascript\" src=\"\/\/js.hsforms.net\/forms\/embed\/v2.js\"><\/script>\n<script>\n  hbspt.forms.create({\n    region: \"na1\",\n    portalId: \"4963994\",\n    formId: \"494ccc6f-398f-476e-b68d-ffeffb321027\"\n  });\n<\/script>\n<\/div>\n<\/div>\n\n\n\n<p><\/p>\n","protected":false},"excerpt":{"rendered":"<p>Si votre entreprise g\u00e8re un portefeuille de construction diversifi\u00e9 avec plusieurs unit\u00e9s commerciales et entit\u00e9s juridiques, et que vous devez int\u00e9grer des chefs de projet, \u00e9conomistes de la construction, ing\u00e9nieurs de chantier, estimateurs, et plus encore, nous sommes l\u00e0 pour vous aider. Veuillez remplir le formulaire, et l&rsquo;un de nos repr\u00e9sentants commerciaux vous contactera sous&#8230;  <a class=\"excerpt-read-more\" href=\"https:\/\/planyard.com\/fr\/demandez-une-proposition-tarifaire-planyard\" title=\"Lire  Demandez une proposition tarifaire Planyard\">Lire la suite \u00ab\u00a0<\/a><\/p>\n","protected":false},"author":2,"featured_media":0,"parent":0,"menu_order":0,"comment_status":"closed","ping_status":"closed","template":"","meta":{"_acf_changed":false,"content-type":"","footnotes":""},"page_intent":[179],"page_type":[],"class_list":["post-12205","page","type-page","status-publish","hentry"],"acf":[],"yoast_head":"<!-- This site is optimized with the Yoast SEO plugin v27.1.1 - https:\/\/yoast.com\/product\/yoast-seo-wordpress\/ -->\n<title>Demandez une proposition tarifaire Planyard -<\/title>\n<meta name=\"description\" content=\"T\u00e9l\u00e9chargez gratuitement les codes de co\u00fbts de construction Planyard et gardez facilement le contr\u00f4le de vos co\u00fbts de chantier. Contr\u00f4le des co\u00fbts, suivi des KPI, id\u00e9al pour une utilisation \u00e0 l&#039;\u00e9chelle de l&#039;entreprise, et plus encore\" \/>\n<meta name=\"robots\" content=\"index, follow, max-snippet:-1, max-image-preview:large, max-video-preview:-1\" \/>\n<link rel=\"canonical\" href=\"https:\/\/planyard.com\/fr\/demandez-une-proposition-tarifaire-planyard\" \/>\n<meta property=\"og:locale\" content=\"fr_FR\" \/>\n<meta property=\"og:type\" content=\"article\" \/>\n<meta property=\"og:title\" content=\"Demandez une proposition tarifaire Planyard -\" \/>\n<meta property=\"og:description\" content=\"T\u00e9l\u00e9chargez gratuitement les codes de co\u00fbts de construction Planyard et gardez facilement le contr\u00f4le de vos co\u00fbts de chantier. Contr\u00f4le des co\u00fbts, suivi des KPI, id\u00e9al pour une utilisation \u00e0 l&#039;\u00e9chelle de l&#039;entreprise, et plus encore\" \/>\n<meta property=\"og:url\" content=\"https:\/\/planyard.com\/fr\/demandez-une-proposition-tarifaire-planyard\" \/>\n<meta property=\"og:site_name\" content=\"Planyard France\" \/>\n<meta property=\"article:modified_time\" content=\"2025-05-19T18:10:48+00:00\" \/>\n<meta name=\"twitter:card\" content=\"summary_large_image\" \/>\n<meta name=\"twitter:label1\" content=\"Dur\u00e9e de lecture estim\u00e9e\" \/>\n\t<meta name=\"twitter:data1\" content=\"1 minute\" \/>\n<!-- \/ Yoast SEO plugin. -->","yoast_head_json":{"title":"Demandez une proposition tarifaire Planyard -","description":"T\u00e9l\u00e9chargez gratuitement les codes de co\u00fbts de construction Planyard et gardez facilement le contr\u00f4le de vos co\u00fbts de chantier. Contr\u00f4le des co\u00fbts, suivi des KPI, id\u00e9al pour une utilisation \u00e0 l'\u00e9chelle de l'entreprise, et plus encore","robots":{"index":"index","follow":"follow","max-snippet":"max-snippet:-1","max-image-preview":"max-image-preview:large","max-video-preview":"max-video-preview:-1"},"canonical":"https:\/\/planyard.com\/fr\/demandez-une-proposition-tarifaire-planyard","og_locale":"fr_FR","og_type":"article","og_title":"Demandez une proposition tarifaire Planyard -","og_description":"T\u00e9l\u00e9chargez gratuitement les codes de co\u00fbts de construction Planyard et gardez facilement le contr\u00f4le de vos co\u00fbts de chantier. Contr\u00f4le des co\u00fbts, suivi des KPI, id\u00e9al pour une utilisation \u00e0 l'\u00e9chelle de l'entreprise, et plus encore","og_url":"https:\/\/planyard.com\/fr\/demandez-une-proposition-tarifaire-planyard","og_site_name":"Planyard France","article_modified_time":"2025-05-19T18:10:48+00:00","twitter_card":"summary_large_image","twitter_misc":{"Dur\u00e9e de lecture estim\u00e9e":"1 minute"},"schema":{"@context":"https:\/\/schema.org","@graph":[{"@type":"WebPage","@id":"https:\/\/planyard.com\/fr\/demandez-une-proposition-tarifaire-planyard","url":"https:\/\/planyard.com\/fr\/demandez-une-proposition-tarifaire-planyard","name":"Demandez une proposition tarifaire Planyard -","isPartOf":{"@id":"https:\/\/planyard.com\/fr#website"},"datePublished":"2024-08-29T10:26:44+00:00","dateModified":"2025-05-19T18:10:48+00:00","description":"T\u00e9l\u00e9chargez gratuitement les codes de co\u00fbts de construction Planyard et gardez facilement le contr\u00f4le de vos co\u00fbts de chantier. Contr\u00f4le des co\u00fbts, suivi des KPI, id\u00e9al pour une utilisation \u00e0 l'\u00e9chelle de l'entreprise, et plus encore","breadcrumb":{"@id":"https:\/\/planyard.com\/fr\/demandez-une-proposition-tarifaire-planyard#breadcrumb"},"inLanguage":"fr-FR","potentialAction":[{"@type":"ReadAction","target":["https:\/\/planyard.com\/fr\/demandez-une-proposition-tarifaire-planyard"]}]},{"@type":"BreadcrumbList","@id":"https:\/\/planyard.com\/fr\/demandez-une-proposition-tarifaire-planyard#breadcrumb","itemListElement":[{"@type":"ListItem","position":1,"name":"Home","item":"https:\/\/planyard.com\/fr"},{"@type":"ListItem","position":2,"name":"Demandez une proposition tarifaire Planyard"}]},{"@type":"WebSite","@id":"https:\/\/planyard.com\/fr#website","url":"https:\/\/planyard.com\/fr","name":"Planyard France","description":"","potentialAction":[{"@type":"SearchAction","target":{"@type":"EntryPoint","urlTemplate":"https:\/\/planyard.com\/fr?s={search_term_string}"},"query-input":{"@type":"PropertyValueSpecification","valueRequired":true,"valueName":"search_term_string"}}],"inLanguage":"fr-FR"}]}},"_links":{"self":[{"href":"https:\/\/planyard.com\/fr\/wp-json\/wp\/v2\/pages\/12205","targetHints":{"allow":["GET"]}}],"collection":[{"href":"https:\/\/planyard.com\/fr\/wp-json\/wp\/v2\/pages"}],"about":[{"href":"https:\/\/planyard.com\/fr\/wp-json\/wp\/v2\/types\/page"}],"author":[{"embeddable":true,"href":"https:\/\/planyard.com\/fr\/wp-json\/wp\/v2\/users\/2"}],"replies":[{"embeddable":true,"href":"https:\/\/planyard.com\/fr\/wp-json\/wp\/v2\/comments?post=12205"}],"version-history":[{"count":3,"href":"https:\/\/planyard.com\/fr\/wp-json\/wp\/v2\/pages\/12205\/revisions"}],"predecessor-version":[{"id":16182,"href":"https:\/\/planyard.com\/fr\/wp-json\/wp\/v2\/pages\/12205\/revisions\/16182"}],"wp:attachment":[{"href":"https:\/\/planyard.com\/fr\/wp-json\/wp\/v2\/media?parent=12205"}],"wp:term":[{"taxonomy":"page_intent","embeddable":true,"href":"https:\/\/planyard.com\/fr\/wp-json\/wp\/v2\/page_intent?post=12205"},{"taxonomy":"page_type","embeddable":true,"href":"https:\/\/planyard.com\/fr\/wp-json\/wp\/v2\/page_type?post=12205"}],"curies":[{"name":"wp","href":"https:\/\/api.w.org\/{rel}","templated":true}]}}