{"id":12203,"date":"2024-08-26T10:47:03","date_gmt":"2024-08-26T10:47:03","guid":{"rendered":"https:\/\/planyard.com\/quickbooks-disconnected"},"modified":"2025-05-19T18:10:44","modified_gmt":"2025-05-19T18:10:44","slug":"quickbooks-deconnecte","status":"publish","type":"page","link":"https:\/\/planyard.com\/fr\/quickbooks-deconnecte","title":{"rendered":"QuickBooks d\u00e9connect\u00e9"},"content":{"rendered":"\n<p class=\"has-text-align-left\">Votre int\u00e9gration QuickBooks a \u00e9t\u00e9 d\u00e9connect\u00e9e. Vous ne pourrez plus envoyer de factures directement \u00e0 votre compte QuickBooks depuis Planyard. Cela signifie que les documents de co\u00fbt que vous confirmez dans Planyard ne seront pas envoy\u00e9s automatiquement \u00e0 QuickBooks.<\/p>\n\n\n\n<p class=\"has-text-align-left\">Si vous souhaitez reconnecter Planyard et votre compte QuickBooks, <a href=\"https:\/\/central.planyard.com\/planyard-quickbooks-integration\"><strong>cliquez ici pour voir comment reconnecter QuickBooks<\/strong><\/a> ou contactez notre support pour plus d&rsquo;informations.<\/p>\n\n\n\n<p class=\"has-text-align-left\">Alternativement, si vous \u00eates connect\u00e9 \u00e0 l&rsquo;application Planyard, vous pouvez <a href=\"https:\/\/app.planyard.com\/#\/company\/integrations\"><strong>cliquer ici pour voir vos int\u00e9grations<\/strong><\/a>.<br><\/p>\n","protected":false},"excerpt":{"rendered":"<p>Votre int\u00e9gration QuickBooks a \u00e9t\u00e9 d\u00e9connect\u00e9e. Vous ne pourrez plus envoyer de factures directement \u00e0 votre compte QuickBooks depuis Planyard. Cela signifie que les documents de co\u00fbt que vous confirmez dans Planyard ne seront pas envoy\u00e9s automatiquement \u00e0 QuickBooks. Si vous souhaitez reconnecter Planyard et votre compte QuickBooks, cliquez ici pour voir comment reconnecter QuickBooks&#8230;  <a class=\"excerpt-read-more\" href=\"https:\/\/planyard.com\/fr\/quickbooks-deconnecte\" title=\"Lire  QuickBooks d\u00e9connect\u00e9\">Lire la suite \u00ab\u00a0<\/a><\/p>\n","protected":false},"author":2,"featured_media":0,"parent":0,"menu_order":0,"comment_status":"closed","ping_status":"closed","template":"","meta":{"_acf_changed":false,"content-type":"","footnotes":""},"page_intent":[224],"page_type":[],"class_list":["post-12203","page","type-page","status-publish","hentry"],"acf":[],"yoast_head":"<!-- This site is optimized with the Yoast SEO plugin v27.1.1 - https:\/\/yoast.com\/product\/yoast-seo-wordpress\/ -->\n<title>QuickBooks d\u00e9connect\u00e9 - Planyard France<\/title>\n<meta name=\"robots\" content=\"index, follow, max-snippet:-1, max-image-preview:large, max-video-preview:-1\" \/>\n<link rel=\"canonical\" href=\"https:\/\/planyard.com\/fr\/quickbooks-deconnecte\" \/>\n<meta property=\"og:locale\" content=\"fr_FR\" \/>\n<meta property=\"og:type\" content=\"article\" \/>\n<meta property=\"og:title\" content=\"QuickBooks d\u00e9connect\u00e9 - Planyard France\" \/>\n<meta property=\"og:description\" content=\"Votre int\u00e9gration QuickBooks a \u00e9t\u00e9 d\u00e9connect\u00e9e. Vous ne pourrez plus envoyer de factures directement \u00e0 votre compte QuickBooks depuis Planyard. Cela signifie que les documents de co\u00fbt que vous confirmez dans Planyard ne seront pas envoy\u00e9s automatiquement \u00e0 QuickBooks. Si vous souhaitez reconnecter Planyard et votre compte QuickBooks, cliquez ici pour voir comment reconnecter QuickBooks... Lire la suite &quot;\" \/>\n<meta property=\"og:url\" content=\"https:\/\/planyard.com\/fr\/quickbooks-deconnecte\" \/>\n<meta property=\"og:site_name\" content=\"Planyard France\" \/>\n<meta property=\"article:modified_time\" content=\"2025-05-19T18:10:44+00:00\" \/>\n<meta name=\"twitter:card\" content=\"summary_large_image\" \/>\n<meta name=\"twitter:label1\" content=\"Dur\u00e9e de lecture estim\u00e9e\" \/>\n\t<meta name=\"twitter:data1\" content=\"1 minute\" \/>\n<!-- \/ Yoast SEO plugin. -->","yoast_head_json":{"title":"QuickBooks d\u00e9connect\u00e9 - Planyard France","robots":{"index":"index","follow":"follow","max-snippet":"max-snippet:-1","max-image-preview":"max-image-preview:large","max-video-preview":"max-video-preview:-1"},"canonical":"https:\/\/planyard.com\/fr\/quickbooks-deconnecte","og_locale":"fr_FR","og_type":"article","og_title":"QuickBooks d\u00e9connect\u00e9 - Planyard France","og_description":"Votre int\u00e9gration QuickBooks a \u00e9t\u00e9 d\u00e9connect\u00e9e. Vous ne pourrez plus envoyer de factures directement \u00e0 votre compte QuickBooks depuis Planyard. Cela signifie que les documents de co\u00fbt que vous confirmez dans Planyard ne seront pas envoy\u00e9s automatiquement \u00e0 QuickBooks. Si vous souhaitez reconnecter Planyard et votre compte QuickBooks, cliquez ici pour voir comment reconnecter QuickBooks... Lire la suite \"","og_url":"https:\/\/planyard.com\/fr\/quickbooks-deconnecte","og_site_name":"Planyard France","article_modified_time":"2025-05-19T18:10:44+00:00","twitter_card":"summary_large_image","twitter_misc":{"Dur\u00e9e de lecture estim\u00e9e":"1 minute"},"schema":{"@context":"https:\/\/schema.org","@graph":[{"@type":"WebPage","@id":"https:\/\/planyard.com\/fr\/quickbooks-deconnecte","url":"https:\/\/planyard.com\/fr\/quickbooks-deconnecte","name":"QuickBooks d\u00e9connect\u00e9 - Planyard France","isPartOf":{"@id":"https:\/\/planyard.com\/fr#website"},"datePublished":"2024-08-26T10:47:03+00:00","dateModified":"2025-05-19T18:10:44+00:00","breadcrumb":{"@id":"https:\/\/planyard.com\/fr\/quickbooks-deconnecte#breadcrumb"},"inLanguage":"fr-FR","potentialAction":[{"@type":"ReadAction","target":["https:\/\/planyard.com\/fr\/quickbooks-deconnecte"]}]},{"@type":"BreadcrumbList","@id":"https:\/\/planyard.com\/fr\/quickbooks-deconnecte#breadcrumb","itemListElement":[{"@type":"ListItem","position":1,"name":"Home","item":"https:\/\/planyard.com\/fr"},{"@type":"ListItem","position":2,"name":"QuickBooks d\u00e9connect\u00e9"}]},{"@type":"WebSite","@id":"https:\/\/planyard.com\/fr#website","url":"https:\/\/planyard.com\/fr","name":"Planyard France","description":"","potentialAction":[{"@type":"SearchAction","target":{"@type":"EntryPoint","urlTemplate":"https:\/\/planyard.com\/fr?s={search_term_string}"},"query-input":{"@type":"PropertyValueSpecification","valueRequired":true,"valueName":"search_term_string"}}],"inLanguage":"fr-FR"}]}},"_links":{"self":[{"href":"https:\/\/planyard.com\/fr\/wp-json\/wp\/v2\/pages\/12203","targetHints":{"allow":["GET"]}}],"collection":[{"href":"https:\/\/planyard.com\/fr\/wp-json\/wp\/v2\/pages"}],"about":[{"href":"https:\/\/planyard.com\/fr\/wp-json\/wp\/v2\/types\/page"}],"author":[{"embeddable":true,"href":"https:\/\/planyard.com\/fr\/wp-json\/wp\/v2\/users\/2"}],"replies":[{"embeddable":true,"href":"https:\/\/planyard.com\/fr\/wp-json\/wp\/v2\/comments?post=12203"}],"version-history":[{"count":3,"href":"https:\/\/planyard.com\/fr\/wp-json\/wp\/v2\/pages\/12203\/revisions"}],"predecessor-version":[{"id":16180,"href":"https:\/\/planyard.com\/fr\/wp-json\/wp\/v2\/pages\/12203\/revisions\/16180"}],"wp:attachment":[{"href":"https:\/\/planyard.com\/fr\/wp-json\/wp\/v2\/media?parent=12203"}],"wp:term":[{"taxonomy":"page_intent","embeddable":true,"href":"https:\/\/planyard.com\/fr\/wp-json\/wp\/v2\/page_intent?post=12203"},{"taxonomy":"page_type","embeddable":true,"href":"https:\/\/planyard.com\/fr\/wp-json\/wp\/v2\/page_type?post=12203"}],"curies":[{"name":"wp","href":"https:\/\/api.w.org\/{rel}","templated":true}]}}