{"id":12202,"date":"2025-01-08T14:33:28","date_gmt":"2025-01-08T14:33:28","guid":{"rendered":"https:\/\/planyard.com\/property-development-software"},"modified":"2025-05-17T17:43:07","modified_gmt":"2025-05-17T17:43:07","slug":"logiciel-de-developpement-immobilier","status":"publish","type":"page","link":"https:\/\/planyard.com\/fr\/logiciel-de-developpement-immobilier","title":{"rendered":"Logiciel de d\u00e9veloppement immobilier"},"content":{"rendered":"","protected":false},"excerpt":{"rendered":"","protected":false},"author":4,"featured_media":0,"parent":0,"menu_order":0,"comment_status":"closed","ping_status":"closed","template":"","meta":{"_acf_changed":false,"content-type":"","footnotes":""},"page_intent":[149],"page_type":[],"class_list":["post-12202","page","type-page","status-publish","hentry"],"acf":[],"yoast_head":"<!-- This site is optimized with the Yoast SEO plugin v27.1.1 - https:\/\/yoast.com\/product\/yoast-seo-wordpress\/ -->\n<title>Logiciel de d\u00e9veloppement immobilier | Simplifiez la budg\u00e9tisation avec Planyard<\/title>\n<meta name=\"description\" content=\"D\u00e9couvrez comment le logiciel de d\u00e9veloppement immobilier de Planyard simplifie la budg\u00e9tisation, s&#039;int\u00e8gre \u00e0 Xero et \u00e9limine les processus Excel.\" \/>\n<meta name=\"robots\" content=\"index, follow, max-snippet:-1, max-image-preview:large, max-video-preview:-1\" \/>\n<link rel=\"canonical\" href=\"https:\/\/planyard.com\/fr\/logiciel-de-developpement-immobilier\" \/>\n<meta property=\"og:locale\" content=\"fr_FR\" \/>\n<meta property=\"og:type\" content=\"article\" \/>\n<meta property=\"og:title\" content=\"Logiciel de d\u00e9veloppement immobilier | Simplifiez la budg\u00e9tisation avec Planyard\" \/>\n<meta property=\"og:description\" content=\"D\u00e9couvrez comment le logiciel de d\u00e9veloppement immobilier de Planyard simplifie la budg\u00e9tisation, s&#039;int\u00e8gre \u00e0 Xero et \u00e9limine les processus Excel.\" \/>\n<meta property=\"og:url\" content=\"https:\/\/planyard.com\/fr\/logiciel-de-developpement-immobilier\" \/>\n<meta property=\"og:site_name\" content=\"Planyard France\" \/>\n<meta property=\"article:modified_time\" content=\"2025-05-17T17:43:07+00:00\" \/>\n<meta name=\"twitter:card\" content=\"summary_large_image\" \/>\n<!-- \/ Yoast SEO plugin. -->","yoast_head_json":{"title":"Logiciel de d\u00e9veloppement immobilier | Simplifiez la budg\u00e9tisation avec Planyard","description":"D\u00e9couvrez comment le logiciel de d\u00e9veloppement immobilier de Planyard simplifie la budg\u00e9tisation, s'int\u00e8gre \u00e0 Xero et \u00e9limine les processus Excel.","robots":{"index":"index","follow":"follow","max-snippet":"max-snippet:-1","max-image-preview":"max-image-preview:large","max-video-preview":"max-video-preview:-1"},"canonical":"https:\/\/planyard.com\/fr\/logiciel-de-developpement-immobilier","og_locale":"fr_FR","og_type":"article","og_title":"Logiciel de d\u00e9veloppement immobilier | Simplifiez la budg\u00e9tisation avec Planyard","og_description":"D\u00e9couvrez comment le logiciel de d\u00e9veloppement immobilier de Planyard simplifie la budg\u00e9tisation, s'int\u00e8gre \u00e0 Xero et \u00e9limine les processus Excel.","og_url":"https:\/\/planyard.com\/fr\/logiciel-de-developpement-immobilier","og_site_name":"Planyard France","article_modified_time":"2025-05-17T17:43:07+00:00","twitter_card":"summary_large_image","schema":{"@context":"https:\/\/schema.org","@graph":[{"@type":"WebPage","@id":"https:\/\/planyard.com\/fr\/logiciel-de-developpement-immobilier","url":"https:\/\/planyard.com\/fr\/logiciel-de-developpement-immobilier","name":"Logiciel de d\u00e9veloppement immobilier | Simplifiez la budg\u00e9tisation avec Planyard","isPartOf":{"@id":"https:\/\/planyard.com\/fr#website"},"datePublished":"2025-01-08T14:33:28+00:00","dateModified":"2025-05-17T17:43:07+00:00","description":"D\u00e9couvrez comment le logiciel de d\u00e9veloppement immobilier de Planyard simplifie la budg\u00e9tisation, s'int\u00e8gre \u00e0 Xero et \u00e9limine les processus Excel.","breadcrumb":{"@id":"https:\/\/planyard.com\/fr\/logiciel-de-developpement-immobilier#breadcrumb"},"inLanguage":"fr-FR","potentialAction":[{"@type":"ReadAction","target":["https:\/\/planyard.com\/fr\/logiciel-de-developpement-immobilier"]}]},{"@type":"BreadcrumbList","@id":"https:\/\/planyard.com\/fr\/logiciel-de-developpement-immobilier#breadcrumb","itemListElement":[{"@type":"ListItem","position":1,"name":"Home","item":"https:\/\/planyard.com\/fr"},{"@type":"ListItem","position":2,"name":"Logiciel de d\u00e9veloppement immobilier"}]},{"@type":"WebSite","@id":"https:\/\/planyard.com\/fr#website","url":"https:\/\/planyard.com\/fr","name":"Planyard France","description":"","potentialAction":[{"@type":"SearchAction","target":{"@type":"EntryPoint","urlTemplate":"https:\/\/planyard.com\/fr?s={search_term_string}"},"query-input":{"@type":"PropertyValueSpecification","valueRequired":true,"valueName":"search_term_string"}}],"inLanguage":"fr-FR"}]}},"_links":{"self":[{"href":"https:\/\/planyard.com\/fr\/wp-json\/wp\/v2\/pages\/12202","targetHints":{"allow":["GET"]}}],"collection":[{"href":"https:\/\/planyard.com\/fr\/wp-json\/wp\/v2\/pages"}],"about":[{"href":"https:\/\/planyard.com\/fr\/wp-json\/wp\/v2\/types\/page"}],"author":[{"embeddable":true,"href":"https:\/\/planyard.com\/fr\/wp-json\/wp\/v2\/users\/4"}],"replies":[{"embeddable":true,"href":"https:\/\/planyard.com\/fr\/wp-json\/wp\/v2\/comments?post=12202"}],"version-history":[{"count":1,"href":"https:\/\/planyard.com\/fr\/wp-json\/wp\/v2\/pages\/12202\/revisions"}],"predecessor-version":[{"id":12362,"href":"https:\/\/planyard.com\/fr\/wp-json\/wp\/v2\/pages\/12202\/revisions\/12362"}],"wp:attachment":[{"href":"https:\/\/planyard.com\/fr\/wp-json\/wp\/v2\/media?parent=12202"}],"wp:term":[{"taxonomy":"page_intent","embeddable":true,"href":"https:\/\/planyard.com\/fr\/wp-json\/wp\/v2\/page_intent?post=12202"},{"taxonomy":"page_type","embeddable":true,"href":"https:\/\/planyard.com\/fr\/wp-json\/wp\/v2\/page_type?post=12202"}],"curies":[{"name":"wp","href":"https:\/\/api.w.org\/{rel}","templated":true}]}}