{"id":12199,"date":"2024-09-11T08:50:44","date_gmt":"2024-09-11T08:50:44","guid":{"rendered":"https:\/\/planyard.com\/procore-vs-plangrid"},"modified":"2025-05-19T18:10:39","modified_gmt":"2025-05-19T18:10:39","slug":"procore-contre-plangrid","status":"publish","type":"page","link":"https:\/\/planyard.com\/fr\/procore-contre-plangrid","title":{"rendered":"Procore contre Plangrid"},"content":{"rendered":"\n<p class=\"has-text-align-center\">Comparaison compl\u00e8te entre Procore et Plangrid. Comparez les fonctionnalit\u00e9s, les prix et les alternatives. <\/p>\n\n\n\n<div class=\"wp-block-columns is-layout-flex wp-container-core-columns-is-layout-9d6595d7 wp-block-columns-is-layout-flex\">\n<div class=\"wp-block-column is-layout-flow wp-block-column-is-layout-flow\" style=\"flex-basis:100%\">\n<div class=\"wp-block-columns is-layout-flex wp-container-core-columns-is-layout-9d6595d7 wp-block-columns-is-layout-flex\">\n<div class=\"wp-block-column is-layout-flow wp-block-column-is-layout-flow\">\n<h4 class=\"wp-block-heading\">Qu&rsquo;est-ce que Procore ?<\/h4>\n\n\n\n<p><a href=\"https:\/\/procore.com\">Procore<\/a> est un logiciel de gestion de projets de construction am\u00e9ricain avec de nombreux modules diff\u00e9rents.<\/p>\n\n\n\n<p>Le logiciel couvre la pr\u00e9construction, la gestion de projet, la gestion des ressources et la gestion financi\u00e8re.<\/p>\n<\/div>\n\n\n\n<div class=\"wp-block-column is-layout-flow wp-block-column-is-layout-flow\">\n<h4 class=\"wp-block-heading\">Qu&rsquo;est-ce que Plangrid ? <\/h4>\n\n\n\n<p><a href=\"https:\/\/www.plangrid.com\/\">Plangrid<\/a>&nbsp;est un logiciel de productivit\u00e9 pour la construction.<\/p>\n\n\n\n<p>Il est principalement destin\u00e9 \u00e0 partager des plans et d&rsquo;autres documents pour une collaboration en temps r\u00e9el.<\/p>\n<\/div>\n\n\n\n<div class=\"wp-block-column is-layout-flow wp-block-column-is-layout-flow\">\n<h4 class=\"wp-block-heading\">Qu&rsquo;est-ce que Planyard ?<\/h4>\n\n\n\n<p><a href=\"https:\/\/planyard.com\/fr\">Planyard<\/a>&nbsp;est un logiciel de gestion financi\u00e8re pour les entrepreneurs principaux qui \u00e9limine la double saisie de donn\u00e9es.<\/p>\n\n\n\n<p>Il permet aux utilisateurs de g\u00e9rer les budgets sans d\u00e9pendre d&rsquo;Excel ou de courriels interminables, tandis que les sous-traitants peuvent entrer directement les donn\u00e9es dans le syst\u00e8me.<\/p>\n<\/div>\n<\/div>\n<\/div>\n<\/div>\n\n\n\n<h2 class=\"wp-block-heading has-text-align-center\">Comparaison des fonctionnalit\u00e9s et des prix<\/h2>\n\n\n\n<figure class=\"wp-block-table\"><table><tbody><tr><td><\/td><td><img loading=\"lazy\" decoding=\"async\" width=\"118\" height=\"40\" class=\"wp-image-108\" style=\"width: 118px;\" src=\"https:\/\/planyard.com\/wp-content\/uploads\/2024\/07\/Procore_Logo_FC_Black_RGB-1.svg\" alt=\"\"><br><strong>Procore<\/strong><\/td><td><img loading=\"lazy\" decoding=\"async\" width=\"150\" height=\"36\" class=\"wp-image-2299\" style=\"width: 150px;\" src=\"https:\/\/planyard.com\/wp-content\/uploads\/2024\/10\/plangrid.svg\" alt=\"Plangrid\"><br><strong>Plangrid<\/strong><\/td><td><img loading=\"lazy\" decoding=\"async\" width=\"135\" height=\"28\" class=\"wp-image-2040\" style=\"width: 135px;\" src=\"https:\/\/planyard.com\/wp-content\/uploads\/2024\/09\/planyard-logo.svg\" alt=\"\"><br><strong>Planyard<\/strong><\/td><\/tr><tr><td><strong>Essai gratuit<\/strong><\/td><td><img decoding=\"async\" src=\"https:\/\/planyard.com\/wp-content\/uploads\/2024\/10\/icons8-delete-30.png\"><\/td><td><\/td><td><img decoding=\"async\" src=\"https:\/\/planyard.com\/wp-content\/uploads\/2024\/10\/icons8-checkmark-30.png\"> <\/td><\/tr><tr><td><strong>Tarification<\/strong><\/td><td><strong>549 USD par mois<\/strong><br>(avec contrat annuel et max 3 millions de revenus annuels)<\/td><td><strong>39-119 USD par utilisateur par mois<\/strong><\/td><td><strong>\u00c0 partir de 52 USD par utilisateur par mois<\/strong><\/td><\/tr><tr><td><strong>Utilisateurs illimit\u00e9s<\/strong><\/td><td><img decoding=\"async\" src=\"https:\/\/planyard.com\/wp-content\/uploads\/2024\/10\/icons8-checkmark-30.png\"><\/td><td><img decoding=\"async\" src=\"https:\/\/planyard.com\/wp-content\/uploads\/2024\/10\/icons8-delete-30.png\"><\/td><td><img decoding=\"async\" src=\"https:\/\/planyard.com\/wp-content\/uploads\/2024\/10\/icons8-checkmark-30.png\"><\/td><\/tr><tr><td><strong>Donn\u00e9es illimit\u00e9es<\/strong><\/td><td><img decoding=\"async\" src=\"https:\/\/planyard.com\/wp-content\/uploads\/2024\/10\/icons8-checkmark-30.png\"><\/td><td><img decoding=\"async\" src=\"https:\/\/planyard.com\/wp-content\/uploads\/2024\/10\/icons8-checkmark-30.png\"> (sauf feuilles limit\u00e9es par le plan)<\/td><td><img decoding=\"async\" src=\"https:\/\/planyard.com\/wp-content\/uploads\/2024\/10\/icons8-checkmark-30.png\"><\/td><\/tr><tr><td><strong>Suivi du budget<\/strong><\/td><td><img decoding=\"async\" src=\"https:\/\/planyard.com\/wp-content\/uploads\/2024\/10\/icons8-checkmark-30.png\"><\/td><td><img decoding=\"async\" src=\"https:\/\/planyard.com\/wp-content\/uploads\/2024\/10\/icons8-delete-30.png\"><\/td><td><img decoding=\"async\" src=\"https:\/\/planyard.com\/wp-content\/uploads\/2024\/10\/icons8-checkmark-30.png\"><\/td><\/tr><tr><td><strong>Co\u00fbt des travaux<\/strong><\/td><td><img decoding=\"async\" src=\"https:\/\/planyard.com\/wp-content\/uploads\/2024\/10\/icons8-checkmark-30.png\"><\/td><td><img decoding=\"async\" src=\"https:\/\/planyard.com\/wp-content\/uploads\/2024\/10\/icons8-delete-30.png\"><\/td><td><img decoding=\"async\" src=\"https:\/\/planyard.com\/wp-content\/uploads\/2024\/10\/icons8-checkmark-30.png\"><\/td><\/tr><tr><td><strong>Appels d&rsquo;offres<\/strong><\/td><td><img decoding=\"async\" src=\"https:\/\/planyard.com\/wp-content\/uploads\/2024\/10\/icons8-checkmark-30.png\"><\/td><td><img decoding=\"async\" src=\"https:\/\/planyard.com\/wp-content\/uploads\/2024\/10\/icons8-delete-30.png\"><\/td><td><img decoding=\"async\" src=\"https:\/\/planyard.com\/wp-content\/uploads\/2024\/10\/icons8-checkmark-30.png\"><\/td><\/tr><tr><td><strong>Gestion des contrats<\/strong><\/td><td><img decoding=\"async\" src=\"https:\/\/planyard.com\/wp-content\/uploads\/2024\/10\/icons8-checkmark-30.png\"><\/td><td><img decoding=\"async\" src=\"https:\/\/planyard.com\/wp-content\/uploads\/2024\/10\/icons8-delete-30.png\"><\/td><td><img decoding=\"async\" src=\"https:\/\/planyard.com\/wp-content\/uploads\/2024\/10\/icons8-checkmark-30.png\"><\/td><\/tr><tr><td><strong>Gestion des variations<\/strong><\/td><td><img decoding=\"async\" src=\"https:\/\/planyard.com\/wp-content\/uploads\/2024\/10\/icons8-checkmark-30.png\"><\/td><td><img decoding=\"async\" src=\"https:\/\/planyard.com\/wp-content\/uploads\/2024\/10\/icons8-delete-30.png\"><\/td><td><img decoding=\"async\" src=\"https:\/\/planyard.com\/wp-content\/uploads\/2024\/10\/icons8-checkmark-30.png\"><\/td><\/tr><tr><td><strong>Facturation des sous-traitants<\/strong><\/td><td><img decoding=\"async\" src=\"https:\/\/planyard.com\/wp-content\/uploads\/2024\/10\/icons8-checkmark-30.png\"><\/td><td><img decoding=\"async\" src=\"https:\/\/planyard.com\/wp-content\/uploads\/2024\/10\/icons8-delete-30.png\"><\/td><td><img decoding=\"async\" src=\"https:\/\/planyard.com\/wp-content\/uploads\/2024\/10\/icons8-checkmark-30.png\"><\/td><\/tr><tr><td><strong>Pr\u00e9vision de rentabilit\u00e9<\/strong><\/td><td><img decoding=\"async\" src=\"https:\/\/planyard.com\/wp-content\/uploads\/2024\/10\/icons8-checkmark-30.png\"><\/td><td><img decoding=\"async\" src=\"https:\/\/planyard.com\/wp-content\/uploads\/2024\/10\/icons8-delete-30.png\"><\/td><td><img decoding=\"async\" src=\"https:\/\/planyard.com\/wp-content\/uploads\/2024\/10\/icons8-checkmark-30.png\"><\/td><\/tr><tr><td><strong>Planification<\/strong><\/td><td><img decoding=\"async\" src=\"https:\/\/planyard.com\/wp-content\/uploads\/2024\/10\/icons8-checkmark-30.png\"><\/td><td><img decoding=\"async\" src=\"https:\/\/planyard.com\/wp-content\/uploads\/2024\/10\/icons8-delete-30.png\"><\/td><td><img decoding=\"async\" src=\"https:\/\/planyard.com\/wp-content\/uploads\/2024\/10\/icons8-delete-30.png\"><\/td><\/tr><tr><td><strong>BIM<\/strong><\/td><td><img decoding=\"async\" src=\"https:\/\/planyard.com\/wp-content\/uploads\/2024\/10\/icons8-checkmark-30.png\"> (int\u00e9gration)<\/td><td><img decoding=\"async\" src=\"https:\/\/planyard.com\/wp-content\/uploads\/2024\/10\/icons8-checkmark-30.png\"> (int\u00e9gration)<\/td><td><img decoding=\"async\" src=\"https:\/\/planyard.com\/wp-content\/uploads\/2024\/10\/icons8-delete-30.png\"><\/td><\/tr><tr><td><strong>Productivit\u00e9 sur le terrain<\/strong><\/td><td><img decoding=\"async\" src=\"https:\/\/planyard.com\/wp-content\/uploads\/2024\/10\/icons8-checkmark-30.png\"> (co\u00fbt suppl\u00e9mentaire)<\/td><td><img decoding=\"async\" src=\"https:\/\/planyard.com\/wp-content\/uploads\/2024\/10\/icons8-checkmark-30.png\"><\/td><td><img decoding=\"async\" src=\"https:\/\/planyard.com\/wp-content\/uploads\/2024\/10\/icons8-delete-30.png\"><\/td><\/tr><tr><td><strong>Application iOS<\/strong><\/td><td><img decoding=\"async\" src=\"https:\/\/planyard.com\/wp-content\/uploads\/2024\/10\/icons8-checkmark-30.png\"><\/td><td><img decoding=\"async\" src=\"https:\/\/planyard.com\/wp-content\/uploads\/2024\/10\/icons8-checkmark-30.png\"><\/td><td><img decoding=\"async\" src=\"https:\/\/planyard.com\/wp-content\/uploads\/2024\/10\/icons8-checkmark-30.png\"><\/td><\/tr><tr><td><strong>Application Android<\/strong><\/td><td><img decoding=\"async\" src=\"https:\/\/planyard.com\/wp-content\/uploads\/2024\/10\/icons8-checkmark-30.png\"><\/td><td><img decoding=\"async\" src=\"https:\/\/planyard.com\/wp-content\/uploads\/2024\/10\/icons8-checkmark-30.png\"><\/td><td><img decoding=\"async\" src=\"https:\/\/planyard.com\/wp-content\/uploads\/2024\/10\/icons8-checkmark-30.png\"><\/td><\/tr><tr><td><strong>Application mobile Windows<\/strong><\/td><td><img decoding=\"async\" src=\"https:\/\/planyard.com\/wp-content\/uploads\/2024\/10\/icons8-checkmark-30.png\"><\/td><td><img decoding=\"async\" src=\"https:\/\/planyard.com\/wp-content\/uploads\/2024\/10\/icons8-checkmark-30.png\"><\/td><td><img decoding=\"async\" src=\"https:\/\/planyard.com\/wp-content\/uploads\/2024\/10\/icons8-delete-30.png\"><\/td><\/tr><tr><td><strong>Int\u00e9gration Outlook<\/strong><\/td><td><img decoding=\"async\" src=\"https:\/\/planyard.com\/wp-content\/uploads\/2024\/10\/icons8-checkmark-30.png\"><\/td><td><img decoding=\"async\" src=\"https:\/\/planyard.com\/wp-content\/uploads\/2024\/10\/icons8-delete-30.png\"><\/td><td><img decoding=\"async\" src=\"https:\/\/planyard.com\/wp-content\/uploads\/2024\/10\/icons8-checkmark-30.png\"><\/td><\/tr><tr><td><strong>Extension Google Chrome<\/strong><\/td><td><img decoding=\"async\" src=\"https:\/\/planyard.com\/wp-content\/uploads\/2024\/10\/icons8-delete-30.png\"><\/td><td><img decoding=\"async\" src=\"https:\/\/planyard.com\/wp-content\/uploads\/2024\/10\/icons8-delete-30.png\"><\/td><td><img decoding=\"async\" src=\"https:\/\/planyard.com\/wp-content\/uploads\/2024\/10\/icons8-checkmark-30.png\"><\/td><\/tr><tr><td><strong>Int\u00e9grations comptables<\/strong><\/td><td><img decoding=\"async\" src=\"https:\/\/planyard.com\/wp-content\/uploads\/2024\/10\/icons8-checkmark-30.png\"><\/td><td><img decoding=\"async\" src=\"https:\/\/planyard.com\/wp-content\/uploads\/2024\/10\/icons8-delete-30.png\"><\/td><td><img decoding=\"async\" src=\"https:\/\/planyard.com\/wp-content\/uploads\/2024\/10\/icons8-checkmark-30.png\"><\/td><\/tr><tr><td><strong>Support<\/strong><\/td><td><img decoding=\"async\" src=\"https:\/\/planyard.com\/wp-content\/uploads\/2024\/10\/icons8-checkmark-30.png\"><\/td><td><img decoding=\"async\" src=\"https:\/\/planyard.com\/wp-content\/uploads\/2024\/10\/icons8-checkmark-30.png\"><\/td><td><img decoding=\"async\" src=\"https:\/\/planyard.com\/wp-content\/uploads\/2024\/10\/icons8-checkmark-30.png\"><\/td><\/tr><\/tbody><\/table><\/figure>\n\n\n\n<h2 class=\"wp-block-heading has-text-align-center\">Avantages de Planyard<\/h2>\n\n\n\n<div class=\"wp-block-columns is-layout-flex wp-container-core-columns-is-layout-9d6595d7 wp-block-columns-is-layout-flex\">\n<div class=\"wp-block-column is-layout-flow wp-block-column-is-layout-flow\">\n<p><strong>Savoir si un projet est rentable ou non avant sa fin<\/strong><\/p>\n\n\n\n<p><strong>D\u00e9tecter les erreurs d&rsquo;estimation et de conception<\/strong><\/p>\n<\/div>\n\n\n\n<div class=\"wp-block-column is-layout-flow wp-block-column-is-layout-flow\">\n<p><strong>\u00c9conomisez 3 \u00e0 5 jours par mois par chef de projet<\/strong><\/p>\n\n\n\n<p><strong>\u00c9liminez la saisie manuelle et le copier-coller<\/strong><\/p>\n<\/div>\n\n\n\n<div class=\"wp-block-column is-layout-flow wp-block-column-is-layout-flow\">\n<p><strong>Standardisez les processus et assurez la conformit\u00e9<\/strong><\/p>\n\n\n\n<p><strong>Ne laissez rien passer entre les mailles du filet<\/strong><\/p>\n<\/div>\n<\/div>\n\n\n\n<figure class=\"wp-block-image size-full\"><img loading=\"lazy\" decoding=\"async\" width=\"1600\" height=\"953\" src=\"https:\/\/planyard.com\/wp-content\/uploads\/2024\/08\/Planyard-budget-dashboard-2.png\" alt=\"\" class=\"wp-image-1684\" srcset=\"https:\/\/planyard.com\/wp-content\/uploads\/2024\/08\/Planyard-budget-dashboard-2.png 1600w, https:\/\/planyard.com\/wp-content\/uploads\/2024\/08\/Planyard-budget-dashboard-2-1536x915.png 1536w\" sizes=\"auto, (max-width: 1600px) 100vw, 1600px\" \/><\/figure>\n\n\n\n<h2 class=\"wp-block-heading\">Con\u00e7u pour les chefs de projet<\/h2>\n\n\n\n<p>Vous n&rsquo;avez pas besoin de passer des semaines \u00e0 l&rsquo;apprendre, Planyard fonctionne comme les chefs de projet travaillent r\u00e9ellement<\/p>\n\n\n\n<ul class=\"wp-block-list\">\n<li>Estimez, suivez et pr\u00e9voyez votre budget.<\/li>\n\n\n\n<li>Collectez les offres, rapports d&rsquo;avancement, ordres de changement et factures des sous-traitants.<\/li>\n\n\n\n<li>Gardez tout interconnect\u00e9.<\/li>\n\n\n\n<li>Suivez la rentabilit\u00e9 de votre projet en temps r\u00e9el.<\/li>\n\n\n\n<li>Gardez la comptabilit\u00e9 automatiquement synchronis\u00e9e.<\/li>\n<\/ul>\n\n\n\n<div class=\"wp-block-buttons is-layout-flex wp-block-buttons-is-layout-flex\">\n<div class=\"wp-block-button is-style-fill\"><a class=\"wp-block-button__link has-background wp-element-button\" href=\"https:\/\/app.planyard.com\/#\/signup\" style=\"background-color:#2756ff\">Essayez Gratuitement<\/a><\/div>\n<\/div>\n\n\n\n<figure class=\"wp-block-image size-full\"><img loading=\"lazy\" decoding=\"async\" width=\"1024\" height=\"503\" src=\"https:\/\/planyard.com\/wp-content\/uploads\/2024\/09\/planyard-for-management-1024x503-1.png\" alt=\"\" class=\"wp-image-1965\"\/><\/figure>\n\n\n\n<h2 class=\"wp-block-heading has-text-align-center\">Fonctionne pour la direction<\/h2>\n\n\n\n<p>Standardisez vos processus de gestion des co\u00fbts et assurez la conformit\u00e9 dans toute l&rsquo;entreprise.<\/p>\n\n\n\n<ul class=\"wp-block-list\">\n<li>Obtenez une vue d&rsquo;ensemble en temps r\u00e9el de l&rsquo;ensemble de votre portefeuille de projets.<\/li>\n\n\n\n<li>Gardez toutes les donn\u00e9es dans un syst\u00e8me int\u00e9gr\u00e9 \u00e9troitement.<\/li>\n\n\n\n<li>Pr\u00e9voir la rentabilit\u00e9 et le flux de tr\u00e9sorerie. <\/li>\n<\/ul>\n\n\n\n<div class=\"wp-block-buttons is-layout-flex wp-block-buttons-is-layout-flex\">\n<div class=\"wp-block-button\"><a class=\"wp-block-button__link has-background wp-element-button\" style=\"background-color:#2756ff\">Demandez Une D\u00e9mo<\/a><\/div>\n<\/div>\n\n\n\n<p><\/p>\n","protected":false},"excerpt":{"rendered":"<p>Comparaison compl\u00e8te entre Procore et Plangrid. Comparez les fonctionnalit\u00e9s, les prix et les alternatives. Qu&rsquo;est-ce que Procore ? Procore est un logiciel de gestion de projets de construction am\u00e9ricain avec de nombreux modules diff\u00e9rents. Le logiciel couvre la pr\u00e9construction, la gestion de projet, la gestion des ressources et la gestion financi\u00e8re. Qu&rsquo;est-ce que Plangrid ?&#8230;  <a class=\"excerpt-read-more\" href=\"https:\/\/planyard.com\/fr\/procore-contre-plangrid\" title=\"Lire  Procore contre Plangrid\">Lire la suite \u00ab\u00a0<\/a><\/p>\n","protected":false},"author":5,"featured_media":0,"parent":0,"menu_order":0,"comment_status":"closed","ping_status":"closed","template":"","meta":{"_acf_changed":false,"content-type":"","footnotes":""},"page_intent":[209],"page_type":[],"class_list":["post-12199","page","type-page","status-publish","hentry"],"acf":[],"yoast_head":"<!-- This site is optimized with the Yoast SEO plugin v27.1.1 - https:\/\/yoast.com\/product\/yoast-seo-wordpress\/ -->\n<title>Comparaison des logiciels de construction Procore contre Plangrid - Planyard France<\/title>\n<meta name=\"description\" content=\"Comparaison des logiciels de construction Procore contre PlanGrid. D\u00e9couvrez les diff\u00e9rences et similitudes entre les deux.\" \/>\n<meta name=\"robots\" content=\"index, follow, max-snippet:-1, max-image-preview:large, max-video-preview:-1\" \/>\n<link rel=\"canonical\" href=\"https:\/\/planyard.com\/fr\/procore-contre-plangrid\" \/>\n<meta property=\"og:locale\" content=\"fr_FR\" \/>\n<meta property=\"og:type\" content=\"article\" \/>\n<meta property=\"og:title\" content=\"Comparaison des logiciels de construction Procore contre Plangrid - Planyard France\" \/>\n<meta property=\"og:description\" content=\"Comparaison des logiciels de construction Procore contre PlanGrid. D\u00e9couvrez les diff\u00e9rences et similitudes entre les deux.\" \/>\n<meta property=\"og:url\" content=\"https:\/\/planyard.com\/fr\/procore-contre-plangrid\" \/>\n<meta property=\"og:site_name\" content=\"Planyard France\" \/>\n<meta property=\"article:modified_time\" content=\"2025-05-19T18:10:39+00:00\" \/>\n<meta name=\"twitter:card\" content=\"summary_large_image\" \/>\n<meta name=\"twitter:label1\" content=\"Dur\u00e9e de lecture estim\u00e9e\" \/>\n\t<meta name=\"twitter:data1\" content=\"15 minutes\" \/>\n<!-- \/ Yoast SEO plugin. -->","yoast_head_json":{"title":"Comparaison des logiciels de construction Procore contre Plangrid - Planyard France","description":"Comparaison des logiciels de construction Procore contre PlanGrid. D\u00e9couvrez les diff\u00e9rences et similitudes entre les deux.","robots":{"index":"index","follow":"follow","max-snippet":"max-snippet:-1","max-image-preview":"max-image-preview:large","max-video-preview":"max-video-preview:-1"},"canonical":"https:\/\/planyard.com\/fr\/procore-contre-plangrid","og_locale":"fr_FR","og_type":"article","og_title":"Comparaison des logiciels de construction Procore contre Plangrid - Planyard France","og_description":"Comparaison des logiciels de construction Procore contre PlanGrid. D\u00e9couvrez les diff\u00e9rences et similitudes entre les deux.","og_url":"https:\/\/planyard.com\/fr\/procore-contre-plangrid","og_site_name":"Planyard France","article_modified_time":"2025-05-19T18:10:39+00:00","twitter_card":"summary_large_image","twitter_misc":{"Dur\u00e9e de lecture estim\u00e9e":"15 minutes"},"schema":{"@context":"https:\/\/schema.org","@graph":[{"@type":"WebPage","@id":"https:\/\/planyard.com\/fr\/procore-contre-plangrid","url":"https:\/\/planyard.com\/fr\/procore-contre-plangrid","name":"Comparaison des logiciels de construction Procore contre Plangrid - Planyard France","isPartOf":{"@id":"https:\/\/planyard.com\/fr#website"},"primaryImageOfPage":{"@id":"https:\/\/planyard.com\/fr\/procore-contre-plangrid#primaryimage"},"image":{"@id":"https:\/\/planyard.com\/fr\/procore-contre-plangrid#primaryimage"},"thumbnailUrl":"https:\/\/planyard.com\/wp-content\/uploads\/2024\/07\/Procore_Logo_FC_Black_RGB-1.svg","datePublished":"2024-09-11T08:50:44+00:00","dateModified":"2025-05-19T18:10:39+00:00","description":"Comparaison des logiciels de construction Procore contre PlanGrid. D\u00e9couvrez les diff\u00e9rences et similitudes entre les deux.","breadcrumb":{"@id":"https:\/\/planyard.com\/fr\/procore-contre-plangrid#breadcrumb"},"inLanguage":"fr-FR","potentialAction":[{"@type":"ReadAction","target":["https:\/\/planyard.com\/fr\/procore-contre-plangrid"]}]},{"@type":"ImageObject","inLanguage":"fr-FR","@id":"https:\/\/planyard.com\/fr\/procore-contre-plangrid#primaryimage","url":"https:\/\/planyard.com\/wp-content\/uploads\/2024\/07\/Procore_Logo_FC_Black_RGB-1.svg","contentUrl":"https:\/\/planyard.com\/wp-content\/uploads\/2024\/07\/Procore_Logo_FC_Black_RGB-1.svg"},{"@type":"BreadcrumbList","@id":"https:\/\/planyard.com\/fr\/procore-contre-plangrid#breadcrumb","itemListElement":[{"@type":"ListItem","position":1,"name":"Home","item":"https:\/\/planyard.com\/fr"},{"@type":"ListItem","position":2,"name":"Procore contre Plangrid"}]},{"@type":"WebSite","@id":"https:\/\/planyard.com\/fr#website","url":"https:\/\/planyard.com\/fr","name":"Planyard France","description":"","potentialAction":[{"@type":"SearchAction","target":{"@type":"EntryPoint","urlTemplate":"https:\/\/planyard.com\/fr?s={search_term_string}"},"query-input":{"@type":"PropertyValueSpecification","valueRequired":true,"valueName":"search_term_string"}}],"inLanguage":"fr-FR"}]}},"_links":{"self":[{"href":"https:\/\/planyard.com\/fr\/wp-json\/wp\/v2\/pages\/12199","targetHints":{"allow":["GET"]}}],"collection":[{"href":"https:\/\/planyard.com\/fr\/wp-json\/wp\/v2\/pages"}],"about":[{"href":"https:\/\/planyard.com\/fr\/wp-json\/wp\/v2\/types\/page"}],"author":[{"embeddable":true,"href":"https:\/\/planyard.com\/fr\/wp-json\/wp\/v2\/users\/5"}],"replies":[{"embeddable":true,"href":"https:\/\/planyard.com\/fr\/wp-json\/wp\/v2\/comments?post=12199"}],"version-history":[{"count":3,"href":"https:\/\/planyard.com\/fr\/wp-json\/wp\/v2\/pages\/12199\/revisions"}],"predecessor-version":[{"id":16178,"href":"https:\/\/planyard.com\/fr\/wp-json\/wp\/v2\/pages\/12199\/revisions\/16178"}],"wp:attachment":[{"href":"https:\/\/planyard.com\/fr\/wp-json\/wp\/v2\/media?parent=12199"}],"wp:term":[{"taxonomy":"page_intent","embeddable":true,"href":"https:\/\/planyard.com\/fr\/wp-json\/wp\/v2\/page_intent?post=12199"},{"taxonomy":"page_type","embeddable":true,"href":"https:\/\/planyard.com\/fr\/wp-json\/wp\/v2\/page_type?post=12199"}],"curies":[{"name":"wp","href":"https:\/\/api.w.org\/{rel}","templated":true}]}}