{"id":12198,"date":"2024-08-27T13:45:07","date_gmt":"2024-08-27T13:45:07","guid":{"rendered":"https:\/\/planyard.com\/procore-too-expensive"},"modified":"2025-05-19T18:09:50","modified_gmt":"2025-05-19T18:09:50","slug":"procore-trop-cher","status":"publish","type":"page","link":"https:\/\/planyard.com\/fr\/procore-trop-cher","title":{"rendered":"Le mod\u00e8le de tarification de Procore est-il trop cher ?"},"content":{"rendered":"\n<div class=\"wp-block-columns is-layout-flex wp-container-core-columns-is-layout-9d6595d7 wp-block-columns-is-layout-flex\">\n<div class=\"wp-block-column is-layout-flow wp-block-column-is-layout-flow\">\n<figure class=\"wp-block-image size-full\"><img loading=\"lazy\" decoding=\"async\" width=\"900\" height=\"500\" src=\"https:\/\/planyard.com\/wp-content\/uploads\/2024\/08\/procore-vector-logo.png\" alt=\"\" class=\"wp-image-1540\"\/><\/figure>\n<\/div>\n\n\n\n<div class=\"wp-block-column is-layout-flow wp-block-column-is-layout-flow\">\n<figure class=\"wp-block-image size-full is-resized\"><img loading=\"lazy\" decoding=\"async\" width=\"500\" height=\"200\" src=\"https:\/\/planyard.com\/wp-content\/uploads\/2024\/08\/Planyard-logo-500x200-1-1.png\" alt=\"\" class=\"wp-image-1541\" style=\"width:535px;height:auto\"\/><\/figure>\n<\/div>\n<\/div>\n\n\n\n<h2 class=\"wp-block-heading\">Qu&rsquo;est-ce que Procore ?<\/h2>\n\n\n\n<p><a href=\"https:\/\/www.procore.com\/\">Procore<\/a>&nbsp;est un logiciel de gestion de projets de construction am\u00e9ricain avec de nombreux modules diff\u00e9rents.<\/p>\n\n\n\n<p>Le logiciel couvre la pr\u00e9construction, la gestion de projet, la gestion des ressources et la gestion financi\u00e8re.<\/p>\n\n\n\n<h2 class=\"wp-block-heading\" id=\"a-bit-more-context\">Un peu plus de contexte<\/h2>\n\n\n\n<p>Procore d\u00e9veloppe son logiciel depuis 2003. Cela en fait une arme \u00e0 double tranchant.<\/p>\n\n\n\n<p>D&rsquo;une part, il est tr\u00e8s complet. Il couvre de nombreuses fonctions diff\u00e9rentes \u00e0 travers diff\u00e9rents mod\u00e8les, ce qui signifie que vous pouvez unifier davantage les processus.<\/p>\n\n\n\n<p>D&rsquo;autre part, les entreprises ont tendance \u00e0 monter en gamme \u00e0 mesure qu&rsquo;elles m\u00fbrissent. Leurs solutions deviennent beaucoup plus complexes et les prix augmentent sans cesse. Procore est comme Salesforce en ce sens : il est utilis\u00e9 par les plus grandes entreprises du monde, mais elles paient toutes le prix fort.<\/p>\n\n\n\n<p>Parce que Procore est un logiciel en d\u00e9veloppement depuis pr\u00e8s de 20 ans, il contient probablement beaucoup de technologies h\u00e9rit\u00e9es. Les \u00e9l\u00e9ments construits il y a dix ans semblent d\u00e9sormais obsol\u00e8tes dans le logiciel.<\/p>\n\n\n\n<h2 class=\"wp-block-heading\" id=\"what-is-planyard\">Qu&rsquo;est-ce que Planyard ?<\/h2>\n\n\n\n<p><a href=\"https:\/\/planyard.com\/fr\">Planyard<\/a>&nbsp;est un logiciel de gestion budg\u00e9taire et de sous-traitance bas\u00e9 sur le cloud pour les entrepreneurs principaux.<\/p>\n\n\n\n<p>Vous pouvez g\u00e9rer les budgets sans Excel et sans \u00e9changes d&#8217;emails. Vos sous-traitants feront le travail pour vous.<\/p>\n\n\n\n<h2 class=\"wp-block-heading\" id=\"procore-vs-planyard-pricing\">Tarification Procore vs Planyard<\/h2>\n\n\n\n<figure class=\"wp-block-image size-full\"><img loading=\"lazy\" decoding=\"async\" width=\"1204\" height=\"324\" src=\"https:\/\/planyard.com\/wp-content\/uploads\/2024\/08\/Procore-vs-Planyard-pricing.png\" alt=\"\" class=\"wp-image-1542\"\/><\/figure>\n\n\n\n<p>La tarification de Procore est relativement fixe, vous obligeant \u00e0 payer des sommes importantes avant de d\u00e9terminer si la plateforme vous convient. Le m\u00eame probl\u00e8me se pose si vous \u00eates une petite entreprise ou si vous avez divers projets. L&rsquo;approche unique ne convient pas \u00e0 tout le monde. C&rsquo;est pourquoi la tarification de Planyard d\u00e9pend des fonctionnalit\u00e9s dont vous avez besoin.<\/p>\n","protected":false},"excerpt":{"rendered":"<p>Qu&rsquo;est-ce que Procore ? Procore&nbsp;est un logiciel de gestion de projets de construction am\u00e9ricain avec de nombreux modules diff\u00e9rents. Le logiciel couvre la pr\u00e9construction, la gestion de projet, la gestion des ressources et la gestion financi\u00e8re. Un peu plus de contexte Procore d\u00e9veloppe son logiciel depuis 2003. Cela en fait une arme \u00e0 double tranchant&#8230;.  <a class=\"excerpt-read-more\" href=\"https:\/\/planyard.com\/fr\/procore-trop-cher\" title=\"Lire  Le mod\u00e8le de tarification de Procore est-il trop cher ?\">Lire la suite \u00ab\u00a0<\/a><\/p>\n","protected":false},"author":2,"featured_media":0,"parent":0,"menu_order":0,"comment_status":"closed","ping_status":"closed","template":"","meta":{"_acf_changed":false,"content-type":"","footnotes":""},"page_intent":[194],"page_type":[],"class_list":["post-12198","page","type-page","status-publish","hentry"],"acf":[],"yoast_head":"<!-- This site is optimized with the Yoast SEO plugin v27.1.1 - https:\/\/yoast.com\/product\/yoast-seo-wordpress\/ -->\n<title>Le mod\u00e8le de tarification de Procore est-il trop cher ? - Planyard France<\/title>\n<meta name=\"description\" content=\"La tarification de Procore est-elle trop rigide pour vous ? Planyard est une plateforme cloud de gestion financi\u00e8re et de co\u00fbts de construction pour toute votre \u00e9quipe.\" \/>\n<meta name=\"robots\" content=\"index, follow, max-snippet:-1, max-image-preview:large, max-video-preview:-1\" \/>\n<link rel=\"canonical\" href=\"https:\/\/planyard.com\/fr\/procore-trop-cher\" \/>\n<meta property=\"og:locale\" content=\"fr_FR\" \/>\n<meta property=\"og:type\" content=\"article\" \/>\n<meta property=\"og:title\" content=\"Le mod\u00e8le de tarification de Procore est-il trop cher ? - Planyard France\" \/>\n<meta property=\"og:description\" content=\"La tarification de Procore est-elle trop rigide pour vous ? Planyard est une plateforme cloud de gestion financi\u00e8re et de co\u00fbts de construction pour toute votre \u00e9quipe.\" \/>\n<meta property=\"og:url\" content=\"https:\/\/planyard.com\/fr\/procore-trop-cher\" \/>\n<meta property=\"og:site_name\" content=\"Planyard France\" \/>\n<meta property=\"article:modified_time\" content=\"2025-05-19T18:09:50+00:00\" \/>\n<meta property=\"og:image\" content=\"https:\/\/planyard.com\/wp-content\/uploads\/2024\/08\/procore-vector-logo.png\" \/>\n\t<meta property=\"og:image:width\" content=\"900\" \/>\n\t<meta property=\"og:image:height\" content=\"500\" \/>\n\t<meta property=\"og:image:type\" content=\"image\/png\" \/>\n<meta name=\"twitter:card\" content=\"summary_large_image\" \/>\n<meta name=\"twitter:label1\" content=\"Dur\u00e9e de lecture estim\u00e9e\" \/>\n\t<meta name=\"twitter:data1\" content=\"2 minutes\" \/>\n<!-- \/ Yoast SEO plugin. -->","yoast_head_json":{"title":"Le mod\u00e8le de tarification de Procore est-il trop cher ? - Planyard France","description":"La tarification de Procore est-elle trop rigide pour vous ? Planyard est une plateforme cloud de gestion financi\u00e8re et de co\u00fbts de construction pour toute votre \u00e9quipe.","robots":{"index":"index","follow":"follow","max-snippet":"max-snippet:-1","max-image-preview":"max-image-preview:large","max-video-preview":"max-video-preview:-1"},"canonical":"https:\/\/planyard.com\/fr\/procore-trop-cher","og_locale":"fr_FR","og_type":"article","og_title":"Le mod\u00e8le de tarification de Procore est-il trop cher ? - Planyard France","og_description":"La tarification de Procore est-elle trop rigide pour vous ? Planyard est une plateforme cloud de gestion financi\u00e8re et de co\u00fbts de construction pour toute votre \u00e9quipe.","og_url":"https:\/\/planyard.com\/fr\/procore-trop-cher","og_site_name":"Planyard France","article_modified_time":"2025-05-19T18:09:50+00:00","og_image":[{"width":900,"height":500,"url":"https:\/\/planyard.com\/wp-content\/uploads\/2024\/08\/procore-vector-logo.png","type":"image\/png"}],"twitter_card":"summary_large_image","twitter_misc":{"Dur\u00e9e de lecture estim\u00e9e":"2 minutes"},"schema":{"@context":"https:\/\/schema.org","@graph":[{"@type":"WebPage","@id":"https:\/\/planyard.com\/fr\/procore-trop-cher","url":"https:\/\/planyard.com\/fr\/procore-trop-cher","name":"Le mod\u00e8le de tarification de Procore est-il trop cher ? - Planyard France","isPartOf":{"@id":"https:\/\/planyard.com\/fr#website"},"primaryImageOfPage":{"@id":"https:\/\/planyard.com\/fr\/procore-trop-cher#primaryimage"},"image":{"@id":"https:\/\/planyard.com\/fr\/procore-trop-cher#primaryimage"},"thumbnailUrl":"https:\/\/planyard.com\/wp-content\/uploads\/2024\/08\/procore-vector-logo.png","datePublished":"2024-08-27T13:45:07+00:00","dateModified":"2025-05-19T18:09:50+00:00","description":"La tarification de Procore est-elle trop rigide pour vous ? Planyard est une plateforme cloud de gestion financi\u00e8re et de co\u00fbts de construction pour toute votre \u00e9quipe.","breadcrumb":{"@id":"https:\/\/planyard.com\/fr\/procore-trop-cher#breadcrumb"},"inLanguage":"fr-FR","potentialAction":[{"@type":"ReadAction","target":["https:\/\/planyard.com\/fr\/procore-trop-cher"]}]},{"@type":"ImageObject","inLanguage":"fr-FR","@id":"https:\/\/planyard.com\/fr\/procore-trop-cher#primaryimage","url":"https:\/\/planyard.com\/wp-content\/uploads\/2024\/08\/procore-vector-logo.png","contentUrl":"https:\/\/planyard.com\/wp-content\/uploads\/2024\/08\/procore-vector-logo.png"},{"@type":"BreadcrumbList","@id":"https:\/\/planyard.com\/fr\/procore-trop-cher#breadcrumb","itemListElement":[{"@type":"ListItem","position":1,"name":"Home","item":"https:\/\/planyard.com\/fr"},{"@type":"ListItem","position":2,"name":"Le mod\u00e8le de tarification de Procore est-il trop cher ?"}]},{"@type":"WebSite","@id":"https:\/\/planyard.com\/fr#website","url":"https:\/\/planyard.com\/fr","name":"Planyard France","description":"","potentialAction":[{"@type":"SearchAction","target":{"@type":"EntryPoint","urlTemplate":"https:\/\/planyard.com\/fr?s={search_term_string}"},"query-input":{"@type":"PropertyValueSpecification","valueRequired":true,"valueName":"search_term_string"}}],"inLanguage":"fr-FR"}]}},"_links":{"self":[{"href":"https:\/\/planyard.com\/fr\/wp-json\/wp\/v2\/pages\/12198","targetHints":{"allow":["GET"]}}],"collection":[{"href":"https:\/\/planyard.com\/fr\/wp-json\/wp\/v2\/pages"}],"about":[{"href":"https:\/\/planyard.com\/fr\/wp-json\/wp\/v2\/types\/page"}],"author":[{"embeddable":true,"href":"https:\/\/planyard.com\/fr\/wp-json\/wp\/v2\/users\/2"}],"replies":[{"embeddable":true,"href":"https:\/\/planyard.com\/fr\/wp-json\/wp\/v2\/comments?post=12198"}],"version-history":[{"count":3,"href":"https:\/\/planyard.com\/fr\/wp-json\/wp\/v2\/pages\/12198\/revisions"}],"predecessor-version":[{"id":16176,"href":"https:\/\/planyard.com\/fr\/wp-json\/wp\/v2\/pages\/12198\/revisions\/16176"}],"wp:attachment":[{"href":"https:\/\/planyard.com\/fr\/wp-json\/wp\/v2\/media?parent=12198"}],"wp:term":[{"taxonomy":"page_intent","embeddable":true,"href":"https:\/\/planyard.com\/fr\/wp-json\/wp\/v2\/page_intent?post=12198"},{"taxonomy":"page_type","embeddable":true,"href":"https:\/\/planyard.com\/fr\/wp-json\/wp\/v2\/page_type?post=12198"}],"curies":[{"name":"wp","href":"https:\/\/api.w.org\/{rel}","templated":true}]}}