{"id":12195,"date":"2024-08-26T07:14:20","date_gmt":"2024-08-26T07:14:20","guid":{"rendered":"https:\/\/planyard.com\/privacy-policy"},"modified":"2025-05-19T18:07:16","modified_gmt":"2025-05-19T18:07:16","slug":"politique-de-confidentialite","status":"publish","type":"page","link":"https:\/\/planyard.com\/fr\/politique-de-confidentialite","title":{"rendered":"Politique de confidentialit\u00e9"},"content":{"rendered":"\n<p>Cette politique de confidentialit\u00e9 r\u00e9git la mani\u00e8re dont Planyard collecte, utilise, maintient et divulgue les informations recueillies aupr\u00e8s des utilisateurs (chacun, un \u00ab Utilisateur \u00bb) des sites web planyard.com, central.planyard.com et app.planyard.com (\u00ab Site \u00bb). Cette politique de confidentialit\u00e9 s&rsquo;applique au Site et \u00e0 tous les produits et services offerts par Planyard.<\/p>\n\n\n\n<p><strong>Informations personnelles d&rsquo;identification<\/strong><\/p>\n\n\n\n<p>Nous pouvons collecter des informations personnelles d&rsquo;identification des Utilisateurs de diff\u00e9rentes mani\u00e8res, y compris, mais sans s&rsquo;y limiter, lorsque les Utilisateurs visitent notre site, s&rsquo;abonnent \u00e0 la newsletter, remplissent un formulaire, et en lien avec d&rsquo;autres activit\u00e9s, services, fonctionnalit\u00e9s ou ressources que nous mettons \u00e0 disposition sur notre Site. Les Utilisateurs peuvent \u00eatre invit\u00e9s \u00e0 fournir, le cas \u00e9ch\u00e9ant, leur nom, adresse e-mail, nom de l&rsquo;entreprise, num\u00e9ro de t\u00e9l\u00e9phone. Les Utilisateurs peuvent toutefois visiter notre Site de mani\u00e8re anonyme. Nous ne collecterons des informations personnelles d&rsquo;identification des Utilisateurs que s&rsquo;ils nous les soumettent volontairement. Les Utilisateurs peuvent toujours refuser de fournir des informations personnelles d&rsquo;identification, sauf que cela peut les emp\u00eacher de participer \u00e0 certaines activit\u00e9s li\u00e9es au Site &#8211; telles que les applications Planyard.<\/p>\n\n\n\n<p><strong>Informations d&rsquo;identification non personnelles<\/strong><\/p>\n\n\n\n<p>Nous pouvons collecter des informations d&rsquo;identification non personnelles sur les Utilisateurs chaque fois qu&rsquo;ils interagissent avec notre Site. Les informations d&rsquo;identification non personnelles peuvent inclure le nom du navigateur, le type d&rsquo;ordinateur et des informations techniques sur les moyens de connexion des Utilisateurs \u00e0 notre Site, tels que le syst\u00e8me d&rsquo;exploitation et les fournisseurs de services Internet utilis\u00e9s et d&rsquo;autres informations similaires.<\/p>\n\n\n\n<p><strong>Cookies de navigateur web<\/strong><\/p>\n\n\n\n<p>Notre Site peut utiliser des \u00ab cookies \u00bb pour am\u00e9liorer l&rsquo;exp\u00e9rience utilisateur. Le navigateur web de l&rsquo;Utilisateur place des cookies sur son disque dur \u00e0 des fins de tenue de dossiers et parfois pour suivre des informations les concernant. L&rsquo;Utilisateur peut choisir de configurer son navigateur web pour refuser les cookies, ou pour vous alerter lorsque des cookies sont envoy\u00e9s. S&rsquo;ils le font, notez que certaines parties du Site peuvent ne pas fonctionner correctement.<\/p>\n\n\n\n<p><strong>Comment nous utilisons les informations collect\u00e9es<\/strong><\/p>\n\n\n\n<p>Planyard peut collecter et utiliser les informations personnelles des Utilisateurs aux fins suivantes :<\/p>\n\n\n\n<ul class=\"wp-block-list\">\n<li>Pour am\u00e9liorer le service client<\/li>\n\n<ul class=\"wp-block-list\">\n<li>Les informations que vous fournissez nous aident \u00e0 r\u00e9pondre plus efficacement \u00e0 vos demandes de service client et \u00e0 vos besoins de support.<\/li>\n<\/ul>\n<\/li>\n\n\n\n<li>Pour am\u00e9liorer notre Site<\/li>\n\n<ul class=\"wp-block-list\">\n<li>Nous pouvons utiliser les commentaires que vous fournissez pour am\u00e9liorer nos produits et services.<\/li>\n<\/ul>\n<\/li>\n\n\n\n<li>Pour envoyer des e-mails p\u00e9riodiques<\/li>\n\n<ul class=\"wp-block-list\">\n<li>Nous pouvons utiliser l&rsquo;adresse e-mail pour envoyer des informations et des mises \u00e0 jour concernant la commande de l&rsquo;Utilisateur. Elle peut \u00e9galement \u00eatre utilis\u00e9e pour r\u00e9pondre \u00e0 leurs demandes, questions et\/ou autres requ\u00eates. Si l&rsquo;Utilisateur d\u00e9cide de s&rsquo;inscrire \u00e0 notre liste de diffusion, il recevra des e-mails pouvant inclure des nouvelles de l&rsquo;entreprise, des mises \u00e0 jour, des informations sur des produits ou services connexes, etc. Si \u00e0 tout moment l&rsquo;Utilisateur souhaite se d\u00e9sabonner pour ne plus recevoir d&rsquo;e-mails futurs, nous incluons des instructions d\u00e9taill\u00e9es de d\u00e9sabonnement au bas de chaque e-mail.<\/li>\n<\/ul>\n<\/li>\n<\/ul>\n\n\n\n<p><strong>Comment nous prot\u00e9geons vos informations<\/strong><\/p>\n\n\n\n<p>Nous adoptons des pratiques appropri\u00e9es de collecte, de stockage et de traitement des donn\u00e9es et des mesures de s\u00e9curit\u00e9 pour prot\u00e9ger contre l&rsquo;acc\u00e8s non autoris\u00e9, l&rsquo;alt\u00e9ration, la divulgation ou la destruction de vos informations personnelles, nom d&rsquo;utilisateur, mot de passe, informations de transaction et donn\u00e9es stock\u00e9es sur notre Site.<\/p>\n\n\n\n<p><strong>Partage de vos informations personnelles<\/strong><\/p>\n\n\n\n<p>Nous ne vendons, n&rsquo;\u00e9changeons ni ne louons les informations personnelles d&rsquo;identification des Utilisateurs \u00e0 des tiers. Nous pouvons partager des informations d\u00e9mographiques g\u00e9n\u00e9riques agr\u00e9g\u00e9es non li\u00e9es \u00e0 des informations personnelles d&rsquo;identification concernant les visiteurs et les utilisateurs avec nos partenaires commerciaux, affili\u00e9s de confiance et annonceurs pour les raisons d\u00e9crites ci-dessus. Nous pouvons faire appel \u00e0 des prestataires de services tiers pour nous aider \u00e0 exploiter notre entreprise et le Site ou \u00e0 administrer des activit\u00e9s en notre nom, telles que l&rsquo;envoi de newsletters ou de sondages. Nous pouvons partager vos informations avec ces tiers pour ces finalit\u00e9s limit\u00e9es \u00e0 condition que vous nous ayez donn\u00e9 votre permission.<\/p>\n\n\n\n<p><strong>Sites web tiers<\/strong><\/p>\n\n\n\n<p>Les Utilisateurs peuvent trouver sur notre Site des publicit\u00e9s ou d&rsquo;autres contenus qui renvoient aux sites et services de nos partenaires, fournisseurs, annonceurs, sponsors, conc\u00e9dants de licence et autres tiers. Nous ne contr\u00f4lons pas le contenu ou les liens qui apparaissent sur ces sites et ne sommes pas responsables des pratiques employ\u00e9es par les sites web li\u00e9s \u00e0 ou depuis notre Site. De plus, ces sites ou services, y compris leur contenu et leurs liens, peuvent changer constamment. Ces sites et services peuvent avoir leurs propres politiques de confidentialit\u00e9 et politiques de service client. La navigation et l&rsquo;interaction sur tout autre site web, y compris les sites web ayant un lien vers notre Site, sont soumises aux propres termes et politiques de ce site web.<\/p>\n\n\n\n<p><strong>Modifications de cette politique de confidentialit\u00e9<\/strong><\/p>\n\n\n\n<p>Planyard se r\u00e9serve le droit de mettre \u00e0 jour cette politique de confidentialit\u00e9 \u00e0 tout moment. Lorsque nous le ferons, nous r\u00e9viserons la date de mise \u00e0 jour au bas de cette page. Nous encourageons les Utilisateurs \u00e0 v\u00e9rifier fr\u00e9quemment cette page pour toute modification afin de rester inform\u00e9s sur la mani\u00e8re dont nous aidons \u00e0 prot\u00e9ger les informations personnelles que nous collectons. Vous reconnaissez et acceptez qu&rsquo;il est de votre responsabilit\u00e9 de consulter p\u00e9riodiquement cette politique de confidentialit\u00e9 et de prendre connaissance des modifications.<\/p>\n\n\n\n<p><strong>Votre acceptation de ces termes<\/strong><\/p>\n\n\n\n<p>En utilisant ce Site, vous signifiez votre acceptation de cette politique. Si vous n&rsquo;\u00eates pas d&rsquo;accord avec cette politique, veuillez ne pas utiliser notre Site. Votre utilisation continue du Site apr\u00e8s la publication de modifications \u00e0 cette politique sera consid\u00e9r\u00e9e comme votre acceptation de ces modifications.<\/p>\n\n\n\n<p><strong>Nous contacter<\/strong><\/p>\n\n\n\n<p>Si vous avez des questions concernant cette politique de confidentialit\u00e9, les pratiques de ce site ou vos relations avec ce site, veuillez nous contacter \u00e0 info@planyard.com.<br><\/p>\n","protected":false},"excerpt":{"rendered":"<p>Cette politique de confidentialit\u00e9 r\u00e9git la mani\u00e8re dont Planyard collecte, utilise, maintient et divulgue les informations recueillies aupr\u00e8s des utilisateurs (chacun, un \u00ab Utilisateur \u00bb) des sites web planyard.com, central.planyard.com et app.planyard.com (\u00ab Site \u00bb). Cette politique de confidentialit\u00e9 s&rsquo;applique au Site et \u00e0 tous les produits et services offerts par Planyard. Informations personnelles d&rsquo;identification&#8230;  <a class=\"excerpt-read-more\" href=\"https:\/\/planyard.com\/fr\/politique-de-confidentialite\" title=\"Lire  Politique de confidentialit\u00e9\">Lire la suite \u00ab\u00a0<\/a><\/p>\n","protected":false},"author":2,"featured_media":0,"parent":0,"menu_order":0,"comment_status":"closed","ping_status":"closed","template":"","meta":{"_acf_changed":false,"content-type":"","footnotes":""},"page_intent":[179],"page_type":[],"class_list":["post-12195","page","type-page","status-publish","hentry"],"acf":[],"yoast_head":"<!-- This site is optimized with the Yoast SEO plugin v27.1.1 - https:\/\/yoast.com\/product\/yoast-seo-wordpress\/ -->\n<title>Politique de confidentialit\u00e9 - Planyard France<\/title>\n<meta name=\"description\" content=\"Planyard ne poss\u00e8de, ne contr\u00f4le ni ne dirige l&#039;utilisation des Donn\u00e9es Client stock\u00e9es ou trait\u00e9es par un Client ou Utilisateur via le Service.\" \/>\n<meta name=\"robots\" content=\"index, follow, max-snippet:-1, max-image-preview:large, max-video-preview:-1\" \/>\n<link rel=\"canonical\" href=\"https:\/\/planyard.com\/fr\/politique-de-confidentialite\" \/>\n<meta property=\"og:locale\" content=\"fr_FR\" \/>\n<meta property=\"og:type\" content=\"article\" \/>\n<meta property=\"og:title\" content=\"Politique de confidentialit\u00e9 - Planyard France\" \/>\n<meta property=\"og:description\" content=\"Planyard ne poss\u00e8de, ne contr\u00f4le ni ne dirige l&#039;utilisation des Donn\u00e9es Client stock\u00e9es ou trait\u00e9es par un Client ou Utilisateur via le Service.\" \/>\n<meta property=\"og:url\" content=\"https:\/\/planyard.com\/fr\/politique-de-confidentialite\" \/>\n<meta property=\"og:site_name\" content=\"Planyard France\" \/>\n<meta property=\"article:modified_time\" content=\"2025-05-19T18:07:16+00:00\" \/>\n<meta name=\"twitter:card\" content=\"summary_large_image\" \/>\n<meta name=\"twitter:label1\" content=\"Dur\u00e9e de lecture estim\u00e9e\" \/>\n\t<meta name=\"twitter:data1\" content=\"4 minutes\" \/>\n<!-- \/ Yoast SEO plugin. -->","yoast_head_json":{"title":"Politique de confidentialit\u00e9 - Planyard France","description":"Planyard ne poss\u00e8de, ne contr\u00f4le ni ne dirige l'utilisation des Donn\u00e9es Client stock\u00e9es ou trait\u00e9es par un Client ou Utilisateur via le Service.","robots":{"index":"index","follow":"follow","max-snippet":"max-snippet:-1","max-image-preview":"max-image-preview:large","max-video-preview":"max-video-preview:-1"},"canonical":"https:\/\/planyard.com\/fr\/politique-de-confidentialite","og_locale":"fr_FR","og_type":"article","og_title":"Politique de confidentialit\u00e9 - Planyard France","og_description":"Planyard ne poss\u00e8de, ne contr\u00f4le ni ne dirige l'utilisation des Donn\u00e9es Client stock\u00e9es ou trait\u00e9es par un Client ou Utilisateur via le Service.","og_url":"https:\/\/planyard.com\/fr\/politique-de-confidentialite","og_site_name":"Planyard France","article_modified_time":"2025-05-19T18:07:16+00:00","twitter_card":"summary_large_image","twitter_misc":{"Dur\u00e9e de lecture estim\u00e9e":"4 minutes"},"schema":{"@context":"https:\/\/schema.org","@graph":[{"@type":"WebPage","@id":"https:\/\/planyard.com\/fr\/politique-de-confidentialite","url":"https:\/\/planyard.com\/fr\/politique-de-confidentialite","name":"Politique de confidentialit\u00e9 - Planyard France","isPartOf":{"@id":"https:\/\/planyard.com\/fr#website"},"datePublished":"2024-08-26T07:14:20+00:00","dateModified":"2025-05-19T18:07:16+00:00","description":"Planyard ne poss\u00e8de, ne contr\u00f4le ni ne dirige l'utilisation des Donn\u00e9es Client stock\u00e9es ou trait\u00e9es par un Client ou Utilisateur via le Service.","breadcrumb":{"@id":"https:\/\/planyard.com\/fr\/politique-de-confidentialite#breadcrumb"},"inLanguage":"fr-FR","potentialAction":[{"@type":"ReadAction","target":["https:\/\/planyard.com\/fr\/politique-de-confidentialite"]}]},{"@type":"BreadcrumbList","@id":"https:\/\/planyard.com\/fr\/politique-de-confidentialite#breadcrumb","itemListElement":[{"@type":"ListItem","position":1,"name":"Home","item":"https:\/\/planyard.com\/fr"},{"@type":"ListItem","position":2,"name":"Politique de confidentialit\u00e9"}]},{"@type":"WebSite","@id":"https:\/\/planyard.com\/fr#website","url":"https:\/\/planyard.com\/fr","name":"Planyard France","description":"","potentialAction":[{"@type":"SearchAction","target":{"@type":"EntryPoint","urlTemplate":"https:\/\/planyard.com\/fr?s={search_term_string}"},"query-input":{"@type":"PropertyValueSpecification","valueRequired":true,"valueName":"search_term_string"}}],"inLanguage":"fr-FR"}]}},"_links":{"self":[{"href":"https:\/\/planyard.com\/fr\/wp-json\/wp\/v2\/pages\/12195","targetHints":{"allow":["GET"]}}],"collection":[{"href":"https:\/\/planyard.com\/fr\/wp-json\/wp\/v2\/pages"}],"about":[{"href":"https:\/\/planyard.com\/fr\/wp-json\/wp\/v2\/types\/page"}],"author":[{"embeddable":true,"href":"https:\/\/planyard.com\/fr\/wp-json\/wp\/v2\/users\/2"}],"replies":[{"embeddable":true,"href":"https:\/\/planyard.com\/fr\/wp-json\/wp\/v2\/comments?post=12195"}],"version-history":[{"count":3,"href":"https:\/\/planyard.com\/fr\/wp-json\/wp\/v2\/pages\/12195\/revisions"}],"predecessor-version":[{"id":16164,"href":"https:\/\/planyard.com\/fr\/wp-json\/wp\/v2\/pages\/12195\/revisions\/16164"}],"wp:attachment":[{"href":"https:\/\/planyard.com\/fr\/wp-json\/wp\/v2\/media?parent=12195"}],"wp:term":[{"taxonomy":"page_intent","embeddable":true,"href":"https:\/\/planyard.com\/fr\/wp-json\/wp\/v2\/page_intent?post=12195"},{"taxonomy":"page_type","embeddable":true,"href":"https:\/\/planyard.com\/fr\/wp-json\/wp\/v2\/page_type?post=12195"}],"curies":[{"name":"wp","href":"https:\/\/api.w.org\/{rel}","templated":true}]}}