{"id":12191,"date":"2025-04-03T10:21:32","date_gmt":"2025-04-03T10:21:32","guid":{"rendered":"https:\/\/planyard.com\/planyard-ultimate-functionality-training-videos"},"modified":"2025-05-19T18:05:48","modified_gmt":"2025-05-19T18:05:48","slug":"videos-de-formation-sur-les-fonctionnalites-ultimes-de-planyard","status":"publish","type":"page","link":"https:\/\/planyard.com\/fr\/videos-de-formation-sur-les-fonctionnalites-ultimes-de-planyard","title":{"rendered":"Vid\u00e9os de formation sur les fonctionnalit\u00e9s ultimes de Planyard"},"content":{"rendered":"\n<p>Vid\u00e9os de formation de 3 \u00e0 5 minutes pour les \u00e9conomistes de la construction et les chefs de projet afin de ma\u00eetriser le package ultime de Planyard\u2014couvrant le contr\u00f4le du budget et des engagements, les commandes de sous-traitants, les demandes de paiement enti\u00e8rement automatis\u00e9es, les bons de commande, les ordres de changement (variations), la gestion des factures, et plus encore.<\/p>\n\n\n\n<h2 class=\"wp-block-heading\">Bons de commande<\/h2>\n\n\n\n<p>Apprenez \u00e0 \u00e9mettre des bons de commande pour les mat\u00e9riaux, \u00e0 suivre les engagements budg\u00e9taires, \u00e0 mettre \u00e0 jour facilement les pr\u00e9visions et les rapports de CVR, \u00e0 g\u00e9rer les factures de pr\u00e9paiement, \u00e0 rester au courant des r\u00e9sum\u00e9s de paiement et \u00e0 pr\u00e9venir la surfacturation des fournisseurs.<\/p>\n\n\n\n<figure class=\"wp-block-embed is-type-video is-provider-youtube wp-block-embed-youtube wp-embed-aspect-16-9 wp-has-aspect-ratio\"><div class=\"wp-block-embed__wrapper\">\n<iframe loading=\"lazy\" title=\"See How Planyard Software Makes Construction Project Purchase Orders Easy\" width=\"500\" height=\"281\" src=\"https:\/\/www.youtube.com\/embed\/hlaGwY6-bhA?feature=oembed\" frameborder=\"0\" allow=\"accelerometer; autoplay; clipboard-write; encrypted-media; gyroscope; picture-in-picture; web-share\" referrerpolicy=\"strict-origin-when-cross-origin\" allowfullscreen><\/iframe>\n<\/div><\/figure>\n\n\n\n<h2 class=\"wp-block-heading\">Commandes de sous-traitants<\/h2>\n\n\n\n<p>Apprenez \u00e0 \u00e9mettre des commandes de sous-traitants, \u00e0 g\u00e9rer les retenues, \u00e0 traiter les pr\u00e9paiements, \u00e0 g\u00e9rer les ordres de changement (variations) et \u00e0 suivre les r\u00e9sum\u00e9s de paiement.<\/p>\n\n\n\n<figure class=\"wp-block-embed is-type-video is-provider-youtube wp-block-embed-youtube wp-embed-aspect-16-9 wp-has-aspect-ratio\"><div class=\"wp-block-embed__wrapper\">\n<iframe loading=\"lazy\" title=\"See How Planyard Software Makes Construction Project Subcontractor Orders Management Easy\" width=\"500\" height=\"281\" src=\"https:\/\/www.youtube.com\/embed\/Ijgum3S-EZQ?feature=oembed\" frameborder=\"0\" allow=\"accelerometer; autoplay; clipboard-write; encrypted-media; gyroscope; picture-in-picture; web-share\" referrerpolicy=\"strict-origin-when-cross-origin\" allowfullscreen><\/iframe>\n<\/div><\/figure>\n\n\n\n<h2 class=\"wp-block-heading\">Traitement des factures d&rsquo;achat<\/h2>\n\n\n\n<p>Traitez facilement les factures d&rsquo;achat, assignez-les aux lignes budg\u00e9taires, synchronisez automatiquement avec la comptabilit\u00e9 et suivez les co\u00fbts du projet en temps r\u00e9el \u2014 le tout sans saisie de donn\u00e9es r\u00e9p\u00e9titive.<\/p>\n\n\n\n<figure class=\"wp-block-embed is-type-video is-provider-youtube wp-block-embed-youtube wp-embed-aspect-16-9 wp-has-aspect-ratio\"><div class=\"wp-block-embed__wrapper\">\n<iframe loading=\"lazy\" title=\"Invoices processing on Planyard\" width=\"500\" height=\"281\" src=\"https:\/\/www.youtube.com\/embed\/cgVamRjQk1I?feature=oembed\" frameborder=\"0\" allow=\"accelerometer; autoplay; clipboard-write; encrypted-media; gyroscope; picture-in-picture; web-share\" referrerpolicy=\"strict-origin-when-cross-origin\" allowfullscreen><\/iframe>\n<\/div><\/figure>\n\n\n\n<h2 class=\"wp-block-heading\">Ordres de changement (Variations)<\/h2>\n\n\n\n<p>Enregistrez facilement les ordres de changement des clients et les variations des commandes de sous-traitants et des bons de commande. Suivez l&rsquo;impact financier de chaque changement pour rester au courant de la rentabilit\u00e9.<\/p>\n\n\n\n<figure class=\"wp-block-embed is-type-video is-provider-youtube wp-block-embed-youtube wp-embed-aspect-16-9 wp-has-aspect-ratio\"><div class=\"wp-block-embed__wrapper\">\n<iframe loading=\"lazy\" title=\"Construction change-orders (variations) management on Planyard software\" width=\"500\" height=\"281\" src=\"https:\/\/www.youtube.com\/embed\/6tACV4YQtas?feature=oembed\" frameborder=\"0\" allow=\"accelerometer; autoplay; clipboard-write; encrypted-media; gyroscope; picture-in-picture; web-share\" referrerpolicy=\"strict-origin-when-cross-origin\" allowfullscreen><\/iframe>\n<\/div><\/figure>\n\n\n\n<h2 class=\"wp-block-heading\">Contr\u00f4le budg\u00e9taire et pr\u00e9visions (CVR)<\/h2>\n\n\n\n<p>Pr\u00e9parez des pr\u00e9visions pr\u00e9cises et des rapports de CVR, r\u00e9visez les budgets si n\u00e9cessaire, approuvez les factures et examinez les \u00e9carts budg\u00e9taires pour garder le contr\u00f4le de la sant\u00e9 financi\u00e8re de votre projet. Analysez facilement les projections de rentabilit\u00e9.<\/p>\n\n\n\n<figure class=\"wp-block-embed is-type-video is-provider-youtube wp-block-embed-youtube wp-embed-aspect-16-9 wp-has-aspect-ratio\"><div class=\"wp-block-embed__wrapper\">\n<iframe loading=\"lazy\" title=\"Project cost control meeting how to video\" width=\"500\" height=\"281\" src=\"https:\/\/www.youtube.com\/embed\/oGkHgWPfIEo?feature=oembed\" frameborder=\"0\" allow=\"accelerometer; autoplay; clipboard-write; encrypted-media; gyroscope; picture-in-picture; web-share\" referrerpolicy=\"strict-origin-when-cross-origin\" allowfullscreen><\/iframe>\n<\/div><\/figure>\n\n\n\n<h2 class=\"wp-block-heading\">Applications de paiement des sous-traitants (Valuations, Demandes de paiement)<\/h2>\n\n\n\n<p>Planyard simplifie la collecte des demandes de paiement des sous-traitants\u2014\u00e9galement appel\u00e9es demandes de paiement ou valuations\u2014facilitant la facturation pour les chefs de projet, les ing\u00e9nieurs de chantier et les sous-traitants.<\/p>\n\n\n\n<figure class=\"wp-block-embed is-type-video is-provider-youtube wp-block-embed-youtube wp-embed-aspect-16-9 wp-has-aspect-ratio\"><div class=\"wp-block-embed__wrapper\">\n<iframe loading=\"lazy\" title=\"Planyard Streamlines Collecting the Subcontractor Payment Applications (Valuations or Claims)\" width=\"500\" height=\"281\" src=\"https:\/\/www.youtube.com\/embed\/WxxW_wrdgBk?feature=oembed\" frameborder=\"0\" allow=\"accelerometer; autoplay; clipboard-write; encrypted-media; gyroscope; picture-in-picture; web-share\" referrerpolicy=\"strict-origin-when-cross-origin\" allowfullscreen><\/iframe>\n<\/div><\/figure>\n\n\n\n<h2 class=\"wp-block-heading\">Facturation client et demandes de paiement (Valuations)<\/h2>\n\n\n\n<p>Apprenez \u00e0 g\u00e9rer le calendrier des valeurs du client, \u00e0 traiter les ordres de changement (variations), \u00e0 \u00e9mettre des demandes de paiement, \u00e0 g\u00e9rer les factures de pr\u00e9paiement, \u00e0 suivre les retenues et \u00e0 approuver les factures de vente en toute simplicit\u00e9.<\/p>\n\n\n\n<figure class=\"wp-block-embed is-type-video is-provider-youtube wp-block-embed-youtube wp-embed-aspect-16-9 wp-has-aspect-ratio\"><div class=\"wp-block-embed__wrapper\">\n<iframe loading=\"lazy\" title=\"How the client billing process is made simple on Planyard construction software\" width=\"500\" height=\"281\" src=\"https:\/\/www.youtube.com\/embed\/wZ0vTYTJtFs?feature=oembed\" frameborder=\"0\" allow=\"accelerometer; autoplay; clipboard-write; encrypted-media; gyroscope; picture-in-picture; web-share\" referrerpolicy=\"strict-origin-when-cross-origin\" allowfullscreen><\/iframe>\n<\/div><\/figure>\n\n\n\n<h2 class=\"wp-block-heading\">Demandes de prix des sous-traitants et automatisation des appels d&rsquo;offres<\/h2>\n\n\n\n<p>Planyard facilite l&rsquo;envoi de demandes de prix aux sous-traitants et aux fournisseurs par les \u00e9quipes de projet, puis la collecte et la comparaison de toutes les offres dans une vue centralis\u00e9e d&rsquo;\u00e9valuation des offres.<\/p>\n\n\n\n<figure class=\"wp-block-embed is-type-video is-provider-youtube wp-block-embed-youtube wp-embed-aspect-16-9 wp-has-aspect-ratio\"><div class=\"wp-block-embed__wrapper\">\n<iframe loading=\"lazy\" title=\"Planyard Subcontractor and Vendor Bidding and RFQ Process Introductory Video\" width=\"500\" height=\"281\" src=\"https:\/\/www.youtube.com\/embed\/QNehauOk34E?feature=oembed\" frameborder=\"0\" allow=\"accelerometer; autoplay; clipboard-write; encrypted-media; gyroscope; picture-in-picture; web-share\" referrerpolicy=\"strict-origin-when-cross-origin\" allowfullscreen><\/iframe>\n<\/div><\/figure>\n","protected":false},"excerpt":{"rendered":"<p>Vid\u00e9os de formation de 3 \u00e0 5 minutes pour les \u00e9conomistes de la construction et les chefs de projet afin de ma\u00eetriser le package ultime de Planyard\u2014couvrant le contr\u00f4le du budget et des engagements, les commandes de sous-traitants, les demandes de paiement enti\u00e8rement automatis\u00e9es, les bons de commande, les ordres de changement (variations), la gestion&#8230;  <a class=\"excerpt-read-more\" href=\"https:\/\/planyard.com\/fr\/videos-de-formation-sur-les-fonctionnalites-ultimes-de-planyard\" title=\"Lire  Vid\u00e9os de formation sur les fonctionnalit\u00e9s ultimes de Planyard\">Lire la suite \u00ab\u00a0<\/a><\/p>\n","protected":false},"author":4,"featured_media":0,"parent":0,"menu_order":0,"comment_status":"closed","ping_status":"closed","template":"page-smallheader.php","meta":{"_acf_changed":false,"content-type":"","footnotes":""},"page_intent":[],"page_type":[],"class_list":["post-12191","page","type-page","status-publish","hentry"],"acf":[],"yoast_head":"<!-- This site is optimized with the Yoast SEO plugin v27.1.1 - https:\/\/yoast.com\/product\/yoast-seo-wordpress\/ -->\n<title>Planyard Ultimate \u2013 Formation pour un contr\u00f4le total des co\u00fbts de construction<\/title>\n<meta name=\"description\" content=\"Vid\u00e9os de formation de 3 \u00e0 5 minutes pour les chefs de projet et les \u00e9conomistes de la construction afin de ma\u00eetriser le Pack Ultime de Planyard\u2014facturation des sous-traitants, budgets, bons de commande, et plus.\" \/>\n<meta name=\"robots\" content=\"index, follow, max-snippet:-1, max-image-preview:large, max-video-preview:-1\" \/>\n<link rel=\"canonical\" href=\"https:\/\/planyard.com\/fr\/videos-de-formation-sur-les-fonctionnalites-ultimes-de-planyard\" \/>\n<meta property=\"og:locale\" content=\"fr_FR\" \/>\n<meta property=\"og:type\" content=\"article\" \/>\n<meta property=\"og:title\" content=\"Planyard Ultimate \u2013 Formation pour un contr\u00f4le total des co\u00fbts de construction\" \/>\n<meta property=\"og:description\" content=\"Vid\u00e9os de formation de 3 \u00e0 5 minutes pour les chefs de projet et les \u00e9conomistes de la construction afin de ma\u00eetriser le Pack Ultime de Planyard\u2014facturation des sous-traitants, budgets, bons de commande, et plus.\" \/>\n<meta property=\"og:url\" content=\"https:\/\/planyard.com\/fr\/videos-de-formation-sur-les-fonctionnalites-ultimes-de-planyard\" \/>\n<meta property=\"og:site_name\" content=\"Planyard France\" \/>\n<meta property=\"article:modified_time\" content=\"2025-05-19T18:05:48+00:00\" \/>\n<meta name=\"twitter:card\" content=\"summary_large_image\" \/>\n<meta name=\"twitter:label1\" content=\"Dur\u00e9e de lecture estim\u00e9e\" \/>\n\t<meta name=\"twitter:data1\" content=\"2 minutes\" \/>\n<!-- \/ Yoast SEO plugin. -->","yoast_head_json":{"title":"Planyard Ultimate \u2013 Formation pour un contr\u00f4le total des co\u00fbts de construction","description":"Vid\u00e9os de formation de 3 \u00e0 5 minutes pour les chefs de projet et les \u00e9conomistes de la construction afin de ma\u00eetriser le Pack Ultime de Planyard\u2014facturation des sous-traitants, budgets, bons de commande, et plus.","robots":{"index":"index","follow":"follow","max-snippet":"max-snippet:-1","max-image-preview":"max-image-preview:large","max-video-preview":"max-video-preview:-1"},"canonical":"https:\/\/planyard.com\/fr\/videos-de-formation-sur-les-fonctionnalites-ultimes-de-planyard","og_locale":"fr_FR","og_type":"article","og_title":"Planyard Ultimate \u2013 Formation pour un contr\u00f4le total des co\u00fbts de construction","og_description":"Vid\u00e9os de formation de 3 \u00e0 5 minutes pour les chefs de projet et les \u00e9conomistes de la construction afin de ma\u00eetriser le Pack Ultime de Planyard\u2014facturation des sous-traitants, budgets, bons de commande, et plus.","og_url":"https:\/\/planyard.com\/fr\/videos-de-formation-sur-les-fonctionnalites-ultimes-de-planyard","og_site_name":"Planyard France","article_modified_time":"2025-05-19T18:05:48+00:00","twitter_card":"summary_large_image","twitter_misc":{"Dur\u00e9e de lecture estim\u00e9e":"2 minutes"},"schema":{"@context":"https:\/\/schema.org","@graph":[{"@type":"WebPage","@id":"https:\/\/planyard.com\/fr\/videos-de-formation-sur-les-fonctionnalites-ultimes-de-planyard","url":"https:\/\/planyard.com\/fr\/videos-de-formation-sur-les-fonctionnalites-ultimes-de-planyard","name":"Planyard Ultimate \u2013 Formation pour un contr\u00f4le total des co\u00fbts de construction","isPartOf":{"@id":"https:\/\/planyard.com\/fr#website"},"datePublished":"2025-04-03T10:21:32+00:00","dateModified":"2025-05-19T18:05:48+00:00","description":"Vid\u00e9os de formation de 3 \u00e0 5 minutes pour les chefs de projet et les \u00e9conomistes de la construction afin de ma\u00eetriser le Pack Ultime de Planyard\u2014facturation des sous-traitants, budgets, bons de commande, et plus.","breadcrumb":{"@id":"https:\/\/planyard.com\/fr\/videos-de-formation-sur-les-fonctionnalites-ultimes-de-planyard#breadcrumb"},"inLanguage":"fr-FR","potentialAction":[{"@type":"ReadAction","target":["https:\/\/planyard.com\/fr\/videos-de-formation-sur-les-fonctionnalites-ultimes-de-planyard"]}]},{"@type":"BreadcrumbList","@id":"https:\/\/planyard.com\/fr\/videos-de-formation-sur-les-fonctionnalites-ultimes-de-planyard#breadcrumb","itemListElement":[{"@type":"ListItem","position":1,"name":"Home","item":"https:\/\/planyard.com\/fr"},{"@type":"ListItem","position":2,"name":"Vid\u00e9os de formation sur les fonctionnalit\u00e9s ultimes de Planyard"}]},{"@type":"WebSite","@id":"https:\/\/planyard.com\/fr#website","url":"https:\/\/planyard.com\/fr","name":"Planyard France","description":"","potentialAction":[{"@type":"SearchAction","target":{"@type":"EntryPoint","urlTemplate":"https:\/\/planyard.com\/fr?s={search_term_string}"},"query-input":{"@type":"PropertyValueSpecification","valueRequired":true,"valueName":"search_term_string"}}],"inLanguage":"fr-FR"}]}},"_links":{"self":[{"href":"https:\/\/planyard.com\/fr\/wp-json\/wp\/v2\/pages\/12191","targetHints":{"allow":["GET"]}}],"collection":[{"href":"https:\/\/planyard.com\/fr\/wp-json\/wp\/v2\/pages"}],"about":[{"href":"https:\/\/planyard.com\/fr\/wp-json\/wp\/v2\/types\/page"}],"author":[{"embeddable":true,"href":"https:\/\/planyard.com\/fr\/wp-json\/wp\/v2\/users\/4"}],"replies":[{"embeddable":true,"href":"https:\/\/planyard.com\/fr\/wp-json\/wp\/v2\/comments?post=12191"}],"version-history":[{"count":3,"href":"https:\/\/planyard.com\/fr\/wp-json\/wp\/v2\/pages\/12191\/revisions"}],"predecessor-version":[{"id":16155,"href":"https:\/\/planyard.com\/fr\/wp-json\/wp\/v2\/pages\/12191\/revisions\/16155"}],"wp:attachment":[{"href":"https:\/\/planyard.com\/fr\/wp-json\/wp\/v2\/media?parent=12191"}],"wp:term":[{"taxonomy":"page_intent","embeddable":true,"href":"https:\/\/planyard.com\/fr\/wp-json\/wp\/v2\/page_intent?post=12191"},{"taxonomy":"page_type","embeddable":true,"href":"https:\/\/planyard.com\/fr\/wp-json\/wp\/v2\/page_type?post=12191"}],"curies":[{"name":"wp","href":"https:\/\/api.w.org\/{rel}","templated":true}]}}