{"id":12189,"date":"2025-04-03T10:02:17","date_gmt":"2025-04-03T10:02:17","guid":{"rendered":"https:\/\/planyard.com\/planyard-professional-functionality-training-videos"},"modified":"2025-05-19T18:04:37","modified_gmt":"2025-05-19T18:04:37","slug":"videos-formation-fonctionnalites-professionnelles-planyard","status":"publish","type":"page","link":"https:\/\/planyard.com\/fr\/videos-formation-fonctionnalites-professionnelles-planyard","title":{"rendered":"Vid\u00e9os de formation sur les fonctionnalit\u00e9s professionnelles de Planyard"},"content":{"rendered":"\n<p>Vid\u00e9os de formation de 3 \u00e0 5 minutes pour les \u00e9conomistes de la construction et les chefs de projet afin de ma\u00eetriser le package professionnel de Planyard\u2014couvrant le contr\u00f4le budg\u00e9taire, les bons de commande, les ordres de modification, la gestion des factures, et plus encore.<\/p>\n\n\n\n<h2 class=\"wp-block-heading\">Bons de commande<\/h2>\n\n\n\n<p>Apprenez \u00e0 \u00e9mettre des bons de commande pour les mat\u00e9riaux, \u00e0 suivre les engagements budg\u00e9taires, \u00e0 mettre \u00e0 jour facilement les pr\u00e9visions et les rapports CVR, \u00e0 g\u00e9rer les factures de pr\u00e9paiement, \u00e0 rester au courant des r\u00e9sum\u00e9s de paiement et \u00e0 pr\u00e9venir la surfacturation des fournisseurs.<\/p>\n\n\n\n<figure class=\"wp-block-embed is-type-video is-provider-youtube wp-block-embed-youtube wp-embed-aspect-16-9 wp-has-aspect-ratio\"><div class=\"wp-block-embed__wrapper\">\n<iframe loading=\"lazy\" title=\"See How Planyard Software Makes Construction Project Purchase Orders Easy\" width=\"500\" height=\"281\" src=\"https:\/\/www.youtube.com\/embed\/hlaGwY6-bhA?feature=oembed\" frameborder=\"0\" allow=\"accelerometer; autoplay; clipboard-write; encrypted-media; gyroscope; picture-in-picture; web-share\" referrerpolicy=\"strict-origin-when-cross-origin\" allowfullscreen><\/iframe>\n<\/div><\/figure>\n\n\n\n<h2 class=\"wp-block-heading\">Traitement des factures d&rsquo;achat<\/h2>\n\n\n\n<p>Traitez facilement les factures d&rsquo;achat, assignez-les aux lignes budg\u00e9taires, synchronisez automatiquement avec la comptabilit\u00e9 et suivez les co\u00fbts du projet en temps r\u00e9el \u2014 le tout sans saisie de donn\u00e9es r\u00e9p\u00e9titive.<\/p>\n\n\n\n<figure class=\"wp-block-embed is-type-video is-provider-youtube wp-block-embed-youtube wp-embed-aspect-16-9 wp-has-aspect-ratio\"><div class=\"wp-block-embed__wrapper\">\n<iframe loading=\"lazy\" title=\"Invoices processing on Planyard\" width=\"500\" height=\"281\" src=\"https:\/\/www.youtube.com\/embed\/cgVamRjQk1I?feature=oembed\" frameborder=\"0\" allow=\"accelerometer; autoplay; clipboard-write; encrypted-media; gyroscope; picture-in-picture; web-share\" referrerpolicy=\"strict-origin-when-cross-origin\" allowfullscreen><\/iframe>\n<\/div><\/figure>\n\n\n\n<h2 class=\"wp-block-heading\">Ordres de modification (Variations)<\/h2>\n\n\n\n<p>Enregistrez facilement les ordres de modification des clients et les variations des sous-traitants et des bons de commande. Suivez l&rsquo;impact financier de chaque changement pour garder le contr\u00f4le de la rentabilit\u00e9.<\/p>\n\n\n\n<figure class=\"wp-block-embed is-type-video is-provider-youtube wp-block-embed-youtube wp-embed-aspect-16-9 wp-has-aspect-ratio\"><div class=\"wp-block-embed__wrapper\">\n<iframe loading=\"lazy\" title=\"Construction change-orders (variations) management on Planyard software\" width=\"500\" height=\"281\" src=\"https:\/\/www.youtube.com\/embed\/6tACV4YQtas?feature=oembed\" frameborder=\"0\" allow=\"accelerometer; autoplay; clipboard-write; encrypted-media; gyroscope; picture-in-picture; web-share\" referrerpolicy=\"strict-origin-when-cross-origin\" allowfullscreen><\/iframe>\n<\/div><\/figure>\n\n\n\n<h2 class=\"wp-block-heading\">Contr\u00f4le budg\u00e9taire et pr\u00e9visions (CVR)<\/h2>\n\n\n\n<p>Pr\u00e9parez des pr\u00e9visions pr\u00e9cises et des rapports CVR, r\u00e9visez les budgets si n\u00e9cessaire, approuvez les factures et examinez les \u00e9carts budg\u00e9taires pour garder le contr\u00f4le de la sant\u00e9 financi\u00e8re de votre projet. Analysez les projections de rentabilit\u00e9 avec facilit\u00e9.<\/p>\n\n\n\n<figure class=\"wp-block-embed is-type-video is-provider-youtube wp-block-embed-youtube wp-embed-aspect-16-9 wp-has-aspect-ratio\"><div class=\"wp-block-embed__wrapper\">\n<iframe loading=\"lazy\" title=\"Project cost control meeting how to video\" width=\"500\" height=\"281\" src=\"https:\/\/www.youtube.com\/embed\/oGkHgWPfIEo?feature=oembed\" frameborder=\"0\" allow=\"accelerometer; autoplay; clipboard-write; encrypted-media; gyroscope; picture-in-picture; web-share\" referrerpolicy=\"strict-origin-when-cross-origin\" allowfullscreen><\/iframe>\n<\/div><\/figure>\n\n\n\n<h2 class=\"wp-block-heading\">Facturation client et demandes de paiement (\u00c9valuations)<\/h2>\n\n\n\n<p>Apprenez \u00e0 g\u00e9rer le calendrier des valeurs du client, \u00e0 traiter les ordres de modification (variations), \u00e0 \u00e9mettre des demandes de paiement, \u00e0 g\u00e9rer les factures de pr\u00e9paiement, \u00e0 suivre les retenues et \u00e0 approuver les factures de vente avec facilit\u00e9.<\/p>\n\n\n\n<figure class=\"wp-block-embed is-type-video is-provider-youtube wp-block-embed-youtube wp-embed-aspect-16-9 wp-has-aspect-ratio\"><div class=\"wp-block-embed__wrapper\">\n<iframe loading=\"lazy\" title=\"How the client billing process is made simple on Planyard construction software\" width=\"500\" height=\"281\" src=\"https:\/\/www.youtube.com\/embed\/wZ0vTYTJtFs?feature=oembed\" frameborder=\"0\" allow=\"accelerometer; autoplay; clipboard-write; encrypted-media; gyroscope; picture-in-picture; web-share\" referrerpolicy=\"strict-origin-when-cross-origin\" allowfullscreen><\/iframe>\n<\/div><\/figure>\n","protected":false},"excerpt":{"rendered":"<p>Vid\u00e9os de formation de 3 \u00e0 5 minutes pour les \u00e9conomistes de la construction et les chefs de projet afin de ma\u00eetriser le package professionnel de Planyard\u2014couvrant le contr\u00f4le budg\u00e9taire, les bons de commande, les ordres de modification, la gestion des factures, et plus encore. Bons de commande Apprenez \u00e0 \u00e9mettre des bons de commande&#8230;  <a class=\"excerpt-read-more\" href=\"https:\/\/planyard.com\/fr\/videos-formation-fonctionnalites-professionnelles-planyard\" title=\"Lire  Vid\u00e9os de formation sur les fonctionnalit\u00e9s professionnelles de Planyard\">Lire la suite \u00ab\u00a0<\/a><\/p>\n","protected":false},"author":4,"featured_media":0,"parent":0,"menu_order":0,"comment_status":"closed","ping_status":"closed","template":"page-smallheader.php","meta":{"_acf_changed":false,"content-type":"","footnotes":""},"page_intent":[],"page_type":[],"class_list":["post-12189","page","type-page","status-publish","hentry"],"acf":[],"yoast_head":"<!-- This site is optimized with the Yoast SEO plugin v27.1.1 - https:\/\/yoast.com\/product\/yoast-seo-wordpress\/ -->\n<title>Planyard Professionnel \u2013 Contr\u00f4le complet des co\u00fbts de construction pour les \u00e9quipes en croissance<\/title>\n<meta name=\"description\" content=\"Courtes vid\u00e9os de formation pour les \u00e9conomistes de la construction et les chefs de projet afin de ma\u00eetriser le package professionnel de Planyard\u2014couvrant le contr\u00f4le budg\u00e9taire, les bons de commande, et plus encore.\" \/>\n<meta name=\"robots\" content=\"index, follow, max-snippet:-1, max-image-preview:large, max-video-preview:-1\" \/>\n<link rel=\"canonical\" href=\"https:\/\/planyard.com\/fr\/videos-formation-fonctionnalites-professionnelles-planyard\" \/>\n<meta property=\"og:locale\" content=\"fr_FR\" \/>\n<meta property=\"og:type\" content=\"article\" \/>\n<meta property=\"og:title\" content=\"Planyard Professionnel \u2013 Contr\u00f4le complet des co\u00fbts de construction pour les \u00e9quipes en croissance\" \/>\n<meta property=\"og:description\" content=\"Courtes vid\u00e9os de formation pour les \u00e9conomistes de la construction et les chefs de projet afin de ma\u00eetriser le package professionnel de Planyard\u2014couvrant le contr\u00f4le budg\u00e9taire, les bons de commande, et plus encore.\" \/>\n<meta property=\"og:url\" content=\"https:\/\/planyard.com\/fr\/videos-formation-fonctionnalites-professionnelles-planyard\" \/>\n<meta property=\"og:site_name\" content=\"Planyard France\" \/>\n<meta property=\"article:modified_time\" content=\"2025-05-19T18:04:37+00:00\" \/>\n<meta name=\"twitter:card\" content=\"summary_large_image\" \/>\n<meta name=\"twitter:label1\" content=\"Dur\u00e9e de lecture estim\u00e9e\" \/>\n\t<meta name=\"twitter:data1\" content=\"1 minute\" \/>\n<!-- \/ Yoast SEO plugin. -->","yoast_head_json":{"title":"Planyard Professionnel \u2013 Contr\u00f4le complet des co\u00fbts de construction pour les \u00e9quipes en croissance","description":"Courtes vid\u00e9os de formation pour les \u00e9conomistes de la construction et les chefs de projet afin de ma\u00eetriser le package professionnel de Planyard\u2014couvrant le contr\u00f4le budg\u00e9taire, les bons de commande, et plus encore.","robots":{"index":"index","follow":"follow","max-snippet":"max-snippet:-1","max-image-preview":"max-image-preview:large","max-video-preview":"max-video-preview:-1"},"canonical":"https:\/\/planyard.com\/fr\/videos-formation-fonctionnalites-professionnelles-planyard","og_locale":"fr_FR","og_type":"article","og_title":"Planyard Professionnel \u2013 Contr\u00f4le complet des co\u00fbts de construction pour les \u00e9quipes en croissance","og_description":"Courtes vid\u00e9os de formation pour les \u00e9conomistes de la construction et les chefs de projet afin de ma\u00eetriser le package professionnel de Planyard\u2014couvrant le contr\u00f4le budg\u00e9taire, les bons de commande, et plus encore.","og_url":"https:\/\/planyard.com\/fr\/videos-formation-fonctionnalites-professionnelles-planyard","og_site_name":"Planyard France","article_modified_time":"2025-05-19T18:04:37+00:00","twitter_card":"summary_large_image","twitter_misc":{"Dur\u00e9e de lecture estim\u00e9e":"1 minute"},"schema":{"@context":"https:\/\/schema.org","@graph":[{"@type":"WebPage","@id":"https:\/\/planyard.com\/fr\/videos-formation-fonctionnalites-professionnelles-planyard","url":"https:\/\/planyard.com\/fr\/videos-formation-fonctionnalites-professionnelles-planyard","name":"Planyard Professionnel \u2013 Contr\u00f4le complet des co\u00fbts de construction pour les \u00e9quipes en croissance","isPartOf":{"@id":"https:\/\/planyard.com\/fr#website"},"datePublished":"2025-04-03T10:02:17+00:00","dateModified":"2025-05-19T18:04:37+00:00","description":"Courtes vid\u00e9os de formation pour les \u00e9conomistes de la construction et les chefs de projet afin de ma\u00eetriser le package professionnel de Planyard\u2014couvrant le contr\u00f4le budg\u00e9taire, les bons de commande, et plus encore.","breadcrumb":{"@id":"https:\/\/planyard.com\/fr\/videos-formation-fonctionnalites-professionnelles-planyard#breadcrumb"},"inLanguage":"fr-FR","potentialAction":[{"@type":"ReadAction","target":["https:\/\/planyard.com\/fr\/videos-formation-fonctionnalites-professionnelles-planyard"]}]},{"@type":"BreadcrumbList","@id":"https:\/\/planyard.com\/fr\/videos-formation-fonctionnalites-professionnelles-planyard#breadcrumb","itemListElement":[{"@type":"ListItem","position":1,"name":"Home","item":"https:\/\/planyard.com\/fr"},{"@type":"ListItem","position":2,"name":"Vid\u00e9os de formation sur les fonctionnalit\u00e9s professionnelles de Planyard"}]},{"@type":"WebSite","@id":"https:\/\/planyard.com\/fr#website","url":"https:\/\/planyard.com\/fr","name":"Planyard France","description":"","potentialAction":[{"@type":"SearchAction","target":{"@type":"EntryPoint","urlTemplate":"https:\/\/planyard.com\/fr?s={search_term_string}"},"query-input":{"@type":"PropertyValueSpecification","valueRequired":true,"valueName":"search_term_string"}}],"inLanguage":"fr-FR"}]}},"_links":{"self":[{"href":"https:\/\/planyard.com\/fr\/wp-json\/wp\/v2\/pages\/12189","targetHints":{"allow":["GET"]}}],"collection":[{"href":"https:\/\/planyard.com\/fr\/wp-json\/wp\/v2\/pages"}],"about":[{"href":"https:\/\/planyard.com\/fr\/wp-json\/wp\/v2\/types\/page"}],"author":[{"embeddable":true,"href":"https:\/\/planyard.com\/fr\/wp-json\/wp\/v2\/users\/4"}],"replies":[{"embeddable":true,"href":"https:\/\/planyard.com\/fr\/wp-json\/wp\/v2\/comments?post=12189"}],"version-history":[{"count":3,"href":"https:\/\/planyard.com\/fr\/wp-json\/wp\/v2\/pages\/12189\/revisions"}],"predecessor-version":[{"id":16149,"href":"https:\/\/planyard.com\/fr\/wp-json\/wp\/v2\/pages\/12189\/revisions\/16149"}],"wp:attachment":[{"href":"https:\/\/planyard.com\/fr\/wp-json\/wp\/v2\/media?parent=12189"}],"wp:term":[{"taxonomy":"page_intent","embeddable":true,"href":"https:\/\/planyard.com\/fr\/wp-json\/wp\/v2\/page_intent?post=12189"},{"taxonomy":"page_type","embeddable":true,"href":"https:\/\/planyard.com\/fr\/wp-json\/wp\/v2\/page_type?post=12189"}],"curies":[{"name":"wp","href":"https:\/\/api.w.org\/{rel}","templated":true}]}}