{"id":12186,"date":"2025-04-08T04:26:18","date_gmt":"2025-04-08T04:26:18","guid":{"rendered":"https:\/\/planyard.com\/planyard-professional-setup-guide"},"modified":"2025-05-19T18:09:40","modified_gmt":"2025-05-19T18:09:40","slug":"planyard-professionnel-guide-demarrage","status":"publish","type":"page","link":"https:\/\/planyard.com\/fr\/planyard-professionnel-guide-demarrage","title":{"rendered":"Planyard Professionnel \u2013 Guide de d\u00e9marrage en 11 \u00e9tapes"},"content":{"rendered":"\n<p><strong>Guide d&rsquo;installation pour les professionnels occup\u00e9s qui souhaitent d\u00e9marrer rapidement leur prochain projet (Prend g\u00e9n\u00e9ralement 15 \u00e0 20 minutes)<\/strong><br>Ce guide est destin\u00e9 au champion de Planyard\u2014g\u00e9n\u00e9ralement un responsable ou un chef de projet\u2014qui souhaite rapidement mettre en place un flux de travail standardis\u00e9 et \u00e9liminer les tableurs. Suivez ces huit \u00e9tapes pour configurer votre compte et commencer \u00e0 g\u00e9rer les co\u00fbts en temps r\u00e9el.<\/p>\n\n\n\n<h2 class=\"wp-block-heading\">1. Connectez-vous \u00e0 votre compte<\/h2>\n\n\n\n<p>Si vous n&rsquo;en avez pas, <a class=\"\" href=\"https:\/\/www.planyard.com\">commencez votre essai gratuit de 14 jours ici<\/a>.<\/p>\n\n\n\n<h2 class=\"wp-block-heading\">2. Remplissez le profil de votre entreprise<\/h2>\n\n\n\n<p>Le nom de votre entreprise, le code d&rsquo;enregistrement et le logo appara\u00eetront sur tous les documents (bons de commande, demandes, etc.).<\/p>\n\n\n\n<ul class=\"wp-block-list\">\n<li>Cliquez sur <a href=\"https:\/\/app.planyard.com\/company\/settings#\/company\/settings\"><strong>Entreprise<\/strong> \u2192 <strong>Param\u00e8tres<\/strong><\/a><\/li>\n\n\n\n<li>Remplissez les champs<\/li>\n<\/ul>\n\n\n\n<h2 class=\"wp-block-heading\">3. Invitez votre \u00e9quipe<\/h2>\n\n\n\n<p>Ajoutez des chefs de projet, des \u00e9conomistes de la construction, des ing\u00e9nieurs de chantier, du personnel financier, ou m\u00eame le client pour lui permettre de suivre le projet en temps r\u00e9el.<\/p>\n\n\n\n<ul class=\"wp-block-list\">\n<li>Cliquez sur <a href=\"https:\/\/app.planyard.com\/company\/settings#\/company\/users\"><strong>Entreprise<\/strong> \u2192 <strong>Gestion des utilisateurs<\/strong><\/a><\/li>\n\n\n\n<li>Cliquez sur <strong>Ajouter un nouvel utilisateur<\/strong><\/li>\n\n\n\n<li>Entrez leur email, choisissez les permissions, et cliquez sur <strong>Cr\u00e9er<\/strong><br>Planyard leur enverra par email les d\u00e9tails d&rsquo;acc\u00e8s au compte et des guides de configuration rapide.<\/li>\n<\/ul>\n\n\n\n<h2 class=\"wp-block-heading\">4. D\u00e9cidez de la visibilit\u00e9 du projet<\/h2>\n\n\n\n<p>D\u00e9finissez si les utilisateurs peuvent acc\u00e9der aux donn\u00e9es de co\u00fbt des \u00e9l\u00e9ments de projet des autres. La visibilit\u00e9 partag\u00e9e am\u00e9liore l&rsquo;estimation et l&rsquo;analyse de march\u00e9.<\/p>\n\n\n\n<ul class=\"wp-block-list\">\n<li>S\u00e9lectionnez le droit utilisateur : <strong>Voir les projets,<\/strong> soit <strong>Tout le monde<\/strong> ou <strong>Propre &amp; Partag\u00e9<\/strong><\/li>\n<\/ul>\n\n\n\n<blockquote class=\"wp-block-quote is-layout-flow wp-block-quote-is-layout-flow\">\n<p><em>\u201cPartager ces informations permet aux membres de l&rsquo;\u00e9quipe de v\u00e9rifier rapidement les co\u00fbts des \u00e9l\u00e9ments budg\u00e9taires dans les projets de coll\u00e8gues pour l&rsquo;estimation des co\u00fbts ou pour mieux comprendre les prix du march\u00e9 lors de la n\u00e9gociation avec les sous-traitants. C&rsquo;est particuli\u00e8rement utile si vous utilisez les m\u00eames codes de co\u00fbt pour tous les projets, permettant aux utilisateurs d&rsquo;imprimer en un clic les d\u00e9tails des co\u00fbts des \u00e9l\u00e9ments \u00e0 travers tous les projets du portefeuille\u2014actifs et historiques.\u201d<\/em><\/p>\n<\/blockquote>\n\n\n\n<h2 class=\"wp-block-heading\">5. T\u00e9l\u00e9chargez votre premier projet<\/h2>\n\n\n\n<p>Allez dans <strong>Projets<\/strong> \u2192 <strong>Cr\u00e9er un projet<\/strong>.<br>Vous pouvez t\u00e9l\u00e9charger la feuille de calcul du budget de d\u00e9part du projet \u00e0 l&rsquo;aide de guides vid\u00e9o courts. Vous pouvez utiliser n&rsquo;importe quels noms d&rsquo;\u00e9l\u00e9ments budg\u00e9taires et codes de co\u00fbt, remplissez-les en cons\u00e9quence sur le fichier d&rsquo;importation :<\/p>\n\n\n\n<ul class=\"wp-block-list\">\n<li>Projet simple : <a href=\"https:\/\/www.youtube.com\/watch?v=P3R1WjKpyUE&amp;ab_channel=Planyard\" target=\"_blank\" rel=\"noreferrer noopener\">vid\u00e9o de 2 minutes pour t\u00e9l\u00e9charger la feuille de calcul du budget<\/a> ou t\u00e9l\u00e9chargez un <a href=\"https:\/\/planyard.com\/wp-content\/uploads\/2025\/03\/Planyard-Traning-Project-Budget-Temaplate-9.xlsx\" target=\"_blank\" rel=\"noreferrer noopener\">mod\u00e8le d&rsquo;exemple<\/a><\/li>\n\n\n\n<li>Projet complexe avec sous-cat\u00e9gories budg\u00e9taires \u00e0 plusieurs niveaux :<a href=\"https:\/\/www.youtube.com\/watch?v=DIbRUvYqMxc&amp;ab_channel=Planyard\" target=\"_blank\" rel=\"noreferrer noopener\"> vid\u00e9o de 3 minutes pour t\u00e9l\u00e9charger la feuille de calcul du budget<\/a> ou t\u00e9l\u00e9chargez un <a href=\"https:\/\/planyard.com\/wp-content\/uploads\/2025\/03\/Planyard_Budget_Sample_Multiple_Subcategory_Levels_Complex_Projects.xls\" target=\"_blank\" rel=\"noreferrer noopener\">mod\u00e8le d&rsquo;exemple<\/a><\/li>\n\n\n\n<li>Ou convertissez directement un devis gagnant dans le module Ventes en un projet en direct<\/li>\n<\/ul>\n\n\n\n<p>Nous recommandons qu&rsquo;un seul responsable t\u00e9l\u00e9charge tous les projets initiaux pour assurer la coh\u00e9rence. Vous pouvez ensuite attribuer le propri\u00e9taire du projet dans <strong>Param\u00e8tres du projet<\/strong> afin que tous les projets soient pr\u00e9par\u00e9s de mani\u00e8re similaire.<\/p>\n\n\n\n<h2 class=\"wp-block-heading\">6. Verrouillez les estimations budg\u00e9taires pour la responsabilit\u00e9<\/h2>\n\n\n\n<p>Emp\u00eachez les \u00e9conomistes de la construction et les chefs de projet de modifier les estimations originales afin que vous puissiez toujours revenir en arri\u00e8re :<\/p>\n\n\n\n<blockquote class=\"wp-block-quote is-layout-flow wp-block-quote-is-layout-flow\">\n<p><em>\u201cRestreindre les modifications des estimations budg\u00e9taires augmente la responsabilit\u00e9 et permet de revenir en arri\u00e8re sur ce qui a \u00e9t\u00e9 estim\u00e9 par rapport \u00e0 ce qui s&rsquo;est r\u00e9ellement pass\u00e9.\u201d<\/em><\/p>\n<\/blockquote>\n\n\n\n<ul class=\"wp-block-list\">\n<li>Allez dans <a href=\"https:\/\/central.planyard.com\/planyard-myob-integration\" target=\"_blank\" rel=\"noreferrer noopener\"><strong>Entreprise<\/strong> \u2192 <strong>Gestion des utilisateurs<\/strong><\/a><\/li>\n\n\n\n<li>D\u00e9finissez l&rsquo;autorisation \u00ab\u00a0Modifier les estimations et les budgets cibles\u00a0\u00bb sur <strong>Non<\/strong><\/li>\n<\/ul>\n\n\n\n<h2 class=\"wp-block-heading\">7. Liez les factures des sous-traitants\/fournisseurs d\u00e8s que vous les recevez<\/h2>\n\n\n\n<p>Meilleure fa\u00e7on de lier les factures des comptes fournisseurs :<\/p>\n\n\n\n<ul class=\"wp-block-list\">\n<li><a href=\"https:\/\/www.youtube.com\/watch?v=2vl0Y8rcoHs&amp;ab_channel=Planyard\" target=\"_blank\" rel=\"noreferrer noopener\">Importation automatique depuis votre email AP<\/a> (<strong>recommand\u00e9<\/strong>)<\/li>\n\n\n\n<li>Module compl\u00e9mentaire Outlook :&nbsp;<a href=\"https:\/\/support.microsoft.com\/en-us\/office\/use-add-ins-in-outlook-1ee261f9-49bf-4ba6-b3e2-2ba7bcab64c8\" target=\"_blank\" rel=\"noreferrer noopener\">Comment t\u00e9l\u00e9charger<\/a>&nbsp;&amp;&nbsp;<a href=\"https:\/\/www.youtube.com\/watch?v=-eJj0xiNqUs\" target=\"_blank\" rel=\"noreferrer noopener\">tutoriel<\/a><\/li>\n\n\n\n<li>Module compl\u00e9mentaire Gmail Planyard :&nbsp;<a href=\"https:\/\/workspace.google.com\/marketplace\/app\/planyard_file_forwarder\/88233282337\" target=\"_blank\" rel=\"noreferrer noopener\">T\u00e9l\u00e9charger<\/a>&nbsp;&amp;&nbsp;<a href=\"https:\/\/www.youtube.com\/watch?v=aYRBl17hUEU\" target=\"_blank\" rel=\"noreferrer noopener\">tutoriel<\/a><\/li>\n\n\n\n<li>Application Planyard :&nbsp;<a href=\"https:\/\/www.youtube.com\/watch?v=1QhcGHX49bE\" target=\"_blank\" rel=\"noreferrer noopener\">iPhone<\/a>&nbsp;&amp;&nbsp;<a href=\"https:\/\/youtu.be\/2eLWF1dFt8Q\" target=\"_blank\" rel=\"noreferrer noopener\">Android<\/a><\/li>\n<\/ul>\n\n\n\n<h2 class=\"wp-block-heading\">8. Automatisez le traitement des factures vers la comptabilit\u00e9<\/h2>\n\n\n\n<p>\u00c9vitez la saisie manuelle en int\u00e9grant avec votre logiciel de comptabilit\u00e9 :<\/p>\n\n\n\n<ul class=\"wp-block-list\">\n<li>Connectez-vous \u00e0 <a href=\"https:\/\/central.planyard.com\/planyard-xero-integration\" target=\"_blank\" rel=\"noreferrer noopener\">Xero<\/a>, <a href=\"https:\/\/central.planyard.com\/planyard-quickbooks-integration\">QuickBooks<\/a>, <a href=\"https:\/\/planyard.com\/fr\/integration-sage-planyard-logiciel-construction\">Sage<\/a>, ou <a href=\"https:\/\/central.planyard.com\/planyard-myob-integration\" target=\"_blank\" rel=\"noreferrer noopener\">MYOB<\/a><\/li>\n\n\n\n<li>Ou laissez Planyard transf\u00e9rer automatiquement les factures approuv\u00e9es \u00e0 l&#8217;email de votre comptable<\/li>\n<\/ul>\n\n\n\n<h2 class=\"wp-block-heading\">9. R\u00f4les de soutien pour vos projets<\/h2>\n\n\n\n<p>Vous pouvez partager l&rsquo;acc\u00e8s \u00e0 votre projet Planyard avec des parties prenantes telles que le client (en lecture seule), les ing\u00e9nieurs de chantier et les chefs d&rsquo;\u00e9quipe (pour enregistrer les ordres de changement, \u00e9mettre des bons de commande, etc.).<\/p>\n\n\n\n<p>Pour ce faire :<br><strong>Projet<\/strong> \u2192 <strong>Param\u00e8tres<\/strong> \u2192 <strong>Partager le projet<\/strong> \u2192 S\u00e9lectionnez le membre de l&rsquo;\u00e9quipe et attribuez les droits utilisateur appropri\u00e9s.<\/p>\n\n\n\n<h2 class=\"wp-block-heading\">10. Mod\u00e8le de conditions de bon de commande personnalis\u00e9 (Recommand\u00e9)<\/h2>\n\n\n\n<p>Cette configuration vous permet de d\u00e9finir un mod\u00e8le de conditions de bon de commande que votre \u00e9quipe peut personnaliser avant d&rsquo;envoyer des bons de commande aux fournisseurs. C&rsquo;est utile pour rappeler aux fournisseurs :<\/p>\n\n\n\n<ul class=\"wp-block-list\">\n<li>Les conditions de paiement<\/li>\n\n\n\n<li>O\u00f9 envoyer la facture<\/li>\n\n\n\n<li>Inclure le num\u00e9ro de bon de commande comme r\u00e9f\u00e9rence<\/li>\n<\/ul>\n\n\n\n<p>Cela garantit que tous les bons de commande de votre entreprise suivent un format coh\u00e9rent et professionnel.<\/p>\n\n\n\n<p>Allez dans :<br><a href=\"https:\/\/app.planyard.com\/#\/company\/settings\" target=\"_blank\" rel=\"noreferrer noopener\"><strong>Entreprise<\/strong> \u2192 <strong>Param\u00e8tres<\/strong> \u2192 <strong>Conditions de bon de commande personnalis\u00e9es<\/strong><\/a><\/p>\n\n\n\n<h2 class=\"wp-block-heading\">11. Envoyer des emails aux fournisseurs depuis votre adresse email professionnelle (Recommand\u00e9)<\/h2>\n\n\n\n<p>Cette configuration permet \u00e0 Planyard d&rsquo;envoyer des emails en utilisant le domaine email de votre entreprise. C&rsquo;est particuli\u00e8rement utile lors de l&rsquo;envoi de bons de commande, de demandes de prix et de demandes de paiement aux sous-traitants ou fournisseurs\u2014aidant \u00e0 \u00e9viter les filtres anti-spam et \u00e0 am\u00e9liorer la confiance.<\/p>\n\n\n\n<p>Allez dans :<br><a href=\"https:\/\/app.planyard.com\/#\/company\/settings\" target=\"_blank\" rel=\"noreferrer noopener\"><strong>Entreprise<\/strong> \u2192 <strong>Param\u00e8tres<\/strong> \u2192 <strong>Identit\u00e9s Email<\/strong><\/a><\/p>\n\n\n\n<p>Copiez simplement les d\u00e9tails de configuration et envoyez-les \u00e0 votre support informatique. Ils n&rsquo;ont besoin que de faire une petite mise \u00e0 jour chez votre fournisseur de service email.<\/p>\n\n\n\n<h2 class=\"wp-block-heading\">Configuration avanc\u00e9e (optionnelle) \u2013 support@planyard.com<\/h2>\n\n\n\n<ul class=\"wp-block-list\">\n<li>Flux de travail d&rsquo;approbation des factures<\/li>\n\n\n\n<li>Flux de travail d&rsquo;approbation des bons de commande<\/li>\n\n\n\n<li>Comparaisons d&rsquo;offres de sous-traitants<\/li>\n<\/ul>\n\n\n\n<p><\/p>\n","protected":false},"excerpt":{"rendered":"<p>Guide d&rsquo;installation pour les professionnels occup\u00e9s qui souhaitent d\u00e9marrer rapidement leur prochain projet (Prend g\u00e9n\u00e9ralement 15 \u00e0 20 minutes)Ce guide est destin\u00e9 au champion de Planyard\u2014g\u00e9n\u00e9ralement un responsable ou un chef de projet\u2014qui souhaite rapidement mettre en place un flux de travail standardis\u00e9 et \u00e9liminer les tableurs. Suivez ces huit \u00e9tapes pour configurer votre compte&#8230;  <a class=\"excerpt-read-more\" href=\"https:\/\/planyard.com\/fr\/planyard-professionnel-guide-demarrage\" title=\"Lire  Planyard Professionnel \u2013 Guide de d\u00e9marrage en 11 \u00e9tapes\">Lire la suite \u00ab\u00a0<\/a><\/p>\n","protected":false},"author":4,"featured_media":0,"parent":0,"menu_order":0,"comment_status":"closed","ping_status":"closed","template":"page-smallheader.php","meta":{"_acf_changed":false,"content-type":"","footnotes":""},"page_intent":[],"page_type":[],"class_list":["post-12186","page","type-page","status-publish","hentry"],"acf":[],"yoast_head":"<!-- This site is optimized with the Yoast SEO plugin v27.1.1 - https:\/\/yoast.com\/product\/yoast-seo-wordpress\/ -->\n<title>Guide d&#039;installation de Planyard Professionnel \u2013 D\u00e9marrez en quelques minutes<\/title>\n<meta name=\"description\" content=\"Configurez Planyard Professionnel en seulement 15 \u00e0 20 minutes avec ce guide en 8 \u00e9tapes. Parfait pour les gestionnaires de construction et les \u00e9conomistes de la construction pr\u00eats \u00e0 \u00e9liminer les feuilles de calcul et \u00e0 rationaliser les flux de travail de contr\u00f4le des co\u00fbts.\" \/>\n<meta name=\"robots\" content=\"index, follow, max-snippet:-1, max-image-preview:large, max-video-preview:-1\" \/>\n<link rel=\"canonical\" href=\"https:\/\/planyard.com\/fr\/planyard-professionnel-guide-demarrage\" \/>\n<meta property=\"og:locale\" content=\"fr_FR\" \/>\n<meta property=\"og:type\" content=\"article\" \/>\n<meta property=\"og:title\" content=\"Guide d&#039;installation de Planyard Professionnel \u2013 D\u00e9marrez en quelques minutes\" \/>\n<meta property=\"og:description\" content=\"Configurez Planyard Professionnel en seulement 15 \u00e0 20 minutes avec ce guide en 8 \u00e9tapes. Parfait pour les gestionnaires de construction et les \u00e9conomistes de la construction pr\u00eats \u00e0 \u00e9liminer les feuilles de calcul et \u00e0 rationaliser les flux de travail de contr\u00f4le des co\u00fbts.\" \/>\n<meta property=\"og:url\" content=\"https:\/\/planyard.com\/fr\/planyard-professionnel-guide-demarrage\" \/>\n<meta property=\"og:site_name\" content=\"Planyard France\" \/>\n<meta property=\"article:modified_time\" content=\"2025-05-19T18:09:40+00:00\" \/>\n<meta name=\"twitter:card\" content=\"summary_large_image\" \/>\n<meta name=\"twitter:label1\" content=\"Dur\u00e9e de lecture estim\u00e9e\" \/>\n\t<meta name=\"twitter:data1\" content=\"3 minutes\" \/>\n<!-- \/ Yoast SEO plugin. -->","yoast_head_json":{"title":"Guide d'installation de Planyard Professionnel \u2013 D\u00e9marrez en quelques minutes","description":"Configurez Planyard Professionnel en seulement 15 \u00e0 20 minutes avec ce guide en 8 \u00e9tapes. Parfait pour les gestionnaires de construction et les \u00e9conomistes de la construction pr\u00eats \u00e0 \u00e9liminer les feuilles de calcul et \u00e0 rationaliser les flux de travail de contr\u00f4le des co\u00fbts.","robots":{"index":"index","follow":"follow","max-snippet":"max-snippet:-1","max-image-preview":"max-image-preview:large","max-video-preview":"max-video-preview:-1"},"canonical":"https:\/\/planyard.com\/fr\/planyard-professionnel-guide-demarrage","og_locale":"fr_FR","og_type":"article","og_title":"Guide d'installation de Planyard Professionnel \u2013 D\u00e9marrez en quelques minutes","og_description":"Configurez Planyard Professionnel en seulement 15 \u00e0 20 minutes avec ce guide en 8 \u00e9tapes. Parfait pour les gestionnaires de construction et les \u00e9conomistes de la construction pr\u00eats \u00e0 \u00e9liminer les feuilles de calcul et \u00e0 rationaliser les flux de travail de contr\u00f4le des co\u00fbts.","og_url":"https:\/\/planyard.com\/fr\/planyard-professionnel-guide-demarrage","og_site_name":"Planyard France","article_modified_time":"2025-05-19T18:09:40+00:00","twitter_card":"summary_large_image","twitter_misc":{"Dur\u00e9e de lecture estim\u00e9e":"3 minutes"},"schema":{"@context":"https:\/\/schema.org","@graph":[{"@type":"WebPage","@id":"https:\/\/planyard.com\/fr\/planyard-professionnel-guide-demarrage","url":"https:\/\/planyard.com\/fr\/planyard-professionnel-guide-demarrage","name":"Guide d'installation de Planyard Professionnel \u2013 D\u00e9marrez en quelques minutes","isPartOf":{"@id":"https:\/\/planyard.com\/fr#website"},"datePublished":"2025-04-08T04:26:18+00:00","dateModified":"2025-05-19T18:09:40+00:00","description":"Configurez Planyard Professionnel en seulement 15 \u00e0 20 minutes avec ce guide en 8 \u00e9tapes. Parfait pour les gestionnaires de construction et les \u00e9conomistes de la construction pr\u00eats \u00e0 \u00e9liminer les feuilles de calcul et \u00e0 rationaliser les flux de travail de contr\u00f4le des co\u00fbts.","breadcrumb":{"@id":"https:\/\/planyard.com\/fr\/planyard-professionnel-guide-demarrage#breadcrumb"},"inLanguage":"fr-FR","potentialAction":[{"@type":"ReadAction","target":["https:\/\/planyard.com\/fr\/planyard-professionnel-guide-demarrage"]}]},{"@type":"BreadcrumbList","@id":"https:\/\/planyard.com\/fr\/planyard-professionnel-guide-demarrage#breadcrumb","itemListElement":[{"@type":"ListItem","position":1,"name":"Home","item":"https:\/\/planyard.com\/fr"},{"@type":"ListItem","position":2,"name":"Planyard Professionnel \u2013 Guide de d\u00e9marrage en 11 \u00e9tapes"}]},{"@type":"WebSite","@id":"https:\/\/planyard.com\/fr#website","url":"https:\/\/planyard.com\/fr","name":"Planyard France","description":"","potentialAction":[{"@type":"SearchAction","target":{"@type":"EntryPoint","urlTemplate":"https:\/\/planyard.com\/fr?s={search_term_string}"},"query-input":{"@type":"PropertyValueSpecification","valueRequired":true,"valueName":"search_term_string"}}],"inLanguage":"fr-FR"}]}},"_links":{"self":[{"href":"https:\/\/planyard.com\/fr\/wp-json\/wp\/v2\/pages\/12186","targetHints":{"allow":["GET"]}}],"collection":[{"href":"https:\/\/planyard.com\/fr\/wp-json\/wp\/v2\/pages"}],"about":[{"href":"https:\/\/planyard.com\/fr\/wp-json\/wp\/v2\/types\/page"}],"author":[{"embeddable":true,"href":"https:\/\/planyard.com\/fr\/wp-json\/wp\/v2\/users\/4"}],"replies":[{"embeddable":true,"href":"https:\/\/planyard.com\/fr\/wp-json\/wp\/v2\/comments?post=12186"}],"version-history":[{"count":3,"href":"https:\/\/planyard.com\/fr\/wp-json\/wp\/v2\/pages\/12186\/revisions"}],"predecessor-version":[{"id":16175,"href":"https:\/\/planyard.com\/fr\/wp-json\/wp\/v2\/pages\/12186\/revisions\/16175"}],"wp:attachment":[{"href":"https:\/\/planyard.com\/fr\/wp-json\/wp\/v2\/media?parent=12186"}],"wp:term":[{"taxonomy":"page_intent","embeddable":true,"href":"https:\/\/planyard.com\/fr\/wp-json\/wp\/v2\/page_intent?post=12186"},{"taxonomy":"page_type","embeddable":true,"href":"https:\/\/planyard.com\/fr\/wp-json\/wp\/v2\/page_type?post=12186"}],"curies":[{"name":"wp","href":"https:\/\/api.w.org\/{rel}","templated":true}]}}