{"id":12184,"date":"2025-04-01T15:34:46","date_gmt":"2025-04-01T15:34:46","guid":{"rendered":"https:\/\/planyard.com\/planyard-essential-functionality-training-videos"},"modified":"2025-05-19T18:09:06","modified_gmt":"2025-05-19T18:09:06","slug":"videos-formation-fonctionnalites-essentielles-planyard","status":"publish","type":"page","link":"https:\/\/planyard.com\/fr\/videos-formation-fonctionnalites-essentielles-planyard","title":{"rendered":"Vid\u00e9os de formation sur les fonctionnalit\u00e9s essentielles de Planyard"},"content":{"rendered":"\n<p>Commencez par regarder des vid\u00e9os courtes de 3 \u00e0 4 minutes con\u00e7ues pour les chefs de projet et les \u00e9conomistes de la construction afin d&rsquo;apprendre en autonomie les flux de travail essentiels\u2014aucune configuration ou session de formation requise.<\/p>\n\n\n\n<h2 class=\"wp-block-heading\">Introduction<\/h2>\n\n\n\n<figure class=\"wp-block-embed is-type-video is-provider-youtube wp-block-embed-youtube wp-embed-aspect-16-9 wp-has-aspect-ratio\"><div class=\"wp-block-embed__wrapper\">\n<iframe loading=\"lazy\" title=\"Planyard Essential Package: Ditch Spreadsheets &amp; Simplify Construction Cost Control\" width=\"500\" height=\"281\" src=\"https:\/\/www.youtube.com\/embed\/MmqEaSN7Y38?feature=oembed\" frameborder=\"0\" allow=\"accelerometer; autoplay; clipboard-write; encrypted-media; gyroscope; picture-in-picture; web-share\" referrerpolicy=\"strict-origin-when-cross-origin\" allowfullscreen><\/iframe>\n<\/div><\/figure>\n\n\n\n<h2 class=\"wp-block-heading\">Traitement des factures d&rsquo;achat<\/h2>\n\n\n\n<p>Traitez facilement les factures d&rsquo;achat, attribuez-les aux lignes budg\u00e9taires, synchronisez automatiquement avec la comptabilit\u00e9 et suivez les co\u00fbts du projet en temps r\u00e9el \u2014 le tout sans saisie de donn\u00e9es r\u00e9p\u00e9titive.<\/p>\n\n\n\n<figure class=\"wp-block-embed is-type-video is-provider-youtube wp-block-embed-youtube wp-embed-aspect-16-9 wp-has-aspect-ratio\"><div class=\"wp-block-embed__wrapper\">\n<iframe loading=\"lazy\" title=\"Invoices processing on Planyard\" width=\"500\" height=\"281\" src=\"https:\/\/www.youtube.com\/embed\/cgVamRjQk1I?feature=oembed\" frameborder=\"0\" allow=\"accelerometer; autoplay; clipboard-write; encrypted-media; gyroscope; picture-in-picture; web-share\" referrerpolicy=\"strict-origin-when-cross-origin\" allowfullscreen><\/iframe>\n<\/div><\/figure>\n\n\n\n<h2 class=\"wp-block-heading\">Ordres de modification (Variations)<\/h2>\n\n\n\n<p>Enregistrez facilement les ordres de modification des clients ainsi que les variations des sous-traitants et des bons de commande. Suivez l&rsquo;impact financier de chaque changement pour garder le contr\u00f4le de la rentabilit\u00e9.<\/p>\n\n\n\n<figure class=\"wp-block-embed is-type-video is-provider-youtube wp-block-embed-youtube wp-embed-aspect-16-9 wp-has-aspect-ratio\"><div class=\"wp-block-embed__wrapper\">\n<iframe loading=\"lazy\" title=\"Construction change-orders (variations) management on Planyard software\" width=\"500\" height=\"281\" src=\"https:\/\/www.youtube.com\/embed\/6tACV4YQtas?feature=oembed\" frameborder=\"0\" allow=\"accelerometer; autoplay; clipboard-write; encrypted-media; gyroscope; picture-in-picture; web-share\" referrerpolicy=\"strict-origin-when-cross-origin\" allowfullscreen><\/iframe>\n<\/div><\/figure>\n\n\n\n<h2 class=\"wp-block-heading\">Contr\u00f4le budg\u00e9taire et pr\u00e9visions (CVR)<\/h2>\n\n\n\n<p>Pr\u00e9parez des pr\u00e9visions pr\u00e9cises et des rapports CVR, r\u00e9visez les budgets si n\u00e9cessaire, approuvez les factures et examinez les \u00e9carts budg\u00e9taires pour garder le contr\u00f4le de la sant\u00e9 financi\u00e8re de votre projet. Analysez facilement les projections de rentabilit\u00e9.<\/p>\n\n\n\n<figure class=\"wp-block-embed is-type-video is-provider-youtube wp-block-embed-youtube wp-embed-aspect-16-9 wp-has-aspect-ratio\"><div class=\"wp-block-embed__wrapper\">\n<iframe loading=\"lazy\" title=\"Project cost control meeting how to video\" width=\"500\" height=\"281\" src=\"https:\/\/www.youtube.com\/embed\/oGkHgWPfIEo?feature=oembed\" frameborder=\"0\" allow=\"accelerometer; autoplay; clipboard-write; encrypted-media; gyroscope; picture-in-picture; web-share\" referrerpolicy=\"strict-origin-when-cross-origin\" allowfullscreen><\/iframe>\n<\/div><\/figure>\n\n\n\n<p><\/p>\n","protected":false},"excerpt":{"rendered":"<p>Commencez par regarder des vid\u00e9os courtes de 3 \u00e0 4 minutes con\u00e7ues pour les chefs de projet et les \u00e9conomistes de la construction afin d&rsquo;apprendre en autonomie les flux de travail essentiels\u2014aucune configuration ou session de formation requise. Introduction Traitement des factures d&rsquo;achat Traitez facilement les factures d&rsquo;achat, attribuez-les aux lignes budg\u00e9taires, synchronisez automatiquement avec&#8230;  <a class=\"excerpt-read-more\" href=\"https:\/\/planyard.com\/fr\/videos-formation-fonctionnalites-essentielles-planyard\" title=\"Lire  Vid\u00e9os de formation sur les fonctionnalit\u00e9s essentielles de Planyard\">Lire la suite \u00ab\u00a0<\/a><\/p>\n","protected":false},"author":4,"featured_media":0,"parent":0,"menu_order":0,"comment_status":"closed","ping_status":"closed","template":"page-smallheader.php","meta":{"_acf_changed":false,"content-type":"","footnotes":""},"page_intent":[],"page_type":[],"class_list":["post-12184","page","type-page","status-publish","hentry"],"acf":[],"yoast_head":"<!-- This site is optimized with the Yoast SEO plugin v27.1.1 - https:\/\/yoast.com\/product\/yoast-seo-wordpress\/ -->\n<title>Vid\u00e9os de formation sur les fonctionnalit\u00e9s essentielles de Planyard - Planyard France<\/title>\n<meta name=\"description\" content=\"Apprenez \u00e0 g\u00e9rer les budgets de construction, les ordres de modification et les pr\u00e9visions avec des vid\u00e9os courtes de 3 \u00e0 4 minutes pour les chefs de projet et les \u00e9conomistes de la construction\u2014aucune configuration ou formation requise.\" \/>\n<meta name=\"robots\" content=\"index, follow, max-snippet:-1, max-image-preview:large, max-video-preview:-1\" \/>\n<link rel=\"canonical\" href=\"https:\/\/planyard.com\/fr\/videos-formation-fonctionnalites-essentielles-planyard\" \/>\n<meta property=\"og:locale\" content=\"fr_FR\" \/>\n<meta property=\"og:type\" content=\"article\" \/>\n<meta property=\"og:title\" content=\"Vid\u00e9os de formation sur les fonctionnalit\u00e9s essentielles de Planyard - Planyard France\" \/>\n<meta property=\"og:description\" content=\"Apprenez \u00e0 g\u00e9rer les budgets de construction, les ordres de modification et les pr\u00e9visions avec des vid\u00e9os courtes de 3 \u00e0 4 minutes pour les chefs de projet et les \u00e9conomistes de la construction\u2014aucune configuration ou formation requise.\" \/>\n<meta property=\"og:url\" content=\"https:\/\/planyard.com\/fr\/videos-formation-fonctionnalites-essentielles-planyard\" \/>\n<meta property=\"og:site_name\" content=\"Planyard France\" \/>\n<meta property=\"article:modified_time\" content=\"2025-05-19T18:09:06+00:00\" \/>\n<meta name=\"twitter:card\" content=\"summary_large_image\" \/>\n<meta name=\"twitter:label1\" content=\"Dur\u00e9e de lecture estim\u00e9e\" \/>\n\t<meta name=\"twitter:data1\" content=\"1 minute\" \/>\n<!-- \/ Yoast SEO plugin. -->","yoast_head_json":{"title":"Vid\u00e9os de formation sur les fonctionnalit\u00e9s essentielles de Planyard - Planyard France","description":"Apprenez \u00e0 g\u00e9rer les budgets de construction, les ordres de modification et les pr\u00e9visions avec des vid\u00e9os courtes de 3 \u00e0 4 minutes pour les chefs de projet et les \u00e9conomistes de la construction\u2014aucune configuration ou formation requise.","robots":{"index":"index","follow":"follow","max-snippet":"max-snippet:-1","max-image-preview":"max-image-preview:large","max-video-preview":"max-video-preview:-1"},"canonical":"https:\/\/planyard.com\/fr\/videos-formation-fonctionnalites-essentielles-planyard","og_locale":"fr_FR","og_type":"article","og_title":"Vid\u00e9os de formation sur les fonctionnalit\u00e9s essentielles de Planyard - Planyard France","og_description":"Apprenez \u00e0 g\u00e9rer les budgets de construction, les ordres de modification et les pr\u00e9visions avec des vid\u00e9os courtes de 3 \u00e0 4 minutes pour les chefs de projet et les \u00e9conomistes de la construction\u2014aucune configuration ou formation requise.","og_url":"https:\/\/planyard.com\/fr\/videos-formation-fonctionnalites-essentielles-planyard","og_site_name":"Planyard France","article_modified_time":"2025-05-19T18:09:06+00:00","twitter_card":"summary_large_image","twitter_misc":{"Dur\u00e9e de lecture estim\u00e9e":"1 minute"},"schema":{"@context":"https:\/\/schema.org","@graph":[{"@type":"WebPage","@id":"https:\/\/planyard.com\/fr\/videos-formation-fonctionnalites-essentielles-planyard","url":"https:\/\/planyard.com\/fr\/videos-formation-fonctionnalites-essentielles-planyard","name":"Vid\u00e9os de formation sur les fonctionnalit\u00e9s essentielles de Planyard - Planyard France","isPartOf":{"@id":"https:\/\/planyard.com\/fr#website"},"datePublished":"2025-04-01T15:34:46+00:00","dateModified":"2025-05-19T18:09:06+00:00","description":"Apprenez \u00e0 g\u00e9rer les budgets de construction, les ordres de modification et les pr\u00e9visions avec des vid\u00e9os courtes de 3 \u00e0 4 minutes pour les chefs de projet et les \u00e9conomistes de la construction\u2014aucune configuration ou formation requise.","breadcrumb":{"@id":"https:\/\/planyard.com\/fr\/videos-formation-fonctionnalites-essentielles-planyard#breadcrumb"},"inLanguage":"fr-FR","potentialAction":[{"@type":"ReadAction","target":["https:\/\/planyard.com\/fr\/videos-formation-fonctionnalites-essentielles-planyard"]}]},{"@type":"BreadcrumbList","@id":"https:\/\/planyard.com\/fr\/videos-formation-fonctionnalites-essentielles-planyard#breadcrumb","itemListElement":[{"@type":"ListItem","position":1,"name":"Home","item":"https:\/\/planyard.com\/fr"},{"@type":"ListItem","position":2,"name":"Vid\u00e9os de formation sur les fonctionnalit\u00e9s essentielles de Planyard"}]},{"@type":"WebSite","@id":"https:\/\/planyard.com\/fr#website","url":"https:\/\/planyard.com\/fr","name":"Planyard France","description":"","potentialAction":[{"@type":"SearchAction","target":{"@type":"EntryPoint","urlTemplate":"https:\/\/planyard.com\/fr?s={search_term_string}"},"query-input":{"@type":"PropertyValueSpecification","valueRequired":true,"valueName":"search_term_string"}}],"inLanguage":"fr-FR"}]}},"_links":{"self":[{"href":"https:\/\/planyard.com\/fr\/wp-json\/wp\/v2\/pages\/12184","targetHints":{"allow":["GET"]}}],"collection":[{"href":"https:\/\/planyard.com\/fr\/wp-json\/wp\/v2\/pages"}],"about":[{"href":"https:\/\/planyard.com\/fr\/wp-json\/wp\/v2\/types\/page"}],"author":[{"embeddable":true,"href":"https:\/\/planyard.com\/fr\/wp-json\/wp\/v2\/users\/4"}],"replies":[{"embeddable":true,"href":"https:\/\/planyard.com\/fr\/wp-json\/wp\/v2\/comments?post=12184"}],"version-history":[{"count":3,"href":"https:\/\/planyard.com\/fr\/wp-json\/wp\/v2\/pages\/12184\/revisions"}],"predecessor-version":[{"id":16173,"href":"https:\/\/planyard.com\/fr\/wp-json\/wp\/v2\/pages\/12184\/revisions\/16173"}],"wp:attachment":[{"href":"https:\/\/planyard.com\/fr\/wp-json\/wp\/v2\/media?parent=12184"}],"wp:term":[{"taxonomy":"page_intent","embeddable":true,"href":"https:\/\/planyard.com\/fr\/wp-json\/wp\/v2\/page_intent?post=12184"},{"taxonomy":"page_type","embeddable":true,"href":"https:\/\/planyard.com\/fr\/wp-json\/wp\/v2\/page_type?post=12184"}],"curies":[{"name":"wp","href":"https:\/\/api.w.org\/{rel}","templated":true}]}}