{"id":12175,"date":"2024-08-26T08:24:21","date_gmt":"2024-08-26T08:24:21","guid":{"rendered":"https:\/\/planyard.com\/partners"},"modified":"2025-05-19T18:03:14","modified_gmt":"2025-05-19T18:03:14","slug":"programmes-de-partenariat","status":"publish","type":"page","link":"https:\/\/planyard.com\/fr\/programmes-de-partenariat","title":{"rendered":"Programmes de partenariat"},"content":{"rendered":"\n<div class=\"wp-block-group\"><div class=\"wp-block-group__inner-container is-layout-constrained wp-block-group-is-layout-constrained\">\n<h3 class=\"wp-block-heading\">Les probl\u00e8mes des entrepreneurs principaux<\/h3>\n\n\n\n<p>Il est assez courant que les entrepreneurs principaux ne sachent si un projet est rentable qu&rsquo;apr\u00e8s sa fin. M\u00eame r\u00e9trospectivement, il est tr\u00e8s difficile de d\u00e9terminer ce qui a exactement bien ou mal fonctionn\u00e9.<\/p>\n\n\n\n<p>Les rapports d&rsquo;avancement des sous-traitants, les factures et les contrats sont dispers\u00e9s entre des centaines d&rsquo;e-mails et des dizaines de dossiers, et les budgets sont g\u00e9r\u00e9s dans Excel. Obtenir l&rsquo;approbation d&rsquo;une facture ou d&rsquo;un rapport d&rsquo;avancement signifie souvent courir apr\u00e8s les gens pendant des semaines (\u00e0 condition qu&rsquo;il ne soit pas oubli\u00e9).<\/p>\n\n\n\n<p>C&rsquo;est frustrant pour les chefs de projet mais aussi pour la direction et les comptables.<\/p>\n\n\n\n<p>Cela signifie \u00e9galement qu&rsquo;il n&rsquo;y a pas de processus standardis\u00e9s dans la gestion des budgets, ce qui rend difficile la croissance de leur entreprise.<\/p>\n\n\n\n<p>En tant que partenaire Planyard, vous pouvez aider \u00e0 changer cela.<\/p>\n\n\n\n<h3 class=\"wp-block-heading\">Deux fa\u00e7ons de s&rsquo;associer avec Planyard<\/h3>\n\n\n\n<p>Les affili\u00e9s et les experts ont acc\u00e8s \u00e0 des ressources de vente et de marketing pour aider \u00e0 vendre Planyard.<\/p>\n\n\n\n<p>Les experts recevront une formation suppl\u00e9mentaire sur la mise en \u0153uvre de Planyard.<\/p>\n\n\n\n<h4 class=\"wp-block-heading\">Affili\u00e9s<\/h4>\n\n\n\n<ul class=\"wp-block-list\">\n<li>R\u00e9f\u00e9rez des clients potentiels \u00e0 Planyard en utilisant un code promo sp\u00e9cial<\/li>\n\n\n\n<li>Nous nous occuperons de leur int\u00e9gration<\/li>\n\n\n\n<li><strong>Gagnez 30 % des revenus de la premi\u00e8re ann\u00e9e des clients<\/strong><\/li>\n<\/ul>\n\n\n\n<h4 class=\"wp-block-heading\">Experts<\/h4>\n\n\n\n<ul class=\"wp-block-list\">\n<li>R\u00e9f\u00e9rez des clients potentiels \u00e0 Planyard en utilisant un code promo sp\u00e9cial<\/li>\n\n\n\n<li>Fournissez l&rsquo;int\u00e9gration et le support pendant la premi\u00e8re ann\u00e9e<\/li>\n\n\n\n<li><strong>Gagnez 20 % de la valeur \u00e0 vie des clients<\/strong><\/li>\n<\/ul>\n<\/div><\/div>\n\n\n\n<div class=\"wp-block-group\"><div class=\"wp-block-group__inner-container is-layout-constrained wp-block-group-is-layout-constrained\">\n<h3 class=\"wp-block-heading\">Contactez-nous<\/h3>\n\n\n\n<p>Contactez-nous par e-mail \u00e0 info@planyard.com<\/p>\n<\/div><\/div>\n","protected":false},"excerpt":{"rendered":"<p>Les probl\u00e8mes des entrepreneurs principaux Il est assez courant que les entrepreneurs principaux ne sachent si un projet est rentable qu&rsquo;apr\u00e8s sa fin. M\u00eame r\u00e9trospectivement, il est tr\u00e8s difficile de d\u00e9terminer ce qui a exactement bien ou mal fonctionn\u00e9. Les rapports d&rsquo;avancement des sous-traitants, les factures et les contrats sont dispers\u00e9s entre des centaines d&rsquo;e-mails&#8230;  <a class=\"excerpt-read-more\" href=\"https:\/\/planyard.com\/fr\/programmes-de-partenariat\" title=\"Lire  Programmes de partenariat\">Lire la suite \u00ab\u00a0<\/a><\/p>\n","protected":false},"author":2,"featured_media":0,"parent":0,"menu_order":0,"comment_status":"closed","ping_status":"closed","template":"","meta":{"_acf_changed":false,"content-type":"","footnotes":""},"page_intent":[179],"page_type":[],"class_list":["post-12175","page","type-page","status-publish","hentry"],"acf":[],"yoast_head":"<!-- This site is optimized with the Yoast SEO plugin v27.1.1 - https:\/\/yoast.com\/product\/yoast-seo-wordpress\/ -->\n<title>Programmes Partenaires - Planyard France<\/title>\n<meta name=\"description\" content=\"Programmes partenaires Planyard pour consultants, revendeurs de logiciels et partenaires technologiques. Aidez \u00e0 vendre Planyard et gagnez un pourcentage.\" \/>\n<meta name=\"robots\" content=\"index, follow, max-snippet:-1, max-image-preview:large, max-video-preview:-1\" \/>\n<link rel=\"canonical\" href=\"https:\/\/planyard.com\/fr\/programmes-de-partenariat\" \/>\n<meta property=\"og:locale\" content=\"fr_FR\" \/>\n<meta property=\"og:type\" content=\"article\" \/>\n<meta property=\"og:title\" content=\"Programmes Partenaires - Planyard France\" \/>\n<meta property=\"og:description\" content=\"Programmes partenaires Planyard pour consultants, revendeurs de logiciels et partenaires technologiques. Aidez \u00e0 vendre Planyard et gagnez un pourcentage.\" \/>\n<meta property=\"og:url\" content=\"https:\/\/planyard.com\/fr\/programmes-de-partenariat\" \/>\n<meta property=\"og:site_name\" content=\"Planyard France\" \/>\n<meta property=\"article:modified_time\" content=\"2025-05-19T18:03:14+00:00\" \/>\n<meta name=\"twitter:card\" content=\"summary_large_image\" \/>\n<meta name=\"twitter:label1\" content=\"Dur\u00e9e de lecture estim\u00e9e\" \/>\n\t<meta name=\"twitter:data1\" content=\"1 minute\" \/>\n<!-- \/ Yoast SEO plugin. -->","yoast_head_json":{"title":"Programmes Partenaires - Planyard France","description":"Programmes partenaires Planyard pour consultants, revendeurs de logiciels et partenaires technologiques. Aidez \u00e0 vendre Planyard et gagnez un pourcentage.","robots":{"index":"index","follow":"follow","max-snippet":"max-snippet:-1","max-image-preview":"max-image-preview:large","max-video-preview":"max-video-preview:-1"},"canonical":"https:\/\/planyard.com\/fr\/programmes-de-partenariat","og_locale":"fr_FR","og_type":"article","og_title":"Programmes Partenaires - Planyard France","og_description":"Programmes partenaires Planyard pour consultants, revendeurs de logiciels et partenaires technologiques. Aidez \u00e0 vendre Planyard et gagnez un pourcentage.","og_url":"https:\/\/planyard.com\/fr\/programmes-de-partenariat","og_site_name":"Planyard France","article_modified_time":"2025-05-19T18:03:14+00:00","twitter_card":"summary_large_image","twitter_misc":{"Dur\u00e9e de lecture estim\u00e9e":"1 minute"},"schema":{"@context":"https:\/\/schema.org","@graph":[{"@type":"WebPage","@id":"https:\/\/planyard.com\/fr\/programmes-de-partenariat","url":"https:\/\/planyard.com\/fr\/programmes-de-partenariat","name":"Programmes Partenaires - Planyard France","isPartOf":{"@id":"https:\/\/planyard.com\/fr#website"},"datePublished":"2024-08-26T08:24:21+00:00","dateModified":"2025-05-19T18:03:14+00:00","description":"Programmes partenaires Planyard pour consultants, revendeurs de logiciels et partenaires technologiques. Aidez \u00e0 vendre Planyard et gagnez un pourcentage.","breadcrumb":{"@id":"https:\/\/planyard.com\/fr\/programmes-de-partenariat#breadcrumb"},"inLanguage":"fr-FR","potentialAction":[{"@type":"ReadAction","target":["https:\/\/planyard.com\/fr\/programmes-de-partenariat"]}]},{"@type":"BreadcrumbList","@id":"https:\/\/planyard.com\/fr\/programmes-de-partenariat#breadcrumb","itemListElement":[{"@type":"ListItem","position":1,"name":"Home","item":"https:\/\/planyard.com\/fr"},{"@type":"ListItem","position":2,"name":"Programmes Partenaires"}]},{"@type":"WebSite","@id":"https:\/\/planyard.com\/fr#website","url":"https:\/\/planyard.com\/fr","name":"Planyard France","description":"","potentialAction":[{"@type":"SearchAction","target":{"@type":"EntryPoint","urlTemplate":"https:\/\/planyard.com\/fr?s={search_term_string}"},"query-input":{"@type":"PropertyValueSpecification","valueRequired":true,"valueName":"search_term_string"}}],"inLanguage":"fr-FR"}]}},"_links":{"self":[{"href":"https:\/\/planyard.com\/fr\/wp-json\/wp\/v2\/pages\/12175","targetHints":{"allow":["GET"]}}],"collection":[{"href":"https:\/\/planyard.com\/fr\/wp-json\/wp\/v2\/pages"}],"about":[{"href":"https:\/\/planyard.com\/fr\/wp-json\/wp\/v2\/types\/page"}],"author":[{"embeddable":true,"href":"https:\/\/planyard.com\/fr\/wp-json\/wp\/v2\/users\/2"}],"replies":[{"embeddable":true,"href":"https:\/\/planyard.com\/fr\/wp-json\/wp\/v2\/comments?post=12175"}],"version-history":[{"count":3,"href":"https:\/\/planyard.com\/fr\/wp-json\/wp\/v2\/pages\/12175\/revisions"}],"predecessor-version":[{"id":16143,"href":"https:\/\/planyard.com\/fr\/wp-json\/wp\/v2\/pages\/12175\/revisions\/16143"}],"wp:attachment":[{"href":"https:\/\/planyard.com\/fr\/wp-json\/wp\/v2\/media?parent=12175"}],"wp:term":[{"taxonomy":"page_intent","embeddable":true,"href":"https:\/\/planyard.com\/fr\/wp-json\/wp\/v2\/page_intent?post=12175"},{"taxonomy":"page_type","embeddable":true,"href":"https:\/\/planyard.com\/fr\/wp-json\/wp\/v2\/page_type?post=12175"}],"curies":[{"name":"wp","href":"https:\/\/api.w.org\/{rel}","templated":true}]}}