{"id":12173,"date":"2024-08-26T07:20:15","date_gmt":"2024-08-26T07:20:15","guid":{"rendered":"https:\/\/planyard.com\/nahb-cost-codes"},"modified":"2025-06-03T17:53:08","modified_gmt":"2025-06-03T17:53:08","slug":"codes-de-cout-nahb","status":"publish","type":"page","link":"https:\/\/planyard.com\/fr\/codes-de-cout-nahb","title":{"rendered":"Codes de co\u00fbt NAHB"},"content":{"rendered":"\n<div class=\"wp-block-media-text alignwide has-media-on-the-right is-stacked-on-mobile\" style=\"grid-template-columns:auto 49%\"><div class=\"wp-block-media-text__content\">\n<p><br>Les codes de co\u00fbt NAHB sont un ensemble standardis\u00e9 de codes d\u00e9finis par la <a href=\"https:\/\/www.nahb.org\">National Association of Home Builders<\/a> pour suivre, g\u00e9rer et rapporter les donn\u00e9es financi\u00e8res et de projet. Ces codes simplifient la gestion des donn\u00e9es \u00e0 travers l&rsquo;entreprise, profitant \u00e0 toutes les parties prenantes, y compris les estimateurs, les chefs de projet et la comptabilit\u00e9. La structure standardis\u00e9e aide \u00e0 estimer les co\u00fbts bas\u00e9s sur des projets ant\u00e9rieurs et simplifie la gestion financi\u00e8re des projets.<\/p>\n<\/div><figure class=\"wp-block-media-text__media\"><img loading=\"lazy\" decoding=\"async\" width=\"1010\" height=\"1006\" src=\"https:\/\/planyard.com\/wp-content\/uploads\/2024\/10\/NAHB_cost_codes.jpg\" alt=\"NAHB cost codes with sections and lower parts\" class=\"wp-image-2296 size-full\" srcset=\"https:\/\/planyard.com\/wp-content\/uploads\/2024\/10\/NAHB_cost_codes.jpg 1010w, https:\/\/planyard.com\/wp-content\/uploads\/2024\/10\/NAHB_cost_codes-150x150.jpg 150w\" sizes=\"auto, (max-width: 1010px) 100vw, 1010px\" \/><\/figure><\/div>\n\n\n\n<div class=\"wp-block-group\"><div class=\"wp-block-group__inner-container is-layout-constrained wp-block-group-is-layout-constrained\">\n<h2 class=\"wp-block-heading has-text-align-center paddedHeading\" id=\"benefits-of-using-construction-cost-codes\">Avantages de l&rsquo;utilisation des codes de co\u00fbt de construction<\/h2>\n\n\n\n<div class=\"wp-block-columns is-layout-flex wp-container-core-columns-is-layout-9d6595d7 wp-block-columns-is-layout-flex\">\n<div class=\"wp-block-column is-layout-flow wp-block-column-is-layout-flow\">\n<h4 class=\"wp-block-heading\" id=\"cost-control\">Contr\u00f4le des co\u00fbts<\/h4>\n\n\n\n<p>Moyen rapide et facile d&rsquo;identifier et d&rsquo;analyser comment l&rsquo;argent est d\u00e9pens\u00e9 sur le projet.<\/p>\n<\/div>\n\n\n\n<div class=\"wp-block-column is-layout-flow wp-block-column-is-layout-flow\">\n<h4 class=\"wp-block-heading\" id=\"kpis-tracking\">Suivi des indicateurs cl\u00e9s de performance (KPI)<\/h4>\n\n\n\n<p>Suivez et g\u00e9rez les KPI tels que le co\u00fbt estim\u00e9, l&rsquo;estimation des co\u00fbts, les co\u00fbts actuels, et plus encore.<\/p>\n<\/div>\n\n\n\n<div class=\"wp-block-column is-layout-flow wp-block-column-is-layout-flow\">\n<h4 class=\"wp-block-heading\" id=\"ideal-for-companywide-use\">Utilisation \u00e0 l&rsquo;\u00e9chelle de l&rsquo;entreprise<\/h4>\n\n\n\n<p>L&rsquo;utilisation des m\u00eames codes \u00e0 l&rsquo;\u00e9chelle de l&rsquo;entreprise facilite le suivi et l&rsquo;analyse des co\u00fbts, des erreurs et des pr\u00e9visions pour toutes les parties prenantes.<\/p>\n<\/div>\n<\/div>\n\n\n\n<div class=\"wp-block-columns is-layout-flex wp-container-core-columns-is-layout-9d6595d7 wp-block-columns-is-layout-flex\">\n<div class=\"wp-block-column is-layout-flow wp-block-column-is-layout-flow\">\n<h4 class=\"wp-block-heading\" id=\"visualize-profit-centers\">Visualiser les centres de profit<\/h4>\n\n\n\n<p>Analyse de bout en bout pour visualiser les centres de profit et les zones probl\u00e9matiques.<\/p>\n<\/div>\n\n\n\n<div class=\"wp-block-column is-layout-flow wp-block-column-is-layout-flow\">\n<h4 class=\"wp-block-heading\" id=\"estimating\">Estimation<\/h4>\n\n\n\n<p>Fournit une structure et un acc\u00e8s pour suivre les co\u00fbts en temps r\u00e9el afin de d\u00e9finir des estimations plus pr\u00e9cises et r\u00e9alistes.<\/p>\n<\/div>\n\n\n\n<div class=\"wp-block-column is-layout-flow wp-block-column-is-layout-flow\">\n<h4 class=\"wp-block-heading\" id=\"real-time-tracking\">Suivi en temps r\u00e9el<\/h4>\n\n\n\n<p>Permet \u00e0 la direction d&rsquo;avoir une vue d&rsquo;ensemble claire du travail et de garder toutes les parties prenantes engag\u00e9es.<\/p>\n<\/div>\n<\/div>\n<\/div><\/div>\n\n\n\n<h2 class=\"wp-block-heading has-text-align-center paddedHeading\" id=\"cost-codes-are-hierarchical-and-chronological\">Les codes de co\u00fbt sont hi\u00e9rarchiques et chronologiques<\/h2>\n\n\n\n<div class=\"wp-block-media-text alignwide has-media-on-the-right is-stacked-on-mobile\"><div class=\"wp-block-media-text__content\">\n<p>Vous pouvez voir que les travaux sont d\u00e9compos\u00e9s en termes de structure et dans un ordre chronologique. NAHB a bien d\u00e9fini les codes de co\u00fbt de sorte que les grandes sections de travail contiennent des parties plus petites.<\/p>\n\n\n\n<p>Gr\u00e2ce \u00e0 cela, vous pouvez facilement voir la progression et la rentabilit\u00e9 du projet par \u00e9tapes. Cela signifie que vous pouvez d\u00e9j\u00e0 voir combien de profit certains des premiers travaux vont g\u00e9n\u00e9rer avant la fin du projet.<\/p>\n<\/div><figure class=\"wp-block-media-text__media\"><img loading=\"lazy\" decoding=\"async\" width=\"736\" height=\"890\" src=\"https:\/\/planyard.com\/wp-content\/uploads\/2024\/10\/NAHB_cost_code_job_sections.jpg\" alt=\"NAHB cost code job sections\" class=\"wp-image-2294 size-full\" \/><\/figure><\/div>\n\n\n\n<h2 class=\"wp-block-heading has-text-align-center paddedHeading\" id=\"where-can-you-get-a-list-of-nahb-cost-codes\">O\u00f9 pouvez-vous obtenir une liste des codes de co\u00fbt NAHB ?<\/h2>\n\n\n\n<div class=\"wp-block-buttons is-content-justification-center is-layout-flex wp-container-core-buttons-is-layout-16018d1d wp-block-buttons-is-layout-flex\">\n<div class=\"wp-block-button\"><a class=\"wp-block-button__link wp-element-button\" href=\"https:\/\/planyard.com\/fr\/obtenez-vos-codes-de-couts-nahb-gratuits\">Obtenez gratuitement les codes de co\u00fbt de construction NAHB<\/a><\/div>\n<\/div>\n\n\n\n<h3 class=\"wp-block-heading has-text-align-center\">Le logiciel Planyard pour entrepreneurs aide les \u00e9quipes ambitieuses \u00e0 atteindre leurs objectifs et \u00e0 acc\u00e9l\u00e9rer leur croissance.<\/h3>\n\n\n\n<div class=\"wp-block-media-text alignwide has-media-on-the-right is-stacked-on-mobile is-vertically-aligned-center\"><div class=\"wp-block-media-text__content\">\n<ul class=\"wp-block-list\">\n<li>Fini les feuilles de calcul<\/li>\n\n\n\n<li>\u00c9conomise le temps des chefs de projet et des \u00e9conomistes de la construction<\/li>\n\n\n\n<li>Facile \u00e0 mettre en \u0153uvre et \u00e0 utiliser<\/li>\n\n\n\n<li>Pr\u00e9visions financi\u00e8res pr\u00e9cises et en temps r\u00e9el<\/li>\n\n\n\n<li>Plus de saisie de donn\u00e9es en double<\/li>\n<\/ul>\n<\/div><figure class=\"wp-block-media-text__media\"><img loading=\"lazy\" decoding=\"async\" width=\"1024\" height=\"598\" src=\"https:\/\/planyard.com\/wp-content\/uploads\/2024\/09\/construction-project-management-software-macbook-iphone-1_reduced-1024x598-1.webp\" alt=\"\" class=\"wp-image-1980 size-large\" \/><\/figure><\/div>\n","protected":false},"excerpt":{"rendered":"<p>Les codes de co\u00fbt NAHB sont un ensemble standardis\u00e9 de codes d\u00e9finis par la National Association of Home Builders pour suivre, g\u00e9rer et rapporter les donn\u00e9es financi\u00e8res et de projet. Ces codes simplifient la gestion des donn\u00e9es \u00e0 travers l&rsquo;entreprise, profitant \u00e0 toutes les parties prenantes, y compris les estimateurs, les chefs de projet et&#8230;  <a class=\"excerpt-read-more\" href=\"https:\/\/planyard.com\/fr\/codes-de-cout-nahb\" title=\"Lire  Codes de co\u00fbt NAHB\">Lire la suite \u00ab\u00a0<\/a><\/p>\n","protected":false},"author":2,"featured_media":0,"parent":0,"menu_order":0,"comment_status":"closed","ping_status":"closed","template":"","meta":{"_acf_changed":false,"content-type":"","footnotes":""},"page_intent":[164],"page_type":[],"class_list":["post-12173","page","type-page","status-publish","hentry"],"acf":[],"yoast_head":"<!-- This site is optimized with the Yoast SEO plugin v27.1.1 - https:\/\/yoast.com\/product\/yoast-seo-wordpress\/ -->\n<title>Codes de co\u00fbt NAHB - Guide et mod\u00e8le gratuit<\/title>\n<meta name=\"description\" content=\"T\u00e9l\u00e9chargez gratuitement les codes de co\u00fbt de construction NAHB et ma\u00eetrisez facilement vos co\u00fbts de chantier. Standardisez vos processus pour plus de transparence.\" \/>\n<meta name=\"robots\" content=\"index, follow, max-snippet:-1, max-image-preview:large, max-video-preview:-1\" \/>\n<link rel=\"canonical\" href=\"https:\/\/planyard.com\/fr\/codes-de-cout-nahb\" \/>\n<meta property=\"og:locale\" content=\"fr_FR\" \/>\n<meta property=\"og:type\" content=\"article\" \/>\n<meta property=\"og:title\" content=\"Codes de co\u00fbt NAHB - Guide et mod\u00e8le gratuit\" \/>\n<meta property=\"og:description\" content=\"T\u00e9l\u00e9chargez gratuitement les codes de co\u00fbt de construction NAHB et ma\u00eetrisez facilement vos co\u00fbts de chantier. Standardisez vos processus pour plus de transparence.\" \/>\n<meta property=\"og:url\" content=\"https:\/\/planyard.com\/fr\/codes-de-cout-nahb\" \/>\n<meta property=\"og:site_name\" content=\"Planyard France\" \/>\n<meta property=\"article:modified_time\" content=\"2025-06-03T17:53:08+00:00\" \/>\n<meta property=\"og:image\" content=\"https:\/\/planyard.com\/wp-content\/uploads\/2024\/10\/NAHB_cost_codes.jpg\" \/>\n\t<meta property=\"og:image:width\" content=\"1010\" \/>\n\t<meta property=\"og:image:height\" content=\"1006\" \/>\n\t<meta property=\"og:image:type\" content=\"image\/jpeg\" \/>\n<meta name=\"twitter:card\" content=\"summary_large_image\" \/>\n<meta name=\"twitter:label1\" content=\"Dur\u00e9e de lecture estim\u00e9e\" \/>\n\t<meta name=\"twitter:data1\" content=\"2 minutes\" \/>\n<!-- \/ Yoast SEO plugin. -->","yoast_head_json":{"title":"Codes de co\u00fbt NAHB - Guide et mod\u00e8le gratuit","description":"T\u00e9l\u00e9chargez gratuitement les codes de co\u00fbt de construction NAHB et ma\u00eetrisez facilement vos co\u00fbts de chantier. Standardisez vos processus pour plus de transparence.","robots":{"index":"index","follow":"follow","max-snippet":"max-snippet:-1","max-image-preview":"max-image-preview:large","max-video-preview":"max-video-preview:-1"},"canonical":"https:\/\/planyard.com\/fr\/codes-de-cout-nahb","og_locale":"fr_FR","og_type":"article","og_title":"Codes de co\u00fbt NAHB - Guide et mod\u00e8le gratuit","og_description":"T\u00e9l\u00e9chargez gratuitement les codes de co\u00fbt de construction NAHB et ma\u00eetrisez facilement vos co\u00fbts de chantier. Standardisez vos processus pour plus de transparence.","og_url":"https:\/\/planyard.com\/fr\/codes-de-cout-nahb","og_site_name":"Planyard France","article_modified_time":"2025-06-03T17:53:08+00:00","og_image":[{"width":1010,"height":1006,"url":"https:\/\/planyard.com\/wp-content\/uploads\/2024\/10\/NAHB_cost_codes.jpg","type":"image\/jpeg"}],"twitter_card":"summary_large_image","twitter_misc":{"Dur\u00e9e de lecture estim\u00e9e":"2 minutes"},"schema":{"@context":"https:\/\/schema.org","@graph":[{"@type":"WebPage","@id":"https:\/\/planyard.com\/fr\/codes-de-cout-nahb","url":"https:\/\/planyard.com\/fr\/codes-de-cout-nahb","name":"Codes de co\u00fbt NAHB - Guide et mod\u00e8le gratuit","isPartOf":{"@id":"https:\/\/planyard.com\/fr#website"},"primaryImageOfPage":{"@id":"https:\/\/planyard.com\/fr\/codes-de-cout-nahb#primaryimage"},"image":{"@id":"https:\/\/planyard.com\/fr\/codes-de-cout-nahb#primaryimage"},"thumbnailUrl":"https:\/\/planyard.com\/wp-content\/uploads\/2024\/10\/NAHB_cost_codes.jpg","datePublished":"2024-08-26T07:20:15+00:00","dateModified":"2025-06-03T17:53:08+00:00","description":"T\u00e9l\u00e9chargez gratuitement les codes de co\u00fbt de construction NAHB et ma\u00eetrisez facilement vos co\u00fbts de chantier. Standardisez vos processus pour plus de transparence.","breadcrumb":{"@id":"https:\/\/planyard.com\/fr\/codes-de-cout-nahb#breadcrumb"},"inLanguage":"fr-FR","potentialAction":[{"@type":"ReadAction","target":["https:\/\/planyard.com\/fr\/codes-de-cout-nahb"]}]},{"@type":"ImageObject","inLanguage":"fr-FR","@id":"https:\/\/planyard.com\/fr\/codes-de-cout-nahb#primaryimage","url":"https:\/\/planyard.com\/wp-content\/uploads\/2024\/10\/NAHB_cost_codes.jpg","contentUrl":"https:\/\/planyard.com\/wp-content\/uploads\/2024\/10\/NAHB_cost_codes.jpg"},{"@type":"BreadcrumbList","@id":"https:\/\/planyard.com\/fr\/codes-de-cout-nahb#breadcrumb","itemListElement":[{"@type":"ListItem","position":1,"name":"Home","item":"https:\/\/planyard.com\/fr"},{"@type":"ListItem","position":2,"name":"Codes de co\u00fbt NAHB"}]},{"@type":"WebSite","@id":"https:\/\/planyard.com\/fr#website","url":"https:\/\/planyard.com\/fr","name":"Planyard France","description":"","potentialAction":[{"@type":"SearchAction","target":{"@type":"EntryPoint","urlTemplate":"https:\/\/planyard.com\/fr?s={search_term_string}"},"query-input":{"@type":"PropertyValueSpecification","valueRequired":true,"valueName":"search_term_string"}}],"inLanguage":"fr-FR"}]}},"_links":{"self":[{"href":"https:\/\/planyard.com\/fr\/wp-json\/wp\/v2\/pages\/12173","targetHints":{"allow":["GET"]}}],"collection":[{"href":"https:\/\/planyard.com\/fr\/wp-json\/wp\/v2\/pages"}],"about":[{"href":"https:\/\/planyard.com\/fr\/wp-json\/wp\/v2\/types\/page"}],"author":[{"embeddable":true,"href":"https:\/\/planyard.com\/fr\/wp-json\/wp\/v2\/users\/2"}],"replies":[{"embeddable":true,"href":"https:\/\/planyard.com\/fr\/wp-json\/wp\/v2\/comments?post=12173"}],"version-history":[{"count":4,"href":"https:\/\/planyard.com\/fr\/wp-json\/wp\/v2\/pages\/12173\/revisions"}],"predecessor-version":[{"id":16671,"href":"https:\/\/planyard.com\/fr\/wp-json\/wp\/v2\/pages\/12173\/revisions\/16671"}],"wp:attachment":[{"href":"https:\/\/planyard.com\/fr\/wp-json\/wp\/v2\/media?parent=12173"}],"wp:term":[{"taxonomy":"page_intent","embeddable":true,"href":"https:\/\/planyard.com\/fr\/wp-json\/wp\/v2\/page_intent?post=12173"},{"taxonomy":"page_type","embeddable":true,"href":"https:\/\/planyard.com\/fr\/wp-json\/wp\/v2\/page_type?post=12173"}],"curies":[{"name":"wp","href":"https:\/\/api.w.org\/{rel}","templated":true}]}}