{"id":12170,"date":"2024-08-23T08:30:49","date_gmt":"2024-08-23T08:30:49","guid":{"rendered":"https:\/\/planyard.com\/medium-sized-projects"},"modified":"2025-05-17T17:38:35","modified_gmt":"2025-05-17T17:38:35","slug":"projets-de-taille-moyenne","status":"publish","type":"page","link":"https:\/\/planyard.com\/fr\/projets-de-taille-moyenne","title":{"rendered":"Projets de taille moyenne"},"content":{"rendered":"","protected":false},"excerpt":{"rendered":"","protected":false},"author":2,"featured_media":0,"parent":0,"menu_order":0,"comment_status":"closed","ping_status":"closed","template":"","meta":{"_acf_changed":false,"content-type":"","footnotes":""},"page_intent":[194],"page_type":[],"class_list":["post-12170","page","type-page","status-publish","hentry"],"acf":[],"yoast_head":"<!-- This site is optimized with the Yoast SEO plugin v27.1.1 - https:\/\/yoast.com\/product\/yoast-seo-wordpress\/ -->\n<title>Outils de budg\u00e9tisation pour ma\u00eetriser les sous-contrats et les bons de commande<\/title>\n<meta name=\"description\" content=\"Les outils de budg\u00e9tisation de Planyard vous aident \u00e0 ma\u00eetriser vos sous-contrats et bons de commande. Commencez gratuitement\" \/>\n<meta name=\"robots\" content=\"index, follow, max-snippet:-1, max-image-preview:large, max-video-preview:-1\" \/>\n<link rel=\"canonical\" href=\"https:\/\/planyard.com\/fr\/projets-de-taille-moyenne\" \/>\n<meta property=\"og:locale\" content=\"fr_FR\" \/>\n<meta property=\"og:type\" content=\"article\" \/>\n<meta property=\"og:title\" content=\"Outils de budg\u00e9tisation pour ma\u00eetriser les sous-contrats et les bons de commande\" \/>\n<meta property=\"og:description\" content=\"Les outils de budg\u00e9tisation de Planyard vous aident \u00e0 ma\u00eetriser vos sous-contrats et bons de commande. Commencez gratuitement\" \/>\n<meta property=\"og:url\" content=\"https:\/\/planyard.com\/fr\/projets-de-taille-moyenne\" \/>\n<meta property=\"og:site_name\" content=\"Planyard France\" \/>\n<meta property=\"article:modified_time\" content=\"2025-05-17T17:38:35+00:00\" \/>\n<meta name=\"twitter:card\" content=\"summary_large_image\" \/>\n<!-- \/ Yoast SEO plugin. -->","yoast_head_json":{"title":"Outils de budg\u00e9tisation pour ma\u00eetriser les sous-contrats et les bons de commande","description":"Les outils de budg\u00e9tisation de Planyard vous aident \u00e0 ma\u00eetriser vos sous-contrats et bons de commande. Commencez gratuitement","robots":{"index":"index","follow":"follow","max-snippet":"max-snippet:-1","max-image-preview":"max-image-preview:large","max-video-preview":"max-video-preview:-1"},"canonical":"https:\/\/planyard.com\/fr\/projets-de-taille-moyenne","og_locale":"fr_FR","og_type":"article","og_title":"Outils de budg\u00e9tisation pour ma\u00eetriser les sous-contrats et les bons de commande","og_description":"Les outils de budg\u00e9tisation de Planyard vous aident \u00e0 ma\u00eetriser vos sous-contrats et bons de commande. Commencez gratuitement","og_url":"https:\/\/planyard.com\/fr\/projets-de-taille-moyenne","og_site_name":"Planyard France","article_modified_time":"2025-05-17T17:38:35+00:00","twitter_card":"summary_large_image","schema":{"@context":"https:\/\/schema.org","@graph":[{"@type":"WebPage","@id":"https:\/\/planyard.com\/fr\/projets-de-taille-moyenne","url":"https:\/\/planyard.com\/fr\/projets-de-taille-moyenne","name":"Outils de budg\u00e9tisation pour ma\u00eetriser les sous-contrats et les bons de commande","isPartOf":{"@id":"https:\/\/planyard.com\/fr#website"},"datePublished":"2024-08-23T08:30:49+00:00","dateModified":"2025-05-17T17:38:35+00:00","description":"Les outils de budg\u00e9tisation de Planyard vous aident \u00e0 ma\u00eetriser vos sous-contrats et bons de commande. Commencez gratuitement","breadcrumb":{"@id":"https:\/\/planyard.com\/fr\/projets-de-taille-moyenne#breadcrumb"},"inLanguage":"fr-FR","potentialAction":[{"@type":"ReadAction","target":["https:\/\/planyard.com\/fr\/projets-de-taille-moyenne"]}]},{"@type":"BreadcrumbList","@id":"https:\/\/planyard.com\/fr\/projets-de-taille-moyenne#breadcrumb","itemListElement":[{"@type":"ListItem","position":1,"name":"Home","item":"https:\/\/planyard.com\/fr"},{"@type":"ListItem","position":2,"name":"Projets de taille moyenne"}]},{"@type":"WebSite","@id":"https:\/\/planyard.com\/fr#website","url":"https:\/\/planyard.com\/fr","name":"Planyard France","description":"","potentialAction":[{"@type":"SearchAction","target":{"@type":"EntryPoint","urlTemplate":"https:\/\/planyard.com\/fr?s={search_term_string}"},"query-input":{"@type":"PropertyValueSpecification","valueRequired":true,"valueName":"search_term_string"}}],"inLanguage":"fr-FR"}]}},"_links":{"self":[{"href":"https:\/\/planyard.com\/fr\/wp-json\/wp\/v2\/pages\/12170","targetHints":{"allow":["GET"]}}],"collection":[{"href":"https:\/\/planyard.com\/fr\/wp-json\/wp\/v2\/pages"}],"about":[{"href":"https:\/\/planyard.com\/fr\/wp-json\/wp\/v2\/types\/page"}],"author":[{"embeddable":true,"href":"https:\/\/planyard.com\/fr\/wp-json\/wp\/v2\/users\/2"}],"replies":[{"embeddable":true,"href":"https:\/\/planyard.com\/fr\/wp-json\/wp\/v2\/comments?post=12170"}],"version-history":[{"count":1,"href":"https:\/\/planyard.com\/fr\/wp-json\/wp\/v2\/pages\/12170\/revisions"}],"predecessor-version":[{"id":12281,"href":"https:\/\/planyard.com\/fr\/wp-json\/wp\/v2\/pages\/12170\/revisions\/12281"}],"wp:attachment":[{"href":"https:\/\/planyard.com\/fr\/wp-json\/wp\/v2\/media?parent=12170"}],"wp:term":[{"taxonomy":"page_intent","embeddable":true,"href":"https:\/\/planyard.com\/fr\/wp-json\/wp\/v2\/page_intent?post=12170"},{"taxonomy":"page_type","embeddable":true,"href":"https:\/\/planyard.com\/fr\/wp-json\/wp\/v2\/page_type?post=12170"}],"curies":[{"name":"wp","href":"https:\/\/api.w.org\/{rel}","templated":true}]}}