{"id":12167,"date":"2024-08-28T08:03:28","date_gmt":"2024-08-28T08:03:28","guid":{"rendered":"https:\/\/planyard.com\/xero-construction-integration"},"modified":"2025-05-17T17:37:28","modified_gmt":"2025-05-17T17:37:28","slug":"integration-xero-construction","status":"publish","type":"page","link":"https:\/\/planyard.com\/fr\/integration-xero-construction","title":{"rendered":"Int\u00e9grez Xero et le logiciel de construction Planyard"},"content":{"rendered":"","protected":false},"excerpt":{"rendered":"","protected":false},"author":2,"featured_media":0,"parent":0,"menu_order":0,"comment_status":"closed","ping_status":"closed","template":"","meta":{"_acf_changed":false,"content-type":"","footnotes":""},"page_intent":[254],"page_type":[],"class_list":["post-12167","page","type-page","status-publish","hentry"],"acf":[],"yoast_head":"<!-- This site is optimized with the Yoast SEO plugin v26.9 - https:\/\/yoast.com\/product\/yoast-seo-wordpress\/ -->\n<title>Logiciel de construction qui s&#039;int\u00e8gre \u00e0 Xero : Essayez 14 jours gratuitement<\/title>\n<meta name=\"description\" content=\"Simplifiez la gestion financi\u00e8re de la construction avec le logiciel Planyard qui s&#039;int\u00e8gre \u00e0 Xero. Essayez gratuitement pendant 14 jours.\" \/>\n<meta name=\"robots\" content=\"index, follow, max-snippet:-1, max-image-preview:large, max-video-preview:-1\" \/>\n<link rel=\"canonical\" href=\"https:\/\/planyard.com\/fr\/integration-xero-construction\" \/>\n<meta property=\"og:locale\" content=\"fr_FR\" \/>\n<meta property=\"og:type\" content=\"article\" \/>\n<meta property=\"og:title\" content=\"Logiciel de construction qui s&#039;int\u00e8gre \u00e0 Xero : Essayez 14 jours gratuitement\" \/>\n<meta property=\"og:description\" content=\"Simplifiez la gestion financi\u00e8re de la construction avec le logiciel Planyard qui s&#039;int\u00e8gre \u00e0 Xero. Essayez gratuitement pendant 14 jours.\" \/>\n<meta property=\"og:url\" content=\"https:\/\/planyard.com\/fr\/integration-xero-construction\" \/>\n<meta property=\"og:site_name\" content=\"Planyard France\" \/>\n<meta property=\"article:modified_time\" content=\"2025-05-17T17:37:28+00:00\" \/>\n<meta name=\"twitter:card\" content=\"summary_large_image\" \/>\n<!-- \/ Yoast SEO plugin. -->","yoast_head_json":{"title":"Logiciel de construction qui s'int\u00e8gre \u00e0 Xero : Essayez 14 jours gratuitement","description":"Simplifiez la gestion financi\u00e8re de la construction avec le logiciel Planyard qui s'int\u00e8gre \u00e0 Xero. Essayez gratuitement pendant 14 jours.","robots":{"index":"index","follow":"follow","max-snippet":"max-snippet:-1","max-image-preview":"max-image-preview:large","max-video-preview":"max-video-preview:-1"},"canonical":"https:\/\/planyard.com\/fr\/integration-xero-construction","og_locale":"fr_FR","og_type":"article","og_title":"Logiciel de construction qui s'int\u00e8gre \u00e0 Xero : Essayez 14 jours gratuitement","og_description":"Simplifiez la gestion financi\u00e8re de la construction avec le logiciel Planyard qui s'int\u00e8gre \u00e0 Xero. Essayez gratuitement pendant 14 jours.","og_url":"https:\/\/planyard.com\/fr\/integration-xero-construction","og_site_name":"Planyard France","article_modified_time":"2025-05-17T17:37:28+00:00","twitter_card":"summary_large_image","schema":{"@context":"https:\/\/schema.org","@graph":[{"@type":"WebPage","@id":"https:\/\/planyard.com\/fr\/integration-xero-construction","url":"https:\/\/planyard.com\/fr\/integration-xero-construction","name":"Logiciel de construction qui s'int\u00e8gre \u00e0 Xero : Essayez 14 jours gratuitement","isPartOf":{"@id":"https:\/\/planyard.com\/fr#website"},"datePublished":"2024-08-28T08:03:28+00:00","dateModified":"2025-05-17T17:37:28+00:00","description":"Simplifiez la gestion financi\u00e8re de la construction avec le logiciel Planyard qui s'int\u00e8gre \u00e0 Xero. Essayez gratuitement pendant 14 jours.","breadcrumb":{"@id":"https:\/\/planyard.com\/fr\/integration-xero-construction#breadcrumb"},"inLanguage":"fr-FR","potentialAction":[{"@type":"ReadAction","target":["https:\/\/planyard.com\/fr\/integration-xero-construction"]}]},{"@type":"BreadcrumbList","@id":"https:\/\/planyard.com\/fr\/integration-xero-construction#breadcrumb","itemListElement":[{"@type":"ListItem","position":1,"name":"Home","item":"https:\/\/planyard.com\/fr"},{"@type":"ListItem","position":2,"name":"Int\u00e9grez Xero et le logiciel de construction Planyard"}]},{"@type":"WebSite","@id":"https:\/\/planyard.com\/fr#website","url":"https:\/\/planyard.com\/fr","name":"Planyard France","description":"","potentialAction":[{"@type":"SearchAction","target":{"@type":"EntryPoint","urlTemplate":"https:\/\/planyard.com\/fr?s={search_term_string}"},"query-input":{"@type":"PropertyValueSpecification","valueRequired":true,"valueName":"search_term_string"}}],"inLanguage":"fr-FR"}]}},"_links":{"self":[{"href":"https:\/\/planyard.com\/fr\/wp-json\/wp\/v2\/pages\/12167","targetHints":{"allow":["GET"]}}],"collection":[{"href":"https:\/\/planyard.com\/fr\/wp-json\/wp\/v2\/pages"}],"about":[{"href":"https:\/\/planyard.com\/fr\/wp-json\/wp\/v2\/types\/page"}],"author":[{"embeddable":true,"href":"https:\/\/planyard.com\/fr\/wp-json\/wp\/v2\/users\/2"}],"replies":[{"embeddable":true,"href":"https:\/\/planyard.com\/fr\/wp-json\/wp\/v2\/comments?post=12167"}],"version-history":[{"count":1,"href":"https:\/\/planyard.com\/fr\/wp-json\/wp\/v2\/pages\/12167\/revisions"}],"predecessor-version":[{"id":12257,"href":"https:\/\/planyard.com\/fr\/wp-json\/wp\/v2\/pages\/12167\/revisions\/12257"}],"wp:attachment":[{"href":"https:\/\/planyard.com\/fr\/wp-json\/wp\/v2\/media?parent=12167"}],"wp:term":[{"taxonomy":"page_intent","embeddable":true,"href":"https:\/\/planyard.com\/fr\/wp-json\/wp\/v2\/page_intent?post=12167"},{"taxonomy":"page_type","embeddable":true,"href":"https:\/\/planyard.com\/fr\/wp-json\/wp\/v2\/page_type?post=12167"}],"curies":[{"name":"wp","href":"https:\/\/api.w.org\/{rel}","templated":true}]}}