{"id":12166,"date":"2024-08-26T10:49:36","date_gmt":"2024-08-26T10:49:36","guid":{"rendered":"https:\/\/planyard.com\/set-realistic-project-management-goals"},"modified":"2025-05-19T18:02:01","modified_gmt":"2025-05-19T18:02:01","slug":"definir-objectifs-realistes-gestion-projet","status":"publish","type":"page","link":"https:\/\/planyard.com\/fr\/definir-objectifs-realistes-gestion-projet","title":{"rendered":"Comment d\u00e9finir des objectifs r\u00e9alistes en gestion de projet (Date de publication le 31 ao\u00fbt 2023)"},"content":{"rendered":"\n<div class=\"wp-block-columns is-layout-flex wp-container-core-columns-is-layout-9d6595d7 wp-block-columns-is-layout-flex\">\n<div class=\"wp-block-column is-layout-flow wp-block-column-is-layout-flow\">\n<h2 class=\"wp-block-heading\">Abonnez-vous maintenant et nous vous enverrons un email lors de sa publication<\/h2>\n\n\n\n<h5 class=\"wp-block-heading\">Quels avantages tirerez-vous de la lecture de ce guide ?<\/h5>\n\n\n\n<ol class=\"wp-block-list\">\n<li>Vous acquerrez les connaissances n\u00e9cessaires pour fixer des objectifs r\u00e9alistes<\/li>\n\n\n\n<li>Vous apprendrez \u00e0 am\u00e9liorer vos comp\u00e9tences en gestion de projet<\/li>\n\n\n\n<li>Vous apprendrez \u00e0 livrer votre projet \u00e0 temps et dans le respect des co\u00fbts<\/li>\n<\/ol>\n\n\n\n<p>Cr\u00e9\u00e9 par des chefs de projet pour des chefs de projet.<\/p>\n<\/div>\n\n\n\n<div class=\"wp-block-column is-layout-flow wp-block-column-is-layout-flow\">\n<script charset=\"utf-8\" type=\"text\/javascript\" src=\"\/\/js.hsforms.net\/forms\/shell.js\"><\/script>\n<script>\n  hbspt.forms.create({\n\tportalId: \"4963994\",\n\tformId: \"6d637baa-1f66-4c3c-8cb5-c8ddd8057932\"\n});\n<\/script>\n<\/div>\n<\/div>\n","protected":false},"excerpt":{"rendered":"<p>Abonnez-vous maintenant et nous vous enverrons un email lors de sa publication Quels avantages tirerez-vous de la lecture de ce guide ? Cr\u00e9\u00e9 par des chefs de projet pour des chefs de projet.<\/p>\n","protected":false},"author":2,"featured_media":0,"parent":0,"menu_order":0,"comment_status":"closed","ping_status":"closed","template":"","meta":{"_acf_changed":false,"content-type":"","footnotes":""},"page_intent":[164],"page_type":[],"class_list":["post-12166","page","type-page","status-publish","hentry"],"acf":[],"yoast_head":"<!-- This site is optimized with the Yoast SEO plugin v26.9 - https:\/\/yoast.com\/product\/yoast-seo-wordpress\/ -->\n<title>Comment d\u00e9finir des objectifs r\u00e9alistes en gestion de projet (Date de publication le 31 ao\u00fbt 2023) - Planyard France<\/title>\n<meta name=\"description\" content=\"Remplissez le formulaire et t\u00e9l\u00e9chargez le guide de gestion de projet de construction pour am\u00e9liorer vos comp\u00e9tences en gestion de projet.\" \/>\n<meta name=\"robots\" content=\"index, follow, max-snippet:-1, max-image-preview:large, max-video-preview:-1\" \/>\n<link rel=\"canonical\" href=\"https:\/\/planyard.com\/fr\/definir-objectifs-realistes-gestion-projet\" \/>\n<meta property=\"og:locale\" content=\"fr_FR\" \/>\n<meta property=\"og:type\" content=\"article\" \/>\n<meta property=\"og:title\" content=\"Comment d\u00e9finir des objectifs r\u00e9alistes en gestion de projet (Date de publication le 31 ao\u00fbt 2023) - Planyard France\" \/>\n<meta property=\"og:description\" content=\"Remplissez le formulaire et t\u00e9l\u00e9chargez le guide de gestion de projet de construction pour am\u00e9liorer vos comp\u00e9tences en gestion de projet.\" \/>\n<meta property=\"og:url\" content=\"https:\/\/planyard.com\/fr\/definir-objectifs-realistes-gestion-projet\" \/>\n<meta property=\"og:site_name\" content=\"Planyard France\" \/>\n<meta property=\"article:modified_time\" content=\"2025-05-19T18:02:01+00:00\" \/>\n<meta name=\"twitter:card\" content=\"summary_large_image\" \/>\n<meta name=\"twitter:label1\" content=\"Dur\u00e9e de lecture estim\u00e9e\" \/>\n\t<meta name=\"twitter:data1\" content=\"1 minute\" \/>\n<!-- \/ Yoast SEO plugin. -->","yoast_head_json":{"title":"Comment d\u00e9finir des objectifs r\u00e9alistes en gestion de projet (Date de publication le 31 ao\u00fbt 2023) - Planyard France","description":"Remplissez le formulaire et t\u00e9l\u00e9chargez le guide de gestion de projet de construction pour am\u00e9liorer vos comp\u00e9tences en gestion de projet.","robots":{"index":"index","follow":"follow","max-snippet":"max-snippet:-1","max-image-preview":"max-image-preview:large","max-video-preview":"max-video-preview:-1"},"canonical":"https:\/\/planyard.com\/fr\/definir-objectifs-realistes-gestion-projet","og_locale":"fr_FR","og_type":"article","og_title":"Comment d\u00e9finir des objectifs r\u00e9alistes en gestion de projet (Date de publication le 31 ao\u00fbt 2023) - Planyard France","og_description":"Remplissez le formulaire et t\u00e9l\u00e9chargez le guide de gestion de projet de construction pour am\u00e9liorer vos comp\u00e9tences en gestion de projet.","og_url":"https:\/\/planyard.com\/fr\/definir-objectifs-realistes-gestion-projet","og_site_name":"Planyard France","article_modified_time":"2025-05-19T18:02:01+00:00","twitter_card":"summary_large_image","twitter_misc":{"Dur\u00e9e de lecture estim\u00e9e":"1 minute"},"schema":{"@context":"https:\/\/schema.org","@graph":[{"@type":"WebPage","@id":"https:\/\/planyard.com\/fr\/definir-objectifs-realistes-gestion-projet","url":"https:\/\/planyard.com\/fr\/definir-objectifs-realistes-gestion-projet","name":"Comment d\u00e9finir des objectifs r\u00e9alistes en gestion de projet (Date de publication le 31 ao\u00fbt 2023) - Planyard France","isPartOf":{"@id":"https:\/\/planyard.com\/fr#website"},"datePublished":"2024-08-26T10:49:36+00:00","dateModified":"2025-05-19T18:02:01+00:00","description":"Remplissez le formulaire et t\u00e9l\u00e9chargez le guide de gestion de projet de construction pour am\u00e9liorer vos comp\u00e9tences en gestion de projet.","breadcrumb":{"@id":"https:\/\/planyard.com\/fr\/definir-objectifs-realistes-gestion-projet#breadcrumb"},"inLanguage":"fr-FR","potentialAction":[{"@type":"ReadAction","target":["https:\/\/planyard.com\/fr\/definir-objectifs-realistes-gestion-projet"]}]},{"@type":"BreadcrumbList","@id":"https:\/\/planyard.com\/fr\/definir-objectifs-realistes-gestion-projet#breadcrumb","itemListElement":[{"@type":"ListItem","position":1,"name":"Home","item":"https:\/\/planyard.com\/fr"},{"@type":"ListItem","position":2,"name":"Comment d\u00e9finir des objectifs r\u00e9alistes en gestion de projet (Date de publication le 31 ao\u00fbt 2023)"}]},{"@type":"WebSite","@id":"https:\/\/planyard.com\/fr#website","url":"https:\/\/planyard.com\/fr","name":"Planyard France","description":"","potentialAction":[{"@type":"SearchAction","target":{"@type":"EntryPoint","urlTemplate":"https:\/\/planyard.com\/fr?s={search_term_string}"},"query-input":{"@type":"PropertyValueSpecification","valueRequired":true,"valueName":"search_term_string"}}],"inLanguage":"fr-FR"}]}},"_links":{"self":[{"href":"https:\/\/planyard.com\/fr\/wp-json\/wp\/v2\/pages\/12166","targetHints":{"allow":["GET"]}}],"collection":[{"href":"https:\/\/planyard.com\/fr\/wp-json\/wp\/v2\/pages"}],"about":[{"href":"https:\/\/planyard.com\/fr\/wp-json\/wp\/v2\/types\/page"}],"author":[{"embeddable":true,"href":"https:\/\/planyard.com\/fr\/wp-json\/wp\/v2\/users\/2"}],"replies":[{"embeddable":true,"href":"https:\/\/planyard.com\/fr\/wp-json\/wp\/v2\/comments?post=12166"}],"version-history":[{"count":3,"href":"https:\/\/planyard.com\/fr\/wp-json\/wp\/v2\/pages\/12166\/revisions"}],"predecessor-version":[{"id":16140,"href":"https:\/\/planyard.com\/fr\/wp-json\/wp\/v2\/pages\/12166\/revisions\/16140"}],"wp:attachment":[{"href":"https:\/\/planyard.com\/fr\/wp-json\/wp\/v2\/media?parent=12166"}],"wp:term":[{"taxonomy":"page_intent","embeddable":true,"href":"https:\/\/planyard.com\/fr\/wp-json\/wp\/v2\/page_intent?post=12166"},{"taxonomy":"page_type","embeddable":true,"href":"https:\/\/planyard.com\/fr\/wp-json\/wp\/v2\/page_type?post=12166"}],"curies":[{"name":"wp","href":"https:\/\/api.w.org\/{rel}","templated":true}]}}