{"id":12156,"date":"2024-07-08T17:38:00","date_gmt":"2024-07-08T17:38:00","guid":{"rendered":"https:\/\/planyard.com\/home"},"modified":"2025-09-01T13:59:49","modified_gmt":"2025-09-01T13:59:49","slug":"page-accueil","status":"publish","type":"page","link":"https:\/\/planyard.com\/fr","title":{"rendered":"Page d&rsquo;accueil"},"content":{"rendered":"","protected":false},"excerpt":{"rendered":"","protected":false},"author":1,"featured_media":0,"parent":0,"menu_order":0,"comment_status":"closed","ping_status":"open","template":"","meta":{"_acf_changed":false,"content-type":"","footnotes":""},"page_intent":[179],"page_type":[],"class_list":["post-12156","page","type-page","status-publish","hentry"],"acf":[],"yoast_head":"<!-- This site is optimized with the Yoast SEO plugin v27.1.1 - https:\/\/yoast.com\/product\/yoast-seo-wordpress\/ -->\n<title>Planyard : Comptabilit\u00e9 de Construction Simplifi\u00e9e<\/title>\n<meta name=\"description\" content=\"Les tableurs vous ralentissent ? Planyard simplifie la comptabilit\u00e9 de construction\u2014suivez les budgets, contr\u00f4lez les co\u00fbts et les pr\u00e9visions. Synchronisation avec Xero et QuickBooks !\" \/>\n<meta name=\"robots\" content=\"index, follow, max-snippet:-1, max-image-preview:large, max-video-preview:-1\" \/>\n<link rel=\"canonical\" href=\"https:\/\/planyard.com\/fr\" \/>\n<meta property=\"og:locale\" content=\"fr_FR\" \/>\n<meta property=\"og:type\" content=\"article\" \/>\n<meta property=\"og:title\" content=\"Planyard : Comptabilit\u00e9 de Construction Simplifi\u00e9e\" \/>\n<meta property=\"og:description\" content=\"Les tableurs vous ralentissent ? Planyard simplifie la comptabilit\u00e9 de construction\u2014suivez les budgets, contr\u00f4lez les co\u00fbts et les pr\u00e9visions. Synchronisation avec Xero et QuickBooks !\" \/>\n<meta property=\"og:url\" content=\"https:\/\/planyard.com\/fr\" \/>\n<meta property=\"og:site_name\" content=\"Planyard France\" \/>\n<meta property=\"article:modified_time\" content=\"2025-09-01T13:59:49+00:00\" \/>\n<meta name=\"twitter:card\" content=\"summary_large_image\" \/>\n<!-- \/ Yoast SEO plugin. -->","yoast_head_json":{"title":"Planyard : Comptabilit\u00e9 de Construction Simplifi\u00e9e","description":"Les tableurs vous ralentissent ? Planyard simplifie la comptabilit\u00e9 de construction\u2014suivez les budgets, contr\u00f4lez les co\u00fbts et les pr\u00e9visions. Synchronisation avec Xero et QuickBooks !","robots":{"index":"index","follow":"follow","max-snippet":"max-snippet:-1","max-image-preview":"max-image-preview:large","max-video-preview":"max-video-preview:-1"},"canonical":"https:\/\/planyard.com\/fr","og_locale":"fr_FR","og_type":"article","og_title":"Planyard : Comptabilit\u00e9 de Construction Simplifi\u00e9e","og_description":"Les tableurs vous ralentissent ? Planyard simplifie la comptabilit\u00e9 de construction\u2014suivez les budgets, contr\u00f4lez les co\u00fbts et les pr\u00e9visions. Synchronisation avec Xero et QuickBooks !","og_url":"https:\/\/planyard.com\/fr","og_site_name":"Planyard France","article_modified_time":"2025-09-01T13:59:49+00:00","twitter_card":"summary_large_image","schema":{"@context":"https:\/\/schema.org","@graph":[{"@type":"WebPage","@id":"https:\/\/planyard.com\/fr","url":"https:\/\/planyard.com\/fr","name":"Planyard : Comptabilit\u00e9 de Construction Simplifi\u00e9e","isPartOf":{"@id":"https:\/\/planyard.com\/fr#website"},"datePublished":"2024-07-08T17:38:00+00:00","dateModified":"2025-09-01T13:59:49+00:00","description":"Les tableurs vous ralentissent ? Planyard simplifie la comptabilit\u00e9 de construction\u2014suivez les budgets, contr\u00f4lez les co\u00fbts et les pr\u00e9visions. Synchronisation avec Xero et QuickBooks !","breadcrumb":{"@id":"https:\/\/planyard.com\/fr#breadcrumb"},"inLanguage":"fr-FR","potentialAction":[{"@type":"ReadAction","target":["https:\/\/planyard.com\/fr"]}]},{"@type":"BreadcrumbList","@id":"https:\/\/planyard.com\/fr#breadcrumb","itemListElement":[{"@type":"ListItem","position":1,"name":"Home","item":"https:\/\/planyard.com\/fr"},{"@type":"ListItem","position":2,"name":"Page d&#8217;accueil"}]},{"@type":"WebSite","@id":"https:\/\/planyard.com\/fr#website","url":"https:\/\/planyard.com\/fr","name":"Planyard France","description":"","potentialAction":[{"@type":"SearchAction","target":{"@type":"EntryPoint","urlTemplate":"https:\/\/planyard.com\/fr?s={search_term_string}"},"query-input":{"@type":"PropertyValueSpecification","valueRequired":true,"valueName":"search_term_string"}}],"inLanguage":"fr-FR"}]}},"_links":{"self":[{"href":"https:\/\/planyard.com\/fr\/wp-json\/wp\/v2\/pages\/12156","targetHints":{"allow":["GET"]}}],"collection":[{"href":"https:\/\/planyard.com\/fr\/wp-json\/wp\/v2\/pages"}],"about":[{"href":"https:\/\/planyard.com\/fr\/wp-json\/wp\/v2\/types\/page"}],"author":[{"embeddable":true,"href":"https:\/\/planyard.com\/fr\/wp-json\/wp\/v2\/users\/1"}],"replies":[{"embeddable":true,"href":"https:\/\/planyard.com\/fr\/wp-json\/wp\/v2\/comments?post=12156"}],"version-history":[{"count":1,"href":"https:\/\/planyard.com\/fr\/wp-json\/wp\/v2\/pages\/12156\/revisions"}],"predecessor-version":[{"id":12319,"href":"https:\/\/planyard.com\/fr\/wp-json\/wp\/v2\/pages\/12156\/revisions\/12319"}],"wp:attachment":[{"href":"https:\/\/planyard.com\/fr\/wp-json\/wp\/v2\/media?parent=12156"}],"wp:term":[{"taxonomy":"page_intent","embeddable":true,"href":"https:\/\/planyard.com\/fr\/wp-json\/wp\/v2\/page_intent?post=12156"},{"taxonomy":"page_type","embeddable":true,"href":"https:\/\/planyard.com\/fr\/wp-json\/wp\/v2\/page_type?post=12156"}],"curies":[{"name":"wp","href":"https:\/\/api.w.org\/{rel}","templated":true}]}}