{"id":12154,"date":"2025-03-18T14:12:20","date_gmt":"2025-03-18T14:12:20","guid":{"rendered":"https:\/\/planyard.com\/get-your-free-construction-cost-codes"},"modified":"2025-05-19T18:00:53","modified_gmt":"2025-05-19T18:00:53","slug":"obtenez-votre-feuille-de-calcul-gratuite-des-codes-de-couts","status":"publish","type":"page","link":"https:\/\/planyard.com\/fr\/obtenez-votre-feuille-de-calcul-gratuite-des-codes-de-couts","title":{"rendered":"Obtenez votre feuille de calcul gratuite des codes de co\u00fbts"},"content":{"rendered":"\n<div class=\"wp-block-columns is-layout-flex wp-container-core-columns-is-layout-9d6595d7 wp-block-columns-is-layout-flex\">\n<div class=\"wp-block-column is-layout-flow wp-block-column-is-layout-flow\">\n<p>Obtenez gratuitement vos codes de co\u00fbts de construction au format feuille de calcul \u00e0 utiliser librement. Les codes de co\u00fbts permettent de standardiser les structures de co\u00fbts entre les projets.<\/p>\n\n\n\n<h5 class=\"wp-block-heading\">Ce document gratuit est con\u00e7u pour les professionnels de la construction qui souhaitent utiliser ces codes de co\u00fbts dans leurs projets de construction.<\/h5>\n\n\n\n<p>Une fois le formulaire rempli, vous recevrez un lien de t\u00e9l\u00e9chargement instantan\u00e9 dans votre bo\u00eete de r\u00e9ception.<\/p>\n<\/div>\n\n\n\n<div class=\"wp-block-column is-layout-flow wp-block-column-is-layout-flow\">\n<div id=\"mc_embed_shell\">\n      <link href=\"\/\/cdn-images.mailchimp.com\/embedcode\/classic-061523.css\" rel=\"stylesheet\" type=\"text\/css\">\n  <style type=\"text\/css\">\n        #mc_embed_signup{background:#fff; false;clear:left; font:14px Helvetica,Arial,sans-serif; width: 600px;}\n        \/* Add your own Mailchimp form style overrides in your site stylesheet or in this style block.\n           We recommend moving this block and the preceding CSS link to the HEAD of your HTML file. *\/\n<\/style>\n<div id=\"mc_embed_signup\">\n    <form action=\"https:\/\/fizure.us20.list-manage.com\/subscribe\/post?u=f9f67b9f9dc3438656ad73fc8&amp;id=f8c5dc20cf&amp;f_id=004e20eef0\" method=\"post\" id=\"mc-embedded-subscribe-form\" name=\"mc-embedded-subscribe-form\" class=\"validate\" target=\"_blank\">\n        <div id=\"mc_embed_signup_scroll\"><h2>T\u00e9l\u00e9chargez les codes de co\u00fbts<\/h2>\n            <div class=\"indicates-required\"><span class=\"asterisk\">*<\/span> indique requis<\/div>\n            <div class=\"mc-field-group\"><label for=\"mce-EMAIL\">Adresse e-mail <span class=\"asterisk\">*<\/span><\/label><input type=\"email\" name=\"EMAIL\" class=\"required email\" id=\"mce-EMAIL\" required=\"\" value=\"\"><\/div><div class=\"mc-field-group\"><label for=\"mce-FNAME\">Pr\u00e9nom <\/label><input type=\"text\" name=\"FNAME\" class=\" text\" id=\"mce-FNAME\" value=\"\"><\/div><div class=\"mc-field-group\"><label for=\"mce-LNAME\">Nom <\/label><input type=\"text\" name=\"LNAME\" class=\" text\" id=\"mce-LNAME\" value=\"\"><\/div><div class=\"mc-field-group\"><label for=\"mce-PHONE\">Num\u00e9ro de t\u00e9l\u00e9phone <\/label><input type=\"text\" name=\"PHONE\" class=\"REQ_CSS\" id=\"mce-PHONE\" value=\"\"><\/div><div class=\"mc-field-group\"><label for=\"mce-COMPANY\">Entreprise <span class=\"asterisk\">*<\/span><\/label><input type=\"text\" name=\"COMPANY\" class=\"required text\" id=\"mce-COMPANY\" required=\"\" value=\"\"><\/div><div class=\"mc-field-group\"><label for=\"mce-MMERGE8\">R\u00f4le <\/label><input type=\"text\" name=\"MMERGE8\" class=\" text\" id=\"mce-MMERGE8\" value=\"\"><\/div>\n<div hidden=\"\"><input type=\"hidden\" name=\"tags\" value=\"4263793\"><\/div>\n        <div id=\"mce-responses\" class=\"clear\">\n            <div class=\"response\" id=\"mce-error-response\" style=\"display: none;\"><\/div>\n            <div class=\"response\" id=\"mce-success-response\" style=\"display: none;\"><\/div>\n        <\/div><div aria-hidden=\"true\" style=\"position: absolute; left: -5000px;\"><input type=\"text\" name=\"b_f9f67b9f9dc3438656ad73fc8_f8c5dc20cf\" tabindex=\"-1\" value=\"\"><\/div><div class=\"clear\"><input type=\"submit\" name=\"subscribe\" id=\"mc-embedded-subscribe\" class=\"button\" value=\"S'abonner\"><\/div>\n    <\/div>\n<\/form>\n<\/div>\n<script type=\"text\/javascript\" src=\"\/\/s3.amazonaws.com\/downloads.mailchimp.com\/js\/mc-validate.js\"><\/script><script type=\"text\/javascript\">(function($) {window.fnames = new Array(); window.ftypes = new Array();fnames[0]='EMAIL';ftypes[0]='email';fnames[1]='FNAME';ftypes[1]='text';fnames[2]='LNAME';ftypes[2]='text';fnames[4]='PHONE';ftypes[4]='phone';fnames[7]='COMPANY';ftypes[7]='text';fnames[8]='MMERGE8';ftypes[8]='text';fnames[3]='ADDRESS';ftypes[3]='address';fnames[5]='BIRTHDAY';ftypes[5]='birthday';fnames[6]='ORIGIN';ftypes[6]='text';}(jQuery));var $mcj = jQuery.noConflict(true);<\/script><\/div>\n<\/div>\n<\/div>\n","protected":false},"excerpt":{"rendered":"<p>Obtenez gratuitement vos codes de co\u00fbts de construction au format feuille de calcul \u00e0 utiliser librement. Les codes de co\u00fbts permettent de standardiser les structures de co\u00fbts entre les projets. Ce document gratuit est con\u00e7u pour les professionnels de la construction qui souhaitent utiliser ces codes de co\u00fbts dans leurs projets de construction. Une fois&#8230;  <a class=\"excerpt-read-more\" href=\"https:\/\/planyard.com\/fr\/obtenez-votre-feuille-de-calcul-gratuite-des-codes-de-couts\" title=\"Lire  Obtenez votre feuille de calcul gratuite des codes de co\u00fbts\">Lire la suite \u00ab\u00a0<\/a><\/p>\n","protected":false},"author":3,"featured_media":0,"parent":0,"menu_order":0,"comment_status":"closed","ping_status":"closed","template":"","meta":{"_acf_changed":false,"content-type":"","footnotes":""},"page_intent":[164],"page_type":[],"class_list":["post-12154","page","type-page","status-publish","hentry"],"acf":[],"yoast_head":"<!-- This site is optimized with the Yoast SEO plugin v27.1.1 - https:\/\/yoast.com\/product\/yoast-seo-wordpress\/ -->\n<title>Obtenez vos codes de co\u00fbts de construction gratuits<\/title>\n<meta name=\"description\" content=\"Obtenez gratuitement vos codes de co\u00fbts de construction au format feuille de calcul \u00e0 utiliser librement pour vos projets de construction.\" \/>\n<meta name=\"robots\" content=\"index, follow, max-snippet:-1, max-image-preview:large, max-video-preview:-1\" \/>\n<link rel=\"canonical\" href=\"https:\/\/planyard.com\/fr\/obtenez-votre-feuille-de-calcul-gratuite-des-codes-de-couts\" \/>\n<meta property=\"og:locale\" content=\"fr_FR\" \/>\n<meta property=\"og:type\" content=\"article\" \/>\n<meta property=\"og:title\" content=\"Obtenez vos codes de co\u00fbts de construction gratuits\" \/>\n<meta property=\"og:description\" content=\"Obtenez gratuitement vos codes de co\u00fbts de construction au format feuille de calcul \u00e0 utiliser librement pour vos projets de construction.\" \/>\n<meta property=\"og:url\" content=\"https:\/\/planyard.com\/fr\/obtenez-votre-feuille-de-calcul-gratuite-des-codes-de-couts\" \/>\n<meta property=\"og:site_name\" content=\"Planyard France\" \/>\n<meta property=\"article:modified_time\" content=\"2025-05-19T18:00:53+00:00\" \/>\n<meta name=\"twitter:card\" content=\"summary_large_image\" \/>\n<meta name=\"twitter:label1\" content=\"Dur\u00e9e de lecture estim\u00e9e\" \/>\n\t<meta name=\"twitter:data1\" content=\"1 minute\" \/>\n<!-- \/ Yoast SEO plugin. -->","yoast_head_json":{"title":"Obtenez vos codes de co\u00fbts de construction gratuits","description":"Obtenez gratuitement vos codes de co\u00fbts de construction au format feuille de calcul \u00e0 utiliser librement pour vos projets de construction.","robots":{"index":"index","follow":"follow","max-snippet":"max-snippet:-1","max-image-preview":"max-image-preview:large","max-video-preview":"max-video-preview:-1"},"canonical":"https:\/\/planyard.com\/fr\/obtenez-votre-feuille-de-calcul-gratuite-des-codes-de-couts","og_locale":"fr_FR","og_type":"article","og_title":"Obtenez vos codes de co\u00fbts de construction gratuits","og_description":"Obtenez gratuitement vos codes de co\u00fbts de construction au format feuille de calcul \u00e0 utiliser librement pour vos projets de construction.","og_url":"https:\/\/planyard.com\/fr\/obtenez-votre-feuille-de-calcul-gratuite-des-codes-de-couts","og_site_name":"Planyard France","article_modified_time":"2025-05-19T18:00:53+00:00","twitter_card":"summary_large_image","twitter_misc":{"Dur\u00e9e de lecture estim\u00e9e":"1 minute"},"schema":{"@context":"https:\/\/schema.org","@graph":[{"@type":"WebPage","@id":"https:\/\/planyard.com\/fr\/obtenez-votre-feuille-de-calcul-gratuite-des-codes-de-couts","url":"https:\/\/planyard.com\/fr\/obtenez-votre-feuille-de-calcul-gratuite-des-codes-de-couts","name":"Obtenez vos codes de co\u00fbts de construction gratuits","isPartOf":{"@id":"https:\/\/planyard.com\/fr#website"},"datePublished":"2025-03-18T14:12:20+00:00","dateModified":"2025-05-19T18:00:53+00:00","description":"Obtenez gratuitement vos codes de co\u00fbts de construction au format feuille de calcul \u00e0 utiliser librement pour vos projets de construction.","breadcrumb":{"@id":"https:\/\/planyard.com\/fr\/obtenez-votre-feuille-de-calcul-gratuite-des-codes-de-couts#breadcrumb"},"inLanguage":"fr-FR","potentialAction":[{"@type":"ReadAction","target":["https:\/\/planyard.com\/fr\/obtenez-votre-feuille-de-calcul-gratuite-des-codes-de-couts"]}]},{"@type":"BreadcrumbList","@id":"https:\/\/planyard.com\/fr\/obtenez-votre-feuille-de-calcul-gratuite-des-codes-de-couts#breadcrumb","itemListElement":[{"@type":"ListItem","position":1,"name":"Home","item":"https:\/\/planyard.com\/fr"},{"@type":"ListItem","position":2,"name":"Obtenez votre feuille de calcul gratuite des codes de co\u00fbts"}]},{"@type":"WebSite","@id":"https:\/\/planyard.com\/fr#website","url":"https:\/\/planyard.com\/fr","name":"Planyard France","description":"","potentialAction":[{"@type":"SearchAction","target":{"@type":"EntryPoint","urlTemplate":"https:\/\/planyard.com\/fr?s={search_term_string}"},"query-input":{"@type":"PropertyValueSpecification","valueRequired":true,"valueName":"search_term_string"}}],"inLanguage":"fr-FR"}]}},"_links":{"self":[{"href":"https:\/\/planyard.com\/fr\/wp-json\/wp\/v2\/pages\/12154","targetHints":{"allow":["GET"]}}],"collection":[{"href":"https:\/\/planyard.com\/fr\/wp-json\/wp\/v2\/pages"}],"about":[{"href":"https:\/\/planyard.com\/fr\/wp-json\/wp\/v2\/types\/page"}],"author":[{"embeddable":true,"href":"https:\/\/planyard.com\/fr\/wp-json\/wp\/v2\/users\/3"}],"replies":[{"embeddable":true,"href":"https:\/\/planyard.com\/fr\/wp-json\/wp\/v2\/comments?post=12154"}],"version-history":[{"count":3,"href":"https:\/\/planyard.com\/fr\/wp-json\/wp\/v2\/pages\/12154\/revisions"}],"predecessor-version":[{"id":16129,"href":"https:\/\/planyard.com\/fr\/wp-json\/wp\/v2\/pages\/12154\/revisions\/16129"}],"wp:attachment":[{"href":"https:\/\/planyard.com\/fr\/wp-json\/wp\/v2\/media?parent=12154"}],"wp:term":[{"taxonomy":"page_intent","embeddable":true,"href":"https:\/\/planyard.com\/fr\/wp-json\/wp\/v2\/page_intent?post=12154"},{"taxonomy":"page_type","embeddable":true,"href":"https:\/\/planyard.com\/fr\/wp-json\/wp\/v2\/page_type?post=12154"}],"curies":[{"name":"wp","href":"https:\/\/api.w.org\/{rel}","templated":true}]}}