{"id":12150,"date":"2025-03-18T13:53:37","date_gmt":"2025-03-18T13:53:37","guid":{"rendered":"https:\/\/planyard.com\/get-your-free-construction-cvr-template-for-excel-or-google-sheets"},"modified":"2025-06-04T06:34:55","modified_gmt":"2025-06-04T06:34:55","slug":"telechargez-gratuitement-votre-modele-de-cvr-pour-la-construction-sur-excel-ou-google-sheets","status":"publish","type":"page","link":"https:\/\/planyard.com\/fr\/telechargez-gratuitement-votre-modele-de-cvr-pour-la-construction-sur-excel-ou-google-sheets","title":{"rendered":"T\u00e9l\u00e9chargez gratuitement votre mod\u00e8le de CVR pour la construction sur Excel ou Google Sheets"},"content":{"rendered":"\n<div class=\"wp-block-columns is-layout-flex wp-container-core-columns-is-layout-9d6595d7 wp-block-columns-is-layout-flex\">\n<div class=\"wp-block-column is-layout-flow wp-block-column-is-layout-flow\">\n<p>Rapprochez vos finances de projet \u00e0 la fin du mois en utilisant ce mod\u00e8le simple de CVR pour Excel ou Google Sheets.<\/p>\n\n\n\n<h5 class=\"wp-block-heading\">Ce mod\u00e8le gratuit est con\u00e7u pour les professionnels de la construction qui souhaitent passer moins de temps sur les calculs manuels et plus sur les t\u00e2ches \u00e0 valeur ajout\u00e9e.<\/h5>\n\n\n\n<p>Une fois le formulaire rempli, vous recevrez un lien de t\u00e9l\u00e9chargement instantan\u00e9 dans votre bo\u00eete de r\u00e9ception.<\/p>\n<\/div>\n\n\n\n<div class=\"wp-block-column is-layout-flow wp-block-column-is-layout-flow\">\n<div id=\"mc_embed_shell\">\n      <link href=\"\/\/cdn-images.mailchimp.com\/embedcode\/classic-061523.css\" rel=\"stylesheet\" type=\"text\/css\">\n  <style type=\"text\/css\">\n        #mc_embed_signup{background:#fff; false;clear:left; font:14px Helvetica,Arial,sans-serif; width: 600px;}\n        \/* Add your own Mailchimp form style overrides in your site stylesheet or in this style block.\n           We recommend moving this block and the preceding CSS link to the HEAD of your HTML file. *\/\n<\/style>\n<div id=\"mc_embed_signup\">\n    <form action=\"https:\/\/fizure.us20.list-manage.com\/subscribe\/post?u=f9f67b9f9dc3438656ad73fc8&amp;id=f8c5dc20cf&amp;f_id=004a20eef0\" method=\"post\" id=\"mc-embedded-subscribe-form\" name=\"mc-embedded-subscribe-form\" class=\"validate\" target=\"_blank\">\n        <div id=\"mc_embed_signup_scroll\"><h2>Download The Template<\/h2>\n            <div class=\"indicates-required\"><span class=\"asterisk\">*<\/span> indicates required<\/div>\n            <div class=\"mc-field-group\"><label for=\"mce-EMAIL\">Email Address <span class=\"asterisk\">*<\/span><\/label><input type=\"email\" name=\"EMAIL\" class=\"required email\" id=\"mce-EMAIL\" required=\"\" value=\"\"><\/div><div class=\"mc-field-group\"><label for=\"mce-FNAME\">First Name <\/label><input type=\"text\" name=\"FNAME\" class=\" text\" id=\"mce-FNAME\" value=\"\"><\/div><div class=\"mc-field-group\"><label for=\"mce-LNAME\">Last Name <\/label><input type=\"text\" name=\"LNAME\" class=\" text\" id=\"mce-LNAME\" value=\"\"><\/div><div class=\"mc-field-group\"><label for=\"mce-PHONE\">Phone Number <\/label><input type=\"text\" name=\"PHONE\" class=\"REQ_CSS\" id=\"mce-PHONE\" value=\"\"><\/div><div class=\"mc-field-group\"><label for=\"mce-COMPANY\">Company <span class=\"asterisk\">*<\/span><\/label><input type=\"text\" name=\"COMPANY\" class=\"required text\" id=\"mce-COMPANY\" required=\"\" value=\"\"><\/div><div class=\"mc-field-group\"><label for=\"mce-MMERGE8\">Role <\/label><input type=\"text\" name=\"MMERGE8\" class=\" text\" id=\"mce-MMERGE8\" value=\"\"><\/div>\n<div hidden=\"\"><input type=\"hidden\" name=\"tags\" value=\"4263791\"><\/div>\n        <div id=\"mce-responses\" class=\"clear\">\n            <div class=\"response\" id=\"mce-error-response\" style=\"display: none;\"><\/div>\n            <div class=\"response\" id=\"mce-success-response\" style=\"display: none;\"><\/div>\n        <\/div><div aria-hidden=\"true\" style=\"position: absolute; left: -5000px;\"><input type=\"text\" name=\"b_f9f67b9f9dc3438656ad73fc8_f8c5dc20cf\" tabindex=\"-1\" value=\"\"><\/div><div class=\"clear\"><input type=\"submit\" name=\"subscribe\" id=\"mc-embedded-subscribe\" class=\"button\" value=\"Subscribe\"><\/div>\n    <\/div>\n<\/form>\n<\/div>\n<script type=\"text\/javascript\" src=\"\/\/s3.amazonaws.com\/downloads.mailchimp.com\/js\/mc-validate.js\"><\/script><script type=\"text\/javascript\">(function($) {window.fnames = new Array(); window.ftypes = new Array();fnames[0]='EMAIL';ftypes[0]='email';fnames[1]='FNAME';ftypes[1]='text';fnames[2]='LNAME';ftypes[2]='text';fnames[4]='PHONE';ftypes[4]='phone';fnames[7]='COMPANY';ftypes[7]='text';fnames[8]='MMERGE8';ftypes[8]='text';fnames[3]='ADDRESS';ftypes[3]='address';fnames[5]='BIRTHDAY';ftypes[5]='birthday';fnames[6]='ORIGIN';ftypes[6]='text';}(jQuery));var $mcj = jQuery.noConflict(true);<\/script><\/div>\n\n<\/div>\n<\/div>\n","protected":false},"excerpt":{"rendered":"<p>Rapprochez vos finances de projet \u00e0 la fin du mois en utilisant ce mod\u00e8le simple de CVR pour Excel ou Google Sheets. Ce mod\u00e8le gratuit est con\u00e7u pour les professionnels de la construction qui souhaitent passer moins de temps sur les calculs manuels et plus sur les t\u00e2ches \u00e0 valeur ajout\u00e9e. Une fois le formulaire&#8230;  <a class=\"excerpt-read-more\" href=\"https:\/\/planyard.com\/fr\/telechargez-gratuitement-votre-modele-de-cvr-pour-la-construction-sur-excel-ou-google-sheets\" title=\"Lire  T\u00e9l\u00e9chargez gratuitement votre mod\u00e8le de CVR pour la construction sur Excel ou Google Sheets\">Lire la suite \u00ab\u00a0<\/a><\/p>\n","protected":false},"author":3,"featured_media":0,"parent":0,"menu_order":0,"comment_status":"closed","ping_status":"closed","template":"","meta":{"_acf_changed":false,"content-type":"","footnotes":""},"page_intent":[164],"page_type":[],"class_list":["post-12150","page","type-page","status-publish","hentry"],"acf":[],"yoast_head":"<!-- This site is optimized with the Yoast SEO plugin v27.1.1 - https:\/\/yoast.com\/product\/yoast-seo-wordpress\/ -->\n<title>T\u00e9l\u00e9chargez gratuitement votre mod\u00e8le de CVR pour la construction<\/title>\n<meta name=\"description\" content=\"Rapprochez vos finances de projet \u00e0 la fin du mois en utilisant ce mod\u00e8le simple de CVR pour Excel ou Google Sheets.\" \/>\n<meta name=\"robots\" content=\"index, follow, max-snippet:-1, max-image-preview:large, max-video-preview:-1\" \/>\n<link rel=\"canonical\" href=\"https:\/\/planyard.com\/fr\/telechargez-gratuitement-votre-modele-de-cvr-pour-la-construction-sur-excel-ou-google-sheets\" \/>\n<meta property=\"og:locale\" content=\"fr_FR\" \/>\n<meta property=\"og:type\" content=\"article\" \/>\n<meta property=\"og:title\" content=\"T\u00e9l\u00e9chargez gratuitement votre mod\u00e8le de CVR pour la construction\" \/>\n<meta property=\"og:description\" content=\"Rapprochez vos finances de projet \u00e0 la fin du mois en utilisant ce mod\u00e8le simple de CVR pour Excel ou Google Sheets.\" \/>\n<meta property=\"og:url\" content=\"https:\/\/planyard.com\/fr\/telechargez-gratuitement-votre-modele-de-cvr-pour-la-construction-sur-excel-ou-google-sheets\" \/>\n<meta property=\"og:site_name\" content=\"Planyard France\" \/>\n<meta property=\"article:modified_time\" content=\"2025-06-04T06:34:55+00:00\" \/>\n<meta name=\"twitter:card\" content=\"summary_large_image\" \/>\n<meta name=\"twitter:label1\" content=\"Dur\u00e9e de lecture estim\u00e9e\" \/>\n\t<meta name=\"twitter:data1\" content=\"1 minute\" \/>\n<!-- \/ Yoast SEO plugin. -->","yoast_head_json":{"title":"T\u00e9l\u00e9chargez gratuitement votre mod\u00e8le de CVR pour la construction","description":"Rapprochez vos finances de projet \u00e0 la fin du mois en utilisant ce mod\u00e8le simple de CVR pour Excel ou Google Sheets.","robots":{"index":"index","follow":"follow","max-snippet":"max-snippet:-1","max-image-preview":"max-image-preview:large","max-video-preview":"max-video-preview:-1"},"canonical":"https:\/\/planyard.com\/fr\/telechargez-gratuitement-votre-modele-de-cvr-pour-la-construction-sur-excel-ou-google-sheets","og_locale":"fr_FR","og_type":"article","og_title":"T\u00e9l\u00e9chargez gratuitement votre mod\u00e8le de CVR pour la construction","og_description":"Rapprochez vos finances de projet \u00e0 la fin du mois en utilisant ce mod\u00e8le simple de CVR pour Excel ou Google Sheets.","og_url":"https:\/\/planyard.com\/fr\/telechargez-gratuitement-votre-modele-de-cvr-pour-la-construction-sur-excel-ou-google-sheets","og_site_name":"Planyard France","article_modified_time":"2025-06-04T06:34:55+00:00","twitter_card":"summary_large_image","twitter_misc":{"Dur\u00e9e de lecture estim\u00e9e":"1 minute"},"schema":{"@context":"https:\/\/schema.org","@graph":[{"@type":"WebPage","@id":"https:\/\/planyard.com\/fr\/telechargez-gratuitement-votre-modele-de-cvr-pour-la-construction-sur-excel-ou-google-sheets","url":"https:\/\/planyard.com\/fr\/telechargez-gratuitement-votre-modele-de-cvr-pour-la-construction-sur-excel-ou-google-sheets","name":"T\u00e9l\u00e9chargez gratuitement votre mod\u00e8le de CVR pour la construction","isPartOf":{"@id":"https:\/\/planyard.com\/fr#website"},"datePublished":"2025-03-18T13:53:37+00:00","dateModified":"2025-06-04T06:34:55+00:00","description":"Rapprochez vos finances de projet \u00e0 la fin du mois en utilisant ce mod\u00e8le simple de CVR pour Excel ou Google Sheets.","breadcrumb":{"@id":"https:\/\/planyard.com\/fr\/telechargez-gratuitement-votre-modele-de-cvr-pour-la-construction-sur-excel-ou-google-sheets#breadcrumb"},"inLanguage":"fr-FR","potentialAction":[{"@type":"ReadAction","target":["https:\/\/planyard.com\/fr\/telechargez-gratuitement-votre-modele-de-cvr-pour-la-construction-sur-excel-ou-google-sheets"]}]},{"@type":"BreadcrumbList","@id":"https:\/\/planyard.com\/fr\/telechargez-gratuitement-votre-modele-de-cvr-pour-la-construction-sur-excel-ou-google-sheets#breadcrumb","itemListElement":[{"@type":"ListItem","position":1,"name":"Home","item":"https:\/\/planyard.com\/fr"},{"@type":"ListItem","position":2,"name":"T\u00e9l\u00e9chargez gratuitement votre mod\u00e8le de CVR pour la construction sur Excel ou Google Sheets"}]},{"@type":"WebSite","@id":"https:\/\/planyard.com\/fr#website","url":"https:\/\/planyard.com\/fr","name":"Planyard France","description":"","potentialAction":[{"@type":"SearchAction","target":{"@type":"EntryPoint","urlTemplate":"https:\/\/planyard.com\/fr?s={search_term_string}"},"query-input":{"@type":"PropertyValueSpecification","valueRequired":true,"valueName":"search_term_string"}}],"inLanguage":"fr-FR"}]}},"_links":{"self":[{"href":"https:\/\/planyard.com\/fr\/wp-json\/wp\/v2\/pages\/12150","targetHints":{"allow":["GET"]}}],"collection":[{"href":"https:\/\/planyard.com\/fr\/wp-json\/wp\/v2\/pages"}],"about":[{"href":"https:\/\/planyard.com\/fr\/wp-json\/wp\/v2\/types\/page"}],"author":[{"embeddable":true,"href":"https:\/\/planyard.com\/fr\/wp-json\/wp\/v2\/users\/3"}],"replies":[{"embeddable":true,"href":"https:\/\/planyard.com\/fr\/wp-json\/wp\/v2\/comments?post=12150"}],"version-history":[{"count":6,"href":"https:\/\/planyard.com\/fr\/wp-json\/wp\/v2\/pages\/12150\/revisions"}],"predecessor-version":[{"id":17020,"href":"https:\/\/planyard.com\/fr\/wp-json\/wp\/v2\/pages\/12150\/revisions\/17020"}],"wp:attachment":[{"href":"https:\/\/planyard.com\/fr\/wp-json\/wp\/v2\/media?parent=12150"}],"wp:term":[{"taxonomy":"page_intent","embeddable":true,"href":"https:\/\/planyard.com\/fr\/wp-json\/wp\/v2\/page_intent?post=12150"},{"taxonomy":"page_type","embeddable":true,"href":"https:\/\/planyard.com\/fr\/wp-json\/wp\/v2\/page_type?post=12150"}],"curies":[{"name":"wp","href":"https:\/\/api.w.org\/{rel}","templated":true}]}}