{"id":12146,"date":"2025-01-30T10:30:14","date_gmt":"2025-01-30T10:30:14","guid":{"rendered":"https:\/\/planyard.com\/get-the-next-chapter-of-the-master-construction-project-management-guide"},"modified":"2025-05-19T18:07:55","modified_gmt":"2025-05-19T18:07:55","slug":"decouvrez-le-prochain-chapitre-du-guide-maitre-de-la-gestion-de-projet-de-construction","status":"publish","type":"page","link":"https:\/\/planyard.com\/fr\/decouvrez-le-prochain-chapitre-du-guide-maitre-de-la-gestion-de-projet-de-construction","title":{"rendered":"D\u00e9couvrez le prochain chapitre du Guide Ma\u00eetre de la Gestion de Projet de Construction"},"content":{"rendered":"\n<div class=\"wp-block-columns is-layout-flex wp-container-core-columns-is-layout-9d6595d7 wp-block-columns-is-layout-flex\">\n<div class=\"wp-block-column is-layout-flow wp-block-column-is-layout-flow\">\n<p>Vous souhaitez garder une longueur d&rsquo;avance en gestion de projet de construction ? Abonnez-vous pour \u00eatre inform\u00e9 de la sortie du prochain chapitre de notre guide gratuit\u2014rempli d&rsquo;analyses d&rsquo;experts pour vous aider \u00e0 rationaliser vos projets, am\u00e9liorer le contr\u00f4le des co\u00fbts et accro\u00eetre l&rsquo;efficacit\u00e9.<\/p>\n\n\n\n<h5 class=\"wp-block-heading\">Consultez le calendrier complet des sorties <a href=\"https:\/\/planyard.com\/fr\/guide-gratuit-maitriser-gestion-projet-construction\">ici<\/a><\/h5>\n<\/div>\n\n\n\n<div class=\"wp-block-column is-layout-flow wp-block-column-is-layout-flow\">\n<div id=\"mc_embed_shell\">\n      \n  \n        #mc_embed_signup{background:#fff; false;clear:left; font:14px Helvetica,Arial,sans-serif; width: 600px;}\n        \/* Add your own Mailchimp form style overrides in your site stylesheet or in this style block.\n           We recommend moving this block and the preceding CSS link to the HEAD of your HTML file. *\/\n\n<div id=\"mc_embed_signup\">\n    \n        <div id=\"mc_embed_signup_scroll\"><h2>S&rsquo;abonner<\/h2>\n            <div class=\"indicates-required\"><span class=\"asterisk\">*<\/span> indique un champ requis<\/div>\n            <div class=\"mc-field-group\"><label for=\"mce-EMAIL\">Adresse e-mail <span class=\"asterisk\">*<\/span><\/label><\/div><div class=\"mc-field-group\"><label for=\"mce-FNAME\">Pr\u00e9nom <\/label><\/div><div class=\"mc-field-group\"><label for=\"mce-LNAME\">Nom <\/label><\/div><div class=\"mc-field-group\"><label for=\"mce-COMPANY\">Entreprise <span class=\"asterisk\">*<\/span><\/label><\/div><div class=\"mc-field-group\"><label for=\"mce-PHONE\">Num\u00e9ro de t\u00e9l\u00e9phone <\/label><\/div><div class=\"mc-field-group\"><label for=\"mce-MMERGE8\">R\u00f4le <span class=\"asterisk\">*<\/span><\/label><\/div>\n<div hidden=\"\"><\/div>\n        <div id=\"mce-responses\" class=\"clear\">\n            <div class=\"response\" id=\"mce-error-response\"><\/div>\n            <div class=\"response\" id=\"mce-success-response\"><\/div>\n        <\/div><div aria-hidden=\"true\" style=\"position: absolute;left: -5000px\"><\/div><div class=\"clear\"><\/div>\n    <\/div>\n\n<\/div>\n(function($) {window.fnames = new Array(); window.ftypes = new Array();fnames[0]=&rsquo;EMAIL&rsquo;;ftypes[0]=&#8217;email&rsquo;;fnames[1]=&rsquo;FNAME&rsquo;;ftypes[1]=&rsquo;text&rsquo;;fnames[2]=&rsquo;LNAME&rsquo;;ftypes[2]=&rsquo;text&rsquo;;fnames[7]=&rsquo;COMPANY&rsquo;;ftypes[7]=&rsquo;text&rsquo;;fnames[4]=&rsquo;PHONE&rsquo;;ftypes[4]=&rsquo;phone&rsquo;;fnames[8]=&rsquo;MMERGE8&prime;;ftypes[8]=&rsquo;text&rsquo;;fnames[3]=&rsquo;ADDRESS&rsquo;;ftypes[3]=&rsquo;address&rsquo;;fnames[5]=&rsquo;BIRTHDAY&rsquo;;ftypes[5]=&rsquo;birthday&rsquo;;fnames[6]=&rsquo;ORIGIN&rsquo;;ftypes[6]=&rsquo;text&rsquo;;}(jQuery));var $mcj = jQuery.noConflict(true);<\/div>\n\n<\/div>\n<\/div>\n\n\n\n<p><\/p>\n","protected":false},"excerpt":{"rendered":"<p>Vous souhaitez garder une longueur d&rsquo;avance en gestion de projet de construction ? Abonnez-vous pour \u00eatre inform\u00e9 de la sortie du prochain chapitre de notre guide gratuit\u2014rempli d&rsquo;analyses d&rsquo;experts pour vous aider \u00e0 rationaliser vos projets, am\u00e9liorer le contr\u00f4le des co\u00fbts et accro\u00eetre l&rsquo;efficacit\u00e9. Consultez le calendrier complet des sorties ici #mc_embed_signup{background:#fff; false;clear:left; font:14px Helvetica,Arial,sans-serif;&#8230;  <a class=\"excerpt-read-more\" href=\"https:\/\/planyard.com\/fr\/decouvrez-le-prochain-chapitre-du-guide-maitre-de-la-gestion-de-projet-de-construction\" title=\"Lire  D\u00e9couvrez le prochain chapitre du Guide Ma\u00eetre de la Gestion de Projet de Construction\">Lire la suite \u00ab\u00a0<\/a><\/p>\n","protected":false},"author":4,"featured_media":0,"parent":0,"menu_order":0,"comment_status":"closed","ping_status":"closed","template":"","meta":{"_acf_changed":false,"content-type":"","footnotes":""},"page_intent":[164],"page_type":[],"class_list":["post-12146","page","type-page","status-publish","hentry"],"acf":[],"yoast_head":"<!-- This site is optimized with the Yoast SEO plugin v27.1.1 - https:\/\/yoast.com\/product\/yoast-seo-wordpress\/ -->\n<title>Obtenez le prochain chapitre du guide ma\u00eetre de la gestion de projet de construction<\/title>\n<meta name=\"description\" content=\"Vous souhaitez garder une longueur d&#039;avance en gestion de projet de construction ? Abonnez-vous pour \u00eatre averti lorsque le prochain chapitre de notre guide gratuit est publi\u00e9.\" \/>\n<meta name=\"robots\" content=\"index, follow, max-snippet:-1, max-image-preview:large, max-video-preview:-1\" \/>\n<link rel=\"canonical\" href=\"https:\/\/planyard.com\/fr\/decouvrez-le-prochain-chapitre-du-guide-maitre-de-la-gestion-de-projet-de-construction\" \/>\n<meta property=\"og:locale\" content=\"fr_FR\" \/>\n<meta property=\"og:type\" content=\"article\" \/>\n<meta property=\"og:title\" content=\"Obtenez le prochain chapitre du guide ma\u00eetre de la gestion de projet de construction\" \/>\n<meta property=\"og:description\" content=\"Vous souhaitez garder une longueur d&#039;avance en gestion de projet de construction ? Abonnez-vous pour \u00eatre averti lorsque le prochain chapitre de notre guide gratuit est publi\u00e9.\" \/>\n<meta property=\"og:url\" content=\"https:\/\/planyard.com\/fr\/decouvrez-le-prochain-chapitre-du-guide-maitre-de-la-gestion-de-projet-de-construction\" \/>\n<meta property=\"og:site_name\" content=\"Planyard France\" \/>\n<meta property=\"article:modified_time\" content=\"2025-05-19T18:07:55+00:00\" \/>\n<meta name=\"twitter:card\" content=\"summary_large_image\" \/>\n<meta name=\"twitter:label1\" content=\"Dur\u00e9e de lecture estim\u00e9e\" \/>\n\t<meta name=\"twitter:data1\" content=\"1 minute\" \/>\n<!-- \/ Yoast SEO plugin. -->","yoast_head_json":{"title":"Obtenez le prochain chapitre du guide ma\u00eetre de la gestion de projet de construction","description":"Vous souhaitez garder une longueur d'avance en gestion de projet de construction ? Abonnez-vous pour \u00eatre averti lorsque le prochain chapitre de notre guide gratuit est publi\u00e9.","robots":{"index":"index","follow":"follow","max-snippet":"max-snippet:-1","max-image-preview":"max-image-preview:large","max-video-preview":"max-video-preview:-1"},"canonical":"https:\/\/planyard.com\/fr\/decouvrez-le-prochain-chapitre-du-guide-maitre-de-la-gestion-de-projet-de-construction","og_locale":"fr_FR","og_type":"article","og_title":"Obtenez le prochain chapitre du guide ma\u00eetre de la gestion de projet de construction","og_description":"Vous souhaitez garder une longueur d'avance en gestion de projet de construction ? Abonnez-vous pour \u00eatre averti lorsque le prochain chapitre de notre guide gratuit est publi\u00e9.","og_url":"https:\/\/planyard.com\/fr\/decouvrez-le-prochain-chapitre-du-guide-maitre-de-la-gestion-de-projet-de-construction","og_site_name":"Planyard France","article_modified_time":"2025-05-19T18:07:55+00:00","twitter_card":"summary_large_image","twitter_misc":{"Dur\u00e9e de lecture estim\u00e9e":"1 minute"},"schema":{"@context":"https:\/\/schema.org","@graph":[{"@type":"WebPage","@id":"https:\/\/planyard.com\/fr\/decouvrez-le-prochain-chapitre-du-guide-maitre-de-la-gestion-de-projet-de-construction","url":"https:\/\/planyard.com\/fr\/decouvrez-le-prochain-chapitre-du-guide-maitre-de-la-gestion-de-projet-de-construction","name":"Obtenez le prochain chapitre du guide ma\u00eetre de la gestion de projet de construction","isPartOf":{"@id":"https:\/\/planyard.com\/fr#website"},"datePublished":"2025-01-30T10:30:14+00:00","dateModified":"2025-05-19T18:07:55+00:00","description":"Vous souhaitez garder une longueur d'avance en gestion de projet de construction ? Abonnez-vous pour \u00eatre averti lorsque le prochain chapitre de notre guide gratuit est publi\u00e9.","breadcrumb":{"@id":"https:\/\/planyard.com\/fr\/decouvrez-le-prochain-chapitre-du-guide-maitre-de-la-gestion-de-projet-de-construction#breadcrumb"},"inLanguage":"fr-FR","potentialAction":[{"@type":"ReadAction","target":["https:\/\/planyard.com\/fr\/decouvrez-le-prochain-chapitre-du-guide-maitre-de-la-gestion-de-projet-de-construction"]}]},{"@type":"BreadcrumbList","@id":"https:\/\/planyard.com\/fr\/decouvrez-le-prochain-chapitre-du-guide-maitre-de-la-gestion-de-projet-de-construction#breadcrumb","itemListElement":[{"@type":"ListItem","position":1,"name":"Home","item":"https:\/\/planyard.com\/fr"},{"@type":"ListItem","position":2,"name":"Obtenez le prochain chapitre du guide ma\u00eetre de la gestion de projet de construction"}]},{"@type":"WebSite","@id":"https:\/\/planyard.com\/fr#website","url":"https:\/\/planyard.com\/fr","name":"Planyard France","description":"","potentialAction":[{"@type":"SearchAction","target":{"@type":"EntryPoint","urlTemplate":"https:\/\/planyard.com\/fr?s={search_term_string}"},"query-input":{"@type":"PropertyValueSpecification","valueRequired":true,"valueName":"search_term_string"}}],"inLanguage":"fr-FR"}]}},"_links":{"self":[{"href":"https:\/\/planyard.com\/fr\/wp-json\/wp\/v2\/pages\/12146","targetHints":{"allow":["GET"]}}],"collection":[{"href":"https:\/\/planyard.com\/fr\/wp-json\/wp\/v2\/pages"}],"about":[{"href":"https:\/\/planyard.com\/fr\/wp-json\/wp\/v2\/types\/page"}],"author":[{"embeddable":true,"href":"https:\/\/planyard.com\/fr\/wp-json\/wp\/v2\/users\/4"}],"replies":[{"embeddable":true,"href":"https:\/\/planyard.com\/fr\/wp-json\/wp\/v2\/comments?post=12146"}],"version-history":[{"count":3,"href":"https:\/\/planyard.com\/fr\/wp-json\/wp\/v2\/pages\/12146\/revisions"}],"predecessor-version":[{"id":16167,"href":"https:\/\/planyard.com\/fr\/wp-json\/wp\/v2\/pages\/12146\/revisions\/16167"}],"wp:attachment":[{"href":"https:\/\/planyard.com\/fr\/wp-json\/wp\/v2\/media?parent=12146"}],"wp:term":[{"taxonomy":"page_intent","embeddable":true,"href":"https:\/\/planyard.com\/fr\/wp-json\/wp\/v2\/page_intent?post=12146"},{"taxonomy":"page_type","embeddable":true,"href":"https:\/\/planyard.com\/fr\/wp-json\/wp\/v2\/page_type?post=12146"}],"curies":[{"name":"wp","href":"https:\/\/api.w.org\/{rel}","templated":true}]}}