{"id":12144,"date":"2025-02-12T12:12:00","date_gmt":"2025-02-12T12:12:00","guid":{"rendered":"https:\/\/planyard.com\/free-construction-schedule-template-for-excel-download-now"},"modified":"2025-06-04T06:34:33","modified_gmt":"2025-06-04T06:34:33","slug":"modele-gratuit-de-planning-de-construction-pour-excel-telechargez-maintenant","status":"publish","type":"page","link":"https:\/\/planyard.com\/fr\/modele-gratuit-de-planning-de-construction-pour-excel-telechargez-maintenant","title":{"rendered":"Mod\u00e8le gratuit de planning de construction pour Excel \u2013 T\u00e9l\u00e9chargez maintenant"},"content":{"rendered":"\n<div class=\"wp-block-media-text is-stacked-on-mobile\" style=\"grid-template-columns:55% auto\"><figure class=\"wp-block-media-text__media\"><img loading=\"lazy\" decoding=\"async\" width=\"1318\" height=\"661\" src=\"https:\/\/planyard.com\/wp-content\/uploads\/2025\/01\/image-11.png\" alt=\"\" class=\"wp-image-8740 size-full\"\/><\/figure><div class=\"wp-block-media-text__content\">\n<p>G\u00e9rer un projet de construction sans planning clair peut entra\u00eener des <strong>retards, des d\u00e9passements de co\u00fbts et des malentendus<\/strong>. Que vous soyez <strong>entrepreneur, chef de projet ou directeur financier en construction<\/strong>, avoir un calendrier structur\u00e9 est crucial pour <strong>maintenir votre projet sur la bonne voie<\/strong>.<\/p>\n\n\n\n<p>Ce <strong>mod\u00e8le gratuit de planning de construction pour Excel<\/strong> offre une <strong>solution simple et personnalisable<\/strong> pour vous aider \u00e0 planifier et \u00e0 suivre chaque \u00e9tape de votre projet.<\/p>\n<\/div><\/div>\n\n\n\n<p>Pour en savoir plus sur les raisons pour lesquelles les plannings \u00e9chouent et comment en cr\u00e9er qui r\u00e9ussissent.&nbsp;<a href=\"https:\/\/planyard.com\/fr\/maitriser-planification-construction\">En savoir plus ici<\/a><\/p>\n\n\n\n<h2 class=\"wp-block-heading\"><strong>T\u00e9l\u00e9chargez votre mod\u00e8le gratuit de planning de construction<\/strong><\/h2>\n\n\n\n<p>Obtenez un <strong>acc\u00e8s instantan\u00e9<\/strong> \u00e0 un mod\u00e8le de planning de construction professionnel con\u00e7u pour les <strong>entrepreneurs, chefs de projet et constructeurs<\/strong>.<\/p>\n\n\n\n<div class=\"wp-block-buttons is-layout-flex wp-block-buttons-is-layout-flex\">\n<div class=\"wp-block-button\"><a class=\"wp-block-button__link has-white-color has-text-color has-background has-link-color wp-element-button\" href=\"https:\/\/planyard.com\/fr\/obtenez-votre-modele-gratuit-de-planning-de-construction-pour-excel\" style=\"background-color:#2756ff\">T\u00e9l\u00e9charger le mod\u00e8le gratuit<\/a><\/div>\n<\/div>\n\n\n\n<h2 class=\"wp-block-heading\">Pourquoi utiliser un mod\u00e8le de planning de construction\u00a0?<\/h2>\n\n\n\n<p>Un <strong>planning de construction<\/strong> est une chronologie visuelle qui d\u00e9crit les <strong>t\u00e2ches, dur\u00e9es, d\u00e9pendances et \u00e9ch\u00e9ances<\/strong> d&rsquo;un projet. Il aide les \u00e9quipes de construction \u00e0 :<\/p>\n\n\n\n<ul class=\"wp-block-list\">\n<li><strong>\u00c9viter les retards<\/strong> \u2013 Identifier les goulots d&rsquo;\u00e9tranglement potentiels avant qu&rsquo;ils ne se produisent.<\/li>\n\n\n\n<li><strong>Am\u00e9liorer la communication<\/strong> \u2013 Tenir les parties prenantes inform\u00e9es de l&rsquo;avancement.<\/li>\n\n\n\n<li><strong>Respecter le budget<\/strong> \u2013 Aligner les calendriers avec des outils de gestion des co\u00fbts comme <strong>Planyard<\/strong>.<\/li>\n\n\n\n<li><strong>Augmenter l&rsquo;efficacit\u00e9<\/strong> \u2013 Attribuer des responsabilit\u00e9s et rationaliser le flux de travail.<\/li>\n<\/ul>\n\n\n\n<p>L&rsquo;utilisation d&rsquo;un <strong>mod\u00e8le Excel pr\u00e9con\u00e7u<\/strong> permet de gagner du temps et d&rsquo;assurer l&rsquo;exactitude par rapport \u00e0 une planification manuelle.<\/p>\n\n\n\n<h3 class=\"wp-block-heading\">Comment utiliser ce mod\u00e8le de planning de construction<\/h3>\n\n\n\n<h3 class=\"wp-block-heading\">1. D\u00e9finissez le p\u00e9rim\u00e8tre de votre projet<\/h3>\n\n\n\n<p>Listez les <strong>grandes phases<\/strong> de votre projet, telles que :<\/p>\n\n\n\n<ul class=\"wp-block-list\">\n<li><strong>Pr\u00e9paration du site<\/strong><\/li>\n\n\n\n<li><strong>Travaux de fondation<\/strong><\/li>\n\n\n\n<li><strong>Charpente et travaux structurels<\/strong><\/li>\n\n\n\n<li><strong>Installations CVC (Chauffage, Ventilation, Climatisation)<\/strong><\/li>\n\n\n\n<li><strong>Finitions int\u00e9rieures et ext\u00e9rieures<\/strong><\/li>\n\n\n\n<li><strong>Inspection finale et remise<\/strong><\/li>\n<\/ul>\n\n\n\n<h3 class=\"wp-block-heading\">2. D\u00e9finissez les dur\u00e9es et d\u00e9pendances des t\u00e2ches<\/h3>\n\n\n\n<p>Attribuez une <strong>date de d\u00e9but et de fin<\/strong> \u00e0 chaque t\u00e2che. Si une t\u00e2che d\u00e9pend d&rsquo;une autre, liez-les en utilisant les <strong>fonctionnalit\u00e9s de diagramme de Gantt d&rsquo;Excel<\/strong>.<\/p>\n\n\n\n<h3 class=\"wp-block-heading\">3. Attribuez les responsabilit\u00e9s<\/h3>\n\n\n\n<p>Sp\u00e9cifiez qui est <strong>responsable<\/strong> de chaque phase. Cela aide les <strong>sous-traitants, superviseurs de chantier et chefs de projet<\/strong> \u00e0 rester align\u00e9s.<\/p>\n\n\n\n<h3 class=\"wp-block-heading\">4. Suivez les progr\u00e8s et apportez des ajustements<\/h3>\n\n\n\n<p>Mettez \u00e0 jour le planning au fur et \u00e0 mesure que les t\u00e2ches sont termin\u00e9es. Ajustez les \u00e9ch\u00e9ances si des retards surviennent pour <strong>maintenir le projet sur le planning<\/strong>.<\/p>\n\n\n\n<h3 class=\"wp-block-heading\">5. Int\u00e9grez avec un logiciel de gestion des co\u00fbts<\/h3>\n\n\n\n<p>Un planning seul ne pr\u00e9vient pas les d\u00e9passements de budget. Utilisez <strong>Planyard<\/strong> pour <strong>suivre les co\u00fbts, surveiller la performance financi\u00e8re et g\u00e9rer les factures<\/strong> en parall\u00e8le de votre chronologie de projet.<\/p>\n\n\n\n<h2 class=\"wp-block-heading\">Caract\u00e9ristiques du mod\u00e8le gratuit de planning de construction<\/h2>\n\n\n\n<ul class=\"wp-block-list\">\n<li><strong>Pr\u00e9-format\u00e9 dans Excel<\/strong> \u2013 Pas besoin de logiciel complexe.<\/li>\n\n\n\n<li><strong>Suivi des t\u00e2ches et des jalons<\/strong> \u2013 Visualisez les livrables cl\u00e9s.<\/li>\n\n\n\n<li><strong>Vue en diagramme de Gantt<\/strong> \u2013 Ajustez facilement les calendriers de projet.<\/li>\n\n\n\n<li><strong>Champs personnalisables<\/strong> \u2013 Adaptez-les aux besoins sp\u00e9cifiques de votre projet.<\/li>\n\n\n\n<li><strong>Exportation et partage faciles<\/strong> \u2013 Envoyez des mises \u00e0 jour aux parties prenantes.<\/li>\n<\/ul>\n\n\n\n<h2 class=\"wp-block-heading\">Optimisez votre projet avec des outils de budg\u00e9tisation intelligents<\/h2>\n\n\n\n<p>Un <strong>planning bien structur\u00e9<\/strong> n&rsquo;est efficace que s&rsquo;il est align\u00e9 avec <strong>votre budget de projet<\/strong>. Le <strong><a href=\"https:\/\/planyard.com\/fr\/logiciel-budget-construction\">logiciel de budg\u00e9tisation de construction<\/a><\/strong> de Planyard s&rsquo;int\u00e8gre \u00e0 votre planning, vous assurant de <strong>rester dans le budget<\/strong> tout en suivant chaque co\u00fbt en temps r\u00e9el.<\/p>\n\n\n\n<ul class=\"wp-block-list\">\n<li><strong>Suivi automatis\u00e9 des co\u00fbts<\/strong> li\u00e9 aux phases du projet<\/li>\n\n\n\n<li><strong>Plus d&rsquo;erreurs de feuille de calcul<\/strong> avec des donn\u00e9es centralis\u00e9es<\/li>\n\n\n\n<li><strong>Informations financi\u00e8res en temps r\u00e9el<\/strong> pour une meilleure prise de d\u00e9cision<\/li>\n<\/ul>\n\n\n\n<h2 class=\"wp-block-heading\">Qui peut b\u00e9n\u00e9ficier de ce mod\u00e8le\u00a0?<\/h2>\n\n\n\n<ul class=\"wp-block-list\">\n<li><strong>Entrepreneurs g\u00e9n\u00e9raux<\/strong> \u2013 G\u00e9rez les calendriers de projet efficacement.<\/li>\n\n\n\n<li><strong>Chefs de projet<\/strong> \u2013 Planifiez et suivez les jalons facilement.<\/li>\n\n\n\n<li><strong>Directeurs financiers et financiers en construction<\/strong> \u2013 Alignez la planification avec la planification financi\u00e8re.<\/li>\n\n\n\n<li><strong>Sous-traitants et superviseurs de chantier<\/strong> \u2013 Restez au courant des \u00e9ch\u00e9ances et des t\u00e2ches.<\/li>\n<\/ul>\n\n\n\n<h2 class=\"wp-block-heading\">T\u00e9l\u00e9chargez votre mod\u00e8le gratuit de planning de construction<\/h2>\n\n\n\n<p>Ne laissez pas une mauvaise planification retarder votre projet. T\u00e9l\u00e9chargez ce <strong><a href=\"https:\/\/planyard.com\/fr\/obtenez-votre-modele-gratuit-de-planning-de-construction-pour-excel\">mod\u00e8le gratuit de planning de construction pour Excel<\/a><\/strong> aujourd&rsquo;hui et commencez \u00e0 g\u00e9rer vos projets <strong>plus efficacement<\/strong>.<\/p>\n\n\n\n<p>Utiliser Planyard garantit que chaque euro est pris en compte, que les co\u00fbts sont suivis en temps r\u00e9el et que la rentabilit\u00e9 est maximis\u00e9e.<\/p>\n","protected":false},"excerpt":{"rendered":"<p>G\u00e9rer un projet de construction sans planning clair peut entra\u00eener des retards, des d\u00e9passements de co\u00fbts et des malentendus. Que vous soyez entrepreneur, chef de projet ou directeur financier en construction, avoir un calendrier structur\u00e9 est crucial pour maintenir votre projet sur la bonne voie. Ce mod\u00e8le gratuit de planning de construction pour Excel offre&#8230;  <a class=\"excerpt-read-more\" href=\"https:\/\/planyard.com\/fr\/modele-gratuit-de-planning-de-construction-pour-excel-telechargez-maintenant\" title=\"Lire  Mod\u00e8le gratuit de planning de construction pour Excel \u2013 T\u00e9l\u00e9chargez maintenant\">Lire la suite \u00ab\u00a0<\/a><\/p>\n","protected":false},"author":4,"featured_media":0,"parent":0,"menu_order":0,"comment_status":"closed","ping_status":"closed","template":"","meta":{"_acf_changed":false,"content-type":"","footnotes":""},"page_intent":[164],"page_type":[],"class_list":["post-12144","page","type-page","status-publish","hentry"],"acf":[],"yoast_head":"<!-- This site is optimized with the Yoast SEO plugin v26.9 - https:\/\/yoast.com\/product\/yoast-seo-wordpress\/ -->\n<title>Mod\u00e8le gratuit de budget de construction - Planyard France<\/title>\n<meta name=\"description\" content=\"Ce mod\u00e8le de budget de construction vous aide \u00e0 ma\u00eetriser facilement vos co\u00fbts de chantier. Il a \u00e9t\u00e9 cr\u00e9\u00e9 pour les chefs de projet par des chefs de projet.\" \/>\n<meta name=\"robots\" content=\"index, follow, max-snippet:-1, max-image-preview:large, max-video-preview:-1\" \/>\n<link rel=\"canonical\" href=\"https:\/\/planyard.com\/fr\/modele-gratuit-de-planning-de-construction-pour-excel-telechargez-maintenant\" \/>\n<meta property=\"og:locale\" content=\"fr_FR\" \/>\n<meta property=\"og:type\" content=\"article\" \/>\n<meta property=\"og:title\" content=\"Mod\u00e8le gratuit de budget de construction - Planyard France\" \/>\n<meta property=\"og:description\" content=\"Ce mod\u00e8le de budget de construction vous aide \u00e0 ma\u00eetriser facilement vos co\u00fbts de chantier. Il a \u00e9t\u00e9 cr\u00e9\u00e9 pour les chefs de projet par des chefs de projet.\" \/>\n<meta property=\"og:url\" content=\"https:\/\/planyard.com\/fr\/modele-gratuit-de-planning-de-construction-pour-excel-telechargez-maintenant\" \/>\n<meta property=\"og:site_name\" content=\"Planyard France\" \/>\n<meta property=\"article:modified_time\" content=\"2025-06-04T06:34:33+00:00\" \/>\n<meta property=\"og:image\" content=\"https:\/\/planyard.com\/wp-content\/uploads\/2025\/01\/image-11.png\" \/>\n\t<meta property=\"og:image:width\" content=\"1318\" \/>\n\t<meta property=\"og:image:height\" content=\"661\" \/>\n\t<meta property=\"og:image:type\" content=\"image\/png\" \/>\n<meta name=\"twitter:card\" content=\"summary_large_image\" \/>\n<meta name=\"twitter:label1\" content=\"Dur\u00e9e de lecture estim\u00e9e\" \/>\n\t<meta name=\"twitter:data1\" content=\"3 minutes\" \/>\n<!-- \/ Yoast SEO plugin. -->","yoast_head_json":{"title":"Mod\u00e8le gratuit de budget de construction - Planyard France","description":"Ce mod\u00e8le de budget de construction vous aide \u00e0 ma\u00eetriser facilement vos co\u00fbts de chantier. Il a \u00e9t\u00e9 cr\u00e9\u00e9 pour les chefs de projet par des chefs de projet.","robots":{"index":"index","follow":"follow","max-snippet":"max-snippet:-1","max-image-preview":"max-image-preview:large","max-video-preview":"max-video-preview:-1"},"canonical":"https:\/\/planyard.com\/fr\/modele-gratuit-de-planning-de-construction-pour-excel-telechargez-maintenant","og_locale":"fr_FR","og_type":"article","og_title":"Mod\u00e8le gratuit de budget de construction - Planyard France","og_description":"Ce mod\u00e8le de budget de construction vous aide \u00e0 ma\u00eetriser facilement vos co\u00fbts de chantier. Il a \u00e9t\u00e9 cr\u00e9\u00e9 pour les chefs de projet par des chefs de projet.","og_url":"https:\/\/planyard.com\/fr\/modele-gratuit-de-planning-de-construction-pour-excel-telechargez-maintenant","og_site_name":"Planyard France","article_modified_time":"2025-06-04T06:34:33+00:00","og_image":[{"width":1318,"height":661,"url":"https:\/\/planyard.com\/wp-content\/uploads\/2025\/01\/image-11.png","type":"image\/png"}],"twitter_card":"summary_large_image","twitter_misc":{"Dur\u00e9e de lecture estim\u00e9e":"3 minutes"},"schema":{"@context":"https:\/\/schema.org","@graph":[{"@type":"WebPage","@id":"https:\/\/planyard.com\/fr\/modele-gratuit-de-planning-de-construction-pour-excel-telechargez-maintenant","url":"https:\/\/planyard.com\/fr\/modele-gratuit-de-planning-de-construction-pour-excel-telechargez-maintenant","name":"Mod\u00e8le gratuit de budget de construction - Planyard France","isPartOf":{"@id":"https:\/\/planyard.com\/fr#website"},"primaryImageOfPage":{"@id":"https:\/\/planyard.com\/fr\/modele-gratuit-de-planning-de-construction-pour-excel-telechargez-maintenant#primaryimage"},"image":{"@id":"https:\/\/planyard.com\/fr\/modele-gratuit-de-planning-de-construction-pour-excel-telechargez-maintenant#primaryimage"},"thumbnailUrl":"https:\/\/planyard.com\/wp-content\/uploads\/2025\/01\/image-11.png","datePublished":"2025-02-12T12:12:00+00:00","dateModified":"2025-06-04T06:34:33+00:00","description":"Ce mod\u00e8le de budget de construction vous aide \u00e0 ma\u00eetriser facilement vos co\u00fbts de chantier. Il a \u00e9t\u00e9 cr\u00e9\u00e9 pour les chefs de projet par des chefs de projet.","breadcrumb":{"@id":"https:\/\/planyard.com\/fr\/modele-gratuit-de-planning-de-construction-pour-excel-telechargez-maintenant#breadcrumb"},"inLanguage":"fr-FR","potentialAction":[{"@type":"ReadAction","target":["https:\/\/planyard.com\/fr\/modele-gratuit-de-planning-de-construction-pour-excel-telechargez-maintenant"]}]},{"@type":"ImageObject","inLanguage":"fr-FR","@id":"https:\/\/planyard.com\/fr\/modele-gratuit-de-planning-de-construction-pour-excel-telechargez-maintenant#primaryimage","url":"https:\/\/planyard.com\/wp-content\/uploads\/2025\/01\/image-11.png","contentUrl":"https:\/\/planyard.com\/wp-content\/uploads\/2025\/01\/image-11.png"},{"@type":"BreadcrumbList","@id":"https:\/\/planyard.com\/fr\/modele-gratuit-de-planning-de-construction-pour-excel-telechargez-maintenant#breadcrumb","itemListElement":[{"@type":"ListItem","position":1,"name":"Home","item":"https:\/\/planyard.com\/fr"},{"@type":"ListItem","position":2,"name":"Mod\u00e8le gratuit de planning de construction pour Excel \u2013 T\u00e9l\u00e9chargez maintenant"}]},{"@type":"WebSite","@id":"https:\/\/planyard.com\/fr#website","url":"https:\/\/planyard.com\/fr","name":"Planyard France","description":"","potentialAction":[{"@type":"SearchAction","target":{"@type":"EntryPoint","urlTemplate":"https:\/\/planyard.com\/fr?s={search_term_string}"},"query-input":{"@type":"PropertyValueSpecification","valueRequired":true,"valueName":"search_term_string"}}],"inLanguage":"fr-FR"}]}},"_links":{"self":[{"href":"https:\/\/planyard.com\/fr\/wp-json\/wp\/v2\/pages\/12144","targetHints":{"allow":["GET"]}}],"collection":[{"href":"https:\/\/planyard.com\/fr\/wp-json\/wp\/v2\/pages"}],"about":[{"href":"https:\/\/planyard.com\/fr\/wp-json\/wp\/v2\/types\/page"}],"author":[{"embeddable":true,"href":"https:\/\/planyard.com\/fr\/wp-json\/wp\/v2\/users\/4"}],"replies":[{"embeddable":true,"href":"https:\/\/planyard.com\/fr\/wp-json\/wp\/v2\/comments?post=12144"}],"version-history":[{"count":6,"href":"https:\/\/planyard.com\/fr\/wp-json\/wp\/v2\/pages\/12144\/revisions"}],"predecessor-version":[{"id":17016,"href":"https:\/\/planyard.com\/fr\/wp-json\/wp\/v2\/pages\/12144\/revisions\/17016"}],"wp:attachment":[{"href":"https:\/\/planyard.com\/fr\/wp-json\/wp\/v2\/media?parent=12144"}],"wp:term":[{"taxonomy":"page_intent","embeddable":true,"href":"https:\/\/planyard.com\/fr\/wp-json\/wp\/v2\/page_intent?post=12144"},{"taxonomy":"page_type","embeddable":true,"href":"https:\/\/planyard.com\/fr\/wp-json\/wp\/v2\/page_type?post=12144"}],"curies":[{"name":"wp","href":"https:\/\/api.w.org\/{rel}","templated":true}]}}