{"id":12139,"date":"2024-08-23T13:33:52","date_gmt":"2024-08-23T13:33:52","guid":{"rendered":"https:\/\/planyard.com\/practical-construction-project-management-guide-for-beginners"},"modified":"2025-06-12T09:15:04","modified_gmt":"2025-06-12T09:15:04","slug":"guide-pratique-gestion-projet-construction-debutants","status":"publish","type":"page","link":"https:\/\/planyard.com\/fr\/guide-pratique-gestion-projet-construction-debutants","title":{"rendered":"T\u00e9l\u00e9chargez le Guide Pratique de Gestion de Projet de Construction pour D\u00e9butants"},"content":{"rendered":"\n<div class=\"wp-block-columns is-layout-flex wp-container-core-columns-is-layout-9d6595d7 wp-block-columns-is-layout-flex\">\n<div class=\"wp-block-column is-layout-flow wp-block-column-is-layout-flow\">\n<h2 class=\"wp-block-heading\">Abonnez-vous maintenant et t\u00e9l\u00e9chargez gratuitement le guide de gestion de projet de construction<\/h2>\n\n\n\n<h5 class=\"wp-block-heading\">Quels sont les avantages de lire ce guide ?<\/h5>\n\n\n\n<ol class=\"wp-block-list\">\n<li>Vous acquerrez les connaissances n\u00e9cessaires pour pr\u00e9parer des plannings<\/li>\n\n\n\n<li>Vous apprendrez \u00e0 structurer un bon processus d&rsquo;approvisionnement<\/li>\n\n\n\n<li>Vous d\u00e9couvrirez sur quoi vous devez vous concentrer lors de la gestion de projets<\/li>\n\n\n\n<li>Vous apprendrez les diff\u00e9rents types de contrats<\/li>\n\n\n\n<li>Vous apprendrez \u00e0 d\u00e9l\u00e9guer des t\u00e2ches et \u00e0 motiver votre \u00e9quipe<\/li>\n<\/ol>\n\n\n\n<p>Cr\u00e9\u00e9 par des chefs de projet pour des chefs de projet<\/p>\n<\/div>\n\n\n\n<div class=\"wp-block-column is-layout-flow wp-block-column-is-layout-flow\">\n<div id=\"mc_embed_shell\">\n      <link href=\"\/\/cdn-images.mailchimp.com\/embedcode\/classic-061523.css\" rel=\"stylesheet\" type=\"text\/css\">\n  <style type=\"text\/css\">\n        #mc_embed_signup{background:#fff; false;clear:left; font:14px Helvetica,Arial,sans-serif; width: 600px;}\n        \/* Add your own Mailchimp form style overrides in your site stylesheet or in this style block.\n           We recommend moving this block and the preceding CSS link to the HEAD of your HTML file. *\/\n<\/style>\n<div id=\"mc_embed_signup\">\n    <form action=\"https:\/\/fizure.us20.list-manage.com\/subscribe\/post?u=f9f67b9f9dc3438656ad73fc8&amp;id=f8c5dc20cf&amp;f_id=008b20eef0\" method=\"post\" id=\"mc-embedded-subscribe-form\" name=\"mc-embedded-subscribe-form\" class=\"validate\" target=\"_blank\">\n        <div id=\"mc_embed_signup_scroll\"><h2>Subscribe<\/h2>\n            <div class=\"indicates-required\"><span class=\"asterisk\">*<\/span> indicates required<\/div>\n            <div class=\"mc-field-group\"><label for=\"mce-EMAIL\">Email Address <span class=\"asterisk\">*<\/span><\/label><input type=\"email\" name=\"EMAIL\" class=\"required email\" id=\"mce-EMAIL\" required=\"\" value=\"\"><\/div><div class=\"mc-field-group\"><label for=\"mce-FNAME\">First Name <\/label><input type=\"text\" name=\"FNAME\" class=\" text\" id=\"mce-FNAME\" value=\"\"><\/div><div class=\"mc-field-group\"><label for=\"mce-LNAME\">Last Name <\/label><input type=\"text\" name=\"LNAME\" class=\" text\" id=\"mce-LNAME\" value=\"\"><\/div><div class=\"mc-field-group\"><label for=\"mce-COMPANY\">Company <span class=\"asterisk\">*<\/span><\/label><input type=\"text\" name=\"COMPANY\" class=\"required text\" id=\"mce-COMPANY\" required=\"\" value=\"\"><\/div><div class=\"mc-field-group\"><label for=\"mce-PHONE\">Phone Number <\/label><input type=\"text\" name=\"PHONE\" class=\"REQ_CSS\" id=\"mce-PHONE\" value=\"\"><\/div><div class=\"mc-field-group\"><label for=\"mce-MMERGE8\">Role <span class=\"asterisk\">*<\/span><\/label><input type=\"text\" name=\"MMERGE8\" class=\"required text\" id=\"mce-MMERGE8\" required=\"\" value=\"\"><\/div>\n<div hidden=\"\"><input type=\"hidden\" name=\"tags\" value=\"4263455\"><\/div>\n        <div id=\"mce-responses\" class=\"clear\">\n            <div class=\"response\" id=\"mce-error-response\" style=\"display: none;\"><\/div>\n            <div class=\"response\" id=\"mce-success-response\" style=\"display: none;\"><\/div>\n        <\/div><div aria-hidden=\"true\" style=\"position: absolute; left: -5000px;\"><input type=\"text\" name=\"b_f9f67b9f9dc3438656ad73fc8_f8c5dc20cf\" tabindex=\"-1\" value=\"\"><\/div><div class=\"clear\"><input type=\"submit\" name=\"subscribe\" id=\"mc-embedded-subscribe\" class=\"button\" value=\"Subscribe\"><\/div>\n    <\/div>\n<\/form>\n<\/div>\n<script type=\"text\/javascript\" src=\"\/\/s3.amazonaws.com\/downloads.mailchimp.com\/js\/mc-validate.js\"><\/script><script type=\"text\/javascript\">(function($) {window.fnames = new Array(); window.ftypes = new Array();fnames[0]='EMAIL';ftypes[0]='email';fnames[1]='FNAME';ftypes[1]='text';fnames[2]='LNAME';ftypes[2]='text';fnames[7]='COMPANY';ftypes[7]='text';fnames[4]='PHONE';ftypes[4]='phone';fnames[8]='MMERGE8';ftypes[8]='text';fnames[3]='ADDRESS';ftypes[3]='address';fnames[5]='BIRTHDAY';ftypes[5]='birthday';fnames[6]='ORIGIN';ftypes[6]='text';}(jQuery));var $mcj = jQuery.noConflict(true);<\/script><\/div>\n<\/div>\n<\/div>\n\n\n\n<p class=\"has-text-align-center\"><\/p>\n\n\n\n<p><\/p>\n","protected":false},"excerpt":{"rendered":"<p>Abonnez-vous maintenant et t\u00e9l\u00e9chargez gratuitement le guide de gestion de projet de construction Quels sont les avantages de lire ce guide ? Cr\u00e9\u00e9 par des chefs de projet pour des chefs de projet Subscribe * indicates required Email Address * First Name Last Name Company * Phone Number Role *<\/p>\n","protected":false},"author":2,"featured_media":0,"parent":0,"menu_order":0,"comment_status":"closed","ping_status":"closed","template":"","meta":{"_acf_changed":false,"content-type":"","footnotes":""},"page_intent":[164],"page_type":[],"class_list":["post-12139","page","type-page","status-publish","hentry"],"acf":[],"yoast_head":"<!-- This site is optimized with the Yoast SEO plugin v27.1.1 - https:\/\/yoast.com\/product\/yoast-seo-wordpress\/ -->\n<title>T\u00e9l\u00e9chargez le Guide Pratique de Gestion de Projet de Construction pour D\u00e9butants - Planyard France<\/title>\n<meta name=\"description\" content=\"Remplissez le formulaire et t\u00e9l\u00e9chargez le guide de gestion de projet de construction pour am\u00e9liorer vos comp\u00e9tences en gestion de projet.\" \/>\n<meta name=\"robots\" content=\"index, follow, max-snippet:-1, max-image-preview:large, max-video-preview:-1\" \/>\n<link rel=\"canonical\" href=\"https:\/\/planyard.com\/fr\/guide-pratique-gestion-projet-construction-debutants\" \/>\n<meta property=\"og:locale\" content=\"fr_FR\" \/>\n<meta property=\"og:type\" content=\"article\" \/>\n<meta property=\"og:title\" content=\"T\u00e9l\u00e9chargez le Guide Pratique de Gestion de Projet de Construction pour D\u00e9butants - Planyard France\" \/>\n<meta property=\"og:description\" content=\"Remplissez le formulaire et t\u00e9l\u00e9chargez le guide de gestion de projet de construction pour am\u00e9liorer vos comp\u00e9tences en gestion de projet.\" \/>\n<meta property=\"og:url\" content=\"https:\/\/planyard.com\/fr\/guide-pratique-gestion-projet-construction-debutants\" \/>\n<meta property=\"og:site_name\" content=\"Planyard France\" \/>\n<meta property=\"article:modified_time\" content=\"2025-06-12T09:15:04+00:00\" \/>\n<meta name=\"twitter:card\" content=\"summary_large_image\" \/>\n<meta name=\"twitter:label1\" content=\"Dur\u00e9e de lecture estim\u00e9e\" \/>\n\t<meta name=\"twitter:data1\" content=\"1 minute\" \/>\n<!-- \/ Yoast SEO plugin. -->","yoast_head_json":{"title":"T\u00e9l\u00e9chargez le Guide Pratique de Gestion de Projet de Construction pour D\u00e9butants - Planyard France","description":"Remplissez le formulaire et t\u00e9l\u00e9chargez le guide de gestion de projet de construction pour am\u00e9liorer vos comp\u00e9tences en gestion de projet.","robots":{"index":"index","follow":"follow","max-snippet":"max-snippet:-1","max-image-preview":"max-image-preview:large","max-video-preview":"max-video-preview:-1"},"canonical":"https:\/\/planyard.com\/fr\/guide-pratique-gestion-projet-construction-debutants","og_locale":"fr_FR","og_type":"article","og_title":"T\u00e9l\u00e9chargez le Guide Pratique de Gestion de Projet de Construction pour D\u00e9butants - Planyard France","og_description":"Remplissez le formulaire et t\u00e9l\u00e9chargez le guide de gestion de projet de construction pour am\u00e9liorer vos comp\u00e9tences en gestion de projet.","og_url":"https:\/\/planyard.com\/fr\/guide-pratique-gestion-projet-construction-debutants","og_site_name":"Planyard France","article_modified_time":"2025-06-12T09:15:04+00:00","twitter_card":"summary_large_image","twitter_misc":{"Dur\u00e9e de lecture estim\u00e9e":"1 minute"},"schema":{"@context":"https:\/\/schema.org","@graph":[{"@type":"WebPage","@id":"https:\/\/planyard.com\/fr\/guide-pratique-gestion-projet-construction-debutants","url":"https:\/\/planyard.com\/fr\/guide-pratique-gestion-projet-construction-debutants","name":"T\u00e9l\u00e9chargez le Guide Pratique de Gestion de Projet de Construction pour D\u00e9butants - Planyard France","isPartOf":{"@id":"https:\/\/planyard.com\/fr#website"},"datePublished":"2024-08-23T13:33:52+00:00","dateModified":"2025-06-12T09:15:04+00:00","description":"Remplissez le formulaire et t\u00e9l\u00e9chargez le guide de gestion de projet de construction pour am\u00e9liorer vos comp\u00e9tences en gestion de projet.","breadcrumb":{"@id":"https:\/\/planyard.com\/fr\/guide-pratique-gestion-projet-construction-debutants#breadcrumb"},"inLanguage":"fr-FR","potentialAction":[{"@type":"ReadAction","target":["https:\/\/planyard.com\/fr\/guide-pratique-gestion-projet-construction-debutants"]}]},{"@type":"BreadcrumbList","@id":"https:\/\/planyard.com\/fr\/guide-pratique-gestion-projet-construction-debutants#breadcrumb","itemListElement":[{"@type":"ListItem","position":1,"name":"Home","item":"https:\/\/planyard.com\/fr"},{"@type":"ListItem","position":2,"name":"T\u00e9l\u00e9chargez le Guide Pratique de Gestion de Projet de Construction pour D\u00e9butants"}]},{"@type":"WebSite","@id":"https:\/\/planyard.com\/fr#website","url":"https:\/\/planyard.com\/fr","name":"Planyard France","description":"","potentialAction":[{"@type":"SearchAction","target":{"@type":"EntryPoint","urlTemplate":"https:\/\/planyard.com\/fr?s={search_term_string}"},"query-input":{"@type":"PropertyValueSpecification","valueRequired":true,"valueName":"search_term_string"}}],"inLanguage":"fr-FR"}]}},"_links":{"self":[{"href":"https:\/\/planyard.com\/fr\/wp-json\/wp\/v2\/pages\/12139","targetHints":{"allow":["GET"]}}],"collection":[{"href":"https:\/\/planyard.com\/fr\/wp-json\/wp\/v2\/pages"}],"about":[{"href":"https:\/\/planyard.com\/fr\/wp-json\/wp\/v2\/types\/page"}],"author":[{"embeddable":true,"href":"https:\/\/planyard.com\/fr\/wp-json\/wp\/v2\/users\/2"}],"replies":[{"embeddable":true,"href":"https:\/\/planyard.com\/fr\/wp-json\/wp\/v2\/comments?post=12139"}],"version-history":[{"count":4,"href":"https:\/\/planyard.com\/fr\/wp-json\/wp\/v2\/pages\/12139\/revisions"}],"predecessor-version":[{"id":17215,"href":"https:\/\/planyard.com\/fr\/wp-json\/wp\/v2\/pages\/12139\/revisions\/17215"}],"wp:attachment":[{"href":"https:\/\/planyard.com\/fr\/wp-json\/wp\/v2\/media?parent=12139"}],"wp:term":[{"taxonomy":"page_intent","embeddable":true,"href":"https:\/\/planyard.com\/fr\/wp-json\/wp\/v2\/page_intent?post=12139"},{"taxonomy":"page_type","embeddable":true,"href":"https:\/\/planyard.com\/fr\/wp-json\/wp\/v2\/page_type?post=12139"}],"curies":[{"name":"wp","href":"https:\/\/api.w.org\/{rel}","templated":true}]}}