{"id":12137,"date":"2024-08-22T11:00:44","date_gmt":"2024-08-22T11:00:44","guid":{"rendered":"https:\/\/planyard.com\/download-construction-cost-codes"},"modified":"2025-06-10T11:36:12","modified_gmt":"2025-06-10T11:36:12","slug":"telechargez-les-codes-de-couts-de-construction","status":"publish","type":"page","link":"https:\/\/planyard.com\/fr\/telechargez-les-codes-de-couts-de-construction","title":{"rendered":"T\u00e9l\u00e9chargez les codes de co\u00fbts de construction"},"content":{"rendered":"\n<div class=\"wp-block-columns is-layout-flex wp-container-core-columns-is-layout-9d6595d7 wp-block-columns-is-layout-flex\">\n<div class=\"wp-block-column is-layout-flow wp-block-column-is-layout-flow\">\n<h2 class=\"wp-block-heading\">T\u00e9l\u00e9chargez les codes de co\u00fbts de construction \u2013 Mod\u00e8le de feuille de calcul<\/h2>\n\n\n\n<h5 class=\"wp-block-heading\">T\u00e9l\u00e9chargez gratuitement les codes de co\u00fbts de construction Planyard et g\u00e9rez facilement vos co\u00fbts de chantier.<\/h5>\n\n\n\n<h5 class=\"wp-block-heading\">Avantages<\/h5>\n\n\n\n<ul class=\"wp-block-list\">\n<li>Contr\u00f4le des co\u00fbts<\/li>\n\n\n\n<li>Suivi des indicateurs cl\u00e9s de performance<\/li>\n\n\n\n<li>Id\u00e9al pour une utilisation \u00e0 l&rsquo;\u00e9chelle de l&rsquo;entreprise<\/li>\n\n\n\n<li>Visualiser les centres de profit<\/li>\n\n\n\n<li>Estimation<\/li>\n\n\n\n<li>Suivi en temps r\u00e9el<\/li>\n<\/ul>\n<\/div>\n\n\n\n<div class=\"wp-block-column is-layout-flow wp-block-column-is-layout-flow\">\n<div id=\"mc_embed_shell\">\n      <link href=\"\/\/cdn-images.mailchimp.com\/embedcode\/classic-061523.css\" rel=\"stylesheet\" type=\"text\/css\">\n  <style type=\"text\/css\">\n        #mc_embed_signup{background:#fff; false;clear:left; font:14px Helvetica,Arial,sans-serif; width: 600px;}\n        \/* Add your own Mailchimp form style overrides in your site stylesheet or in this style block.\n           We recommend moving this block and the preceding CSS link to the HEAD of your HTML file. *\/\n<\/style>\n<div id=\"mc_embed_signup\">\n    <form action=\"https:\/\/fizure.us20.list-manage.com\/subscribe\/post?u=f9f67b9f9dc3438656ad73fc8&amp;id=f8c5dc20cf&amp;f_id=004e20eef0\" method=\"post\" id=\"mc-embedded-subscribe-form\" name=\"mc-embedded-subscribe-form\" class=\"validate\" target=\"_blank\">\n        <div id=\"mc_embed_signup_scroll\"><h2>Download the Cost Codes<\/h2>\n            <div class=\"indicates-required\"><span class=\"asterisk\">*<\/span> indicates required<\/div>\n            <div class=\"mc-field-group\"><label for=\"mce-EMAIL\">Email Address <span class=\"asterisk\">*<\/span><\/label><input type=\"email\" name=\"EMAIL\" class=\"required email\" id=\"mce-EMAIL\" required=\"\" value=\"\"><\/div><div class=\"mc-field-group\"><label for=\"mce-FNAME\">First Name <\/label><input type=\"text\" name=\"FNAME\" class=\" text\" id=\"mce-FNAME\" value=\"\"><\/div><div class=\"mc-field-group\"><label for=\"mce-LNAME\">Last Name <\/label><input type=\"text\" name=\"LNAME\" class=\" text\" id=\"mce-LNAME\" value=\"\"><\/div><div class=\"mc-field-group\"><label for=\"mce-PHONE\">Phone Number <\/label><input type=\"text\" name=\"PHONE\" class=\"REQ_CSS\" id=\"mce-PHONE\" value=\"\"><\/div><div class=\"mc-field-group\"><label for=\"mce-COMPANY\">Company <span class=\"asterisk\">*<\/span><\/label><input type=\"text\" name=\"COMPANY\" class=\"required text\" id=\"mce-COMPANY\" required=\"\" value=\"\"><\/div><div class=\"mc-field-group\"><label for=\"mce-MMERGE8\">Role <\/label><input type=\"text\" name=\"MMERGE8\" class=\" text\" id=\"mce-MMERGE8\" value=\"\"><\/div>\n<div hidden=\"\"><input type=\"hidden\" name=\"tags\" value=\"4263793\"><\/div>\n        <div id=\"mce-responses\" class=\"clear\">\n            <div class=\"response\" id=\"mce-error-response\" style=\"display: none;\"><\/div>\n            <div class=\"response\" id=\"mce-success-response\" style=\"display: none;\"><\/div>\n        <\/div><div aria-hidden=\"true\" style=\"position: absolute; left: -5000px;\"><input type=\"text\" name=\"b_f9f67b9f9dc3438656ad73fc8_f8c5dc20cf\" tabindex=\"-1\" value=\"\"><\/div><div class=\"clear\"><input type=\"submit\" name=\"subscribe\" id=\"mc-embedded-subscribe\" class=\"button\" value=\"Subscribe\"><\/div>\n    <\/div>\n<\/form>\n<\/div>\n<script type=\"text\/javascript\" src=\"\/\/s3.amazonaws.com\/downloads.mailchimp.com\/js\/mc-validate.js\"><\/script><script type=\"text\/javascript\">(function($) {window.fnames = new Array(); window.ftypes = new Array();fnames[0]='EMAIL';ftypes[0]='email';fnames[1]='FNAME';ftypes[1]='text';fnames[2]='LNAME';ftypes[2]='text';fnames[4]='PHONE';ftypes[4]='phone';fnames[7]='COMPANY';ftypes[7]='text';fnames[8]='MMERGE8';ftypes[8]='text';fnames[3]='ADDRESS';ftypes[3]='address';fnames[5]='BIRTHDAY';ftypes[5]='birthday';fnames[6]='ORIGIN';ftypes[6]='text';fnames[9]='MMERGE9';ftypes[9]='date';fnames[10]='MMERGE10';ftypes[10]='text';fnames[11]='MMERGE11';ftypes[11]='date';fnames[12]='MMERGE12';ftypes[12]='date';fnames[13]='MMERGE13';ftypes[13]='date';}(jQuery));var $mcj = jQuery.noConflict(true);<\/script><\/div>\n\n<\/div>\n<\/div>\n","protected":false},"excerpt":{"rendered":"<p>T\u00e9l\u00e9chargez les codes de co\u00fbts de construction \u2013 Mod\u00e8le de feuille de calcul T\u00e9l\u00e9chargez gratuitement les codes de co\u00fbts de construction Planyard et g\u00e9rez facilement vos co\u00fbts de chantier. Avantages Download the Cost Codes * indicates required Email Address * First Name Last Name Phone Number Company * Role<\/p>\n","protected":false},"author":2,"featured_media":0,"parent":0,"menu_order":0,"comment_status":"closed","ping_status":"closed","template":"","meta":{"_acf_changed":false,"content-type":"","footnotes":""},"page_intent":[164],"page_type":[],"class_list":["post-12137","page","type-page","status-publish","hentry"],"acf":[],"yoast_head":"<!-- This site is optimized with the Yoast SEO plugin v26.9 - https:\/\/yoast.com\/product\/yoast-seo-wordpress\/ -->\n<title>T\u00e9l\u00e9chargez les codes de co\u00fbts de construction - Planyard France<\/title>\n<meta name=\"description\" content=\"T\u00e9l\u00e9chargez gratuitement les codes de co\u00fbts de construction Planyard et g\u00e9rez facilement vos co\u00fbts de chantier. Contr\u00f4le des co\u00fbts, suivi des KPI, id\u00e9al pour une utilisation \u00e0 l&#039;\u00e9chelle de l&#039;entreprise, et plus encore\" \/>\n<meta name=\"robots\" content=\"index, follow, max-snippet:-1, max-image-preview:large, max-video-preview:-1\" \/>\n<link rel=\"canonical\" href=\"https:\/\/planyard.com\/fr\/telechargez-les-codes-de-couts-de-construction\" \/>\n<meta property=\"og:locale\" content=\"fr_FR\" \/>\n<meta property=\"og:type\" content=\"article\" \/>\n<meta property=\"og:title\" content=\"T\u00e9l\u00e9chargez les codes de co\u00fbts de construction - Planyard France\" \/>\n<meta property=\"og:description\" content=\"T\u00e9l\u00e9chargez gratuitement les codes de co\u00fbts de construction Planyard et g\u00e9rez facilement vos co\u00fbts de chantier. Contr\u00f4le des co\u00fbts, suivi des KPI, id\u00e9al pour une utilisation \u00e0 l&#039;\u00e9chelle de l&#039;entreprise, et plus encore\" \/>\n<meta property=\"og:url\" content=\"https:\/\/planyard.com\/fr\/telechargez-les-codes-de-couts-de-construction\" \/>\n<meta property=\"og:site_name\" content=\"Planyard France\" \/>\n<meta property=\"article:modified_time\" content=\"2025-06-10T11:36:12+00:00\" \/>\n<meta name=\"twitter:card\" content=\"summary_large_image\" \/>\n<meta name=\"twitter:label1\" content=\"Dur\u00e9e de lecture estim\u00e9e\" \/>\n\t<meta name=\"twitter:data1\" content=\"1 minute\" \/>\n<!-- \/ Yoast SEO plugin. -->","yoast_head_json":{"title":"T\u00e9l\u00e9chargez les codes de co\u00fbts de construction - Planyard France","description":"T\u00e9l\u00e9chargez gratuitement les codes de co\u00fbts de construction Planyard et g\u00e9rez facilement vos co\u00fbts de chantier. Contr\u00f4le des co\u00fbts, suivi des KPI, id\u00e9al pour une utilisation \u00e0 l'\u00e9chelle de l'entreprise, et plus encore","robots":{"index":"index","follow":"follow","max-snippet":"max-snippet:-1","max-image-preview":"max-image-preview:large","max-video-preview":"max-video-preview:-1"},"canonical":"https:\/\/planyard.com\/fr\/telechargez-les-codes-de-couts-de-construction","og_locale":"fr_FR","og_type":"article","og_title":"T\u00e9l\u00e9chargez les codes de co\u00fbts de construction - Planyard France","og_description":"T\u00e9l\u00e9chargez gratuitement les codes de co\u00fbts de construction Planyard et g\u00e9rez facilement vos co\u00fbts de chantier. Contr\u00f4le des co\u00fbts, suivi des KPI, id\u00e9al pour une utilisation \u00e0 l'\u00e9chelle de l'entreprise, et plus encore","og_url":"https:\/\/planyard.com\/fr\/telechargez-les-codes-de-couts-de-construction","og_site_name":"Planyard France","article_modified_time":"2025-06-10T11:36:12+00:00","twitter_card":"summary_large_image","twitter_misc":{"Dur\u00e9e de lecture estim\u00e9e":"1 minute"},"schema":{"@context":"https:\/\/schema.org","@graph":[{"@type":"WebPage","@id":"https:\/\/planyard.com\/fr\/telechargez-les-codes-de-couts-de-construction","url":"https:\/\/planyard.com\/fr\/telechargez-les-codes-de-couts-de-construction","name":"T\u00e9l\u00e9chargez les codes de co\u00fbts de construction - Planyard France","isPartOf":{"@id":"https:\/\/planyard.com\/fr#website"},"datePublished":"2024-08-22T11:00:44+00:00","dateModified":"2025-06-10T11:36:12+00:00","description":"T\u00e9l\u00e9chargez gratuitement les codes de co\u00fbts de construction Planyard et g\u00e9rez facilement vos co\u00fbts de chantier. Contr\u00f4le des co\u00fbts, suivi des KPI, id\u00e9al pour une utilisation \u00e0 l'\u00e9chelle de l'entreprise, et plus encore","breadcrumb":{"@id":"https:\/\/planyard.com\/fr\/telechargez-les-codes-de-couts-de-construction#breadcrumb"},"inLanguage":"fr-FR","potentialAction":[{"@type":"ReadAction","target":["https:\/\/planyard.com\/fr\/telechargez-les-codes-de-couts-de-construction"]}]},{"@type":"BreadcrumbList","@id":"https:\/\/planyard.com\/fr\/telechargez-les-codes-de-couts-de-construction#breadcrumb","itemListElement":[{"@type":"ListItem","position":1,"name":"Home","item":"https:\/\/planyard.com\/fr"},{"@type":"ListItem","position":2,"name":"T\u00e9l\u00e9chargez les codes de co\u00fbts de construction"}]},{"@type":"WebSite","@id":"https:\/\/planyard.com\/fr#website","url":"https:\/\/planyard.com\/fr","name":"Planyard France","description":"","potentialAction":[{"@type":"SearchAction","target":{"@type":"EntryPoint","urlTemplate":"https:\/\/planyard.com\/fr?s={search_term_string}"},"query-input":{"@type":"PropertyValueSpecification","valueRequired":true,"valueName":"search_term_string"}}],"inLanguage":"fr-FR"}]}},"_links":{"self":[{"href":"https:\/\/planyard.com\/fr\/wp-json\/wp\/v2\/pages\/12137","targetHints":{"allow":["GET"]}}],"collection":[{"href":"https:\/\/planyard.com\/fr\/wp-json\/wp\/v2\/pages"}],"about":[{"href":"https:\/\/planyard.com\/fr\/wp-json\/wp\/v2\/types\/page"}],"author":[{"embeddable":true,"href":"https:\/\/planyard.com\/fr\/wp-json\/wp\/v2\/users\/2"}],"replies":[{"embeddable":true,"href":"https:\/\/planyard.com\/fr\/wp-json\/wp\/v2\/comments?post=12137"}],"version-history":[{"count":5,"href":"https:\/\/planyard.com\/fr\/wp-json\/wp\/v2\/pages\/12137\/revisions"}],"predecessor-version":[{"id":17196,"href":"https:\/\/planyard.com\/fr\/wp-json\/wp\/v2\/pages\/12137\/revisions\/17196"}],"wp:attachment":[{"href":"https:\/\/planyard.com\/fr\/wp-json\/wp\/v2\/media?parent=12137"}],"wp:term":[{"taxonomy":"page_intent","embeddable":true,"href":"https:\/\/planyard.com\/fr\/wp-json\/wp\/v2\/page_intent?post=12137"},{"taxonomy":"page_type","embeddable":true,"href":"https:\/\/planyard.com\/fr\/wp-json\/wp\/v2\/page_type?post=12137"}],"curies":[{"name":"wp","href":"https:\/\/api.w.org\/{rel}","templated":true}]}}