{"id":12136,"date":"2024-08-22T06:54:21","date_gmt":"2024-08-22T06:54:21","guid":{"rendered":"https:\/\/planyard.com\/demo-meeting-confirmation"},"modified":"2025-05-19T18:06:12","modified_gmt":"2025-05-19T18:06:12","slug":"confirmation-reunion-demonstration","status":"publish","type":"page","link":"https:\/\/planyard.com\/fr\/confirmation-reunion-demonstration","title":{"rendered":"Confirmation de la r\u00e9union de d\u00e9monstration"},"content":{"rendered":"<div class=\"wp-block-image\">\n<figure class=\"aligncenter size-full\"><img loading=\"lazy\" decoding=\"async\" width=\"600\" height=\"466\" src=\"https:\/\/planyard.com\/wp-content\/uploads\/2024\/08\/Booking-confirmed.png\" alt=\"\" class=\"wp-image-1247\" \/><\/figure>\n<\/div>\n\n\n<h2 class=\"wp-block-heading has-text-align-center\">R\u00e9servation confirm\u00e9e ! <\/h2>\n\n\n\n<p class=\"has-text-align-center\">Votre r\u00e9union a \u00e9t\u00e9 r\u00e9serv\u00e9e. Un message avec l&rsquo;invitation du calendrier a \u00e9t\u00e9 envoy\u00e9 \u00e0 votre adresse e-mail.<br><\/p>\n","protected":false},"excerpt":{"rendered":"<p>R\u00e9servation confirm\u00e9e ! Votre r\u00e9union a \u00e9t\u00e9 r\u00e9serv\u00e9e. Un message avec l&rsquo;invitation du calendrier a \u00e9t\u00e9 envoy\u00e9 \u00e0 votre adresse e-mail.<\/p>\n","protected":false},"author":2,"featured_media":0,"parent":0,"menu_order":0,"comment_status":"closed","ping_status":"closed","template":"","meta":{"_acf_changed":false,"content-type":"","footnotes":""},"page_intent":[179],"page_type":[],"class_list":["post-12136","page","type-page","status-publish","hentry"],"acf":[],"yoast_head":"<!-- This site is optimized with the Yoast SEO plugin v27.1.1 - https:\/\/yoast.com\/product\/yoast-seo-wordpress\/ -->\n<title>Confirmation de la r\u00e9union de d\u00e9monstration - Planyard France<\/title>\n<meta name=\"description\" content=\"Voici comment nous contacter et rencontrer nos fondateurs. Si vous avez des questions, contactez-nous via le formulaire ou le chat.\" \/>\n<meta name=\"robots\" content=\"index, follow, max-snippet:-1, max-image-preview:large, max-video-preview:-1\" \/>\n<link rel=\"canonical\" href=\"https:\/\/planyard.com\/fr\/confirmation-reunion-demonstration\" \/>\n<meta property=\"og:locale\" content=\"fr_FR\" \/>\n<meta property=\"og:type\" content=\"article\" \/>\n<meta property=\"og:title\" content=\"Confirmation de la r\u00e9union de d\u00e9monstration - Planyard France\" \/>\n<meta property=\"og:description\" content=\"Voici comment nous contacter et rencontrer nos fondateurs. Si vous avez des questions, contactez-nous via le formulaire ou le chat.\" \/>\n<meta property=\"og:url\" content=\"https:\/\/planyard.com\/fr\/confirmation-reunion-demonstration\" \/>\n<meta property=\"og:site_name\" content=\"Planyard France\" \/>\n<meta property=\"article:modified_time\" content=\"2025-05-19T18:06:12+00:00\" \/>\n<meta property=\"og:image\" content=\"https:\/\/planyard.com\/wp-content\/uploads\/2024\/08\/Booking-confirmed.png\" \/>\n\t<meta property=\"og:image:width\" content=\"600\" \/>\n\t<meta property=\"og:image:height\" content=\"466\" \/>\n\t<meta property=\"og:image:type\" content=\"image\/png\" \/>\n<meta name=\"twitter:card\" content=\"summary_large_image\" \/>\n<meta name=\"twitter:label1\" content=\"Dur\u00e9e de lecture estim\u00e9e\" \/>\n\t<meta name=\"twitter:data1\" content=\"1 minute\" \/>\n<!-- \/ Yoast SEO plugin. -->","yoast_head_json":{"title":"Confirmation de la r\u00e9union de d\u00e9monstration - Planyard France","description":"Voici comment nous contacter et rencontrer nos fondateurs. Si vous avez des questions, contactez-nous via le formulaire ou le chat.","robots":{"index":"index","follow":"follow","max-snippet":"max-snippet:-1","max-image-preview":"max-image-preview:large","max-video-preview":"max-video-preview:-1"},"canonical":"https:\/\/planyard.com\/fr\/confirmation-reunion-demonstration","og_locale":"fr_FR","og_type":"article","og_title":"Confirmation de la r\u00e9union de d\u00e9monstration - Planyard France","og_description":"Voici comment nous contacter et rencontrer nos fondateurs. Si vous avez des questions, contactez-nous via le formulaire ou le chat.","og_url":"https:\/\/planyard.com\/fr\/confirmation-reunion-demonstration","og_site_name":"Planyard France","article_modified_time":"2025-05-19T18:06:12+00:00","og_image":[{"width":600,"height":466,"url":"https:\/\/planyard.com\/wp-content\/uploads\/2024\/08\/Booking-confirmed.png","type":"image\/png"}],"twitter_card":"summary_large_image","twitter_misc":{"Dur\u00e9e de lecture estim\u00e9e":"1 minute"},"schema":{"@context":"https:\/\/schema.org","@graph":[{"@type":"WebPage","@id":"https:\/\/planyard.com\/fr\/confirmation-reunion-demonstration","url":"https:\/\/planyard.com\/fr\/confirmation-reunion-demonstration","name":"Confirmation de la r\u00e9union de d\u00e9monstration - Planyard France","isPartOf":{"@id":"https:\/\/planyard.com\/fr#website"},"primaryImageOfPage":{"@id":"https:\/\/planyard.com\/fr\/confirmation-reunion-demonstration#primaryimage"},"image":{"@id":"https:\/\/planyard.com\/fr\/confirmation-reunion-demonstration#primaryimage"},"thumbnailUrl":"https:\/\/planyard.com\/wp-content\/uploads\/2024\/08\/Booking-confirmed.png","datePublished":"2024-08-22T06:54:21+00:00","dateModified":"2025-05-19T18:06:12+00:00","description":"Voici comment nous contacter et rencontrer nos fondateurs. Si vous avez des questions, contactez-nous via le formulaire ou le chat.","breadcrumb":{"@id":"https:\/\/planyard.com\/fr\/confirmation-reunion-demonstration#breadcrumb"},"inLanguage":"fr-FR","potentialAction":[{"@type":"ReadAction","target":["https:\/\/planyard.com\/fr\/confirmation-reunion-demonstration"]}]},{"@type":"ImageObject","inLanguage":"fr-FR","@id":"https:\/\/planyard.com\/fr\/confirmation-reunion-demonstration#primaryimage","url":"https:\/\/planyard.com\/wp-content\/uploads\/2024\/08\/Booking-confirmed.png","contentUrl":"https:\/\/planyard.com\/wp-content\/uploads\/2024\/08\/Booking-confirmed.png"},{"@type":"BreadcrumbList","@id":"https:\/\/planyard.com\/fr\/confirmation-reunion-demonstration#breadcrumb","itemListElement":[{"@type":"ListItem","position":1,"name":"Home","item":"https:\/\/planyard.com\/fr"},{"@type":"ListItem","position":2,"name":"Confirmation de la r\u00e9union de d\u00e9monstration"}]},{"@type":"WebSite","@id":"https:\/\/planyard.com\/fr#website","url":"https:\/\/planyard.com\/fr","name":"Planyard France","description":"","potentialAction":[{"@type":"SearchAction","target":{"@type":"EntryPoint","urlTemplate":"https:\/\/planyard.com\/fr?s={search_term_string}"},"query-input":{"@type":"PropertyValueSpecification","valueRequired":true,"valueName":"search_term_string"}}],"inLanguage":"fr-FR"}]}},"_links":{"self":[{"href":"https:\/\/planyard.com\/fr\/wp-json\/wp\/v2\/pages\/12136","targetHints":{"allow":["GET"]}}],"collection":[{"href":"https:\/\/planyard.com\/fr\/wp-json\/wp\/v2\/pages"}],"about":[{"href":"https:\/\/planyard.com\/fr\/wp-json\/wp\/v2\/types\/page"}],"author":[{"embeddable":true,"href":"https:\/\/planyard.com\/fr\/wp-json\/wp\/v2\/users\/2"}],"replies":[{"embeddable":true,"href":"https:\/\/planyard.com\/fr\/wp-json\/wp\/v2\/comments?post=12136"}],"version-history":[{"count":3,"href":"https:\/\/planyard.com\/fr\/wp-json\/wp\/v2\/pages\/12136\/revisions"}],"predecessor-version":[{"id":16158,"href":"https:\/\/planyard.com\/fr\/wp-json\/wp\/v2\/pages\/12136\/revisions\/16158"}],"wp:attachment":[{"href":"https:\/\/planyard.com\/fr\/wp-json\/wp\/v2\/media?parent=12136"}],"wp:term":[{"taxonomy":"page_intent","embeddable":true,"href":"https:\/\/planyard.com\/fr\/wp-json\/wp\/v2\/page_intent?post=12136"},{"taxonomy":"page_type","embeddable":true,"href":"https:\/\/planyard.com\/fr\/wp-json\/wp\/v2\/page_type?post=12136"}],"curies":[{"name":"wp","href":"https:\/\/api.w.org\/{rel}","templated":true}]}}