{"id":12131,"date":"2024-12-05T13:29:27","date_gmt":"2024-12-05T13:29:27","guid":{"rendered":"https:\/\/planyard.com\/construction-templates"},"modified":"2025-05-19T18:06:02","modified_gmt":"2025-05-19T18:06:02","slug":"bibliotheque-modeles-construction","status":"publish","type":"page","link":"https:\/\/planyard.com\/fr\/bibliotheque-modeles-construction","title":{"rendered":"Biblioth\u00e8que de Mod\u00e8les de Construction"},"content":{"rendered":"\n<div class=\"wp-block-media-text is-stacked-on-mobile\"><figure class=\"wp-block-media-text__media\"><img loading=\"lazy\" decoding=\"async\" width=\"1080\" height=\"1080\" src=\"https:\/\/planyard.com\/wp-content\/uploads\/2024\/12\/construction_contract_template.png\" alt=\"Construction contract template\" class=\"wp-image-7944 size-full\" srcset=\"https:\/\/planyard.com\/wp-content\/uploads\/2024\/12\/construction_contract_template.png 1080w, https:\/\/planyard.com\/wp-content\/uploads\/2024\/12\/construction_contract_template-150x150.png 150w\" sizes=\"auto, (max-width: 1080px) 100vw, 1080px\" \/><\/figure><div class=\"wp-block-media-text__content\">\n<p>Bienvenue dans notre biblioth\u00e8que compl\u00e8te de mod\u00e8les de construction, con\u00e7ue pour simplifier votre projet de l&rsquo;initiation \u00e0 l&rsquo;ach\u00e8vement.<\/p>\n\n\n\n<p>Que vous soyez un entrepreneur exp\u00e9riment\u00e9 ou un chef de projet d\u00e9butant dans le domaine, nos mod\u00e8les vous fournissent les outils n\u00e9cessaires pour une planification, une ex\u00e9cution et une gestion efficaces.<\/p>\n\n\n\n<p><\/p>\n<\/div><\/div>\n\n\n\n<p><\/p>\n\n\n\n<p>Explorez nos mod\u00e8les class\u00e9s ci-dessous pour trouver exactement ce dont vous avez besoin pour donner vie \u00e0 votre projet de construction. La liste des mod\u00e8les sera \u00e9tendue et am\u00e9lior\u00e9e au fil du temps. Si vous pensez qu&rsquo;un mod\u00e8le dont vous avez besoin manque \u00e0 cette liste, n&rsquo;h\u00e9sitez pas \u00e0 nous le faire savoir.<\/p>\n\n\n\n<h2 class=\"wp-block-heading\">Mod\u00e8les de Codes de Co\u00fbt<\/h2>\n\n\n\n<p><em>Diff\u00e9rentes options <\/em>pour les codes de co\u00fbt selon votre projet et votre r\u00e9gion.<\/p>\n\n\n\n<ul class=\"wp-block-list\">\n<li><strong><a href=\"https:\/\/planyard.com\/blog\/aia-construction-codes-for-construction-billing\">Mod\u00e8le de Codes de Co\u00fbt AIA<\/a><\/strong><\/li>\n\n\n\n<li><strong><a href=\"https:\/\/planyard.com\/fr\/codes-de-cout-nahb\">Mod\u00e8le de Codes de Co\u00fbt NAHB<\/a><\/strong><\/li>\n\n\n\n<li><strong><a href=\"https:\/\/planyard.com\/fr\/codes-de-cout-de-construction-pour-les-chefs-de-projet\">Mod\u00e8le de Codes de Co\u00fbt D\u00e9taill\u00e9s<\/a><\/strong><\/li>\n\n\n\n<li><strong>Mod\u00e8le de Correspondance Code de Co\u00fbt &#8211; Grand Livre (bient\u00f4t disponible)<\/strong><\/li>\n<\/ul>\n\n\n\n<h2 class=\"wp-block-heading\">Mod\u00e8les de Planification de Projet<\/h2>\n\n\n\n<p><em>Posez une base solide pour votre projet avec ces outils de planification essentiels.<\/em><\/p>\n\n\n\n<ul class=\"wp-block-list\">\n<li><strong><a href=\"https:\/\/planyard.com\/fr\/modele-de-budget-de-construction\">Mod\u00e8le de Budget de Construction<\/a><\/strong><\/li>\n\n\n\n<li><a href=\"https:\/\/planyard.com\/fr\/modele-estimation-construction\"><strong>Mod\u00e8le d&rsquo;Estimation de Construction<\/strong><\/a><\/li>\n\n\n\n<li><strong><a href=\"https:\/\/planyard.com\/fr\/modele-appel-offres-construction\">Mod\u00e8le d&rsquo;Offre de Projet<\/a><\/strong><\/li>\n\n\n\n<li><a href=\"https:\/\/planyard.com\/fr\/modele-de-planning-de-construction-gratuit-pour-excel-telechargez-maintenant\"><strong>Mod\u00e8le de Calendrier de Construction<\/strong><\/a><\/li>\n\n\n\n<li><strong>Mod\u00e8le d&rsquo;Allocation des Ressources<strong> (bient\u00f4t disponible)<\/strong><\/strong><\/li>\n<\/ul>\n\n\n\n<h2 class=\"wp-block-heading\">Mod\u00e8les de Gestion de Projet<\/h2>\n\n\n\n<p><em>Gardez votre projet sur la bonne voie et informez les parties prenantes avec ces outils de gestion.<\/em><\/p>\n\n\n\n<ul class=\"wp-block-list\">\n<li><strong><a href=\"https:\/\/planyard.com\/fr\/modele-reconciliation-couts-valeurs\">Mod\u00e8le de Reconciliation Co\u00fbt-Valeur<\/a><\/strong><\/li>\n\n\n\n<li><strong>Mod\u00e8le de Diagramme de Gantt<strong><strong> (bient\u00f4t disponible)<\/strong><\/strong><\/strong><\/li>\n\n\n\n<li><strong>Mod\u00e8le de Rapport de Progression<strong><strong> (bient\u00f4t disponible)<\/strong><\/strong><\/strong><\/li>\n\n\n\n<li><strong>Mod\u00e8le de Variation<strong><strong> (bient\u00f4t disponible)<\/strong><\/strong><\/strong><\/li>\n\n\n\n<li><strong>Plan de Communication avec les Parties Prenantes<strong><strong> (bient\u00f4t disponible)<\/strong><\/strong><\/strong><\/li>\n<\/ul>\n\n\n\n<h2 class=\"wp-block-heading\">Mod\u00e8les de Documentation et Contrats<\/h2>\n\n\n\n<p><em>G\u00e9rez les aspects l\u00e9gaux et la documentation sans effort avec ces mod\u00e8les complets.<\/em><\/p>\n\n\n\n<ul class=\"wp-block-list\">\n<li><strong><a href=\"https:\/\/planyard.com\/fr\/modele-de-contrat-de-construction\">Mod\u00e8le de Contrat de Construction<\/a><\/strong><\/li>\n\n\n\n<li><strong><a href=\"https:\/\/planyard.com\/fr\/modele-de-facture-de-construction\">Mod\u00e8le de Facture de Construction<\/a><\/strong><\/li>\n\n\n\n<li><strong>Mod\u00e8le de Bon de Travail (bient\u00f4t disponible)<\/strong><\/li>\n\n\n\n<li><strong>Mod\u00e8le de Liste de R\u00e9serves<strong> (bient\u00f4t disponible)<\/strong><\/strong><\/li>\n<\/ul>\n\n\n\n<h2 class=\"wp-block-heading\">Mod\u00e8les de S\u00e9curit\u00e9 et Conformit\u00e9<\/h2>\n\n\n\n<p><em>Assurez-vous que votre projet respecte toutes les normes de s\u00e9curit\u00e9 et exigences r\u00e9glementaires.<\/em><\/p>\n\n\n\n<ul class=\"wp-block-list\">\n<li><strong>Mod\u00e8le de Plan de S\u00e9curit\u00e9<strong> (bient\u00f4t disponible)<\/strong><\/strong><\/li>\n\n\n\n<li><strong>Mod\u00e8le d&rsquo;\u00c9valuation des Risques<strong> (bient\u00f4t disponible)<\/strong><\/strong><\/li>\n\n\n\n<li><strong>Liste de V\u00e9rification de la Conformit\u00e9 R\u00e9glementaire<strong> (bient\u00f4t disponible)<\/strong><\/strong><\/li>\n\n\n\n<li><strong>Mod\u00e8le de Rapport d&rsquo;Incident<strong> (bient\u00f4t disponible)<\/strong><\/strong><\/li>\n<\/ul>\n\n\n\n<p>N&rsquo;h\u00e9sitez pas \u00e0 t\u00e9l\u00e9charger et personnaliser ces mod\u00e8les pour r\u00e9pondre aux besoins sp\u00e9cifiques de votre projet. Chaque mod\u00e8le est con\u00e7u pour vous aider \u00e0 gagner du temps, r\u00e9duire les erreurs et garantir que tous les aspects de votre processus de construction sont bien document\u00e9s et g\u00e9r\u00e9s professionnellement.<\/p>\n\n\n\n<p>Nous essayons de fournir nos documents de mani\u00e8re \u00e0 ce qu&rsquo;ils soient \u00e0 jour avec les <a href=\"https:\/\/www.hse.gov.uk\/construction\/index.htm\">r\u00e9glementations HSE<\/a>, <a href=\"https:\/\/www.osha.gov\/construction\">r\u00e9glementations OSHA<\/a>, et d&rsquo;autres &#8211; il se peut que certains documents n&rsquo;aient pas encore \u00e9t\u00e9 mis \u00e0 jour. Si c&rsquo;est le cas, veuillez nous le faire savoir.<\/p>\n","protected":false},"excerpt":{"rendered":"<p>Bienvenue dans notre biblioth\u00e8que compl\u00e8te de mod\u00e8les de construction, con\u00e7ue pour simplifier votre projet de l&rsquo;initiation \u00e0 l&rsquo;ach\u00e8vement. Que vous soyez un entrepreneur exp\u00e9riment\u00e9 ou un chef de projet d\u00e9butant dans le domaine, nos mod\u00e8les vous fournissent les outils n\u00e9cessaires pour une planification, une ex\u00e9cution et une gestion efficaces. Explorez nos mod\u00e8les class\u00e9s ci-dessous pour&#8230;  <a class=\"excerpt-read-more\" href=\"https:\/\/planyard.com\/fr\/bibliotheque-modeles-construction\" title=\"Lire  Biblioth\u00e8que de Mod\u00e8les de Construction\">Lire la suite \u00ab\u00a0<\/a><\/p>\n","protected":false},"author":3,"featured_media":0,"parent":0,"menu_order":0,"comment_status":"closed","ping_status":"closed","template":"","meta":{"_acf_changed":false,"content-type":"","footnotes":""},"page_intent":[164],"page_type":[],"class_list":["post-12131","page","type-page","status-publish","hentry"],"acf":[],"yoast_head":"<!-- This site is optimized with the Yoast SEO plugin v27.1.1 - https:\/\/yoast.com\/product\/yoast-seo-wordpress\/ -->\n<title>Biblioth\u00e8que de Mod\u00e8les de Construction - T\u00e9l\u00e9chargements Gratuits - Planyard France<\/title>\n<meta name=\"description\" content=\"Mod\u00e8les de construction gratuits pour la planification, la conception, la s\u00e9curit\u00e9 ou la documentation. Am\u00e9liorez votre gestion de projet avec des mod\u00e8les personnalisables.\" \/>\n<meta name=\"robots\" content=\"index, follow, max-snippet:-1, max-image-preview:large, max-video-preview:-1\" \/>\n<link rel=\"canonical\" href=\"https:\/\/planyard.com\/fr\/bibliotheque-modeles-construction\" \/>\n<meta property=\"og:locale\" content=\"fr_FR\" \/>\n<meta property=\"og:type\" content=\"article\" \/>\n<meta property=\"og:title\" content=\"Biblioth\u00e8que de Mod\u00e8les de Construction - T\u00e9l\u00e9chargements Gratuits - Planyard France\" \/>\n<meta property=\"og:description\" content=\"Mod\u00e8les de construction gratuits pour la planification, la conception, la s\u00e9curit\u00e9 ou la documentation. Am\u00e9liorez votre gestion de projet avec des mod\u00e8les personnalisables.\" \/>\n<meta property=\"og:url\" content=\"https:\/\/planyard.com\/fr\/bibliotheque-modeles-construction\" \/>\n<meta property=\"og:site_name\" content=\"Planyard France\" \/>\n<meta property=\"article:modified_time\" content=\"2025-05-19T18:06:02+00:00\" \/>\n<meta property=\"og:image\" content=\"https:\/\/planyard.com\/wp-content\/uploads\/2024\/12\/construction_contract_template.png\" \/>\n\t<meta property=\"og:image:width\" content=\"1080\" \/>\n\t<meta property=\"og:image:height\" content=\"1080\" \/>\n\t<meta property=\"og:image:type\" content=\"image\/png\" \/>\n<meta name=\"twitter:card\" content=\"summary_large_image\" \/>\n<meta name=\"twitter:label1\" content=\"Dur\u00e9e de lecture estim\u00e9e\" \/>\n\t<meta name=\"twitter:data1\" content=\"2 minutes\" \/>\n<!-- \/ Yoast SEO plugin. -->","yoast_head_json":{"title":"Biblioth\u00e8que de Mod\u00e8les de Construction - T\u00e9l\u00e9chargements Gratuits - Planyard France","description":"Mod\u00e8les de construction gratuits pour la planification, la conception, la s\u00e9curit\u00e9 ou la documentation. Am\u00e9liorez votre gestion de projet avec des mod\u00e8les personnalisables.","robots":{"index":"index","follow":"follow","max-snippet":"max-snippet:-1","max-image-preview":"max-image-preview:large","max-video-preview":"max-video-preview:-1"},"canonical":"https:\/\/planyard.com\/fr\/bibliotheque-modeles-construction","og_locale":"fr_FR","og_type":"article","og_title":"Biblioth\u00e8que de Mod\u00e8les de Construction - T\u00e9l\u00e9chargements Gratuits - Planyard France","og_description":"Mod\u00e8les de construction gratuits pour la planification, la conception, la s\u00e9curit\u00e9 ou la documentation. Am\u00e9liorez votre gestion de projet avec des mod\u00e8les personnalisables.","og_url":"https:\/\/planyard.com\/fr\/bibliotheque-modeles-construction","og_site_name":"Planyard France","article_modified_time":"2025-05-19T18:06:02+00:00","og_image":[{"width":1080,"height":1080,"url":"https:\/\/planyard.com\/wp-content\/uploads\/2024\/12\/construction_contract_template.png","type":"image\/png"}],"twitter_card":"summary_large_image","twitter_misc":{"Dur\u00e9e de lecture estim\u00e9e":"2 minutes"},"schema":{"@context":"https:\/\/schema.org","@graph":[{"@type":"WebPage","@id":"https:\/\/planyard.com\/fr\/bibliotheque-modeles-construction","url":"https:\/\/planyard.com\/fr\/bibliotheque-modeles-construction","name":"Biblioth\u00e8que de Mod\u00e8les de Construction - T\u00e9l\u00e9chargements Gratuits - Planyard France","isPartOf":{"@id":"https:\/\/planyard.com\/fr#website"},"primaryImageOfPage":{"@id":"https:\/\/planyard.com\/fr\/bibliotheque-modeles-construction#primaryimage"},"image":{"@id":"https:\/\/planyard.com\/fr\/bibliotheque-modeles-construction#primaryimage"},"thumbnailUrl":"https:\/\/planyard.com\/wp-content\/uploads\/2024\/12\/construction_contract_template.png","datePublished":"2024-12-05T13:29:27+00:00","dateModified":"2025-05-19T18:06:02+00:00","description":"Mod\u00e8les de construction gratuits pour la planification, la conception, la s\u00e9curit\u00e9 ou la documentation. Am\u00e9liorez votre gestion de projet avec des mod\u00e8les personnalisables.","breadcrumb":{"@id":"https:\/\/planyard.com\/fr\/bibliotheque-modeles-construction#breadcrumb"},"inLanguage":"fr-FR","potentialAction":[{"@type":"ReadAction","target":["https:\/\/planyard.com\/fr\/bibliotheque-modeles-construction"]}]},{"@type":"ImageObject","inLanguage":"fr-FR","@id":"https:\/\/planyard.com\/fr\/bibliotheque-modeles-construction#primaryimage","url":"https:\/\/planyard.com\/wp-content\/uploads\/2024\/12\/construction_contract_template.png","contentUrl":"https:\/\/planyard.com\/wp-content\/uploads\/2024\/12\/construction_contract_template.png"},{"@type":"BreadcrumbList","@id":"https:\/\/planyard.com\/fr\/bibliotheque-modeles-construction#breadcrumb","itemListElement":[{"@type":"ListItem","position":1,"name":"Home","item":"https:\/\/planyard.com\/fr"},{"@type":"ListItem","position":2,"name":"Biblioth\u00e8que de Mod\u00e8les de Construction"}]},{"@type":"WebSite","@id":"https:\/\/planyard.com\/fr#website","url":"https:\/\/planyard.com\/fr","name":"Planyard France","description":"","potentialAction":[{"@type":"SearchAction","target":{"@type":"EntryPoint","urlTemplate":"https:\/\/planyard.com\/fr?s={search_term_string}"},"query-input":{"@type":"PropertyValueSpecification","valueRequired":true,"valueName":"search_term_string"}}],"inLanguage":"fr-FR"}]}},"_links":{"self":[{"href":"https:\/\/planyard.com\/fr\/wp-json\/wp\/v2\/pages\/12131","targetHints":{"allow":["GET"]}}],"collection":[{"href":"https:\/\/planyard.com\/fr\/wp-json\/wp\/v2\/pages"}],"about":[{"href":"https:\/\/planyard.com\/fr\/wp-json\/wp\/v2\/types\/page"}],"author":[{"embeddable":true,"href":"https:\/\/planyard.com\/fr\/wp-json\/wp\/v2\/users\/3"}],"replies":[{"embeddable":true,"href":"https:\/\/planyard.com\/fr\/wp-json\/wp\/v2\/comments?post=12131"}],"version-history":[{"count":3,"href":"https:\/\/planyard.com\/fr\/wp-json\/wp\/v2\/pages\/12131\/revisions"}],"predecessor-version":[{"id":16156,"href":"https:\/\/planyard.com\/fr\/wp-json\/wp\/v2\/pages\/12131\/revisions\/16156"}],"wp:attachment":[{"href":"https:\/\/planyard.com\/fr\/wp-json\/wp\/v2\/media?parent=12131"}],"wp:term":[{"taxonomy":"page_intent","embeddable":true,"href":"https:\/\/planyard.com\/fr\/wp-json\/wp\/v2\/page_intent?post=12131"},{"taxonomy":"page_type","embeddable":true,"href":"https:\/\/planyard.com\/fr\/wp-json\/wp\/v2\/page_type?post=12131"}],"curies":[{"name":"wp","href":"https:\/\/api.w.org\/{rel}","templated":true}]}}