{"id":12126,"date":"2025-01-29T11:49:32","date_gmt":"2025-01-29T11:49:32","guid":{"rendered":"https:\/\/planyard.com\/free-guide-master-construction-project-management"},"modified":"2025-05-19T18:05:41","modified_gmt":"2025-05-19T18:05:41","slug":"guide-gratuit-maitriser-gestion-projet-construction","status":"publish","type":"page","link":"https:\/\/planyard.com\/fr\/guide-gratuit-maitriser-gestion-projet-construction","title":{"rendered":"Gestion de projet de construction : Un guide pratique en 10 \u00e9tapes"},"content":{"rendered":"\n<h2 class=\"wp-block-heading\">L&rsquo;\u00e9tat d&rsquo;esprit d&rsquo;un chef de projet en construction<\/h2>\n\n\n\n<p>Quand on pense \u00e0 la gestion de projet de construction, il est facile de se perdre dans la complexit\u00e9. Il y a des plannings \u00e0 \u00e9laborer, des contrats \u00e0 examiner, des budgets \u00e0 surveiller, et des dizaines de personnes qui sollicitent vos d\u00e9cisions. C&rsquo;est le chaos\u2014un chaos contr\u00f4l\u00e9, si vous le faites bien.<\/p>\n\n\n\n<p>Au cours des 20 derni\u00e8res ann\u00e9es, j&rsquo;ai travaill\u00e9 sur des projets allant de r\u00e9novations \u00e0 104 023,00 $ (\u20ac100 000) \u00e0 des constructions d&rsquo;infrastructures de plusieurs milliards d&rsquo;euros. Centrales nucl\u00e9aires, syst\u00e8mes CVC avanc\u00e9s, et acc\u00e9l\u00e9rateurs de particules ne sont que quelques exemples. Les enjeux \u00e9taient \u00e9lev\u00e9s, les d\u00e9lais serr\u00e9s, et les \u00e9quipes aussi diverses que les d\u00e9fis auxquels nous faisions face.<\/p>\n\n\n\n<p>Durant tout ce temps, j&rsquo;ai r\u00e9alis\u00e9 quelque chose de fondamental : les outils et logiciels ne garantissent pas le succ\u00e8s du projet. <em>C&rsquo;est votre \u00e9tat d&rsquo;esprit qui le fait.<\/em> Vous pouvez avoir les meilleures ressources \u00e0 votre disposition, mais si vous n&rsquo;abordez pas le projet avec les bonnes habitudes, principes et syst\u00e8mes, il \u00e9chouera.<\/p>\n\n\n\n<p>Ce guide ne parle pas de th\u00e9ories \u00e9lev\u00e9es ou de ce que vous liriez dans un manuel de certification en gestion de projet. C&rsquo;est une version condens\u00e9e des le\u00e7ons apprises \u00e0 la dure\u2014sur le terrain, en r\u00e9unions, et lors de moments o\u00f9 tout semblait s&rsquo;effondrer.<\/p>\n\n\n\n<h2 class=\"wp-block-heading\">Pourquoi j&rsquo;ai \u00e9crit ce guide<\/h2>\n\n\n\n<p>\u00c0 mes d\u00e9buts en tant que chef de projet, je souhaitais souvent avoir ce que j&rsquo;appelle maintenant un \u00ab\u00a0manuel de terrain.\u00a0\u00bb Une ressource qui ne donne pas de le\u00e7ons mais offre des conseils pratiques pour ces moments o\u00f9 la pression est forte. Que faire lorsque l&rsquo;approvisionnement \u00e9choue \u00e0 la derni\u00e8re minute ? Ou quand les retards d&rsquo;un sous-traitant menacent de faire d\u00e9railler le planning ?<\/p>\n\n\n\n<p>Je n&rsquo;avais pas un tel manuel. \u00c0 la place, j&rsquo;avais l&rsquo;essai et l&rsquo;erreur. J&rsquo;ai fait des erreurs, les ai corrig\u00e9es, et ai appris.<\/p>\n\n\n\n<p>Aujourd&rsquo;hui, apr\u00e8s avoir g\u00e9r\u00e9 d&rsquo;innombrables projets, j&rsquo;ai remarqu\u00e9 des sch\u00e9mas. Les probl\u00e8mes peuvent sembler diff\u00e9rents en surface, mais en dessous, ils partagent des similitudes. Les strat\u00e9gies qui ont fonctionn\u00e9 pour un projet d&rsquo;un milliard de dollars fonctionnent souvent aussi bien pour un projet de 520 115,00 $ (\u20ac500 000). Ce guide est ma tentative de documenter ces strat\u00e9gies\u2014pour vous donner quelque chose que j&rsquo;aurais aim\u00e9 avoir au d\u00e9but.<\/p>\n\n\n\n<h2 class=\"wp-block-heading\"><strong>Ce que couvre ce guide<\/strong><\/h2>\n\n\n\n<p>C&rsquo;est un guide en 10 chapitres. Chaque chapitre se concentre sur un aspect unique de la gestion de projet. Consid\u00e9rez-le comme une liste de contr\u00f4le ou une s\u00e9rie de \u00ab\u00a0r\u00e8gles empiriques\u00a0\u00bb que vous pouvez revoir avant de commencer un nouveau projet.<\/p>\n\n\n\n<p>Voir les chapitres :<\/p>\n\n\n\n<ol class=\"wp-block-list\">\n<li><strong>Cr\u00e9er et suivre les plannings de projet<\/strong> <br>Pourquoi les plannings \u00e9chouent et comment en cr\u00e9er qui ne le font pas. <a href=\"https:\/\/planyard.com\/fr\/maitriser-la-planification-de-construction\">Lire plus ici<\/a><\/li>\n\n\n\n<li><strong>Appels d&rsquo;offres en construction<\/strong> <br>Comment mener des processus d&rsquo;appel d&rsquo;offres fluides qui minimisent les risques. <a href=\"https:\/\/planyard.com\/fr\/guide-pratique-appels-offres-construction\">Lire plus ici<\/a><\/li>\n\n\n\n<li><strong>Revue de projet en pr\u00e9construction<\/strong> <br>L&rsquo;art de diss\u00e9quer les plans pour identifier les risques avant qu&rsquo;ils ne deviennent des probl\u00e8mes. <a href=\"https:\/\/planyard.com\/fr\/guide-preconstruction-chef-de-projet-liste-de-controle\">Lire plus ici<\/a><\/li>\n\n\n\n<li><strong>Gestion des contrats<\/strong> <br>Choisir les bons contrats et n\u00e9gocier des termes qui prot\u00e8gent votre projet. <a href=\"https:\/\/planyard.com\/fr\/guide-gestion-contrats-construction\">Lire plus ici<\/a><\/li>\n\n\n\n<li><strong>D\u00e9l\u00e9gation et motivation<\/strong> <br>Diriger efficacement votre \u00e9quipe\u2014m\u00eame lorsque les ressources sont limit\u00e9es. (Sera publi\u00e9 le 26 mars 2025 ; abonnez-vous <a href=\"https:\/\/planyard.com\/fr\/decouvrez-le-prochain-chapitre-du-guide-maitre-de-la-gestion-de-projet-de-construction\">ici<\/a> pour \u00eatre inform\u00e9)<\/li>\n\n\n\n<li><strong>R\u00e9unions qui comptent<\/strong> <br>\u00c9viter les pi\u00e8ges temporels des r\u00e9unions tout en faisant avancer les choses. (Sera publi\u00e9 le 9 avril 2025 ; abonnez-vous <a href=\"https:\/\/planyard.com\/fr\/decouvrez-le-prochain-chapitre-du-guide-maitre-de-la-gestion-de-projet-de-construction\">ici<\/a> pour \u00eatre inform\u00e9)<\/li>\n\n\n\n<li><strong>Suivi des co\u00fbts<\/strong> <br>Strat\u00e9gies concr\u00e8tes pour rester dans le budget et \u00e9viter les mauvaises surprises. (Sera publi\u00e9 le 23 avril 2025 ; abonnez-vous <a href=\"https:\/\/planyard.com\/fr\/decouvrez-le-prochain-chapitre-du-guide-maitre-de-la-gestion-de-projet-de-construction\">ici<\/a> pour \u00eatre inform\u00e9)<\/li>\n\n\n\n<li><strong>Communication<\/strong><br>Le fil invisible qui maintient les projets en marche\u2014ou les fait \u00e9chouer. (Sera publi\u00e9 le 7 mai, abonnez-vous <a href=\"https:\/\/planyard.com\/fr\/decouvrez-le-prochain-chapitre-du-guide-maitre-de-la-gestion-de-projet-de-construction\">ici<\/a> pour \u00eatre inform\u00e9)<\/li>\n\n\n\n<li><strong>Budg\u00e9tisation et pr\u00e9visions<\/strong> <br>\u00c9tablir des budgets capables de g\u00e9rer l&rsquo;impr\u00e9vu. (Sera publi\u00e9 le 21 mai 2025 ; abonnez-vous <a href=\"https:\/\/planyard.com\/fr\/decouvrez-le-prochain-chapitre-du-guide-maitre-de-la-gestion-de-projet-de-construction\">ici<\/a> pour \u00eatre inform\u00e9)<\/li>\n\n\n\n<li><strong>D\u00e9finir et atteindre des objectifs<\/strong> <br>Aligner votre \u00e9quipe et les parties prenantes pour un succ\u00e8s partag\u00e9. (Sera publi\u00e9 le 4 juin 2025 ; abonnez-vous <a href=\"https:\/\/planyard.com\/fr\/decouvrez-le-prochain-chapitre-du-guide-maitre-de-la-gestion-de-projet-de-construction\">ici<\/a> pour \u00eatre inform\u00e9)<\/li>\n<\/ol>\n\n\n\n<p>Ce n&rsquo;est pas un cadre th\u00e9orique\u2014c&rsquo;est une bo\u00eete \u00e0 outils\u2014le genre de conseils que vous pouvez appliquer d\u00e8s votre prochaine r\u00e9union de lancement de projet.<\/p>\n\n\n\n<h2 class=\"wp-block-heading\"><strong>Qui b\u00e9n\u00e9ficiera de ce guide ?<\/strong><\/h2>\n\n\n\n<p>Il est destin\u00e9 \u00e0 toute personne impliqu\u00e9e dans la gestion de projets de construction, mais particuli\u00e8rement :<\/p>\n\n\n\n<ul class=\"wp-block-list\">\n<li><strong>Chefs de projet juniors :<\/strong> Si vous d\u00e9butez, cela vous donnera les bases n\u00e9cessaires pour d\u00e9marrer sur les chapeaux de roues.<\/li>\n\n\n\n<li><strong>Propri\u00e9taires de petites entreprises :<\/strong> Vous souhaitez am\u00e9liorer vos processus internes et comprendre la mentalit\u00e9 des entrepreneurs avec lesquels vous travaillez ? Ce guide est pour vous.<\/li>\n\n\n\n<li><strong>Cadres de la construction :<\/strong> Utilisez ce guide pour vous assurer que vos \u00e9quipes suivent les meilleures pratiques et obtiennent des r\u00e9sultats coh\u00e9rents.<\/li>\n<\/ul>\n\n\n\n<p>Que vous g\u00e9riez une petite r\u00e9novation ou un projet d&rsquo;infrastructure \u00e0 grande \u00e9chelle, les principes ici restent les m\u00eames.<\/p>\n\n\n\n<h2 class=\"wp-block-heading\"><strong>Pourquoi ce guide fonctionne<\/strong><\/h2>\n\n\n\n<p>Quand je commence un nouveau projet, je reviens toujours \u00e0 ces principes. Chaque fois. Pas parce que je ne les connais pas\u2014mais parce que la r\u00e9p\u00e9tition aiguise la concentration. Revoir les fondamentaux garantit qu&rsquo;aucun d\u00e9tail, aussi petit soit-il, ne soit n\u00e9glig\u00e9.<\/p>\n\n\n\n<p>Les projets de construction sont impitoyables. Oubliez de revoir une clause de contrat, et vous pourriez vous retrouver dans un litige co\u00fbteux. Manquez une \u00e9ch\u00e9ance, et votre client pourrait perdre confiance. Ces erreurs ne se produisent pas par hasard\u2014elles sont le sympt\u00f4me d&rsquo;un manque de pr\u00e9paration.<\/p>\n\n\n\n<p>Ce guide est ma fa\u00e7on de me pr\u00e9parer. Et maintenant, il est \u00e0 vous d&rsquo;utiliser.<\/p>\n\n\n\n<h3 class=\"wp-block-heading\"><strong>\u00c0 propos de l&rsquo;auteur<\/strong><\/h3>\n\n\n\n<p>Margus Rahuoja (<a href=\"https:\/\/www.linkedin.com\/in\/margus-rahuoja-96b27184\/\">LinkedIn<\/a>) poss\u00e8de plus de 20 ans d&rsquo;exp\u00e9rience en gestion de projets de construction. J&rsquo;ai r\u00e9alis\u00e9 des projets en Estonie, en Finlande et en Su\u00e8de, travaillant sur tout, des syst\u00e8mes CVC de plusieurs millions de dollars aux centrales nucl\u00e9aires de plusieurs milliards d&rsquo;euros. Ma philosophie est simple : g\u00e9rez votre projet comme si votre r\u00e9putation en d\u00e9pendait\u2014car c&rsquo;est le cas.<\/p>\n\n\n\n<p><strong><a href=\"https:\/\/planyard.com\/fr\/maitriser-la-planification-de-construction\">Lire le prochain chapitre<\/a><\/strong><\/p>\n\n\n\n<p><\/p>\n","protected":false},"excerpt":{"rendered":"<p>L&rsquo;\u00e9tat d&rsquo;esprit d&rsquo;un chef de projet en construction Quand on pense \u00e0 la gestion de projet de construction, il est facile de se perdre dans la complexit\u00e9. Il y a des plannings \u00e0 \u00e9laborer, des contrats \u00e0 examiner, des budgets \u00e0 surveiller, et des dizaines de personnes qui sollicitent vos d\u00e9cisions. C&rsquo;est le chaos\u2014un chaos&#8230;  <a class=\"excerpt-read-more\" href=\"https:\/\/planyard.com\/fr\/guide-gratuit-maitriser-gestion-projet-construction\" title=\"Lire  Gestion de projet de construction : Un guide pratique en 10 \u00e9tapes\">Lire la suite \u00ab\u00a0<\/a><\/p>\n","protected":false},"author":4,"featured_media":0,"parent":0,"menu_order":0,"comment_status":"closed","ping_status":"closed","template":"","meta":{"_acf_changed":false,"content-type":"","footnotes":""},"page_intent":[284],"page_type":[],"class_list":["post-12126","page","type-page","status-publish","hentry"],"acf":[],"yoast_head":"<!-- This site is optimized with the Yoast SEO plugin v26.9 - https:\/\/yoast.com\/product\/yoast-seo-wordpress\/ -->\n<title>Gestion de projet de construction : Un guide pratique en 10 \u00e9tapes - Planyard France<\/title>\n<meta name=\"description\" content=\"Quand on pense \u00e0 la gestion de projet de construction, il est facile de se perdre dans la complexit\u00e9.\" \/>\n<meta name=\"robots\" content=\"index, follow, max-snippet:-1, max-image-preview:large, max-video-preview:-1\" \/>\n<link rel=\"canonical\" href=\"https:\/\/planyard.com\/fr\/guide-gratuit-maitriser-gestion-projet-construction\" \/>\n<meta property=\"og:locale\" content=\"fr_FR\" \/>\n<meta property=\"og:type\" content=\"article\" \/>\n<meta property=\"og:title\" content=\"Gestion de projet de construction : Un guide pratique en 10 \u00e9tapes - Planyard France\" \/>\n<meta property=\"og:description\" content=\"Quand on pense \u00e0 la gestion de projet de construction, il est facile de se perdre dans la complexit\u00e9.\" \/>\n<meta property=\"og:url\" content=\"https:\/\/planyard.com\/fr\/guide-gratuit-maitriser-gestion-projet-construction\" \/>\n<meta property=\"og:site_name\" content=\"Planyard France\" \/>\n<meta property=\"article:modified_time\" content=\"2025-05-19T18:05:41+00:00\" \/>\n<meta name=\"twitter:card\" content=\"summary_large_image\" \/>\n<meta name=\"twitter:label1\" content=\"Dur\u00e9e de lecture estim\u00e9e\" \/>\n\t<meta name=\"twitter:data1\" content=\"4 minutes\" \/>\n<!-- \/ Yoast SEO plugin. -->","yoast_head_json":{"title":"Gestion de projet de construction : Un guide pratique en 10 \u00e9tapes - Planyard France","description":"Quand on pense \u00e0 la gestion de projet de construction, il est facile de se perdre dans la complexit\u00e9.","robots":{"index":"index","follow":"follow","max-snippet":"max-snippet:-1","max-image-preview":"max-image-preview:large","max-video-preview":"max-video-preview:-1"},"canonical":"https:\/\/planyard.com\/fr\/guide-gratuit-maitriser-gestion-projet-construction","og_locale":"fr_FR","og_type":"article","og_title":"Gestion de projet de construction : Un guide pratique en 10 \u00e9tapes - Planyard France","og_description":"Quand on pense \u00e0 la gestion de projet de construction, il est facile de se perdre dans la complexit\u00e9.","og_url":"https:\/\/planyard.com\/fr\/guide-gratuit-maitriser-gestion-projet-construction","og_site_name":"Planyard France","article_modified_time":"2025-05-19T18:05:41+00:00","twitter_card":"summary_large_image","twitter_misc":{"Dur\u00e9e de lecture estim\u00e9e":"4 minutes"},"schema":{"@context":"https:\/\/schema.org","@graph":[{"@type":"WebPage","@id":"https:\/\/planyard.com\/fr\/guide-gratuit-maitriser-gestion-projet-construction","url":"https:\/\/planyard.com\/fr\/guide-gratuit-maitriser-gestion-projet-construction","name":"Gestion de projet de construction : Un guide pratique en 10 \u00e9tapes - Planyard France","isPartOf":{"@id":"https:\/\/planyard.com\/fr#website"},"datePublished":"2025-01-29T11:49:32+00:00","dateModified":"2025-05-19T18:05:41+00:00","description":"Quand on pense \u00e0 la gestion de projet de construction, il est facile de se perdre dans la complexit\u00e9.","breadcrumb":{"@id":"https:\/\/planyard.com\/fr\/guide-gratuit-maitriser-gestion-projet-construction#breadcrumb"},"inLanguage":"fr-FR","potentialAction":[{"@type":"ReadAction","target":["https:\/\/planyard.com\/fr\/guide-gratuit-maitriser-gestion-projet-construction"]}]},{"@type":"BreadcrumbList","@id":"https:\/\/planyard.com\/fr\/guide-gratuit-maitriser-gestion-projet-construction#breadcrumb","itemListElement":[{"@type":"ListItem","position":1,"name":"Home","item":"https:\/\/planyard.com\/fr"},{"@type":"ListItem","position":2,"name":"Gestion de Projet de Construction : Un Guide Pratique en 10 \u00c9tapes"}]},{"@type":"WebSite","@id":"https:\/\/planyard.com\/fr#website","url":"https:\/\/planyard.com\/fr","name":"Planyard France","description":"","potentialAction":[{"@type":"SearchAction","target":{"@type":"EntryPoint","urlTemplate":"https:\/\/planyard.com\/fr?s={search_term_string}"},"query-input":{"@type":"PropertyValueSpecification","valueRequired":true,"valueName":"search_term_string"}}],"inLanguage":"fr-FR"}]}},"_links":{"self":[{"href":"https:\/\/planyard.com\/fr\/wp-json\/wp\/v2\/pages\/12126","targetHints":{"allow":["GET"]}}],"collection":[{"href":"https:\/\/planyard.com\/fr\/wp-json\/wp\/v2\/pages"}],"about":[{"href":"https:\/\/planyard.com\/fr\/wp-json\/wp\/v2\/types\/page"}],"author":[{"embeddable":true,"href":"https:\/\/planyard.com\/fr\/wp-json\/wp\/v2\/users\/4"}],"replies":[{"embeddable":true,"href":"https:\/\/planyard.com\/fr\/wp-json\/wp\/v2\/comments?post=12126"}],"version-history":[{"count":3,"href":"https:\/\/planyard.com\/fr\/wp-json\/wp\/v2\/pages\/12126\/revisions"}],"predecessor-version":[{"id":16154,"href":"https:\/\/planyard.com\/fr\/wp-json\/wp\/v2\/pages\/12126\/revisions\/16154"}],"wp:attachment":[{"href":"https:\/\/planyard.com\/fr\/wp-json\/wp\/v2\/media?parent=12126"}],"wp:term":[{"taxonomy":"page_intent","embeddable":true,"href":"https:\/\/planyard.com\/fr\/wp-json\/wp\/v2\/page_intent?post=12126"},{"taxonomy":"page_type","embeddable":true,"href":"https:\/\/planyard.com\/fr\/wp-json\/wp\/v2\/page_type?post=12126"}],"curies":[{"name":"wp","href":"https:\/\/api.w.org\/{rel}","templated":true}]}}