{"id":12121,"date":"2024-08-30T09:15:10","date_gmt":"2024-08-30T09:15:10","guid":{"rendered":"https:\/\/planyard.com\/construction-ocr-invoice-capture-and-scanning-software"},"modified":"2025-05-17T17:41:57","modified_gmt":"2025-05-17T17:41:57","slug":"logiciel-capture-numerisation-factures-construction-ocr","status":"publish","type":"page","link":"https:\/\/planyard.com\/fr\/logiciel-capture-numerisation-factures-construction-ocr","title":{"rendered":"Logiciel de capture et de num\u00e9risation de factures pour la construction avec OCR"},"content":{"rendered":"","protected":false},"excerpt":{"rendered":"","protected":false},"author":2,"featured_media":0,"parent":0,"menu_order":0,"comment_status":"closed","ping_status":"closed","template":"","meta":{"_acf_changed":false,"content-type":"","footnotes":""},"page_intent":[149],"page_type":[],"class_list":["post-12121","page","type-page","status-publish","hentry"],"acf":[],"yoast_head":"<!-- This site is optimized with the Yoast SEO plugin v27.1.1 - https:\/\/yoast.com\/product\/yoast-seo-wordpress\/ -->\n<title>Logiciel de capture et de num\u00e9risation de factures pour la construction avec OCR - Planyard<\/title>\n<meta name=\"description\" content=\"Simplifiez votre facturation dans le secteur de la construction avec un logiciel de capture et de num\u00e9risation de factures avec OCR. Automatisez l&#039;extraction des donn\u00e9es, associez les factures aux commandes et mettez \u00e0 jour les budgets sans effort.\" \/>\n<meta name=\"robots\" content=\"index, follow, max-snippet:-1, max-image-preview:large, max-video-preview:-1\" \/>\n<link rel=\"canonical\" href=\"https:\/\/planyard.com\/fr\/logiciel-capture-numerisation-factures-construction-ocr\" \/>\n<meta property=\"og:locale\" content=\"fr_FR\" \/>\n<meta property=\"og:type\" content=\"article\" \/>\n<meta property=\"og:title\" content=\"Logiciel de capture et de num\u00e9risation de factures pour la construction avec OCR - Planyard\" \/>\n<meta property=\"og:description\" content=\"Simplifiez votre facturation dans le secteur de la construction avec un logiciel de capture et de num\u00e9risation de factures avec OCR. Automatisez l&#039;extraction des donn\u00e9es, associez les factures aux commandes et mettez \u00e0 jour les budgets sans effort.\" \/>\n<meta property=\"og:url\" content=\"https:\/\/planyard.com\/fr\/logiciel-capture-numerisation-factures-construction-ocr\" \/>\n<meta property=\"og:site_name\" content=\"Planyard France\" \/>\n<meta property=\"article:modified_time\" content=\"2025-05-17T17:41:57+00:00\" \/>\n<meta name=\"twitter:card\" content=\"summary_large_image\" \/>\n<!-- \/ Yoast SEO plugin. -->","yoast_head_json":{"title":"Logiciel de capture et de num\u00e9risation de factures pour la construction avec OCR - Planyard","description":"Simplifiez votre facturation dans le secteur de la construction avec un logiciel de capture et de num\u00e9risation de factures avec OCR. Automatisez l'extraction des donn\u00e9es, associez les factures aux commandes et mettez \u00e0 jour les budgets sans effort.","robots":{"index":"index","follow":"follow","max-snippet":"max-snippet:-1","max-image-preview":"max-image-preview:large","max-video-preview":"max-video-preview:-1"},"canonical":"https:\/\/planyard.com\/fr\/logiciel-capture-numerisation-factures-construction-ocr","og_locale":"fr_FR","og_type":"article","og_title":"Logiciel de capture et de num\u00e9risation de factures pour la construction avec OCR - Planyard","og_description":"Simplifiez votre facturation dans le secteur de la construction avec un logiciel de capture et de num\u00e9risation de factures avec OCR. Automatisez l'extraction des donn\u00e9es, associez les factures aux commandes et mettez \u00e0 jour les budgets sans effort.","og_url":"https:\/\/planyard.com\/fr\/logiciel-capture-numerisation-factures-construction-ocr","og_site_name":"Planyard France","article_modified_time":"2025-05-17T17:41:57+00:00","twitter_card":"summary_large_image","schema":{"@context":"https:\/\/schema.org","@graph":[{"@type":"WebPage","@id":"https:\/\/planyard.com\/fr\/logiciel-capture-numerisation-factures-construction-ocr","url":"https:\/\/planyard.com\/fr\/logiciel-capture-numerisation-factures-construction-ocr","name":"Logiciel de capture et de num\u00e9risation de factures pour la construction avec OCR - Planyard","isPartOf":{"@id":"https:\/\/planyard.com\/fr#website"},"datePublished":"2024-08-30T09:15:10+00:00","dateModified":"2025-05-17T17:41:57+00:00","description":"Simplifiez votre facturation dans le secteur de la construction avec un logiciel de capture et de num\u00e9risation de factures avec OCR. Automatisez l'extraction des donn\u00e9es, associez les factures aux commandes et mettez \u00e0 jour les budgets sans effort.","breadcrumb":{"@id":"https:\/\/planyard.com\/fr\/logiciel-capture-numerisation-factures-construction-ocr#breadcrumb"},"inLanguage":"fr-FR","potentialAction":[{"@type":"ReadAction","target":["https:\/\/planyard.com\/fr\/logiciel-capture-numerisation-factures-construction-ocr"]}]},{"@type":"BreadcrumbList","@id":"https:\/\/planyard.com\/fr\/logiciel-capture-numerisation-factures-construction-ocr#breadcrumb","itemListElement":[{"@type":"ListItem","position":1,"name":"Home","item":"https:\/\/planyard.com\/fr"},{"@type":"ListItem","position":2,"name":"Logiciel de capture et de num\u00e9risation de factures pour la construction avec OCR"}]},{"@type":"WebSite","@id":"https:\/\/planyard.com\/fr#website","url":"https:\/\/planyard.com\/fr","name":"Planyard France","description":"","potentialAction":[{"@type":"SearchAction","target":{"@type":"EntryPoint","urlTemplate":"https:\/\/planyard.com\/fr?s={search_term_string}"},"query-input":{"@type":"PropertyValueSpecification","valueRequired":true,"valueName":"search_term_string"}}],"inLanguage":"fr-FR"}]}},"_links":{"self":[{"href":"https:\/\/planyard.com\/fr\/wp-json\/wp\/v2\/pages\/12121","targetHints":{"allow":["GET"]}}],"collection":[{"href":"https:\/\/planyard.com\/fr\/wp-json\/wp\/v2\/pages"}],"about":[{"href":"https:\/\/planyard.com\/fr\/wp-json\/wp\/v2\/types\/page"}],"author":[{"embeddable":true,"href":"https:\/\/planyard.com\/fr\/wp-json\/wp\/v2\/users\/2"}],"replies":[{"embeddable":true,"href":"https:\/\/planyard.com\/fr\/wp-json\/wp\/v2\/comments?post=12121"}],"version-history":[{"count":1,"href":"https:\/\/planyard.com\/fr\/wp-json\/wp\/v2\/pages\/12121\/revisions"}],"predecessor-version":[{"id":12342,"href":"https:\/\/planyard.com\/fr\/wp-json\/wp\/v2\/pages\/12121\/revisions\/12342"}],"wp:attachment":[{"href":"https:\/\/planyard.com\/fr\/wp-json\/wp\/v2\/media?parent=12121"}],"wp:term":[{"taxonomy":"page_intent","embeddable":true,"href":"https:\/\/planyard.com\/fr\/wp-json\/wp\/v2\/page_intent?post=12121"},{"taxonomy":"page_type","embeddable":true,"href":"https:\/\/planyard.com\/fr\/wp-json\/wp\/v2\/page_type?post=12121"}],"curies":[{"name":"wp","href":"https:\/\/api.w.org\/{rel}","templated":true}]}}