{"id":12120,"date":"2024-08-23T10:01:30","date_gmt":"2024-08-23T10:01:30","guid":{"rendered":"https:\/\/planyard.com\/multi-currency-construction-budget-control-software"},"modified":"2025-05-17T17:41:33","modified_gmt":"2025-05-17T17:41:33","slug":"logiciel-de-gestion-de-budget-construction-multi-devises","status":"publish","type":"page","link":"https:\/\/planyard.com\/fr\/logiciel-de-gestion-de-budget-construction-multi-devises","title":{"rendered":"Budgets de projets de construction multi-devises avec Planyard"},"content":{"rendered":"","protected":false},"excerpt":{"rendered":"","protected":false},"author":2,"featured_media":0,"parent":0,"menu_order":0,"comment_status":"closed","ping_status":"closed","template":"","meta":{"_acf_changed":false,"content-type":"","footnotes":""},"page_intent":[149],"page_type":[],"class_list":["post-12120","page","type-page","status-publish","hentry"],"acf":[],"yoast_head":"<!-- This site is optimized with the Yoast SEO plugin v27.1.1 - https:\/\/yoast.com\/product\/yoast-seo-wordpress\/ -->\n<title>Logiciel de budget de construction multi-devises - Essayez gratuitement pendant 14 jours<\/title>\n<meta name=\"description\" content=\"Le logiciel de gestion de budget de construction multi-devises facilite la comptabilit\u00e9 de projet. S&#039;int\u00e8gre \u00e0 Xero et Quickbooks. Essayez-le gratuitement pendant 14 jours.\" \/>\n<meta name=\"robots\" content=\"index, follow, max-snippet:-1, max-image-preview:large, max-video-preview:-1\" \/>\n<link rel=\"canonical\" href=\"https:\/\/planyard.com\/fr\/logiciel-de-gestion-de-budget-construction-multi-devises\" \/>\n<meta property=\"og:locale\" content=\"fr_FR\" \/>\n<meta property=\"og:type\" content=\"article\" \/>\n<meta property=\"og:title\" content=\"Logiciel de budget de construction multi-devises - Essayez gratuitement pendant 14 jours\" \/>\n<meta property=\"og:description\" content=\"Le logiciel de gestion de budget de construction multi-devises facilite la comptabilit\u00e9 de projet. S&#039;int\u00e8gre \u00e0 Xero et Quickbooks. Essayez-le gratuitement pendant 14 jours.\" \/>\n<meta property=\"og:url\" content=\"https:\/\/planyard.com\/fr\/logiciel-de-gestion-de-budget-construction-multi-devises\" \/>\n<meta property=\"og:site_name\" content=\"Planyard France\" \/>\n<meta property=\"article:modified_time\" content=\"2025-05-17T17:41:33+00:00\" \/>\n<meta name=\"twitter:card\" content=\"summary_large_image\" \/>\n<!-- \/ Yoast SEO plugin. -->","yoast_head_json":{"title":"Logiciel de budget de construction multi-devises - Essayez gratuitement pendant 14 jours","description":"Le logiciel de gestion de budget de construction multi-devises facilite la comptabilit\u00e9 de projet. S'int\u00e8gre \u00e0 Xero et Quickbooks. Essayez-le gratuitement pendant 14 jours.","robots":{"index":"index","follow":"follow","max-snippet":"max-snippet:-1","max-image-preview":"max-image-preview:large","max-video-preview":"max-video-preview:-1"},"canonical":"https:\/\/planyard.com\/fr\/logiciel-de-gestion-de-budget-construction-multi-devises","og_locale":"fr_FR","og_type":"article","og_title":"Logiciel de budget de construction multi-devises - Essayez gratuitement pendant 14 jours","og_description":"Le logiciel de gestion de budget de construction multi-devises facilite la comptabilit\u00e9 de projet. S'int\u00e8gre \u00e0 Xero et Quickbooks. Essayez-le gratuitement pendant 14 jours.","og_url":"https:\/\/planyard.com\/fr\/logiciel-de-gestion-de-budget-construction-multi-devises","og_site_name":"Planyard France","article_modified_time":"2025-05-17T17:41:33+00:00","twitter_card":"summary_large_image","schema":{"@context":"https:\/\/schema.org","@graph":[{"@type":"WebPage","@id":"https:\/\/planyard.com\/fr\/logiciel-de-gestion-de-budget-construction-multi-devises","url":"https:\/\/planyard.com\/fr\/logiciel-de-gestion-de-budget-construction-multi-devises","name":"Logiciel de budget de construction multi-devises - Essayez gratuitement pendant 14 jours","isPartOf":{"@id":"https:\/\/planyard.com\/fr#website"},"datePublished":"2024-08-23T10:01:30+00:00","dateModified":"2025-05-17T17:41:33+00:00","description":"Le logiciel de gestion de budget de construction multi-devises facilite la comptabilit\u00e9 de projet. S'int\u00e8gre \u00e0 Xero et Quickbooks. Essayez-le gratuitement pendant 14 jours.","breadcrumb":{"@id":"https:\/\/planyard.com\/fr\/logiciel-de-gestion-de-budget-construction-multi-devises#breadcrumb"},"inLanguage":"fr-FR","potentialAction":[{"@type":"ReadAction","target":["https:\/\/planyard.com\/fr\/logiciel-de-gestion-de-budget-construction-multi-devises"]}]},{"@type":"BreadcrumbList","@id":"https:\/\/planyard.com\/fr\/logiciel-de-gestion-de-budget-construction-multi-devises#breadcrumb","itemListElement":[{"@type":"ListItem","position":1,"name":"Home","item":"https:\/\/planyard.com\/fr"},{"@type":"ListItem","position":2,"name":"Budgets de projets de construction multi-devises avec Planyard"}]},{"@type":"WebSite","@id":"https:\/\/planyard.com\/fr#website","url":"https:\/\/planyard.com\/fr","name":"Planyard France","description":"","potentialAction":[{"@type":"SearchAction","target":{"@type":"EntryPoint","urlTemplate":"https:\/\/planyard.com\/fr?s={search_term_string}"},"query-input":{"@type":"PropertyValueSpecification","valueRequired":true,"valueName":"search_term_string"}}],"inLanguage":"fr-FR"}]}},"_links":{"self":[{"href":"https:\/\/planyard.com\/fr\/wp-json\/wp\/v2\/pages\/12120","targetHints":{"allow":["GET"]}}],"collection":[{"href":"https:\/\/planyard.com\/fr\/wp-json\/wp\/v2\/pages"}],"about":[{"href":"https:\/\/planyard.com\/fr\/wp-json\/wp\/v2\/types\/page"}],"author":[{"embeddable":true,"href":"https:\/\/planyard.com\/fr\/wp-json\/wp\/v2\/users\/2"}],"replies":[{"embeddable":true,"href":"https:\/\/planyard.com\/fr\/wp-json\/wp\/v2\/comments?post=12120"}],"version-history":[{"count":1,"href":"https:\/\/planyard.com\/fr\/wp-json\/wp\/v2\/pages\/12120\/revisions"}],"predecessor-version":[{"id":12336,"href":"https:\/\/planyard.com\/fr\/wp-json\/wp\/v2\/pages\/12120\/revisions\/12336"}],"wp:attachment":[{"href":"https:\/\/planyard.com\/fr\/wp-json\/wp\/v2\/media?parent=12120"}],"wp:term":[{"taxonomy":"page_intent","embeddable":true,"href":"https:\/\/planyard.com\/fr\/wp-json\/wp\/v2\/page_intent?post=12120"},{"taxonomy":"page_type","embeddable":true,"href":"https:\/\/planyard.com\/fr\/wp-json\/wp\/v2\/page_type?post=12120"}],"curies":[{"name":"wp","href":"https:\/\/api.w.org\/{rel}","templated":true}]}}